{"id":8086,"date":"2025-03-25T22:18:24","date_gmt":"2025-03-25T21:18:24","guid":{"rendered":"https:\/\/www.sergelifar.org\/%d1%85%d0%be%d1%80%d0%b5%d0%be%d0%b3%d1%80%d0%b0%d1%84%d0%b8%d0%b8\/autres-ballets\/l-inconnue\/"},"modified":"2025-03-27T14:10:30","modified_gmt":"2025-03-27T13:10:30","slug":"l-inconnue","status":"publish","type":"page","link":"https:\/\/www.sergelifar.org\/ru\/%d1%85%d0%be%d1%80%d0%b5%d0%be%d0%b3%d1%80%d0%b0%d1%84%d0%b8%d0%b8\/autres-ballets\/l-inconnue\/","title":{"rendered":"L\u2019Inconnue"},"content":{"rendered":"<div id=\"pl-8086\"  class=\"panel-layout\" ><div id=\"pg-8086-0\"  class=\"panel-grid panel-no-style\" ><div id=\"pgc-8086-0-0\"  class=\"panel-grid-cell\" ><div id=\"panel-8086-0-0-0\" class=\"so-panel widget widget_sow-editor panel-first-child panel-last-child\" data-index=\"0\" ><div\n\t\t\t\n\t\t\tclass=\"so-widget-sow-editor so-widget-sow-editor-base\"\n\t\t\t\n\t\t>\n<div class=\"siteorigin-widget-tinymce textwidget\">\n\t<p>Ballet en 1 acte<\/p>\n<p>Premi\u00e8re : le 19 avril 1950 \u00e0 l\u2019Op\u00e9ra de Paris<\/p>\n<p>Musique&nbsp;: Andr\u00e9 Jolivet<\/p>\n<p>Argument&nbsp;(ou livret) : L\u00e9andre Vaillat<\/p>\n<p>D\u00e9cors&nbsp;et costumes&nbsp;: Charles Blanc<\/p>\n<p>Direction musicale&nbsp;: Louis Fourestier<\/p>\n<p>Principaux interpr\u00e8tes&nbsp;: Liane Dayd\u00e9 (la jeune Fille), Serge Lifar (un Soldat), Michel Renault (un Soldat), Tamara Toumanova (l\u2019Inconnue)<\/p>\n<p style=\"text-align: center;\">* * * * * * * *<\/p>\n<p><strong>A l\u2019Op\u00e9ra, un ballet tragique \u00ab&nbsp;L\u2019Inconnue&nbsp;\u00bb<\/strong><\/p>\n<p>\u00ab&nbsp;Dira-t-on que c\u2019est un ballet de bombardement&nbsp;?... Sans doute, mais d\u2019abord un ballet de la myst\u00e9rieuse destin\u00e9e.<\/p>\n<p>Le path\u00e9tique sc\u00e9nario a \u00e9t\u00e9 admirablement agenc\u00e9 par ce grand connaisseur de la danse qu\u2019est L\u00e9andre Vaillat. Une chor\u00e9graphie de Serge Lifar, originale, saisissante, difficile. (Qu\u2019importe&nbsp;! Il dispose du ballet de l\u2019Op\u00e9ra&nbsp;; il peut sans souci jouer avec la ma\u00eetrise de sa virtuosit\u00e9, de ses neuves inventions). Une partition remarquable, savamment \u00e9crite, de ce musicien magnifique, Andr\u00e9 Jolivet, qui nous a donn\u00e9 \u2013 apparent\u00e9es par le sujet tout au moins \u2013 les c\u00e9l\u00e8bres Complaintes d\u2019un soldat, et, sur un ton bien diff\u00e9rent (belle preuve de souplesse) le plaisant et spirituel ballet de <em>Guignol et Pandore<\/em>. D\u00e8s le pr\u00e9lude, un grand souffle, dramatique, \u00e9mouvant (Louis Fourestier dirige, \u00e0 la perfection)&nbsp;; bient\u00f4t la partition va monter \u00e0 une puissance prodigieuse.<\/p>\n<p>Le rideau se l\u00e8ve sur un \u00e9tonnant d\u00e9cor de ruines, \u0153uvre excellente de Charles Blanc&nbsp;; un appartement tout saccag\u00e9, comme d\u00e9coup\u00e9 par des ciseaux fantasques&nbsp;; un escalier reste suspendu dans le vide&nbsp;; au-del\u00e0, d\u2019autres d\u00e9coupages de ruines et un ciel en flammes, compl\u00e8tement rouge.<\/p>\n<p>Un soldat se glisse dans ces d\u00e9combres, curieux, \u2013 en une tenue de fantaisie, nullement r\u00e9glementaire (joli costume orn\u00e9 sur fond brun)&nbsp;: nous sommes dans le royaume de la po\u00e9sie tragique \u00e0 la v\u00e9rit\u00e9\u2026 C\u2019est Lifar, \u00e9tonnamment jeune et qui d\u00e8s l\u2019abord se montre com\u00e9dien \u2013 trag\u00e9dien \u2013 remarquable. Arrive un autre soldat (m\u00eame uniforme\u2026), figur\u00e9 par Michel Renault, qui vient, avec la parfaite Nina Vyroubova, de danser le premier r\u00f4le masculin, \u00e9puisant, des <em>Mirages<\/em>&nbsp;: on ne s\u2019en douterait pas, tant il est souple et l\u00e9ger. Les deux camarades fraternisent. Ils sautent et tournent de conserve \u2013 admirablement \u2013 et impeccablement accord\u00e9s.<\/p>\n<p>Mais un piano est l\u00e0, \u00e9pargn\u00e9 de hasard par la tourmente. Lifar se met \u00e0 jouer. L\u2019orchestre se tait&nbsp;: de belles phrases, apaisantes, voix du pass\u00e9, montent de la fosse. Cependant une jeune fille est entr\u00e9e, mis\u00e9rable, presque en haillons&nbsp;; la fille des morts qui vient, d\u00e9sol\u00e9e, revoir les lieux de son bonheur. C\u2019est la d\u00e9licieuse Liane Dayd\u00e9, cette nouvelle et magnifique premi\u00e8re danseuse, dont le talent s\u2019est si vite et si \u00e9videmment r\u00e9v\u00e9l\u00e9. Le second soldat (Renault) en est \u00e9mu, charm\u00e9. Ce qui se traduit par un pas de deux po\u00e9tique.<\/p>\n<p>Et ils s\u2019en vont, insouciants, amoureux, tandis que surgit une apparition inattendue, tragique. Une jeune femme hautaine, \u00e9trange, au visage myst\u00e9rieux, au regard inqui\u00e9tant, sorte de princesse l\u00e9gendaire, asiatique, v\u00eatue avec une barbare somptuosit\u00e9. L\u2019inconnue \u2013 Mlle Toumanova \u2013 dresse remarquablement ce personnage \u00e9nigmatique. Elle tire brusquement Lifar de son extase musicale. Bien qu\u2019un peu effray\u00e9 par ces yeux ironiques, cruels, il se laisse aller \u00e0 son invitation\u2026&nbsp;; n\u2019ob\u00e9it-il pas \u00e0 sa fun\u00e8bre destin\u00e9e&nbsp;? En contraste avec le pr\u00e9c\u00e9dent, c\u2019est un pas de deux violent, parfois volontairement saccad\u00e9, heurt\u00e9, d\u2019une composition fort neuve, pleine de difficult\u00e9s. A l\u2019\u00e9gal de Lifar, Mlle Toumanova les r\u00e9sout tr\u00e8s bien.<\/p>\n<p>Soudain, coup de tonnerre, ce qui reste de murs s\u2019\u00e9croule et le malheureux danseur g\u00eet sur le sol, frapp\u00e9 par le bombardement, par son destin. Tandis que le jeune couple revient, terrifi\u00e9, des voix chantent au loin leur d\u00e9ploration.<\/p>\n<p>Un public, qui n\u2019a pas m\u00e9nag\u00e9 ses applaudissements, a \u00e9t\u00e9 fort saisi par ce spectacle dramatique. \u00bb<\/p>\n<p>Maurice Brillant, <em>L\u2019Aube<\/em>, 22 avril 1950, p. 2\/4<\/p>\nngg_shortcode_0_placeholder\n<\/div>\n<\/div><\/div><\/div><\/div><\/div>","protected":false},"excerpt":{"rendered":"<p>Ballet en 1 acte Premi\u00e8re : le 19 avril 1950 \u00e0 l\u2019Op\u00e9ra de Paris Musique&nbsp;: Andr\u00e9 Jolivet Argument&nbsp;(ou livret) : L\u00e9andre Vaillat D\u00e9cors&nbsp;et costumes&nbsp;: Charles Blanc Direction musicale&nbsp;: Louis Fourestier Principaux interpr\u00e8tes&nbsp;: Liane Dayd\u00e9 (la jeune Fille), Serge Lifar (un Soldat), Michel Renault (un Soldat), Tamara Toumanova (l\u2019Inconnue) * * * * * * * <\/p>\n","protected":false},"author":2,"featured_media":0,"parent":7159,"menu_order":0,"comment_status":"closed","ping_status":"closed","template":"template-sousmenu.php","meta":{"_acf_changed":false,"ngg_post_thumbnail":0,"footnotes":""},"class_list":["post-8086","page","type-page","status-publish","hentry"],"acf":[],"yoast_head":"<!-- This site is optimized with the Yoast SEO plugin v27.4 - https:\/\/yoast.com\/product\/yoast-seo-wordpress\/ -->\n<title>L\u2019Inconnue - Serge Lifar<\/title>\n<meta name=\"description\" content=\"Ballet en 1 acte Premi\u00e8re : le 19 avril 1950 \u00e0 l\u2019Op\u00e9ra de Paris Musique&nbsp;: Andr\u00e9 Jolivet Argument&nbsp;(ou livret) : L\u00e9andre Vaillat D\u00e9cors&nbsp;et\" \/>\n<meta name=\"robots\" content=\"index, follow, max-snippet:-1, max-image-preview:large, max-video-preview:-1\" \/>\n<link rel=\"canonical\" href=\"https:\/\/www.sergelifar.org\/ru\/\u0445\u043e\u0440\u0435\u043e\u0433\u0440\u0430\u0444\u0438\u0438\/autres-ballets\/l-inconnue\/\" \/>\n<meta property=\"og:locale\" content=\"ru_RU\" \/>\n<meta property=\"og:type\" content=\"article\" \/>\n<meta property=\"og:title\" content=\"L\u2019Inconnue - Serge Lifar\" \/>\n<meta property=\"og:description\" content=\"Ballet en 1 acte Premi\u00e8re : le 19 avril 1950 \u00e0 l\u2019Op\u00e9ra de Paris Musique&nbsp;: Andr\u00e9 Jolivet Argument&nbsp;(ou livret) : L\u00e9andre Vaillat D\u00e9cors&nbsp;et\" \/>\n<meta property=\"og:url\" content=\"https:\/\/www.sergelifar.org\/ru\/\u0445\u043e\u0440\u0435\u043e\u0433\u0440\u0430\u0444\u0438\u0438\/autres-ballets\/l-inconnue\/\" \/>\n<meta property=\"og:site_name\" content=\"Serge Lifar\" \/>\n<meta property=\"article:modified_time\" content=\"2025-03-27T13:10:30+00:00\" \/>\n<meta name=\"twitter:card\" content=\"summary_large_image\" \/>\n<meta name=\"twitter:label1\" content=\"\u041f\u0440\u0438\u043c\u0435\u0440\u043d\u043e\u0435 \u0432\u0440\u0435\u043c\u044f \u0434\u043b\u044f \u0447\u0442\u0435\u043d\u0438\u044f\" \/>\n\t<meta name=\"twitter:data1\" content=\"3 \u043c\u0438\u043d\u0443\u0442\u044b\" \/>\n<script type=\"application\/ld+json\" class=\"yoast-schema-graph\">{\"@context\":\"https:\\\/\\\/schema.org\",\"@graph\":[{\"@type\":\"WebPage\",\"@id\":\"https:\\\/\\\/www.sergelifar.org\\\/ru\\\/%d1%85%d0%be%d1%80%d0%b5%d0%be%d0%b3%d1%80%d0%b0%d1%84%d0%b8%d0%b8\\\/autres-ballets\\\/l-inconnue\\\/\",\"url\":\"https:\\\/\\\/www.sergelifar.org\\\/ru\\\/%d1%85%d0%be%d1%80%d0%b5%d0%be%d0%b3%d1%80%d0%b0%d1%84%d0%b8%d0%b8\\\/autres-ballets\\\/l-inconnue\\\/\",\"name\":\"L\u2019Inconnue - Serge Lifar\",\"isPartOf\":{\"@id\":\"https:\\\/\\\/dev2023.sergelifar.org\\\/en\\\/#website\"},\"datePublished\":\"2025-03-25T21:18:24+00:00\",\"dateModified\":\"2025-03-27T13:10:30+00:00\",\"description\":\"Ballet en 1 acte Premi\u00e8re : le 19 avril 1950 \u00e0 l\u2019Op\u00e9ra de Paris Musique&nbsp;: Andr\u00e9 Jolivet Argument&nbsp;(ou livret) : L\u00e9andre Vaillat D\u00e9cors&nbsp;et\",\"breadcrumb\":{\"@id\":\"https:\\\/\\\/www.sergelifar.org\\\/ru\\\/%d1%85%d0%be%d1%80%d0%b5%d0%be%d0%b3%d1%80%d0%b0%d1%84%d0%b8%d0%b8\\\/autres-ballets\\\/l-inconnue\\\/#breadcrumb\"},\"inLanguage\":\"ru-RU\",\"potentialAction\":[{\"@type\":\"ReadAction\",\"target\":[\"https:\\\/\\\/www.sergelifar.org\\\/ru\\\/%d1%85%d0%be%d1%80%d0%b5%d0%be%d0%b3%d1%80%d0%b0%d1%84%d0%b8%d0%b8\\\/autres-ballets\\\/l-inconnue\\\/\"]}]},{\"@type\":\"BreadcrumbList\",\"@id\":\"https:\\\/\\\/www.sergelifar.org\\\/ru\\\/%d1%85%d0%be%d1%80%d0%b5%d0%be%d0%b3%d1%80%d0%b0%d1%84%d0%b8%d0%b8\\\/autres-ballets\\\/l-inconnue\\\/#breadcrumb\",\"itemListElement\":[{\"@type\":\"ListItem\",\"position\":1,\"name\":\"Accueil\",\"item\":\"https:\\\/\\\/www.sergelifar.org\\\/ru\\\/\"},{\"@type\":\"ListItem\",\"position\":2,\"name\":\"\u0425\u043e\u0440\u0435\u043e\u0433\u0440\u0430\u0444\u0438\u0447\u0435\u0441\u043a\u0438\u0435 \u043f\u043e\u0441\u0442\u0430\u043d\u043e\u0432\u043a\u0438\",\"item\":\"https:\\\/\\\/www.sergelifar.org\\\/ru\\\/%d1%85%d0%be%d1%80%d0%b5%d0%be%d0%b3%d1%80%d0%b0%d1%84%d0%b8%d0%b8\\\/\"},{\"@type\":\"ListItem\",\"position\":3,\"name\":\"Autres ballets\",\"item\":\"https:\\\/\\\/www.sergelifar.org\\\/ru\\\/%d1%85%d0%be%d1%80%d0%b5%d0%be%d0%b3%d1%80%d0%b0%d1%84%d0%b8%d0%b8\\\/autres-ballets\\\/\"},{\"@type\":\"ListItem\",\"position\":4,\"name\":\"L\u2019Inconnue\"}]},{\"@type\":\"WebSite\",\"@id\":\"https:\\\/\\\/dev2023.sergelifar.org\\\/en\\\/#website\",\"url\":\"https:\\\/\\\/dev2023.sergelifar.org\\\/en\\\/\",\"name\":\"Serge Lifar\",\"description\":\"Site officiel de la Fondation Serge Lifar\",\"potentialAction\":[{\"@type\":\"SearchAction\",\"target\":{\"@type\":\"EntryPoint\",\"urlTemplate\":\"https:\\\/\\\/dev2023.sergelifar.org\\\/en\\\/?s={search_term_string}\"},\"query-input\":{\"@type\":\"PropertyValueSpecification\",\"valueRequired\":true,\"valueName\":\"search_term_string\"}}],\"inLanguage\":\"ru-RU\"}]}<\/script>\n<!-- \/ Yoast SEO plugin. -->","yoast_head_json":{"title":"L\u2019Inconnue - Serge Lifar","description":"Ballet en 1 acte Premi\u00e8re : le 19 avril 1950 \u00e0 l\u2019Op\u00e9ra de Paris Musique&nbsp;: Andr\u00e9 Jolivet Argument&nbsp;(ou livret) : L\u00e9andre Vaillat D\u00e9cors&nbsp;et","robots":{"index":"index","follow":"follow","max-snippet":"max-snippet:-1","max-image-preview":"max-image-preview:large","max-video-preview":"max-video-preview:-1"},"canonical":"https:\/\/www.sergelifar.org\/ru\/\u0445\u043e\u0440\u0435\u043e\u0433\u0440\u0430\u0444\u0438\u0438\/autres-ballets\/l-inconnue\/","og_locale":"ru_RU","og_type":"article","og_title":"L\u2019Inconnue - Serge Lifar","og_description":"Ballet en 1 acte Premi\u00e8re : le 19 avril 1950 \u00e0 l\u2019Op\u00e9ra de Paris Musique&nbsp;: Andr\u00e9 Jolivet Argument&nbsp;(ou livret) : L\u00e9andre Vaillat D\u00e9cors&nbsp;et","og_url":"https:\/\/www.sergelifar.org\/ru\/\u0445\u043e\u0440\u0435\u043e\u0433\u0440\u0430\u0444\u0438\u0438\/autres-ballets\/l-inconnue\/","og_site_name":"Serge Lifar","article_modified_time":"2025-03-27T13:10:30+00:00","twitter_card":"summary_large_image","twitter_misc":{"\u041f\u0440\u0438\u043c\u0435\u0440\u043d\u043e\u0435 \u0432\u0440\u0435\u043c\u044f \u0434\u043b\u044f \u0447\u0442\u0435\u043d\u0438\u044f":"3 \u043c\u0438\u043d\u0443\u0442\u044b"},"schema":{"@context":"https:\/\/schema.org","@graph":[{"@type":"WebPage","@id":"https:\/\/www.sergelifar.org\/ru\/%d1%85%d0%be%d1%80%d0%b5%d0%be%d0%b3%d1%80%d0%b0%d1%84%d0%b8%d0%b8\/autres-ballets\/l-inconnue\/","url":"https:\/\/www.sergelifar.org\/ru\/%d1%85%d0%be%d1%80%d0%b5%d0%be%d0%b3%d1%80%d0%b0%d1%84%d0%b8%d0%b8\/autres-ballets\/l-inconnue\/","name":"L\u2019Inconnue - Serge Lifar","isPartOf":{"@id":"https:\/\/dev2023.sergelifar.org\/en\/#website"},"datePublished":"2025-03-25T21:18:24+00:00","dateModified":"2025-03-27T13:10:30+00:00","description":"Ballet en 1 acte Premi\u00e8re : le 19 avril 1950 \u00e0 l\u2019Op\u00e9ra de Paris Musique&nbsp;: Andr\u00e9 Jolivet Argument&nbsp;(ou livret) : L\u00e9andre Vaillat D\u00e9cors&nbsp;et","breadcrumb":{"@id":"https:\/\/www.sergelifar.org\/ru\/%d1%85%d0%be%d1%80%d0%b5%d0%be%d0%b3%d1%80%d0%b0%d1%84%d0%b8%d0%b8\/autres-ballets\/l-inconnue\/#breadcrumb"},"inLanguage":"ru-RU","potentialAction":[{"@type":"ReadAction","target":["https:\/\/www.sergelifar.org\/ru\/%d1%85%d0%be%d1%80%d0%b5%d0%be%d0%b3%d1%80%d0%b0%d1%84%d0%b8%d0%b8\/autres-ballets\/l-inconnue\/"]}]},{"@type":"BreadcrumbList","@id":"https:\/\/www.sergelifar.org\/ru\/%d1%85%d0%be%d1%80%d0%b5%d0%be%d0%b3%d1%80%d0%b0%d1%84%d0%b8%d0%b8\/autres-ballets\/l-inconnue\/#breadcrumb","itemListElement":[{"@type":"ListItem","position":1,"name":"Accueil","item":"https:\/\/www.sergelifar.org\/ru\/"},{"@type":"ListItem","position":2,"name":"\u0425\u043e\u0440\u0435\u043e\u0433\u0440\u0430\u0444\u0438\u0447\u0435\u0441\u043a\u0438\u0435 \u043f\u043e\u0441\u0442\u0430\u043d\u043e\u0432\u043a\u0438","item":"https:\/\/www.sergelifar.org\/ru\/%d1%85%d0%be%d1%80%d0%b5%d0%be%d0%b3%d1%80%d0%b0%d1%84%d0%b8%d0%b8\/"},{"@type":"ListItem","position":3,"name":"Autres ballets","item":"https:\/\/www.sergelifar.org\/ru\/%d1%85%d0%be%d1%80%d0%b5%d0%be%d0%b3%d1%80%d0%b0%d1%84%d0%b8%d0%b8\/autres-ballets\/"},{"@type":"ListItem","position":4,"name":"L\u2019Inconnue"}]},{"@type":"WebSite","@id":"https:\/\/dev2023.sergelifar.org\/en\/#website","url":"https:\/\/dev2023.sergelifar.org\/en\/","name":"Serge Lifar","description":"Site officiel de la Fondation Serge Lifar","potentialAction":[{"@type":"SearchAction","target":{"@type":"EntryPoint","urlTemplate":"https:\/\/dev2023.sergelifar.org\/en\/?s={search_term_string}"},"query-input":{"@type":"PropertyValueSpecification","valueRequired":true,"valueName":"search_term_string"}}],"inLanguage":"ru-RU"}]}},"_links":{"self":[{"href":"https:\/\/www.sergelifar.org\/ru\/wp-json\/wp\/v2\/pages\/8086","targetHints":{"allow":["GET"]}}],"collection":[{"href":"https:\/\/www.sergelifar.org\/ru\/wp-json\/wp\/v2\/pages"}],"about":[{"href":"https:\/\/www.sergelifar.org\/ru\/wp-json\/wp\/v2\/types\/page"}],"author":[{"embeddable":true,"href":"https:\/\/www.sergelifar.org\/ru\/wp-json\/wp\/v2\/users\/2"}],"replies":[{"embeddable":true,"href":"https:\/\/www.sergelifar.org\/ru\/wp-json\/wp\/v2\/comments?post=8086"}],"version-history":[{"count":10,"href":"https:\/\/www.sergelifar.org\/ru\/wp-json\/wp\/v2\/pages\/8086\/revisions"}],"predecessor-version":[{"id":8141,"href":"https:\/\/www.sergelifar.org\/ru\/wp-json\/wp\/v2\/pages\/8086\/revisions\/8141"}],"up":[{"embeddable":true,"href":"https:\/\/www.sergelifar.org\/ru\/wp-json\/wp\/v2\/pages\/7159"}],"wp:attachment":[{"href":"https:\/\/www.sergelifar.org\/ru\/wp-json\/wp\/v2\/media?parent=8086"}],"curies":[{"name":"wp","href":"https:\/\/api.w.org\/{rel}","templated":true}]}}