{"id":7324,"date":"2024-05-21T13:01:09","date_gmt":"2024-05-21T11:01:09","guid":{"rendered":"https:\/\/www.sergelifar.org\/%d1%85%d0%be%d1%80%d0%b5%d0%be%d0%b3%d1%80%d0%b0%d1%84%d0%b8%d0%b8\/autres-ballets\/nauteos\/"},"modified":"2024-05-21T15:34:52","modified_gmt":"2024-05-21T13:34:52","slug":"nauteos","status":"publish","type":"page","link":"https:\/\/www.sergelifar.org\/ru\/%d1%85%d0%be%d1%80%d0%b5%d0%be%d0%b3%d1%80%d0%b0%d1%84%d0%b8%d0%b8\/autres-ballets\/nauteos\/","title":{"rendered":"Nauteos"},"content":{"rendered":"<div id=\"pl-7324\"  class=\"panel-layout\" ><div id=\"pg-7324-0\"  class=\"panel-grid panel-no-style\" ><div id=\"pgc-7324-0-0\"  class=\"panel-grid-cell\" ><div id=\"panel-7324-0-0-0\" class=\"so-panel widget widget_sow-editor panel-first-child panel-last-child\" data-index=\"0\" ><div\n\t\t\t\n\t\t\tclass=\"so-widget-sow-editor so-widget-sow-editor-base\"\n\t\t\t\n\t\t>\n<div class=\"siteorigin-widget-tinymce textwidget\">\n\t<p>Ballet en 3 actes<\/p>\n<p>Premi\u00e8re : le 26 avril 1947 \u00e0 l\u2019Op\u00e9ra de Monte-Carlo<\/p>\n<p>Musique&nbsp;: Jeanne Leleu<\/p>\n<p>Argument&nbsp;(ou livret) : Ren\u00e9 Dumesnil<\/p>\n<p>D\u00e9cors et costumes : Constantin Nepo<\/p>\n<p>Direction musicale&nbsp;: Henri Tomasi<\/p>\n<p>Principaux interpr\u00e8tes&nbsp;: Youly Algaroff (Naut\u00e9os), Cassini (Euryst\u00e9e), Yvette Chauvir\u00e9 (Leucoth\u00e9a), M. Madejski (Pisandre)<\/p>\n<p style=\"text-align: center;\">* * * * * * * *<\/p>\n<p>Reprise le 12 juillet 1954 \u00e0 l\u2019Op\u00e9ra de Paris<\/p>\n<p>D\u00e9cors&nbsp;et costumes&nbsp;: Yves Brayer<\/p>\n<p>Direction musicale&nbsp;: Louis Fourestier<\/p>\n<p>Principaux interpr\u00e8tes&nbsp;: Raoul Bari (un Triton), Max Bozzoni (Pisandre), Yvette Chauvir\u00e9 (Leucoth\u00e9a), Raymond Franchetti (un Triton), Jacques Jodel (le Berger), Madeleine Lafon (Euryst\u00e9e), Michel Renault (Naut\u00e9os)<\/p>\n<p style=\"text-align: center;\">* * * * * * * *<\/p>\n<p>\u00ab<em>&nbsp;Naut\u00e9os<\/em>, une des importantes cr\u00e9ations lifariennes de la Saison de Monte-Carlo 1947, fut r\u00e9alis\u00e9 sur la musique de Jeanne Leleu, d\u00e9cors de Nepo, d\u2019apr\u00e8s le livret de Ren\u00e9 Dumesnil, bas\u00e9 sur une ancienne l\u00e9gende grecque. Il entra en 1954 au r\u00e9pertoire de l\u2019Op\u00e9ra avec les d\u00e9cors d\u2019Yves Brayer.<\/p>\n<p>Le livret de Ren\u00e9 Dumesnil se situe sur deux plans, comme ceux de <em>La Sylphide<\/em>, de <em>Giselle<\/em> et de la plupart des ballets romantiques&nbsp;: le monde du r\u00eave et du fantastique (ici celui des Tritons et des N\u00e9r\u00e9ides) et la vie terrestre, r\u00e9elle, d\u2019un village o\u00f9 les paysans accueillent le jeune <em>Naut\u00e9os<\/em>. Les amours d\u2019une fille de la mer et d\u2019un mortel nous sont famili\u00e8res depuis La Lor\u00e9l\u00e9i, et la Petite Sir\u00e8ne d\u2019Andersen. Que la plus noble des N\u00e9r\u00e9ides soit s\u00e9duite par la beaut\u00e9 de Naut\u00e9os, dont le navire s\u2019est bris\u00e9 sur les rochers par la temp\u00eate, et lui passe autour du cou un collier symbolique, nacr\u00e9 comme l\u2019\u00e9cume, cela n\u2019est pas sans nous rappeler les amours de la Petite Sir\u00e8ne pour son beau Prince.<\/p>\n<p>Au lever du rideau, la sc\u00e8ne \u00e9tait vide. On apercevait derri\u00e8re les rochers l\u2019\u00e9pave d\u2019un vaisseau naufrag\u00e9. S\u2019agrippant p\u00e9niblement aux rochers, un homme tombait \u00e9puis\u00e9 sur le rivage. Curieux comme des enfants, Tritons et N\u00e9r\u00e9ides s\u2019assemblaient, sautant et tournant. Une des N\u00e9r\u00e9ides, la belle Leucoth\u00e9a (Yvette Chauvir\u00e9), assist\u00e9e par deux Tritons (Bari et Franchetti), portait secours \u00e0 Naut\u00e9os et essayait de le s\u00e9duire par sa danse.<\/p>\n<p>Cambr\u00e9e dans son maillot bleu collant, portant une couronne en corails, le corps flexible, ses bras ex\u00e9cutant les mouvements onduleux d\u2019un poisson, les doigts serr\u00e9s, Yvette Chauvir\u00e9 dansait son naissant amour de l\u2019homme&nbsp;: l\u2019orgueil et la passion, la nature hautaine et froide d\u2019une habitante des eaux s\u2019alliaient \u00e0 la tendresse nouvelle qu\u2019elle sentait avec quelque \u00e9tonnement surgir en elle. \u00c9merveill\u00e9, Naut\u00e9os (Michel Renault) suivait du regard cette danse langoureuse aux tournoiements l\u00e9gers, au <em>pas de bourr\u00e9e<\/em> comme portant la N\u00e9r\u00e9ide sur les ondes&nbsp;; et, ranim\u00e9, il s\u2019unissait \u00e0 elle dans un <em>adagio<\/em> d\u2019abord timide, puis prenant de l\u2019envol. Avant de s\u2019enfuir \u00e0 l\u2019approche des hommes, elle lui passait autour du cou un collier de perles rares qu\u2019il cachait soigneusement sous sa chemise. Un berger solitaire jouant de la fl\u00fbte (Jodel) apercevait Naut\u00e9os et appelait les paysans qui entra\u00eenaient le naufrag\u00e9 avec eux, ce qui terminait le premier tableau.<\/p>\n<p>Conduit au village, o\u00f9 il se joignait \u00e0 la ronde paysanne, Naut\u00e9os oubliait la N\u00e9r\u00e9ide et se fian\u00e7ait avec la jeune Euryst\u00e9e&nbsp;; mais en butte aux accusations de son rival, le vigoureux Pisandre (Bozzoni) montrait le collier, et \u00e9tait f\u00eat\u00e9 comme le prot\u00e9g\u00e9 des dieux. Trahissant l\u2019amour de la N\u00e9r\u00e9ide, il allait jusqu\u2019\u00e0 passer le cadeau de la fille des mers au cou de sa fianc\u00e9e. Le tableau champ\u00eatre, joyeux et simple, se d\u00e9roulait en pleine campagne fleurie, et se terminait sur une danse g\u00e9n\u00e9rale. Aujourd\u2019hui, cette pastorale est interpr\u00e9t\u00e9e dans le m\u00eame d\u00e9cor que le premier tableau pour ne pas rompre l\u2019action dramatique.<\/p>\n<p>Au troisi\u00e8me tableau, Naut\u00e9os emmenait sa fianc\u00e9e sur les lieux m\u00eame de son naufrage. Il la portait sur son \u00e9paule dans un <em>adagio<\/em> amoureux, et leur tendre pas de deux provoquait l\u2019apparition mena\u00e7ante de la N\u00e9r\u00e9ide outrag\u00e9e. Dans une ravissante danse d\u2019amour courrouc\u00e9, son corps devenu rigide, son geste imp\u00e9ratif, la t\u00eate dress\u00e9e, le regard hautain, Leucoth\u00e9a-Chauvir\u00e9 r\u00e9clamait vengeance. D\u00e9sunis par les Tritons accourus, tenus par des mains inflexibles, les deux amoureux fr\u00f4laient la mort, lorsque Naut\u00e9os rompait le sortil\u00e8ge en rendant le collier. La N\u00e9r\u00e9ide au c\u0153ur de femme c\u00e9dait \u00e0 son amour et d\u2019un geste souverain laissait partir le couple. Tandis que le divin N\u00e9r\u00e9e sorti des rochers la prenait sous sa protection, elle se replongeait dans sa solitude. Au quatri\u00e8me tableau, on f\u00eatait les mari\u00e9s auxquels la N\u00e9r\u00e9ide apparue promettait son aide.<\/p>\n<p>Ce beau ballet, qui t\u00e9moignait le retour du chor\u00e9auteur aux th\u00e8mes de l\u2019antiquit\u00e9, \u00e9tait compos\u00e9 alternativement de lumi\u00e8re et d\u2019ombre. L\u2019action se terminait dans la gaiet\u00e9 g\u00e9n\u00e9rale, les dieux courrouc\u00e9s devenus les protecteurs des amants unis.<\/p>\n<p><em>Naut\u00e9os<\/em> annon\u00e7ait <em>Les Noces Fantastiques<\/em>, mont\u00e9es en 1955, o\u00f9 le th\u00e8me devenait tragique. \u00bb<\/p>\n<p><em>Serge Lifar r\u00e9novateur du ballet fran\u00e7ais<\/em> par Jean Laurent et Julie Sazonova, Buchet\/Chastel Corr\u00eaa, Paris, 1960 (pp. 188-189)<\/p>\n<p>&nbsp;<\/p>\n<p>&nbsp;<\/p>\n<p>&nbsp;<\/p>\n<\/div>\n<\/div><\/div><\/div><\/div><\/div>","protected":false},"excerpt":{"rendered":"<p>Ballet en 3 actes Premi\u00e8re : le 26 avril 1947 \u00e0 l\u2019Op\u00e9ra de Monte-Carlo Musique&nbsp;: Jeanne Leleu Argument&nbsp;(ou livret) : Ren\u00e9 Dumesnil D\u00e9cors et costumes : Constantin Nepo Direction musicale&nbsp;: Henri Tomasi Principaux interpr\u00e8tes&nbsp;: Youly Algaroff (Naut\u00e9os), Cassini (Euryst\u00e9e), Yvette Chauvir\u00e9 (Leucoth\u00e9a), M. Madejski (Pisandre) * * * * * * * * Reprise le <\/p>\n","protected":false},"author":2,"featured_media":0,"parent":7159,"menu_order":0,"comment_status":"closed","ping_status":"closed","template":"template-sousmenu.php","meta":{"_acf_changed":false,"ngg_post_thumbnail":0,"footnotes":""},"class_list":["post-7324","page","type-page","status-publish","hentry"],"acf":[],"yoast_head":"<!-- This site is optimized with the Yoast SEO plugin v27.3 - https:\/\/yoast.com\/product\/yoast-seo-wordpress\/ -->\n<title>Nauteos - Serge Lifar<\/title>\n<meta name=\"robots\" content=\"index, follow, max-snippet:-1, max-image-preview:large, max-video-preview:-1\" \/>\n<link rel=\"canonical\" href=\"https:\/\/www.sergelifar.org\/ru\/\u0445\u043e\u0440\u0435\u043e\u0433\u0440\u0430\u0444\u0438\u0438\/autres-ballets\/nauteos\/\" \/>\n<meta property=\"og:locale\" content=\"ru_RU\" \/>\n<meta property=\"og:type\" content=\"article\" \/>\n<meta property=\"og:title\" content=\"Nauteos - Serge Lifar\" \/>\n<meta property=\"og:description\" content=\"Ballet en 3 actes Premi\u00e8re : le 26 avril 1947 \u00e0 l\u2019Op\u00e9ra de Monte-Carlo Musique&nbsp;: Jeanne Leleu Argument&nbsp;(ou livret) : Ren\u00e9 Dumesnil D\u00e9cors et costumes : Constantin Nepo Direction musicale&nbsp;: Henri Tomasi Principaux interpr\u00e8tes&nbsp;: Youly Algaroff (Naut\u00e9os), Cassini (Euryst\u00e9e), Yvette Chauvir\u00e9 (Leucoth\u00e9a), M. Madejski (Pisandre) * * * * * * * * Reprise le\" \/>\n<meta property=\"og:url\" content=\"https:\/\/www.sergelifar.org\/ru\/\u0445\u043e\u0440\u0435\u043e\u0433\u0440\u0430\u0444\u0438\u0438\/autres-ballets\/nauteos\/\" \/>\n<meta property=\"og:site_name\" content=\"Serge Lifar\" \/>\n<meta property=\"article:modified_time\" content=\"2024-05-21T13:34:52+00:00\" \/>\n<meta name=\"twitter:card\" content=\"summary_large_image\" \/>\n<meta name=\"twitter:label1\" content=\"\u041f\u0440\u0438\u043c\u0435\u0440\u043d\u043e\u0435 \u0432\u0440\u0435\u043c\u044f \u0434\u043b\u044f \u0447\u0442\u0435\u043d\u0438\u044f\" \/>\n\t<meta name=\"twitter:data1\" content=\"5 \u043c\u0438\u043d\u0443\u0442\" \/>\n<script type=\"application\/ld+json\" class=\"yoast-schema-graph\">{\"@context\":\"https:\\\/\\\/schema.org\",\"@graph\":[{\"@type\":\"WebPage\",\"@id\":\"https:\\\/\\\/www.sergelifar.org\\\/ru\\\/%d1%85%d0%be%d1%80%d0%b5%d0%be%d0%b3%d1%80%d0%b0%d1%84%d0%b8%d0%b8\\\/autres-ballets\\\/nauteos\\\/\",\"url\":\"https:\\\/\\\/www.sergelifar.org\\\/ru\\\/%d1%85%d0%be%d1%80%d0%b5%d0%be%d0%b3%d1%80%d0%b0%d1%84%d0%b8%d0%b8\\\/autres-ballets\\\/nauteos\\\/\",\"name\":\"Nauteos - Serge Lifar\",\"isPartOf\":{\"@id\":\"https:\\\/\\\/dev2023.sergelifar.org\\\/en\\\/#website\"},\"datePublished\":\"2024-05-21T11:01:09+00:00\",\"dateModified\":\"2024-05-21T13:34:52+00:00\",\"breadcrumb\":{\"@id\":\"https:\\\/\\\/www.sergelifar.org\\\/ru\\\/%d1%85%d0%be%d1%80%d0%b5%d0%be%d0%b3%d1%80%d0%b0%d1%84%d0%b8%d0%b8\\\/autres-ballets\\\/nauteos\\\/#breadcrumb\"},\"inLanguage\":\"ru-RU\",\"potentialAction\":[{\"@type\":\"ReadAction\",\"target\":[\"https:\\\/\\\/www.sergelifar.org\\\/ru\\\/%d1%85%d0%be%d1%80%d0%b5%d0%be%d0%b3%d1%80%d0%b0%d1%84%d0%b8%d0%b8\\\/autres-ballets\\\/nauteos\\\/\"]}]},{\"@type\":\"BreadcrumbList\",\"@id\":\"https:\\\/\\\/www.sergelifar.org\\\/ru\\\/%d1%85%d0%be%d1%80%d0%b5%d0%be%d0%b3%d1%80%d0%b0%d1%84%d0%b8%d0%b8\\\/autres-ballets\\\/nauteos\\\/#breadcrumb\",\"itemListElement\":[{\"@type\":\"ListItem\",\"position\":1,\"name\":\"Accueil\",\"item\":\"https:\\\/\\\/www.sergelifar.org\\\/ru\\\/\"},{\"@type\":\"ListItem\",\"position\":2,\"name\":\"\u0425\u043e\u0440\u0435\u043e\u0433\u0440\u0430\u0444\u0438\u0447\u0435\u0441\u043a\u0438\u0435 \u043f\u043e\u0441\u0442\u0430\u043d\u043e\u0432\u043a\u0438\",\"item\":\"https:\\\/\\\/www.sergelifar.org\\\/ru\\\/%d1%85%d0%be%d1%80%d0%b5%d0%be%d0%b3%d1%80%d0%b0%d1%84%d0%b8%d0%b8\\\/\"},{\"@type\":\"ListItem\",\"position\":3,\"name\":\"Autres ballets\",\"item\":\"https:\\\/\\\/www.sergelifar.org\\\/ru\\\/%d1%85%d0%be%d1%80%d0%b5%d0%be%d0%b3%d1%80%d0%b0%d1%84%d0%b8%d0%b8\\\/autres-ballets\\\/\"},{\"@type\":\"ListItem\",\"position\":4,\"name\":\"Nauteos\"}]},{\"@type\":\"WebSite\",\"@id\":\"https:\\\/\\\/dev2023.sergelifar.org\\\/en\\\/#website\",\"url\":\"https:\\\/\\\/dev2023.sergelifar.org\\\/en\\\/\",\"name\":\"Serge Lifar\",\"description\":\"Site officiel de la Fondation Serge Lifar\",\"potentialAction\":[{\"@type\":\"SearchAction\",\"target\":{\"@type\":\"EntryPoint\",\"urlTemplate\":\"https:\\\/\\\/dev2023.sergelifar.org\\\/en\\\/?s={search_term_string}\"},\"query-input\":{\"@type\":\"PropertyValueSpecification\",\"valueRequired\":true,\"valueName\":\"search_term_string\"}}],\"inLanguage\":\"ru-RU\"}]}<\/script>\n<!-- \/ Yoast SEO plugin. -->","yoast_head_json":{"title":"Nauteos - Serge Lifar","robots":{"index":"index","follow":"follow","max-snippet":"max-snippet:-1","max-image-preview":"max-image-preview:large","max-video-preview":"max-video-preview:-1"},"canonical":"https:\/\/www.sergelifar.org\/ru\/\u0445\u043e\u0440\u0435\u043e\u0433\u0440\u0430\u0444\u0438\u0438\/autres-ballets\/nauteos\/","og_locale":"ru_RU","og_type":"article","og_title":"Nauteos - Serge Lifar","og_description":"Ballet en 3 actes Premi\u00e8re : le 26 avril 1947 \u00e0 l\u2019Op\u00e9ra de Monte-Carlo Musique&nbsp;: Jeanne Leleu Argument&nbsp;(ou livret) : Ren\u00e9 Dumesnil D\u00e9cors et costumes : Constantin Nepo Direction musicale&nbsp;: Henri Tomasi Principaux interpr\u00e8tes&nbsp;: Youly Algaroff (Naut\u00e9os), Cassini (Euryst\u00e9e), Yvette Chauvir\u00e9 (Leucoth\u00e9a), M. Madejski (Pisandre) * * * * * * * * Reprise le","og_url":"https:\/\/www.sergelifar.org\/ru\/\u0445\u043e\u0440\u0435\u043e\u0433\u0440\u0430\u0444\u0438\u0438\/autres-ballets\/nauteos\/","og_site_name":"Serge Lifar","article_modified_time":"2024-05-21T13:34:52+00:00","twitter_card":"summary_large_image","twitter_misc":{"\u041f\u0440\u0438\u043c\u0435\u0440\u043d\u043e\u0435 \u0432\u0440\u0435\u043c\u044f \u0434\u043b\u044f \u0447\u0442\u0435\u043d\u0438\u044f":"5 \u043c\u0438\u043d\u0443\u0442"},"schema":{"@context":"https:\/\/schema.org","@graph":[{"@type":"WebPage","@id":"https:\/\/www.sergelifar.org\/ru\/%d1%85%d0%be%d1%80%d0%b5%d0%be%d0%b3%d1%80%d0%b0%d1%84%d0%b8%d0%b8\/autres-ballets\/nauteos\/","url":"https:\/\/www.sergelifar.org\/ru\/%d1%85%d0%be%d1%80%d0%b5%d0%be%d0%b3%d1%80%d0%b0%d1%84%d0%b8%d0%b8\/autres-ballets\/nauteos\/","name":"Nauteos - Serge Lifar","isPartOf":{"@id":"https:\/\/dev2023.sergelifar.org\/en\/#website"},"datePublished":"2024-05-21T11:01:09+00:00","dateModified":"2024-05-21T13:34:52+00:00","breadcrumb":{"@id":"https:\/\/www.sergelifar.org\/ru\/%d1%85%d0%be%d1%80%d0%b5%d0%be%d0%b3%d1%80%d0%b0%d1%84%d0%b8%d0%b8\/autres-ballets\/nauteos\/#breadcrumb"},"inLanguage":"ru-RU","potentialAction":[{"@type":"ReadAction","target":["https:\/\/www.sergelifar.org\/ru\/%d1%85%d0%be%d1%80%d0%b5%d0%be%d0%b3%d1%80%d0%b0%d1%84%d0%b8%d0%b8\/autres-ballets\/nauteos\/"]}]},{"@type":"BreadcrumbList","@id":"https:\/\/www.sergelifar.org\/ru\/%d1%85%d0%be%d1%80%d0%b5%d0%be%d0%b3%d1%80%d0%b0%d1%84%d0%b8%d0%b8\/autres-ballets\/nauteos\/#breadcrumb","itemListElement":[{"@type":"ListItem","position":1,"name":"Accueil","item":"https:\/\/www.sergelifar.org\/ru\/"},{"@type":"ListItem","position":2,"name":"\u0425\u043e\u0440\u0435\u043e\u0433\u0440\u0430\u0444\u0438\u0447\u0435\u0441\u043a\u0438\u0435 \u043f\u043e\u0441\u0442\u0430\u043d\u043e\u0432\u043a\u0438","item":"https:\/\/www.sergelifar.org\/ru\/%d1%85%d0%be%d1%80%d0%b5%d0%be%d0%b3%d1%80%d0%b0%d1%84%d0%b8%d0%b8\/"},{"@type":"ListItem","position":3,"name":"Autres ballets","item":"https:\/\/www.sergelifar.org\/ru\/%d1%85%d0%be%d1%80%d0%b5%d0%be%d0%b3%d1%80%d0%b0%d1%84%d0%b8%d0%b8\/autres-ballets\/"},{"@type":"ListItem","position":4,"name":"Nauteos"}]},{"@type":"WebSite","@id":"https:\/\/dev2023.sergelifar.org\/en\/#website","url":"https:\/\/dev2023.sergelifar.org\/en\/","name":"Serge Lifar","description":"Site officiel de la Fondation Serge Lifar","potentialAction":[{"@type":"SearchAction","target":{"@type":"EntryPoint","urlTemplate":"https:\/\/dev2023.sergelifar.org\/en\/?s={search_term_string}"},"query-input":{"@type":"PropertyValueSpecification","valueRequired":true,"valueName":"search_term_string"}}],"inLanguage":"ru-RU"}]}},"_links":{"self":[{"href":"https:\/\/www.sergelifar.org\/ru\/wp-json\/wp\/v2\/pages\/7324","targetHints":{"allow":["GET"]}}],"collection":[{"href":"https:\/\/www.sergelifar.org\/ru\/wp-json\/wp\/v2\/pages"}],"about":[{"href":"https:\/\/www.sergelifar.org\/ru\/wp-json\/wp\/v2\/types\/page"}],"author":[{"embeddable":true,"href":"https:\/\/www.sergelifar.org\/ru\/wp-json\/wp\/v2\/users\/2"}],"replies":[{"embeddable":true,"href":"https:\/\/www.sergelifar.org\/ru\/wp-json\/wp\/v2\/comments?post=7324"}],"version-history":[{"count":5,"href":"https:\/\/www.sergelifar.org\/ru\/wp-json\/wp\/v2\/pages\/7324\/revisions"}],"predecessor-version":[{"id":7383,"href":"https:\/\/www.sergelifar.org\/ru\/wp-json\/wp\/v2\/pages\/7324\/revisions\/7383"}],"up":[{"embeddable":true,"href":"https:\/\/www.sergelifar.org\/ru\/wp-json\/wp\/v2\/pages\/7159"}],"wp:attachment":[{"href":"https:\/\/www.sergelifar.org\/ru\/wp-json\/wp\/v2\/media?parent=7324"}],"curies":[{"name":"wp","href":"https:\/\/api.w.org\/{rel}","templated":true}]}}