{"id":6745,"date":"2023-02-07T18:36:08","date_gmt":"2023-02-07T18:36:08","guid":{"rendered":"https:\/\/dev2023.sergelifar.org\/%d1%85%d0%be%d1%80%d0%b5%d0%be%d0%b3%d1%80%d0%b0%d1%84%d0%b8%d0%b8\/renard\/"},"modified":"2025-06-12T11:11:25","modified_gmt":"2025-06-12T09:11:25","slug":"renard","status":"publish","type":"page","link":"https:\/\/www.sergelifar.org\/ru\/%d1%85%d0%be%d1%80%d0%b5%d0%be%d0%b3%d1%80%d0%b0%d1%84%d0%b8%d0%b8\/autres-ballets\/renard\/","title":{"rendered":"Renard"},"content":{"rendered":"<div id=\"pl-6745\"  class=\"panel-layout\" ><div id=\"pg-6745-0\"  class=\"panel-grid panel-no-style\" ><div id=\"pgc-6745-0-0\"  class=\"panel-grid-cell\" ><div id=\"panel-6745-0-0-0\" class=\"so-panel widget widget_sow-editor panel-first-child\" data-index=\"0\" ><div\n\t\t\t\n\t\t\tclass=\"so-widget-sow-editor so-widget-sow-editor-base\"\n\t\t\t\n\t\t>\n<div class=\"siteorigin-widget-tinymce textwidget\">\n\t<p>Ballet burlesque en 1 acte d\u2019apr\u00e8s des contes populaires russes<\/p>\n<p>Premi\u00e8re : le 21 mai 1929 au Th\u00e9\u00e2tre Sarah-Bernhardt<\/p>\n<p>Musique&nbsp;: Igor Stravinsky<\/p>\n<p>Argument&nbsp;(ou livret) : Igor Stravinsky<\/p>\n<p>D\u00e9cors&nbsp;: Michel Larionov<\/p>\n<p>Costumes&nbsp;: Michel Larionov<\/p>\n<p>Direction musicale&nbsp;: Roger Desormi\u00e8re<\/p>\n<p>Principaux interpr\u00e8tes&nbsp;: Louis Agustino et Nicolas Efimoff (le Coq), Bernardo Agustino et Boris Lissanevitch (le Bouc), Adolphe Hierlinger et Jean Hoyer (le Chat), L\u00e9on Woizikovsky (le Renard)<\/p>\n<p>Chanteurs&nbsp;: Gr\u00e9goire Raissoff, Michel Tkhorjewsky, Eug\u00e8ne Maltzeff, Jan Nedra<\/p>\n<p style=\"text-align: center;\">* * * * * * * *<\/p>\n<p>C\u2019est avec la cr\u00e9ation de ce ballet, mais encore au sein des Ballets russes, que Serge Lifar fit ses d\u00e9buts en tant que chor\u00e9graphe.<\/p>\n<p>Prenant la forme d\u2019un spectacle forain, ce ballet met en sc\u00e8ne la cour d\u2019une isba, un coq sur un perchoir et de v\u00e9ritables acrobates.<\/p>\n<p style=\"text-align: center;\">* * * * * * * *<\/p>\n<p>[...] Je me mis au travail, tout seul, dans un studio de la salle Pleyel. Au bout de quelques r\u00e9p\u00e9titions, j'avais termin\u00e9 les premi\u00e8res esquisses de la danse du Coq et du Renard. Quand Diaghilev vint \u00e0 la salle Pleyel, il approuva mes esquisses quoique sans grand enthousiasme. Le lendemain, il revint et suivit mon travail avec beaucoup d'attention, puis me d\u00e9clara que je serais \u00ab jug\u00e9 \u00bb sous peu. Je me trouvai tout \u00e0 coup dans un monde absolument nouveau, fait de sentiments, de pens\u00e9es, inconnus jusque-l\u00e0. J'\u00e9tais poss\u00e9d\u00e9 par une sorte de d\u00e9lire perp\u00e9tuel et j'avais peur de mourir avant d'avoir termin\u00e9 <em>Renard<\/em>. Mon id\u00e9e \u00e9tait de m\u00ealer des acrobates aux danseurs : d\u00e9doublant ainsi les r\u00f4les, je donnais un accent neuf aux danseurs.<\/p>\n<p>Le jour du \u00ab jugement \u00bb j'allai au studio, sans aucun espoir de r\u00e9ussite. Mes \u00ab juges \u00bb \u00e9taient Diaghilev, Michel Larionov, le d\u00e9corateur du ballet, et Boris Kochno. La r\u00e9p\u00e9tition se d\u00e9roula dans un silence glacial. Accompagn\u00e9 du piano, j'esquissai les variation du Coq et du Renard. Pas un mouvement, pas un mot.<\/p>\n<p>Lors d'une pause, je me trouvai pr\u00e8s du vestiaire et j'entendis Diaghilev r\u00e9pondre \u00e0 un d\u00e9tracteur d'une voix forte : \u00ab Depuis <em>Le Sacre du Printemps<\/em>... absolument formidable... \u00bb.<\/p>\n<p>J'avais retrouv\u00e9 toutes mes forces pour la suite du ballet.<\/p>\n<p>Dans le taxi qui nous ramenait, Diaghilev d\u00e9clara: : - je t'inscris sur l'affiche, je te donne nos meilleurs artistes et je t'accorde une pleine libert\u00e9 d'action. Les esquisses que tu as faites sont magnifiques et fort importantes. Tu te rallies au cubisme dans la danse. [...]<\/p>\n<p>Serge Lifar, <em>Ma vie<\/em>, Ed. Ren\u00e9 Julliard, Paris, 1965, p. 91<\/p>\n<p>&nbsp;<\/p>\nngg_shortcode_0_placeholder\n<\/div>\n<\/div><\/div><div id=\"panel-6745-0-0-1\" class=\"so-panel widget widget_media_audio panel-last-child\" data-index=\"1\" ><h2 class=\"widget-title\">Extrait musical<\/h2><audio class=\"wp-audio-shortcode\" id=\"audio-6745-1\" preload=\"none\" style=\"width: 100%;\" controls=\"controls\"><source type=\"audio\/mpeg\" src=\"https:\/\/www.sergelifar.org\/wp-content\/uploads\/2023\/02\/Cassette-audio-1983-10-02-RSR-075-1_Extrait.mp3?_=1\" \/><source type=\"audio\/mpeg\" src=\"https:\/\/www.sergelifar.org\/wp-content\/uploads\/2023\/02\/Cassette-audio-1983-10-02-RSR-075-1_Extrait.mp3?_=1\" \/><a href=\"https:\/\/www.sergelifar.org\/wp-content\/uploads\/2023\/02\/Cassette-audio-1983-10-02-RSR-075-1_Extrait.mp3\">https:\/\/www.sergelifar.org\/wp-content\/uploads\/2023\/02\/Cassette-audio-1983-10-02-RSR-075-1_Extrait.mp3<\/a><\/audio><\/div><\/div><\/div><\/div>","protected":false},"excerpt":{"rendered":"<p>Ballet burlesque en 1 acte d\u2019apr\u00e8s des contes populaires russes Premi\u00e8re : le 21 mai 1929 au Th\u00e9\u00e2tre Sarah-Bernhardt Musique&nbsp;: Igor Stravinsky Argument&nbsp;(ou livret) : Igor Stravinsky D\u00e9cors&nbsp;: Michel Larionov Costumes&nbsp;: Michel Larionov Direction musicale&nbsp;: Roger Desormi\u00e8re Principaux interpr\u00e8tes&nbsp;: Louis Agustino et Nicolas Efimoff (le Coq), Bernardo Agustino et Boris Lissanevitch (le Bouc), Adolphe Hierlinger <\/p>\n","protected":false},"author":2,"featured_media":0,"parent":7159,"menu_order":0,"comment_status":"closed","ping_status":"closed","template":"template-sousmenu.php","meta":{"_acf_changed":false,"ngg_post_thumbnail":0,"footnotes":""},"class_list":["post-6745","page","type-page","status-publish","hentry"],"acf":[],"yoast_head":"<!-- This site is optimized with the Yoast SEO plugin v27.3 - https:\/\/yoast.com\/product\/yoast-seo-wordpress\/ -->\n<title>Renard - Serge Lifar<\/title>\n<meta name=\"robots\" content=\"index, follow, max-snippet:-1, max-image-preview:large, max-video-preview:-1\" \/>\n<link rel=\"canonical\" href=\"https:\/\/www.sergelifar.org\/ru\/\u0445\u043e\u0440\u0435\u043e\u0433\u0440\u0430\u0444\u0438\u0438\/autres-ballets\/renard\/\" \/>\n<meta property=\"og:locale\" content=\"ru_RU\" \/>\n<meta property=\"og:type\" content=\"article\" \/>\n<meta property=\"og:title\" content=\"Renard - Serge Lifar\" \/>\n<meta property=\"og:description\" content=\"Ballet burlesque en 1 acte d\u2019apr\u00e8s des contes populaires russes Premi\u00e8re : le 21 mai 1929 au Th\u00e9\u00e2tre Sarah-Bernhardt Musique&nbsp;: Igor Stravinsky Argument&nbsp;(ou livret) : Igor Stravinsky D\u00e9cors&nbsp;: Michel Larionov Costumes&nbsp;: Michel Larionov Direction musicale&nbsp;: Roger Desormi\u00e8re Principaux interpr\u00e8tes&nbsp;: Louis Agustino et Nicolas Efimoff (le Coq), Bernardo Agustino et Boris Lissanevitch (le Bouc), Adolphe Hierlinger\" \/>\n<meta property=\"og:url\" content=\"https:\/\/www.sergelifar.org\/ru\/\u0445\u043e\u0440\u0435\u043e\u0433\u0440\u0430\u0444\u0438\u0438\/autres-ballets\/renard\/\" \/>\n<meta property=\"og:site_name\" content=\"Serge Lifar\" \/>\n<meta property=\"article:modified_time\" content=\"2025-06-12T09:11:25+00:00\" \/>\n<meta name=\"twitter:card\" content=\"summary_large_image\" \/>\n<meta name=\"twitter:label1\" content=\"\u041f\u0440\u0438\u043c\u0435\u0440\u043d\u043e\u0435 \u0432\u0440\u0435\u043c\u044f \u0434\u043b\u044f \u0447\u0442\u0435\u043d\u0438\u044f\" \/>\n\t<meta name=\"twitter:data1\" content=\"2 \u043c\u0438\u043d\u0443\u0442\u044b\" \/>\n<script type=\"application\/ld+json\" class=\"yoast-schema-graph\">{\"@context\":\"https:\\\/\\\/schema.org\",\"@graph\":[{\"@type\":\"WebPage\",\"@id\":\"https:\\\/\\\/www.sergelifar.org\\\/ru\\\/%d1%85%d0%be%d1%80%d0%b5%d0%be%d0%b3%d1%80%d0%b0%d1%84%d0%b8%d0%b8\\\/autres-ballets\\\/renard\\\/\",\"url\":\"https:\\\/\\\/www.sergelifar.org\\\/ru\\\/%d1%85%d0%be%d1%80%d0%b5%d0%be%d0%b3%d1%80%d0%b0%d1%84%d0%b8%d0%b8\\\/autres-ballets\\\/renard\\\/\",\"name\":\"Renard - Serge Lifar\",\"isPartOf\":{\"@id\":\"https:\\\/\\\/dev2023.sergelifar.org\\\/en\\\/#website\"},\"datePublished\":\"2023-02-07T18:36:08+00:00\",\"dateModified\":\"2025-06-12T09:11:25+00:00\",\"breadcrumb\":{\"@id\":\"https:\\\/\\\/www.sergelifar.org\\\/ru\\\/%d1%85%d0%be%d1%80%d0%b5%d0%be%d0%b3%d1%80%d0%b0%d1%84%d0%b8%d0%b8\\\/autres-ballets\\\/renard\\\/#breadcrumb\"},\"inLanguage\":\"ru-RU\",\"potentialAction\":[{\"@type\":\"ReadAction\",\"target\":[\"https:\\\/\\\/www.sergelifar.org\\\/ru\\\/%d1%85%d0%be%d1%80%d0%b5%d0%be%d0%b3%d1%80%d0%b0%d1%84%d0%b8%d0%b8\\\/autres-ballets\\\/renard\\\/\"]}]},{\"@type\":\"BreadcrumbList\",\"@id\":\"https:\\\/\\\/www.sergelifar.org\\\/ru\\\/%d1%85%d0%be%d1%80%d0%b5%d0%be%d0%b3%d1%80%d0%b0%d1%84%d0%b8%d0%b8\\\/autres-ballets\\\/renard\\\/#breadcrumb\",\"itemListElement\":[{\"@type\":\"ListItem\",\"position\":1,\"name\":\"Accueil\",\"item\":\"https:\\\/\\\/www.sergelifar.org\\\/ru\\\/\"},{\"@type\":\"ListItem\",\"position\":2,\"name\":\"\u0425\u043e\u0440\u0435\u043e\u0433\u0440\u0430\u0444\u0438\u0447\u0435\u0441\u043a\u0438\u0435 \u043f\u043e\u0441\u0442\u0430\u043d\u043e\u0432\u043a\u0438\",\"item\":\"https:\\\/\\\/www.sergelifar.org\\\/ru\\\/%d1%85%d0%be%d1%80%d0%b5%d0%be%d0%b3%d1%80%d0%b0%d1%84%d0%b8%d0%b8\\\/\"},{\"@type\":\"ListItem\",\"position\":3,\"name\":\"Autres ballets\",\"item\":\"https:\\\/\\\/www.sergelifar.org\\\/ru\\\/%d1%85%d0%be%d1%80%d0%b5%d0%be%d0%b3%d1%80%d0%b0%d1%84%d0%b8%d0%b8\\\/autres-ballets\\\/\"},{\"@type\":\"ListItem\",\"position\":4,\"name\":\"Renard\"}]},{\"@type\":\"WebSite\",\"@id\":\"https:\\\/\\\/dev2023.sergelifar.org\\\/en\\\/#website\",\"url\":\"https:\\\/\\\/dev2023.sergelifar.org\\\/en\\\/\",\"name\":\"Serge Lifar\",\"description\":\"Site officiel de la Fondation Serge Lifar\",\"potentialAction\":[{\"@type\":\"SearchAction\",\"target\":{\"@type\":\"EntryPoint\",\"urlTemplate\":\"https:\\\/\\\/dev2023.sergelifar.org\\\/en\\\/?s={search_term_string}\"},\"query-input\":{\"@type\":\"PropertyValueSpecification\",\"valueRequired\":true,\"valueName\":\"search_term_string\"}}],\"inLanguage\":\"ru-RU\"}]}<\/script>\n<!-- \/ Yoast SEO plugin. -->","yoast_head_json":{"title":"Renard - Serge Lifar","robots":{"index":"index","follow":"follow","max-snippet":"max-snippet:-1","max-image-preview":"max-image-preview:large","max-video-preview":"max-video-preview:-1"},"canonical":"https:\/\/www.sergelifar.org\/ru\/\u0445\u043e\u0440\u0435\u043e\u0433\u0440\u0430\u0444\u0438\u0438\/autres-ballets\/renard\/","og_locale":"ru_RU","og_type":"article","og_title":"Renard - Serge Lifar","og_description":"Ballet burlesque en 1 acte d\u2019apr\u00e8s des contes populaires russes Premi\u00e8re : le 21 mai 1929 au Th\u00e9\u00e2tre Sarah-Bernhardt Musique&nbsp;: Igor Stravinsky Argument&nbsp;(ou livret) : Igor Stravinsky D\u00e9cors&nbsp;: Michel Larionov Costumes&nbsp;: Michel Larionov Direction musicale&nbsp;: Roger Desormi\u00e8re Principaux interpr\u00e8tes&nbsp;: Louis Agustino et Nicolas Efimoff (le Coq), Bernardo Agustino et Boris Lissanevitch (le Bouc), Adolphe Hierlinger","og_url":"https:\/\/www.sergelifar.org\/ru\/\u0445\u043e\u0440\u0435\u043e\u0433\u0440\u0430\u0444\u0438\u0438\/autres-ballets\/renard\/","og_site_name":"Serge Lifar","article_modified_time":"2025-06-12T09:11:25+00:00","twitter_card":"summary_large_image","twitter_misc":{"\u041f\u0440\u0438\u043c\u0435\u0440\u043d\u043e\u0435 \u0432\u0440\u0435\u043c\u044f \u0434\u043b\u044f \u0447\u0442\u0435\u043d\u0438\u044f":"2 \u043c\u0438\u043d\u0443\u0442\u044b"},"schema":{"@context":"https:\/\/schema.org","@graph":[{"@type":"WebPage","@id":"https:\/\/www.sergelifar.org\/ru\/%d1%85%d0%be%d1%80%d0%b5%d0%be%d0%b3%d1%80%d0%b0%d1%84%d0%b8%d0%b8\/autres-ballets\/renard\/","url":"https:\/\/www.sergelifar.org\/ru\/%d1%85%d0%be%d1%80%d0%b5%d0%be%d0%b3%d1%80%d0%b0%d1%84%d0%b8%d0%b8\/autres-ballets\/renard\/","name":"Renard - Serge Lifar","isPartOf":{"@id":"https:\/\/dev2023.sergelifar.org\/en\/#website"},"datePublished":"2023-02-07T18:36:08+00:00","dateModified":"2025-06-12T09:11:25+00:00","breadcrumb":{"@id":"https:\/\/www.sergelifar.org\/ru\/%d1%85%d0%be%d1%80%d0%b5%d0%be%d0%b3%d1%80%d0%b0%d1%84%d0%b8%d0%b8\/autres-ballets\/renard\/#breadcrumb"},"inLanguage":"ru-RU","potentialAction":[{"@type":"ReadAction","target":["https:\/\/www.sergelifar.org\/ru\/%d1%85%d0%be%d1%80%d0%b5%d0%be%d0%b3%d1%80%d0%b0%d1%84%d0%b8%d0%b8\/autres-ballets\/renard\/"]}]},{"@type":"BreadcrumbList","@id":"https:\/\/www.sergelifar.org\/ru\/%d1%85%d0%be%d1%80%d0%b5%d0%be%d0%b3%d1%80%d0%b0%d1%84%d0%b8%d0%b8\/autres-ballets\/renard\/#breadcrumb","itemListElement":[{"@type":"ListItem","position":1,"name":"Accueil","item":"https:\/\/www.sergelifar.org\/ru\/"},{"@type":"ListItem","position":2,"name":"\u0425\u043e\u0440\u0435\u043e\u0433\u0440\u0430\u0444\u0438\u0447\u0435\u0441\u043a\u0438\u0435 \u043f\u043e\u0441\u0442\u0430\u043d\u043e\u0432\u043a\u0438","item":"https:\/\/www.sergelifar.org\/ru\/%d1%85%d0%be%d1%80%d0%b5%d0%be%d0%b3%d1%80%d0%b0%d1%84%d0%b8%d0%b8\/"},{"@type":"ListItem","position":3,"name":"Autres ballets","item":"https:\/\/www.sergelifar.org\/ru\/%d1%85%d0%be%d1%80%d0%b5%d0%be%d0%b3%d1%80%d0%b0%d1%84%d0%b8%d0%b8\/autres-ballets\/"},{"@type":"ListItem","position":4,"name":"Renard"}]},{"@type":"WebSite","@id":"https:\/\/dev2023.sergelifar.org\/en\/#website","url":"https:\/\/dev2023.sergelifar.org\/en\/","name":"Serge Lifar","description":"Site officiel de la Fondation Serge Lifar","potentialAction":[{"@type":"SearchAction","target":{"@type":"EntryPoint","urlTemplate":"https:\/\/dev2023.sergelifar.org\/en\/?s={search_term_string}"},"query-input":{"@type":"PropertyValueSpecification","valueRequired":true,"valueName":"search_term_string"}}],"inLanguage":"ru-RU"}]}},"_links":{"self":[{"href":"https:\/\/www.sergelifar.org\/ru\/wp-json\/wp\/v2\/pages\/6745","targetHints":{"allow":["GET"]}}],"collection":[{"href":"https:\/\/www.sergelifar.org\/ru\/wp-json\/wp\/v2\/pages"}],"about":[{"href":"https:\/\/www.sergelifar.org\/ru\/wp-json\/wp\/v2\/types\/page"}],"author":[{"embeddable":true,"href":"https:\/\/www.sergelifar.org\/ru\/wp-json\/wp\/v2\/users\/2"}],"replies":[{"embeddable":true,"href":"https:\/\/www.sergelifar.org\/ru\/wp-json\/wp\/v2\/comments?post=6745"}],"version-history":[{"count":11,"href":"https:\/\/www.sergelifar.org\/ru\/wp-json\/wp\/v2\/pages\/6745\/revisions"}],"predecessor-version":[{"id":8209,"href":"https:\/\/www.sergelifar.org\/ru\/wp-json\/wp\/v2\/pages\/6745\/revisions\/8209"}],"up":[{"embeddable":true,"href":"https:\/\/www.sergelifar.org\/ru\/wp-json\/wp\/v2\/pages\/7159"}],"wp:attachment":[{"href":"https:\/\/www.sergelifar.org\/ru\/wp-json\/wp\/v2\/media?parent=6745"}],"curies":[{"name":"wp","href":"https:\/\/api.w.org\/{rel}","templated":true}]}}