{"id":6737,"date":"2023-02-10T18:18:06","date_gmt":"2023-02-10T18:18:06","guid":{"rendered":"https:\/\/dev2023.sergelifar.org\/%d1%85%d0%be%d1%80%d0%b5%d0%be%d0%b3%d1%80%d0%b0%d1%84%d0%b8%d0%b8\/prelude-dominical\/"},"modified":"2024-03-11T11:53:46","modified_gmt":"2024-03-11T10:53:46","slug":"prelude-dominical","status":"publish","type":"page","link":"https:\/\/www.sergelifar.org\/ru\/%d1%85%d0%be%d1%80%d0%b5%d0%be%d0%b3%d1%80%d0%b0%d1%84%d0%b8%d0%b8\/autres-ballets\/prelude-dominical\/","title":{"rendered":"Pr\u00e9lude dominical"},"content":{"rendered":"<div id=\"pl-6737\"  class=\"panel-layout\" ><div id=\"pg-6737-0\"  class=\"panel-grid panel-no-style\" ><div id=\"pgc-6737-0-0\"  class=\"panel-grid-cell\" ><div id=\"panel-6737-0-0-0\" class=\"so-panel widget widget_sow-editor panel-first-child panel-last-child\" data-index=\"0\" ><div\n\t\t\t\n\t\t\tclass=\"so-widget-sow-editor so-widget-sow-editor-base\"\n\t\t\t\n\t\t>\n<div class=\"siteorigin-widget-tinymce textwidget\">\n\t<p>Divertissement chor\u00e9graphique<\/p>\n<p>Premi\u00e8re : le 16 f\u00e9vrier 1931 \u00e0 l\u2019Op\u00e9ra de Paris<\/p>\n<p>Musique&nbsp;: Guy Ropartz<\/p>\n<p>D\u00e9cors&nbsp;et costumes : Paul Colin<\/p>\n<p>Direction musicale&nbsp;: F. Ruhlmann<\/p>\n<p>Principaux interpr\u00e8tes : C\u00e9r\u00e8s, Odette Barban, R. Domansky (Mars), Nicolas Efimoff, Lucienne Lamballe, Serge Lifar, Suzanne Lorcia (V\u00e9nus), Serge Peretti, Jacqueline Simoni (Mercure)<\/p>\n<p style=\"text-align: center;\">* * * * * * * *<\/p>\n<p>\u00ab&nbsp;La musique est nettement assortie \u00e0 chacune des journ\u00e9es. Il n\u2019y a point, \u00e0 proprement dire, de sc\u00e9nario, mais une indication qui commande le caract\u00e8re des danses&nbsp;: le dimanche, c\u2019est la douceur et l\u2019apaisement&nbsp;; le lundi, c\u2019est la vaporeuse influence de la lune&nbsp;; le mardi est guerrier, comme le veut Mars&nbsp;; le mercredi, les danses sont rapides, car Mercure est chauss\u00e9 de brodequins ail\u00e9s&nbsp;; Jupiter, majestueux, pr\u00e9side aux r\u00e9jouissances du jeudi&nbsp;; V\u00e9nus inspire amoureusement les \u00e9bats du vendredi. Enfin, le samedi ach\u00e8ve la semaine et pressent d\u00e9j\u00e0, en d\u00e9pit de Saturne, le plaisir reposant du lendemain. Le compositeur a su donner \u00e0 cet heptam\u00e9ron symphonique toute la vari\u00e9t\u00e9 de la vie. La r\u00e9duction pour piano donne une id\u00e9e de sa richesse&nbsp;; on devine de quelle gr\u00e2ce l\u2019orchestration la pare.&nbsp;\u00bb<\/p>\n<p>Ren\u00e9 Dumesnil, <em>La Musique - Guy Ropartz<\/em>, in <em>La Femme de France<\/em>, 1<sup>er<\/sup> mars 1931, p. 24<\/p>\n<p style=\"text-align: center;\">* * * * * * * *<\/p>\n<p>\u00ab Le <em>Pr\u00e9lude dominical et les six pi\u00e8ces \u00e0 danser pour chaque jour de la semaine<\/em>, agr\u00e9able suite de petits po\u00e8mes d\u2019almanach compos\u00e9s par M. Guy Ropartz (cantabili de cordes dans les andante, harmonies dissonantes dans les allegro articul\u00e9s avec vigueur), ont \u00e9t\u00e9 pr\u00e9sent\u00e9s sous forme de cinq entr\u00e9es \u00ab&nbsp;mythologiques&nbsp;\u00bb qui s\u2019ach\u00e8vent, le samedi, par une <em>coda<\/em>, parade ou \u00ab&nbsp;sabbat&nbsp;\u00bb, reprenant les th\u00e8mes des autres jours et r\u00e9unissant sur la sc\u00e8ne tout l\u2019Olympe du calendrier. Passons sur le lundi, jour n\u00e9faste \u00e0 en croire les cartomanciennes, pour assister, le mardi, jours de Mars, \u00e0 une pyrrhique tr\u00e9pign\u00e9e avec fr\u00e9n\u00e9sie par Lifar et deux partenaires. Dans cette marche \u2013 martiale \u2013 il y a un c\u00f4t\u00e9 burlesque, voire clownesque&nbsp;: sauts, d\u2019ailleurs brillamment enlev\u00e9s, en grand \u00e9cart, chutes comiques qui, \u00e0 travers le souvenir des derniers \u00ab&nbsp;Ballets Russes&nbsp;\u00bb, rejoignent les jeux du cirque. Mars repara\u00eetra le vendredi pour donner la r\u00e9plique \u00e0 V\u00e9nus, en perruque blonde, portant le chiton des terres cuites de Tanagra. C\u2019est une Aphrodite grave et m\u00eame triste, chez qui les ports de bras antiques alternent avec de brusques d\u00e9hanchements&nbsp;; dans le pas de deux, Mars la bouscule brutalement, la tourmente, et la tripote avant de tra\u00eener la d\u00e9esse, ventre \u00e0 terre, dans la coulisse. Jeudi est jour d\u2019adage&nbsp;; les doubles tours sur la pointe suivis de groupes port\u00e9s font valoir la ligne \u00e9l\u00e9gante de la danseuse qui tourne et s\u2019enl\u00e8ve aux bras de son cavalier. Mais Lifar, qui a fait son apprentissage dans une troupe o\u00f9 la gr\u00e2ce f\u00e9minine \u00e9tait m\u00e9connue et humili\u00e9e, aura besoin d\u2019une longue \u00e9tude avant de parvenir \u00e0 dessiner avec noblesse un lent d\u00e9velopp\u00e9, \u00e9panouissement de la fleur humaine. Le jour le mieux rempli de la semaine fut certainement le mercredi&nbsp;; Mercure \u00e9chappait au style acrobatique, rectiligne et heurt\u00e9 et, traversant le plateau par petites glissades sur la pointe et relev\u00e9s en arabesque, il surmontait la difficult\u00e9 avec une aisance exquise\u2026\u00bb<\/p>\n<p>Andr\u00e9 Levinson, <em>Serge Lifar Destin d\u2019un Danseur<\/em>, Editions Bernard Grasset, 1934<\/p>\n<p>&nbsp;<\/p>\n<p>&nbsp;<\/p>\n<\/div>\n<\/div><\/div><\/div><\/div><\/div>","protected":false},"excerpt":{"rendered":"<p>Divertissement chor\u00e9graphique Premi\u00e8re : le 16 f\u00e9vrier 1931 \u00e0 l\u2019Op\u00e9ra de Paris Musique&nbsp;: Guy Ropartz D\u00e9cors&nbsp;et costumes : Paul Colin Direction musicale&nbsp;: F. Ruhlmann Principaux interpr\u00e8tes : C\u00e9r\u00e8s, Odette Barban, R. Domansky (Mars), Nicolas Efimoff, Lucienne Lamballe, Serge Lifar, Suzanne Lorcia (V\u00e9nus), Serge Peretti, Jacqueline Simoni (Mercure) * * * * * * * * <\/p>\n","protected":false},"author":2,"featured_media":0,"parent":7159,"menu_order":0,"comment_status":"closed","ping_status":"closed","template":"template-sousmenu.php","meta":{"_acf_changed":false,"ngg_post_thumbnail":0,"footnotes":""},"class_list":["post-6737","page","type-page","status-publish","hentry"],"acf":[],"yoast_head":"<!-- This site is optimized with the Yoast SEO plugin v27.5 - https:\/\/yoast.com\/product\/yoast-seo-wordpress\/ -->\n<title>Pr\u00e9lude dominical - Serge Lifar<\/title>\n<meta name=\"robots\" content=\"index, follow, max-snippet:-1, max-image-preview:large, max-video-preview:-1\" \/>\n<link rel=\"canonical\" href=\"https:\/\/www.sergelifar.org\/choregraphies\/autres-ballets\/prelude-dominical\/\" \/>\n<meta property=\"og:locale\" content=\"ru_RU\" \/>\n<meta property=\"og:type\" content=\"article\" \/>\n<meta property=\"og:title\" content=\"Pr\u00e9lude dominical - Serge Lifar\" \/>\n<meta property=\"og:description\" content=\"Divertissement chor\u00e9graphique Premi\u00e8re : le 16 f\u00e9vrier 1931 \u00e0 l\u2019Op\u00e9ra de Paris Musique&nbsp;: Guy Ropartz D\u00e9cors&nbsp;et costumes : Paul Colin Direction musicale&nbsp;: F. Ruhlmann Principaux interpr\u00e8tes : C\u00e9r\u00e8s, Odette Barban, R. Domansky (Mars), Nicolas Efimoff, Lucienne Lamballe, Serge Lifar, Suzanne Lorcia (V\u00e9nus), Serge Peretti, Jacqueline Simoni (Mercure) * * * * * * * *\" \/>\n<meta property=\"og:url\" content=\"https:\/\/www.sergelifar.org\/choregraphies\/autres-ballets\/prelude-dominical\/\" \/>\n<meta property=\"og:site_name\" content=\"Serge Lifar\" \/>\n<meta property=\"article:modified_time\" content=\"2024-03-11T10:53:46+00:00\" \/>\n<meta name=\"twitter:card\" content=\"summary_large_image\" \/>\n<meta name=\"twitter:label1\" content=\"\u041f\u0440\u0438\u043c\u0435\u0440\u043d\u043e\u0435 \u0432\u0440\u0435\u043c\u044f \u0434\u043b\u044f \u0447\u0442\u0435\u043d\u0438\u044f\" \/>\n\t<meta name=\"twitter:data1\" content=\"3 \u043c\u0438\u043d\u0443\u0442\u044b\" \/>\n<script type=\"application\/ld+json\" class=\"yoast-schema-graph\">{\"@context\":\"https:\\\/\\\/schema.org\",\"@graph\":[{\"@type\":\"WebPage\",\"@id\":\"https:\\\/\\\/www.sergelifar.org\\\/choregraphies\\\/autres-ballets\\\/prelude-dominical\\\/\",\"url\":\"https:\\\/\\\/www.sergelifar.org\\\/choregraphies\\\/autres-ballets\\\/prelude-dominical\\\/\",\"name\":\"Pr\u00e9lude dominical - Serge Lifar\",\"isPartOf\":{\"@id\":\"https:\\\/\\\/dev2023.sergelifar.org\\\/en\\\/#website\"},\"datePublished\":\"2023-02-10T18:18:06+00:00\",\"dateModified\":\"2024-03-11T10:53:46+00:00\",\"breadcrumb\":{\"@id\":\"https:\\\/\\\/www.sergelifar.org\\\/choregraphies\\\/autres-ballets\\\/prelude-dominical\\\/#breadcrumb\"},\"inLanguage\":\"ru-RU\",\"potentialAction\":[{\"@type\":\"ReadAction\",\"target\":[\"https:\\\/\\\/www.sergelifar.org\\\/choregraphies\\\/autres-ballets\\\/prelude-dominical\\\/\"]}]},{\"@type\":\"BreadcrumbList\",\"@id\":\"https:\\\/\\\/www.sergelifar.org\\\/choregraphies\\\/autres-ballets\\\/prelude-dominical\\\/#breadcrumb\",\"itemListElement\":[{\"@type\":\"ListItem\",\"position\":1,\"name\":\"Accueil\",\"item\":\"https:\\\/\\\/www.sergelifar.org\\\/ru\\\/\"},{\"@type\":\"ListItem\",\"position\":2,\"name\":\"\u0425\u043e\u0440\u0435\u043e\u0433\u0440\u0430\u0444\u0438\u0447\u0435\u0441\u043a\u0438\u0435 \u043f\u043e\u0441\u0442\u0430\u043d\u043e\u0432\u043a\u0438\",\"item\":\"https:\\\/\\\/www.sergelifar.org\\\/ru\\\/%d1%85%d0%be%d1%80%d0%b5%d0%be%d0%b3%d1%80%d0%b0%d1%84%d0%b8%d0%b8\\\/\"},{\"@type\":\"ListItem\",\"position\":3,\"name\":\"Autres ballets\",\"item\":\"https:\\\/\\\/www.sergelifar.org\\\/ru\\\/%d1%85%d0%be%d1%80%d0%b5%d0%be%d0%b3%d1%80%d0%b0%d1%84%d0%b8%d0%b8\\\/autres-ballets\\\/\"},{\"@type\":\"ListItem\",\"position\":4,\"name\":\"Pr\u00e9lude dominical\"}]},{\"@type\":\"WebSite\",\"@id\":\"https:\\\/\\\/dev2023.sergelifar.org\\\/en\\\/#website\",\"url\":\"https:\\\/\\\/dev2023.sergelifar.org\\\/en\\\/\",\"name\":\"Serge Lifar\",\"description\":\"Site officiel de la Fondation Serge Lifar\",\"potentialAction\":[{\"@type\":\"SearchAction\",\"target\":{\"@type\":\"EntryPoint\",\"urlTemplate\":\"https:\\\/\\\/dev2023.sergelifar.org\\\/en\\\/?s={search_term_string}\"},\"query-input\":{\"@type\":\"PropertyValueSpecification\",\"valueRequired\":true,\"valueName\":\"search_term_string\"}}],\"inLanguage\":\"ru-RU\"}]}<\/script>\n<!-- \/ Yoast SEO plugin. -->","yoast_head_json":{"title":"Pr\u00e9lude dominical - Serge Lifar","robots":{"index":"index","follow":"follow","max-snippet":"max-snippet:-1","max-image-preview":"max-image-preview:large","max-video-preview":"max-video-preview:-1"},"canonical":"https:\/\/www.sergelifar.org\/choregraphies\/autres-ballets\/prelude-dominical\/","og_locale":"ru_RU","og_type":"article","og_title":"Pr\u00e9lude dominical - Serge Lifar","og_description":"Divertissement chor\u00e9graphique Premi\u00e8re : le 16 f\u00e9vrier 1931 \u00e0 l\u2019Op\u00e9ra de Paris Musique&nbsp;: Guy Ropartz D\u00e9cors&nbsp;et costumes : Paul Colin Direction musicale&nbsp;: F. Ruhlmann Principaux interpr\u00e8tes : C\u00e9r\u00e8s, Odette Barban, R. Domansky (Mars), Nicolas Efimoff, Lucienne Lamballe, Serge Lifar, Suzanne Lorcia (V\u00e9nus), Serge Peretti, Jacqueline Simoni (Mercure) * * * * * * * *","og_url":"https:\/\/www.sergelifar.org\/choregraphies\/autres-ballets\/prelude-dominical\/","og_site_name":"Serge Lifar","article_modified_time":"2024-03-11T10:53:46+00:00","twitter_card":"summary_large_image","twitter_misc":{"\u041f\u0440\u0438\u043c\u0435\u0440\u043d\u043e\u0435 \u0432\u0440\u0435\u043c\u044f \u0434\u043b\u044f \u0447\u0442\u0435\u043d\u0438\u044f":"3 \u043c\u0438\u043d\u0443\u0442\u044b"},"schema":{"@context":"https:\/\/schema.org","@graph":[{"@type":"WebPage","@id":"https:\/\/www.sergelifar.org\/choregraphies\/autres-ballets\/prelude-dominical\/","url":"https:\/\/www.sergelifar.org\/choregraphies\/autres-ballets\/prelude-dominical\/","name":"Pr\u00e9lude dominical - Serge Lifar","isPartOf":{"@id":"https:\/\/dev2023.sergelifar.org\/en\/#website"},"datePublished":"2023-02-10T18:18:06+00:00","dateModified":"2024-03-11T10:53:46+00:00","breadcrumb":{"@id":"https:\/\/www.sergelifar.org\/choregraphies\/autres-ballets\/prelude-dominical\/#breadcrumb"},"inLanguage":"ru-RU","potentialAction":[{"@type":"ReadAction","target":["https:\/\/www.sergelifar.org\/choregraphies\/autres-ballets\/prelude-dominical\/"]}]},{"@type":"BreadcrumbList","@id":"https:\/\/www.sergelifar.org\/choregraphies\/autres-ballets\/prelude-dominical\/#breadcrumb","itemListElement":[{"@type":"ListItem","position":1,"name":"Accueil","item":"https:\/\/www.sergelifar.org\/ru\/"},{"@type":"ListItem","position":2,"name":"\u0425\u043e\u0440\u0435\u043e\u0433\u0440\u0430\u0444\u0438\u0447\u0435\u0441\u043a\u0438\u0435 \u043f\u043e\u0441\u0442\u0430\u043d\u043e\u0432\u043a\u0438","item":"https:\/\/www.sergelifar.org\/ru\/%d1%85%d0%be%d1%80%d0%b5%d0%be%d0%b3%d1%80%d0%b0%d1%84%d0%b8%d0%b8\/"},{"@type":"ListItem","position":3,"name":"Autres ballets","item":"https:\/\/www.sergelifar.org\/ru\/%d1%85%d0%be%d1%80%d0%b5%d0%be%d0%b3%d1%80%d0%b0%d1%84%d0%b8%d0%b8\/autres-ballets\/"},{"@type":"ListItem","position":4,"name":"Pr\u00e9lude dominical"}]},{"@type":"WebSite","@id":"https:\/\/dev2023.sergelifar.org\/en\/#website","url":"https:\/\/dev2023.sergelifar.org\/en\/","name":"Serge Lifar","description":"Site officiel de la Fondation Serge Lifar","potentialAction":[{"@type":"SearchAction","target":{"@type":"EntryPoint","urlTemplate":"https:\/\/dev2023.sergelifar.org\/en\/?s={search_term_string}"},"query-input":{"@type":"PropertyValueSpecification","valueRequired":true,"valueName":"search_term_string"}}],"inLanguage":"ru-RU"}]}},"_links":{"self":[{"href":"https:\/\/www.sergelifar.org\/ru\/wp-json\/wp\/v2\/pages\/6737","targetHints":{"allow":["GET"]}}],"collection":[{"href":"https:\/\/www.sergelifar.org\/ru\/wp-json\/wp\/v2\/pages"}],"about":[{"href":"https:\/\/www.sergelifar.org\/ru\/wp-json\/wp\/v2\/types\/page"}],"author":[{"embeddable":true,"href":"https:\/\/www.sergelifar.org\/ru\/wp-json\/wp\/v2\/users\/2"}],"replies":[{"embeddable":true,"href":"https:\/\/www.sergelifar.org\/ru\/wp-json\/wp\/v2\/comments?post=6737"}],"version-history":[{"count":3,"href":"https:\/\/www.sergelifar.org\/ru\/wp-json\/wp\/v2\/pages\/6737\/revisions"}],"predecessor-version":[{"id":7145,"href":"https:\/\/www.sergelifar.org\/ru\/wp-json\/wp\/v2\/pages\/6737\/revisions\/7145"}],"up":[{"embeddable":true,"href":"https:\/\/www.sergelifar.org\/ru\/wp-json\/wp\/v2\/pages\/7159"}],"wp:attachment":[{"href":"https:\/\/www.sergelifar.org\/ru\/wp-json\/wp\/v2\/media?parent=6737"}],"curies":[{"name":"wp","href":"https:\/\/api.w.org\/{rel}","templated":true}]}}