{"id":6733,"date":"2023-02-10T18:21:42","date_gmt":"2023-02-10T18:21:42","guid":{"rendered":"https:\/\/dev2023.sergelifar.org\/%d1%85%d0%be%d1%80%d0%b5%d0%be%d0%b3%d1%80%d0%b0%d1%84%d0%b8%d0%b8\/sur-le-borysthene\/"},"modified":"2024-03-11T11:53:42","modified_gmt":"2024-03-11T10:53:42","slug":"sur-le-borysthene","status":"publish","type":"page","link":"https:\/\/www.sergelifar.org\/ru\/%d1%85%d0%be%d1%80%d0%b5%d0%be%d0%b3%d1%80%d0%b0%d1%84%d0%b8%d0%b8\/autres-ballets\/sur-le-borysthene\/","title":{"rendered":"Sur le Borysth\u00e8ne"},"content":{"rendered":"<div id=\"pl-6733\"  class=\"panel-layout\" ><div id=\"pg-6733-0\"  class=\"panel-grid panel-no-style\" ><div id=\"pgc-6733-0-0\"  class=\"panel-grid-cell\" ><div id=\"panel-6733-0-0-0\" class=\"so-panel widget widget_sow-editor panel-first-child panel-last-child\" data-index=\"0\" ><div\n\t\t\t\n\t\t\tclass=\"so-widget-sow-editor so-widget-sow-editor-base\"\n\t\t\t\n\t\t>\n<div class=\"siteorigin-widget-tinymce textwidget\">\n\t<p>Po\u00e8me chor\u00e9graphique en 1 acte et 2 tableaux<\/p>\n<p>Premi\u00e8re : le 16 d\u00e9cembre 1932 \u00e0 l\u2019Op\u00e9ra de Paris<\/p>\n<p>Musique&nbsp;: Serge Prokofiev<\/p>\n<p>Argument&nbsp;(ou livret) : Serge Lifar et Serge Prokofiev<\/p>\n<p>D\u00e9cors&nbsp;: Michel Larionov<\/p>\n<p>Costumes&nbsp;: Natalia Gontcharova<\/p>\n<p>Direction musicale&nbsp;: Philippe Gaubert<\/p>\n<p>Principaux interpr\u00e8tes : Camille Bos (Natacha), Nicolas Efimoff (le Fianc\u00e9 d\u2019Olga),&nbsp; F\u00e9rouelle (le P\u00e8re d\u2019Olga), Lucienne Lamballe (l\u2019Etoile filante), Serge Lifar (Serge), Suzanne Lorcia (Olga)<\/p>\n<p style=\"text-align: center;\">* * * * * * * *<\/p>\n<p>\u00ab Le nouveau ballet de M. Serge Lifar, repr\u00e9sent\u00e9 \u00e0 l\u2019Op\u00e9ra, a pour canevas une idylle rustique dans ce midi de la Russie dont Gogol fut l\u2019\u00e9vocateur prestigieux ; on y voit d\u00e9filer les motifs consacr\u00e9s des ballades et complaintes populaires : le retour au village du jeune paysan qui a couru le monde, les lamentations de la d\u00e9laiss\u00e9e, le mariage forc\u00e9 avec son c\u00e9r\u00e9monial l\u2019orgie, la rixe et l\u2019enl\u00e8vement au clair de lune, autant de motifs simples, touchants et humains que l\u2019on pourrait retrouver aussi bien sur les rivages de la Seine ou du Tibre que <em>Sur le Borysth\u00e8ne<\/em>. \u00bb<\/p>\n<p><em>A l'Op\u00e9ra,<\/em> \"Sur le Borysth\u00e8ne\" par Andr\u00e9 Levinson, in Com\u0153dia, 18 d\u00e9cembre 1932, p. 1<\/p>\nngg_shortcode_0_placeholder\n<\/div>\n<\/div><\/div><\/div><\/div><\/div>","protected":false},"excerpt":{"rendered":"<p>Po\u00e8me chor\u00e9graphique en 1 acte et 2 tableaux Premi\u00e8re : le 16 d\u00e9cembre 1932 \u00e0 l\u2019Op\u00e9ra de Paris Musique&nbsp;: Serge Prokofiev Argument&nbsp;(ou livret) : Serge Lifar et Serge Prokofiev D\u00e9cors&nbsp;: Michel Larionov Costumes&nbsp;: Natalia Gontcharova Direction musicale&nbsp;: Philippe Gaubert Principaux interpr\u00e8tes : Camille Bos (Natacha), Nicolas Efimoff (le Fianc\u00e9 d\u2019Olga),&nbsp; F\u00e9rouelle (le P\u00e8re d\u2019Olga), Lucienne <\/p>\n","protected":false},"author":2,"featured_media":0,"parent":7159,"menu_order":0,"comment_status":"closed","ping_status":"closed","template":"template-sousmenu.php","meta":{"_acf_changed":false,"ngg_post_thumbnail":0,"footnotes":""},"class_list":["post-6733","page","type-page","status-publish","hentry"],"acf":[],"yoast_head":"<!-- This site is optimized with the Yoast SEO plugin v27.5 - https:\/\/yoast.com\/product\/yoast-seo-wordpress\/ -->\n<title>Sur le Borysth\u00e8ne - Serge Lifar<\/title>\n<meta name=\"robots\" content=\"index, follow, max-snippet:-1, max-image-preview:large, max-video-preview:-1\" \/>\n<link rel=\"canonical\" href=\"https:\/\/www.sergelifar.org\/choregraphies\/autres-ballets\/sur-le-borysthene\/\" \/>\n<meta property=\"og:locale\" content=\"ru_RU\" \/>\n<meta property=\"og:type\" content=\"article\" \/>\n<meta property=\"og:title\" content=\"Sur le Borysth\u00e8ne - Serge Lifar\" \/>\n<meta property=\"og:description\" content=\"Po\u00e8me chor\u00e9graphique en 1 acte et 2 tableaux Premi\u00e8re : le 16 d\u00e9cembre 1932 \u00e0 l\u2019Op\u00e9ra de Paris Musique&nbsp;: Serge Prokofiev Argument&nbsp;(ou livret) : Serge Lifar et Serge Prokofiev D\u00e9cors&nbsp;: Michel Larionov Costumes&nbsp;: Natalia Gontcharova Direction musicale&nbsp;: Philippe Gaubert Principaux interpr\u00e8tes : Camille Bos (Natacha), Nicolas Efimoff (le Fianc\u00e9 d\u2019Olga),&nbsp; F\u00e9rouelle (le P\u00e8re d\u2019Olga), Lucienne\" \/>\n<meta property=\"og:url\" content=\"https:\/\/www.sergelifar.org\/choregraphies\/autres-ballets\/sur-le-borysthene\/\" \/>\n<meta property=\"og:site_name\" content=\"Serge Lifar\" \/>\n<meta property=\"article:modified_time\" content=\"2024-03-11T10:53:42+00:00\" \/>\n<meta name=\"twitter:card\" content=\"summary_large_image\" \/>\n<meta name=\"twitter:label1\" content=\"\u041f\u0440\u0438\u043c\u0435\u0440\u043d\u043e\u0435 \u0432\u0440\u0435\u043c\u044f \u0434\u043b\u044f \u0447\u0442\u0435\u043d\u0438\u044f\" \/>\n\t<meta name=\"twitter:data1\" content=\"1 \u043c\u0438\u043d\u0443\u0442\u0430\" \/>\n<script type=\"application\/ld+json\" class=\"yoast-schema-graph\">{\"@context\":\"https:\\\/\\\/schema.org\",\"@graph\":[{\"@type\":\"WebPage\",\"@id\":\"https:\\\/\\\/www.sergelifar.org\\\/choregraphies\\\/autres-ballets\\\/sur-le-borysthene\\\/\",\"url\":\"https:\\\/\\\/www.sergelifar.org\\\/choregraphies\\\/autres-ballets\\\/sur-le-borysthene\\\/\",\"name\":\"Sur le Borysth\u00e8ne - Serge Lifar\",\"isPartOf\":{\"@id\":\"https:\\\/\\\/dev2023.sergelifar.org\\\/en\\\/#website\"},\"datePublished\":\"2023-02-10T18:21:42+00:00\",\"dateModified\":\"2024-03-11T10:53:42+00:00\",\"breadcrumb\":{\"@id\":\"https:\\\/\\\/www.sergelifar.org\\\/choregraphies\\\/autres-ballets\\\/sur-le-borysthene\\\/#breadcrumb\"},\"inLanguage\":\"ru-RU\",\"potentialAction\":[{\"@type\":\"ReadAction\",\"target\":[\"https:\\\/\\\/www.sergelifar.org\\\/choregraphies\\\/autres-ballets\\\/sur-le-borysthene\\\/\"]}]},{\"@type\":\"BreadcrumbList\",\"@id\":\"https:\\\/\\\/www.sergelifar.org\\\/choregraphies\\\/autres-ballets\\\/sur-le-borysthene\\\/#breadcrumb\",\"itemListElement\":[{\"@type\":\"ListItem\",\"position\":1,\"name\":\"Accueil\",\"item\":\"https:\\\/\\\/www.sergelifar.org\\\/ru\\\/\"},{\"@type\":\"ListItem\",\"position\":2,\"name\":\"\u0425\u043e\u0440\u0435\u043e\u0433\u0440\u0430\u0444\u0438\u0447\u0435\u0441\u043a\u0438\u0435 \u043f\u043e\u0441\u0442\u0430\u043d\u043e\u0432\u043a\u0438\",\"item\":\"https:\\\/\\\/www.sergelifar.org\\\/ru\\\/%d1%85%d0%be%d1%80%d0%b5%d0%be%d0%b3%d1%80%d0%b0%d1%84%d0%b8%d0%b8\\\/\"},{\"@type\":\"ListItem\",\"position\":3,\"name\":\"Autres ballets\",\"item\":\"https:\\\/\\\/www.sergelifar.org\\\/ru\\\/%d1%85%d0%be%d1%80%d0%b5%d0%be%d0%b3%d1%80%d0%b0%d1%84%d0%b8%d0%b8\\\/autres-ballets\\\/\"},{\"@type\":\"ListItem\",\"position\":4,\"name\":\"Sur le Borysth\u00e8ne\"}]},{\"@type\":\"WebSite\",\"@id\":\"https:\\\/\\\/dev2023.sergelifar.org\\\/en\\\/#website\",\"url\":\"https:\\\/\\\/dev2023.sergelifar.org\\\/en\\\/\",\"name\":\"Serge Lifar\",\"description\":\"Site officiel de la Fondation Serge Lifar\",\"potentialAction\":[{\"@type\":\"SearchAction\",\"target\":{\"@type\":\"EntryPoint\",\"urlTemplate\":\"https:\\\/\\\/dev2023.sergelifar.org\\\/en\\\/?s={search_term_string}\"},\"query-input\":{\"@type\":\"PropertyValueSpecification\",\"valueRequired\":true,\"valueName\":\"search_term_string\"}}],\"inLanguage\":\"ru-RU\"}]}<\/script>\n<!-- \/ Yoast SEO plugin. -->","yoast_head_json":{"title":"Sur le Borysth\u00e8ne - Serge Lifar","robots":{"index":"index","follow":"follow","max-snippet":"max-snippet:-1","max-image-preview":"max-image-preview:large","max-video-preview":"max-video-preview:-1"},"canonical":"https:\/\/www.sergelifar.org\/choregraphies\/autres-ballets\/sur-le-borysthene\/","og_locale":"ru_RU","og_type":"article","og_title":"Sur le Borysth\u00e8ne - Serge Lifar","og_description":"Po\u00e8me chor\u00e9graphique en 1 acte et 2 tableaux Premi\u00e8re : le 16 d\u00e9cembre 1932 \u00e0 l\u2019Op\u00e9ra de Paris Musique&nbsp;: Serge Prokofiev Argument&nbsp;(ou livret) : Serge Lifar et Serge Prokofiev D\u00e9cors&nbsp;: Michel Larionov Costumes&nbsp;: Natalia Gontcharova Direction musicale&nbsp;: Philippe Gaubert Principaux interpr\u00e8tes : Camille Bos (Natacha), Nicolas Efimoff (le Fianc\u00e9 d\u2019Olga),&nbsp; F\u00e9rouelle (le P\u00e8re d\u2019Olga), Lucienne","og_url":"https:\/\/www.sergelifar.org\/choregraphies\/autres-ballets\/sur-le-borysthene\/","og_site_name":"Serge Lifar","article_modified_time":"2024-03-11T10:53:42+00:00","twitter_card":"summary_large_image","twitter_misc":{"\u041f\u0440\u0438\u043c\u0435\u0440\u043d\u043e\u0435 \u0432\u0440\u0435\u043c\u044f \u0434\u043b\u044f \u0447\u0442\u0435\u043d\u0438\u044f":"1 \u043c\u0438\u043d\u0443\u0442\u0430"},"schema":{"@context":"https:\/\/schema.org","@graph":[{"@type":"WebPage","@id":"https:\/\/www.sergelifar.org\/choregraphies\/autres-ballets\/sur-le-borysthene\/","url":"https:\/\/www.sergelifar.org\/choregraphies\/autres-ballets\/sur-le-borysthene\/","name":"Sur le Borysth\u00e8ne - Serge Lifar","isPartOf":{"@id":"https:\/\/dev2023.sergelifar.org\/en\/#website"},"datePublished":"2023-02-10T18:21:42+00:00","dateModified":"2024-03-11T10:53:42+00:00","breadcrumb":{"@id":"https:\/\/www.sergelifar.org\/choregraphies\/autres-ballets\/sur-le-borysthene\/#breadcrumb"},"inLanguage":"ru-RU","potentialAction":[{"@type":"ReadAction","target":["https:\/\/www.sergelifar.org\/choregraphies\/autres-ballets\/sur-le-borysthene\/"]}]},{"@type":"BreadcrumbList","@id":"https:\/\/www.sergelifar.org\/choregraphies\/autres-ballets\/sur-le-borysthene\/#breadcrumb","itemListElement":[{"@type":"ListItem","position":1,"name":"Accueil","item":"https:\/\/www.sergelifar.org\/ru\/"},{"@type":"ListItem","position":2,"name":"\u0425\u043e\u0440\u0435\u043e\u0433\u0440\u0430\u0444\u0438\u0447\u0435\u0441\u043a\u0438\u0435 \u043f\u043e\u0441\u0442\u0430\u043d\u043e\u0432\u043a\u0438","item":"https:\/\/www.sergelifar.org\/ru\/%d1%85%d0%be%d1%80%d0%b5%d0%be%d0%b3%d1%80%d0%b0%d1%84%d0%b8%d0%b8\/"},{"@type":"ListItem","position":3,"name":"Autres ballets","item":"https:\/\/www.sergelifar.org\/ru\/%d1%85%d0%be%d1%80%d0%b5%d0%be%d0%b3%d1%80%d0%b0%d1%84%d0%b8%d0%b8\/autres-ballets\/"},{"@type":"ListItem","position":4,"name":"Sur le Borysth\u00e8ne"}]},{"@type":"WebSite","@id":"https:\/\/dev2023.sergelifar.org\/en\/#website","url":"https:\/\/dev2023.sergelifar.org\/en\/","name":"Serge Lifar","description":"Site officiel de la Fondation Serge Lifar","potentialAction":[{"@type":"SearchAction","target":{"@type":"EntryPoint","urlTemplate":"https:\/\/dev2023.sergelifar.org\/en\/?s={search_term_string}"},"query-input":{"@type":"PropertyValueSpecification","valueRequired":true,"valueName":"search_term_string"}}],"inLanguage":"ru-RU"}]}},"_links":{"self":[{"href":"https:\/\/www.sergelifar.org\/ru\/wp-json\/wp\/v2\/pages\/6733","targetHints":{"allow":["GET"]}}],"collection":[{"href":"https:\/\/www.sergelifar.org\/ru\/wp-json\/wp\/v2\/pages"}],"about":[{"href":"https:\/\/www.sergelifar.org\/ru\/wp-json\/wp\/v2\/types\/page"}],"author":[{"embeddable":true,"href":"https:\/\/www.sergelifar.org\/ru\/wp-json\/wp\/v2\/users\/2"}],"replies":[{"embeddable":true,"href":"https:\/\/www.sergelifar.org\/ru\/wp-json\/wp\/v2\/comments?post=6733"}],"version-history":[{"count":3,"href":"https:\/\/www.sergelifar.org\/ru\/wp-json\/wp\/v2\/pages\/6733\/revisions"}],"predecessor-version":[{"id":7141,"href":"https:\/\/www.sergelifar.org\/ru\/wp-json\/wp\/v2\/pages\/6733\/revisions\/7141"}],"up":[{"embeddable":true,"href":"https:\/\/www.sergelifar.org\/ru\/wp-json\/wp\/v2\/pages\/7159"}],"wp:attachment":[{"href":"https:\/\/www.sergelifar.org\/ru\/wp-json\/wp\/v2\/media?parent=6733"}],"curies":[{"name":"wp","href":"https:\/\/api.w.org\/{rel}","templated":true}]}}