{"id":6731,"date":"2023-02-10T18:24:12","date_gmt":"2023-02-10T18:24:12","guid":{"rendered":"https:\/\/dev2023.sergelifar.org\/%d1%85%d0%be%d1%80%d0%b5%d0%be%d0%b3%d1%80%d0%b0%d1%84%d0%b8%d0%b8\/jeunesse\/"},"modified":"2024-03-11T11:53:40","modified_gmt":"2024-03-11T10:53:40","slug":"jeunesse","status":"publish","type":"page","link":"https:\/\/www.sergelifar.org\/ru\/%d1%85%d0%be%d1%80%d0%b5%d0%be%d0%b3%d1%80%d0%b0%d1%84%d0%b8%d0%b8\/autres-ballets\/jeunesse\/","title":{"rendered":"Jeunesse"},"content":{"rendered":"<div id=\"pl-6731\"  class=\"panel-layout\" ><div id=\"pg-6731-0\"  class=\"panel-grid panel-no-style\" ><div id=\"pgc-6731-0-0\"  class=\"panel-grid-cell\" ><div id=\"panel-6731-0-0-0\" class=\"so-panel widget widget_sow-editor panel-first-child panel-last-child\" data-index=\"0\" ><div\n\t\t\t\n\t\t\tclass=\"so-widget-sow-editor so-widget-sow-editor-base\"\n\t\t\t\n\t\t>\n<div class=\"siteorigin-widget-tinymce textwidget\">\n\t<p>Ballet en 2 tableaux<\/p>\n<p>Premi\u00e8re : le 27 avril 1933 \u00e0 l\u2019Op\u00e9ra de Paris<\/p>\n<p>Musique&nbsp;: Pierre-Octave Ferroud<\/p>\n<p>Sc\u00e9nario&nbsp;: Andr\u00e9 C\u0153uroy et Serge Lifar<\/p>\n<p>D\u00e9cors&nbsp;et costumes&nbsp;: Jean Godebsky<\/p>\n<p>Direction musicale&nbsp;: Joseph-Eug\u00e8ne Szyfer<\/p>\n<p>Principaux interpr\u00e8tes : Marie-Louise Didion (l\u2019Ing\u00e9nue), Serge Lifar (le Baigneur), Suzanne Lorcia (l\u2019Etrang\u00e8re), Serge Peretti (le Yachtman)<\/p>\n<p style=\"text-align: center;\">* * * * * * * *<\/p>\n<p>[...] \u00ab Une toile, vite lev\u00e9e, repr\u00e9sente la plage. Lorsqu\u2019elle a disparu, nous sommes sur une sorte de terrasse couverte, toute de marbre blanc, devant la mer. Deux canap\u00e9s-balan\u00e7oires la meublent, mais le pourtour est fait de marches sur lesquelles on peut s\u2019asseoir. De jeunes baigneurs, de sveltes baigneuses brunies par le soleil, y viennent courir, sauter, danser. Puis c\u2019est un groupe de matelots, ce sont des bouqueti\u00e8res, le tour bient\u00f4t des dames en toilette qui viennent voir et qu\u2019entra\u00eene le mouvement g\u00e9n\u00e9ral. Deux groupes cependant se forment. L\u2019un des baigneurs guette une noble dame, qui majestueusement s\u2019avance et \u00e0 laquelle il fait la cour, tandis qu\u2019une baigneuse brunie se d\u00e9pite et r\u00e9clame, et qu\u2019un autre baigneur s\u2019empresse. Toutes deux, les jeunes femmes, portent un loup. C\u2019est l\u2019instant des pas et des \u00e9lans chor\u00e9graphiques les plus \u00e9l\u00e9gants, les plus m\u00e9ritoires. Disons tout de suite qu\u2019ils sont, en effet, de la danse, \u00e0 ce moment, de la vraie danse. \u00bb [...]<\/p>\n<p><em>La semaine musicale<\/em>, Henri de Curzon in <em>Le M\u00e9nestrel<\/em>, 5 mai 1933, p. 183<\/p>\n<p style=\"text-align: center;\">* * * * * * * *<\/p>\n<p>\u00ab<em> Jeunesse<\/em> m\u2019a donn\u00e9 beaucoup de mal en raison des irr\u00e9gularit\u00e9s rythmiques de la partition. Le sujet de ce ballet-divertissement fut remani\u00e9 \u00e0 deux reprises. D\u2019abord, il y \u00e9tait question d\u2019un kleptomane qui s\u2019introduisait dans une grande maison de modes ; ensuite, on d\u00e9cida que l\u2019action se d\u00e9roulerait sur une plage de la Riviera. A premi\u00e8re vue, les fox-trot, le jazz, l\u2019esprit music-hall de ce ballet pouvaient sembler modernes ; en fait, ils n\u2019apportaient rien de nouveau \u00e0 la danse, dont le meilleur moment \u00e9tait une variation de la danseuse, toute en syncopes. \u00bb<\/p>\n<p>Serge Lifar, <em>Le livre de la danse<\/em>, Les Editions du Journal Musical Fran\u00e7ais, Paris, 1954 (p. 158)<\/p>\nngg_shortcode_0_placeholder\n<\/div>\n<\/div><\/div><\/div><\/div><\/div>","protected":false},"excerpt":{"rendered":"<p>Ballet en 2 tableaux Premi\u00e8re : le 27 avril 1933 \u00e0 l\u2019Op\u00e9ra de Paris Musique&nbsp;: Pierre-Octave Ferroud Sc\u00e9nario&nbsp;: Andr\u00e9 C\u0153uroy et Serge Lifar D\u00e9cors&nbsp;et costumes&nbsp;: Jean Godebsky Direction musicale&nbsp;: Joseph-Eug\u00e8ne Szyfer Principaux interpr\u00e8tes : Marie-Louise Didion (l\u2019Ing\u00e9nue), Serge Lifar (le Baigneur), Suzanne Lorcia (l\u2019Etrang\u00e8re), Serge Peretti (le Yachtman) * * * * * * * <\/p>\n","protected":false},"author":2,"featured_media":0,"parent":7159,"menu_order":0,"comment_status":"closed","ping_status":"closed","template":"template-sousmenu.php","meta":{"_acf_changed":false,"ngg_post_thumbnail":0,"footnotes":""},"class_list":["post-6731","page","type-page","status-publish","hentry"],"acf":[],"yoast_head":"<!-- This site is optimized with the Yoast SEO plugin v27.3 - https:\/\/yoast.com\/product\/yoast-seo-wordpress\/ -->\n<title>Jeunesse - Serge Lifar<\/title>\n<meta name=\"robots\" content=\"index, follow, max-snippet:-1, max-image-preview:large, max-video-preview:-1\" \/>\n<link rel=\"canonical\" href=\"https:\/\/www.sergelifar.org\/choregraphies\/autres-ballets\/jeunesse\/\" \/>\n<meta property=\"og:locale\" content=\"ru_RU\" \/>\n<meta property=\"og:type\" content=\"article\" \/>\n<meta property=\"og:title\" content=\"Jeunesse - Serge Lifar\" \/>\n<meta property=\"og:description\" content=\"Ballet en 2 tableaux Premi\u00e8re : le 27 avril 1933 \u00e0 l\u2019Op\u00e9ra de Paris Musique&nbsp;: Pierre-Octave Ferroud Sc\u00e9nario&nbsp;: Andr\u00e9 C\u0153uroy et Serge Lifar D\u00e9cors&nbsp;et costumes&nbsp;: Jean Godebsky Direction musicale&nbsp;: Joseph-Eug\u00e8ne Szyfer Principaux interpr\u00e8tes : Marie-Louise Didion (l\u2019Ing\u00e9nue), Serge Lifar (le Baigneur), Suzanne Lorcia (l\u2019Etrang\u00e8re), Serge Peretti (le Yachtman) * * * * * * *\" \/>\n<meta property=\"og:url\" content=\"https:\/\/www.sergelifar.org\/choregraphies\/autres-ballets\/jeunesse\/\" \/>\n<meta property=\"og:site_name\" content=\"Serge Lifar\" \/>\n<meta property=\"article:modified_time\" content=\"2024-03-11T10:53:40+00:00\" \/>\n<meta name=\"twitter:card\" content=\"summary_large_image\" \/>\n<meta name=\"twitter:label1\" content=\"\u041f\u0440\u0438\u043c\u0435\u0440\u043d\u043e\u0435 \u0432\u0440\u0435\u043c\u044f \u0434\u043b\u044f \u0447\u0442\u0435\u043d\u0438\u044f\" \/>\n\t<meta name=\"twitter:data1\" content=\"2 \u043c\u0438\u043d\u0443\u0442\u044b\" \/>\n<script type=\"application\/ld+json\" class=\"yoast-schema-graph\">{\"@context\":\"https:\\\/\\\/schema.org\",\"@graph\":[{\"@type\":\"WebPage\",\"@id\":\"https:\\\/\\\/www.sergelifar.org\\\/choregraphies\\\/autres-ballets\\\/jeunesse\\\/\",\"url\":\"https:\\\/\\\/www.sergelifar.org\\\/choregraphies\\\/autres-ballets\\\/jeunesse\\\/\",\"name\":\"Jeunesse - Serge Lifar\",\"isPartOf\":{\"@id\":\"https:\\\/\\\/dev2023.sergelifar.org\\\/en\\\/#website\"},\"datePublished\":\"2023-02-10T18:24:12+00:00\",\"dateModified\":\"2024-03-11T10:53:40+00:00\",\"breadcrumb\":{\"@id\":\"https:\\\/\\\/www.sergelifar.org\\\/choregraphies\\\/autres-ballets\\\/jeunesse\\\/#breadcrumb\"},\"inLanguage\":\"ru-RU\",\"potentialAction\":[{\"@type\":\"ReadAction\",\"target\":[\"https:\\\/\\\/www.sergelifar.org\\\/choregraphies\\\/autres-ballets\\\/jeunesse\\\/\"]}]},{\"@type\":\"BreadcrumbList\",\"@id\":\"https:\\\/\\\/www.sergelifar.org\\\/choregraphies\\\/autres-ballets\\\/jeunesse\\\/#breadcrumb\",\"itemListElement\":[{\"@type\":\"ListItem\",\"position\":1,\"name\":\"Accueil\",\"item\":\"https:\\\/\\\/www.sergelifar.org\\\/ru\\\/\"},{\"@type\":\"ListItem\",\"position\":2,\"name\":\"\u0425\u043e\u0440\u0435\u043e\u0433\u0440\u0430\u0444\u0438\u0447\u0435\u0441\u043a\u0438\u0435 \u043f\u043e\u0441\u0442\u0430\u043d\u043e\u0432\u043a\u0438\",\"item\":\"https:\\\/\\\/www.sergelifar.org\\\/ru\\\/%d1%85%d0%be%d1%80%d0%b5%d0%be%d0%b3%d1%80%d0%b0%d1%84%d0%b8%d0%b8\\\/\"},{\"@type\":\"ListItem\",\"position\":3,\"name\":\"Autres ballets\",\"item\":\"https:\\\/\\\/www.sergelifar.org\\\/ru\\\/%d1%85%d0%be%d1%80%d0%b5%d0%be%d0%b3%d1%80%d0%b0%d1%84%d0%b8%d0%b8\\\/autres-ballets\\\/\"},{\"@type\":\"ListItem\",\"position\":4,\"name\":\"Jeunesse\"}]},{\"@type\":\"WebSite\",\"@id\":\"https:\\\/\\\/dev2023.sergelifar.org\\\/en\\\/#website\",\"url\":\"https:\\\/\\\/dev2023.sergelifar.org\\\/en\\\/\",\"name\":\"Serge Lifar\",\"description\":\"Site officiel de la Fondation Serge Lifar\",\"potentialAction\":[{\"@type\":\"SearchAction\",\"target\":{\"@type\":\"EntryPoint\",\"urlTemplate\":\"https:\\\/\\\/dev2023.sergelifar.org\\\/en\\\/?s={search_term_string}\"},\"query-input\":{\"@type\":\"PropertyValueSpecification\",\"valueRequired\":true,\"valueName\":\"search_term_string\"}}],\"inLanguage\":\"ru-RU\"}]}<\/script>\n<!-- \/ Yoast SEO plugin. -->","yoast_head_json":{"title":"Jeunesse - Serge Lifar","robots":{"index":"index","follow":"follow","max-snippet":"max-snippet:-1","max-image-preview":"max-image-preview:large","max-video-preview":"max-video-preview:-1"},"canonical":"https:\/\/www.sergelifar.org\/choregraphies\/autres-ballets\/jeunesse\/","og_locale":"ru_RU","og_type":"article","og_title":"Jeunesse - Serge Lifar","og_description":"Ballet en 2 tableaux Premi\u00e8re : le 27 avril 1933 \u00e0 l\u2019Op\u00e9ra de Paris Musique&nbsp;: Pierre-Octave Ferroud Sc\u00e9nario&nbsp;: Andr\u00e9 C\u0153uroy et Serge Lifar D\u00e9cors&nbsp;et costumes&nbsp;: Jean Godebsky Direction musicale&nbsp;: Joseph-Eug\u00e8ne Szyfer Principaux interpr\u00e8tes : Marie-Louise Didion (l\u2019Ing\u00e9nue), Serge Lifar (le Baigneur), Suzanne Lorcia (l\u2019Etrang\u00e8re), Serge Peretti (le Yachtman) * * * * * * *","og_url":"https:\/\/www.sergelifar.org\/choregraphies\/autres-ballets\/jeunesse\/","og_site_name":"Serge Lifar","article_modified_time":"2024-03-11T10:53:40+00:00","twitter_card":"summary_large_image","twitter_misc":{"\u041f\u0440\u0438\u043c\u0435\u0440\u043d\u043e\u0435 \u0432\u0440\u0435\u043c\u044f \u0434\u043b\u044f \u0447\u0442\u0435\u043d\u0438\u044f":"2 \u043c\u0438\u043d\u0443\u0442\u044b"},"schema":{"@context":"https:\/\/schema.org","@graph":[{"@type":"WebPage","@id":"https:\/\/www.sergelifar.org\/choregraphies\/autres-ballets\/jeunesse\/","url":"https:\/\/www.sergelifar.org\/choregraphies\/autres-ballets\/jeunesse\/","name":"Jeunesse - Serge Lifar","isPartOf":{"@id":"https:\/\/dev2023.sergelifar.org\/en\/#website"},"datePublished":"2023-02-10T18:24:12+00:00","dateModified":"2024-03-11T10:53:40+00:00","breadcrumb":{"@id":"https:\/\/www.sergelifar.org\/choregraphies\/autres-ballets\/jeunesse\/#breadcrumb"},"inLanguage":"ru-RU","potentialAction":[{"@type":"ReadAction","target":["https:\/\/www.sergelifar.org\/choregraphies\/autres-ballets\/jeunesse\/"]}]},{"@type":"BreadcrumbList","@id":"https:\/\/www.sergelifar.org\/choregraphies\/autres-ballets\/jeunesse\/#breadcrumb","itemListElement":[{"@type":"ListItem","position":1,"name":"Accueil","item":"https:\/\/www.sergelifar.org\/ru\/"},{"@type":"ListItem","position":2,"name":"\u0425\u043e\u0440\u0435\u043e\u0433\u0440\u0430\u0444\u0438\u0447\u0435\u0441\u043a\u0438\u0435 \u043f\u043e\u0441\u0442\u0430\u043d\u043e\u0432\u043a\u0438","item":"https:\/\/www.sergelifar.org\/ru\/%d1%85%d0%be%d1%80%d0%b5%d0%be%d0%b3%d1%80%d0%b0%d1%84%d0%b8%d0%b8\/"},{"@type":"ListItem","position":3,"name":"Autres ballets","item":"https:\/\/www.sergelifar.org\/ru\/%d1%85%d0%be%d1%80%d0%b5%d0%be%d0%b3%d1%80%d0%b0%d1%84%d0%b8%d0%b8\/autres-ballets\/"},{"@type":"ListItem","position":4,"name":"Jeunesse"}]},{"@type":"WebSite","@id":"https:\/\/dev2023.sergelifar.org\/en\/#website","url":"https:\/\/dev2023.sergelifar.org\/en\/","name":"Serge Lifar","description":"Site officiel de la Fondation Serge Lifar","potentialAction":[{"@type":"SearchAction","target":{"@type":"EntryPoint","urlTemplate":"https:\/\/dev2023.sergelifar.org\/en\/?s={search_term_string}"},"query-input":{"@type":"PropertyValueSpecification","valueRequired":true,"valueName":"search_term_string"}}],"inLanguage":"ru-RU"}]}},"_links":{"self":[{"href":"https:\/\/www.sergelifar.org\/ru\/wp-json\/wp\/v2\/pages\/6731","targetHints":{"allow":["GET"]}}],"collection":[{"href":"https:\/\/www.sergelifar.org\/ru\/wp-json\/wp\/v2\/pages"}],"about":[{"href":"https:\/\/www.sergelifar.org\/ru\/wp-json\/wp\/v2\/types\/page"}],"author":[{"embeddable":true,"href":"https:\/\/www.sergelifar.org\/ru\/wp-json\/wp\/v2\/users\/2"}],"replies":[{"embeddable":true,"href":"https:\/\/www.sergelifar.org\/ru\/wp-json\/wp\/v2\/comments?post=6731"}],"version-history":[{"count":3,"href":"https:\/\/www.sergelifar.org\/ru\/wp-json\/wp\/v2\/pages\/6731\/revisions"}],"predecessor-version":[{"id":7139,"href":"https:\/\/www.sergelifar.org\/ru\/wp-json\/wp\/v2\/pages\/6731\/revisions\/7139"}],"up":[{"embeddable":true,"href":"https:\/\/www.sergelifar.org\/ru\/wp-json\/wp\/v2\/pages\/7159"}],"wp:attachment":[{"href":"https:\/\/www.sergelifar.org\/ru\/wp-json\/wp\/v2\/media?parent=6731"}],"curies":[{"name":"wp","href":"https:\/\/api.w.org\/{rel}","templated":true}]}}