{"id":6721,"date":"2023-02-10T18:51:12","date_gmt":"2023-02-10T18:51:12","guid":{"rendered":"https:\/\/dev2023.sergelifar.org\/%d1%85%d0%be%d1%80%d0%b5%d0%be%d0%b3%d1%80%d0%b0%d1%84%d0%b8%d0%b8\/david-triomphant\/"},"modified":"2024-05-07T15:05:36","modified_gmt":"2024-05-07T13:05:36","slug":"david-triomphant","status":"publish","type":"page","link":"https:\/\/www.sergelifar.org\/ru\/%d1%85%d0%be%d1%80%d0%b5%d0%be%d0%b3%d1%80%d0%b0%d1%84%d0%b8%d0%b8\/autres-ballets\/david-triomphant\/","title":{"rendered":"David triomphant"},"content":{"rendered":"<div id=\"pl-6721\"  class=\"panel-layout\" ><div id=\"pg-6721-0\"  class=\"panel-grid panel-no-style\" ><div id=\"pgc-6721-0-0\"  class=\"panel-grid-cell\" ><div id=\"panel-6721-0-0-0\" class=\"so-panel widget widget_sow-editor panel-first-child panel-last-child\" data-index=\"0\" ><div\n\t\t\t\n\t\t\tclass=\"so-widget-sow-editor so-widget-sow-editor-base\"\n\t\t\t\n\t\t>\n<div class=\"siteorigin-widget-tinymce textwidget\">\n\t<p>Ballet en 2 actes et 3 tableaux<\/p>\n<p>Premi\u00e8re : le 15 d\u00e9cembre 1936 au Th\u00e9\u00e2tre de la Cit\u00e9 Universitaire de Paris<\/p>\n<p>Musique&nbsp;: Claude Debussy et Modeste Moussorgski<\/p>\n<p>Rythmes de Serge Lifar orchestr\u00e9s par Vittorio Rieti<\/p>\n<p>Argument&nbsp;(ou livret) : Serge Lifar d\u2019apr\u00e8s <em>Le livre des Rois<\/em><\/p>\n<p>D\u00e9cors&nbsp;et costumes&nbsp;: Fernand L\u00e9ger<\/p>\n<p>Direction musicale&nbsp;: Joseph-Eug\u00e8ne Szyfer<\/p>\n<p>Principaux interpr\u00e8tes : Serge Lifar (David), Serge Renn (le roi Sa\u00fcl), Mia Slavenska (Melchora)&nbsp;<\/p>\n<p style=\"text-align: center;\">* * * * * * * *<\/p>\n<p><strong>\u00ab David triomphant \u00bb entre \u00e0 l'Op\u00e9ra<\/strong><\/p>\n<p><em>David triomphant<\/em> ballet en 2 actes et 3 tableaux, repr\u00e9sent\u00e9 pour la premi\u00e8re fois au Th\u00e9\u00e2tre de la Cit\u00e9 Universitaire le 15 d\u00e9cembre 1936, proc\u00e8de directement de mon <em>Manifeste du Chor\u00e9graphe<\/em>, dont <em>Icare<\/em> fut la premi\u00e8re illustration.<\/p>\n<p><em>Icare<\/em> et le <em>Manifeste<\/em> sont n\u00e9s presque simultan\u00e9ment, et il est malais\u00e9 de dire lequel des deux a engendr\u00e9 l\u2019autre \u2013 le <em>Manifeste<\/em> \u00e9tait l\u2019expression th\u00e9orique de ma pens\u00e9e, <em>Icare<\/em> en fut la r\u00e9alisation vivante.<\/p>\n<p>La cr\u00e9ation d\u2019<em>Icare<\/em> a pos\u00e9 de graves probl\u00e8mes. Le public \u00e9tait tellement persuad\u00e9 qu\u2019il assistait \u00e0 la naissance du <em>ballet sans musique<\/em>, qu\u2019un grand journal a organis\u00e9 une enqu\u00eate pour d\u00e9cider si le ballet pouvait exister priv\u00e9 de tout accompagnement musical.<\/p>\n<p>C\u2019\u00e9tait faire d\u00e9vier la voie que j\u2019avais trac\u00e9e. J\u2019ai dit dans mon <em>Manifeste<\/em> que le ballet <em>pouvait<\/em>, mais non pas qu\u2019il <em>devait<\/em> exister sans musique. J\u2019ai parl\u00e9 d\u2019une collaboration \u00e9troite du chor\u00e9graphe et du musicien. Cette collaboration, par la suite de circonstance ext\u00e9rieures, je n\u2019ai pu la r\u00e9aliser dans <em>Icare<\/em> lequel reste un cas particulier mais non une g\u00e9n\u00e9ralit\u00e9.<\/p>\n<p><em>David triomphant<\/em> se d\u00e9roulera dans de violents d\u00e9cors de M. Fernand L\u00e9ger, le ma\u00eetre de la construction picturale.<\/p>\n<p>Sa mani\u00e8re \u00e9tait pr\u00e9cis\u00e9ment celle qui convenait \u00e0 la r\u00e9surrection d\u2019un chapitre du <em>Livre des Rois<\/em>&nbsp;: le style dans lequel il a con\u00e7u ses \u00e9tonnants personnages taill\u00e9s en carte \u00e0 jouer est d\u2019une int\u00e9ressante nouveaut\u00e9.<\/p>\n<p>La partition musicale de M. Rieti, le grand ma\u00eetre italien, risquait de passer, aux yeux de certains, pour un pas en arri\u00e8re par rapport \u00e0 <em>Icare<\/em>. Il n\u2019en est rien. <em>Icare<\/em> fut une premi\u00e8re esquisse de mes id\u00e9es. <em>David<\/em> en est le d\u00e9veloppement logique. Je crois \u00eatre parvenu, dans ce ballet, \u00e0 l\u2019union harmonieuse et lib\u00e9ratrice des deux arts&nbsp;: la Danse et la Musique. Je ne puis \u00e9videmment pas affirmer que <em>David<\/em> est une traduction <em>parfaite<\/em> de mes th\u00e9ories car il y a eu, peut-\u00eatre, quelques petites concessions de part et d\u2019autre. Je m\u2019en r\u00e9jouis d\u2019ailleurs, car c\u2019est la recherche de la perfection qui permet le progr\u00e8s.<\/p>\n<p>Parlons maintenant de la chor\u00e9graphie m\u00eame de <em>David<\/em>. Elle s\u2019apparente \u00e0 celle d\u2019<em>Icare<\/em> par sa technique acad\u00e9mique. J\u2019ai toujours respect\u00e9 les cinq positions acad\u00e9miques initiales de la danse classique, mais cherch\u00e9 en m\u00eame temps \u00e0 \u00e9viter la <em>routine<\/em> h\u00e9las&nbsp;! si fr\u00e9quente de nos jours. Le ballet <em>acad\u00e9mique romantique<\/em> refl\u00e8te la beaut\u00e9 dansante et plastique, prise en soi-m\u00eame, mais faute de se renouveler, il est tomb\u00e9 dans la monotonie. Le ballet <em>acad\u00e9mique d\u2019aujourd\u2019hui<\/em> recherche un <em>r\u00e9citatif<\/em> <em>dansant<\/em>, comparable au r\u00e9citatif musical \u2013 plus de variations de bravoure, mais une suite logique de pas et d\u2019\u00e9lans dont chacun exprime un \u00e9tat, une id\u00e9e ou un sentiment. Donc, avec ces privil\u00e8ges, nous revenons <em>aux vraies traditions classiques<\/em> qui ont pr\u00e9sid\u00e9 \u00e0 la naissance de la danse acad\u00e9mique, ce qu\u2019il serait bon de ne pas oublier. N\u2019importe quel ph\u00e9nom\u00e8ne de la vie renferme \u00e0 la fois des possibilit\u00e9s de traduction picturales, po\u00e9tiques, musicales et <em>dansantes<\/em>. Au chor\u00e9graphe de puiser les \u00e9l\u00e9ments n\u00e9cessaires \u00e0 la danse que sa puissance cr\u00e9atrice ordonnera dans leur harmonie d\u00e9finitive.<\/p>\n<p>J\u2019ai essay\u00e9 d\u2019exprimer cette id\u00e9e dans le premier tableau de <em>David<\/em>, o\u00f9 le h\u00e9ros d\u00e9crit, par sa danse, son combat avec Goliath. Je n\u2019ai fait qu\u2019emprunter au combat de David contre Goliath toutes les possibilit\u00e9s <em>chor\u00e9graphiques<\/em> qu\u2019il offrait. <em>David<\/em> est un <em>drame chor\u00e9graphique<\/em>&nbsp;: Amour, po\u00e9sie, grandeur et faiblesse\u2026<\/p>\n<p>Est-il possible de comparer <em>David<\/em> \u00e0 un autre de mes ballets&nbsp;?<\/p>\n<p>Seul le <em>Cantique des Cantiques<\/em> \u00e0 quoi je travaille en ce moment, sera d\u2019une conception analogue.<\/p>\n<p>Je me r\u00e9jouis de voir <em>David<\/em> port\u00e9 sur la sc\u00e8ne de l\u2019Op\u00e9ra que l\u2019on pourrait croire sp\u00e9cialement con\u00e7u pour la danse. La nouvelle disposition de la sc\u00e8ne et de la rampe et la suppression des trous de souffleurs font que les pieds des danseurs ne sont plus \u00ab&nbsp;coup\u00e9s&nbsp;\u00bb. A l\u2019occasion de sa pr\u00e9sentation \u00e0 l\u2019Op\u00e9ra, <em>David<\/em> a \u00e9t\u00e9 enti\u00e8rement remani\u00e9. M. Rieti, sur mes rythmes, a instrument\u00e9 une nouvelle partition pour grand orchestre, partition qui ne comportera plus aucun emprunt \u00e0 la musique classique. Pour ma part, j\u2019ai cr\u00e9\u00e9 deux nouveaux num\u00e9ros. L\u2019un sera une <em>improvisation chor\u00e9graphique<\/em> chaque fois renouvel\u00e9e qui se d\u00e9roulera sans musique&nbsp;: David jouant de la harpe, l\u2019autre une marche des guerriers pass\u00e9s en revue par David.<\/p>\n<p><em>Ce soir<\/em>, 7 mars 1937, p. 8<\/p>\n<p style=\"text-align: center;\">* * * * * * * *<\/p>\n<p>&nbsp;<\/p>\n<p>\u00ab Pr\u00e9sent\u00e9 pour la premi\u00e8re fois en d\u00e9cembre 1936, au gala de la Cit\u00e9 universitaire, <em>David triomphant<\/em> fut donn\u00e9 \u00e0 l\u2019Op\u00e9ra le 26 mai 1937 dans une version agrandie et enrichie. Ce ballet en deux actes sur une partition de Vittorio Rieti d\u2019apr\u00e8s des rythmes de Serge Lifar, d\u00e9cors de Fernand L\u00e9ger, commen\u00e7ait au moment o\u00f9 <em>Daphnis et Chlo\u00e9<\/em> s\u2019\u00e9tait arr\u00eat\u00e9&nbsp;: dans l\u2019\u00e9blouissement juv\u00e9nile d\u2019une vie de berger. Le jeune David, fr\u00e8re spirituel de Daphnis, mais \u00e9voluant dans un monde diff\u00e9rent, biblique et h\u00e9ro\u00efque, se pr\u00e9sentait \u00e0 nous avec son instrument bucolique, la lyre, et son innocente candeur. Mais les \u00e9v\u00e9nements allaient l\u2019entra\u00eener loin de son chemin de berger.<\/p>\n<p>Timide et tendre, les mouvements souples et l\u00e9gers, David apparaissait en tunique brune. La g\u00e9nuflexion de David \u00e0 la vue du roi Sa\u00fcl, port\u00e9 par ses soldats, tel une statue glorieuse, pr\u00e9ludait \u00e0 la danse avec la fronde, ravissante de fra\u00eecheur et de noblesse. Appel\u00e9 \u00e0 d\u00e9fendre son pays, David ob\u00e9issait avec joie \u00e0 ce nouveau devoir&nbsp;: prot\u00e9ger non plus des brebis, mais la vie de sa nation. En cr\u00e9ant cette danse \u00e0 la fois sportive et guerri\u00e8re, Lifar fut servi par l\u2019exp\u00e9rience d\u2019<em>Icare<\/em>. Les bras lev\u00e9s, le corps flexible se balan\u00e7ant comme une tige sous la brise, il ex\u00e9cutait de petits sauts de biche, puis des bonds virils et guerriers, des mouvements en avant et en arri\u00e8re&nbsp;; il enchantait les yeux et l\u2019\u00e2me jusqu\u2019\u00e0 la victoire finale sur le g\u00e9ant. La saltation avec la fronde r\u00e9v\u00e9lait plastiquement la parole po\u00e9tique du texte biblique. La voix du peuple retentissait&nbsp;: \u00ab&nbsp;Sa\u00fcl a vaincu ses mille et David ses dix mille&nbsp;!&nbsp;\u00bb Ces paroles r\u00e9p\u00e9t\u00e9es reviendront comme un refrain lointain. Une projection montrait la fuite de l\u2019arm\u00e9e ennemie. Le tendre berger venait de se transformer en h\u00e9ros populaire.<\/p>\n<p>David avait donc accompli sa t\u00e2che, mais Sa\u00fcl n\u2019avait pas pr\u00e9vu la gloire qui en r\u00e9sulterait pour le h\u00e9ros, et il ne pouvait l\u2019admettre. Le deuxi\u00e8me tableau se d\u00e9roulait entre les deux hommes, le vieux roi et le jeune \u00e9lu. Par des petits sauts sur place, sur la demi-pointe, David commen\u00e7ait la danse qui se d\u00e9veloppait en une large cantil\u00e8ne plastique. Tout en jouant de la lyre, David \u00e9tait saisi de crainte en pr\u00e9sence de ce roi sombre et pensif qui l\u2019\u00e9coutait avec un double sentiment de plaisir et de jalousie. David r\u00e9ussissait d\u2019un mouvement souple \u00e0 \u00e9viter la lance jet\u00e9e comme par hasard par Sa\u00fcl&nbsp;; il poursuivait sa danse aux aguets et, apercevant Sa\u00fcl lancer son arme, il l\u2019attrapait au vol. La rumeur de la f\u00eate populaire, les cris&nbsp;: \u00ab&nbsp;Sa\u00fcl a vaincu ses mille et David ses dix mille&nbsp;\u00bb, constituaient le fond sonore de cette sc\u00e8ne. Puis David ex\u00e9cutait sur le proscenium, sans accompagnement, une br\u00e8ve danse aux mouvements flexibles et doux. Lifar l\u2019improvisait, la modifiant chaque fois selon son inspiration, et r\u00e9alisant dans le silence complet \u00ab&nbsp;la musique muette&nbsp;\u00bb de son corps. D\u2019ailleurs, tout la partition de <em>David triomphant<\/em> avait \u00e9t\u00e9 dict\u00e9e par le rythme de ses mouvements, que Rieti nota et orchestra comme cela avait \u00e9t\u00e9 fait pour <em>Icare<\/em>.<\/p>\n<p>La jeune Yvette Chauvir\u00e9 \u00e9tait Melchore, la fille de Sa\u00fcl. Le jeu entre David et Sa\u00fcl formait un admirable contrepoint avec la danse radieuse de Melchore, pleine de passion. Tandis que Sa\u00fcl, dans le tableau suivant, cherchait \u00e0 conna\u00eetre son sort aupr\u00e8s de la sorci\u00e8re (Lycette Darsonval) au cours d\u2019une sc\u00e8ne de sombre terreur, David et Melchore \u00e9chappaient \u00e0 sa violence en s\u2019enfuyant dans le d\u00e9sert en une cours apeur\u00e9e et bondissante autour de la sc\u00e8ne. Particuli\u00e8rement \u00e9loquente \u00e9tait la danse sur place de Melchore et David, assis par terre, pleurant et se penchant l\u2019un vers l\u2019autre.<\/p>\n<p>Ce personnage \u00e0 double face qu\u2019avait su cr\u00e9er Lifar&nbsp;: doux berger et guerrier audacieux, sujet docile du roi Sa\u00fcl et \u00e9lu du peuple, \u00e9tait un \u00eatre bien vivant qui s\u2019imposait \u00e0 nous avec une force concluante \u00e0 travers les multiples facettes du r\u00f4le. La danse du berger, la danse avec la fronde, la saltation guerri\u00e8re devant les troupes auxquelles David redonnait courage, la danse avec la lyre, le pas de deux avec Melchore, tous ces multiples aspects du psalmiste se fondaient en une seule image \u00e9clatante du h\u00e9ros de la Bible.<\/p>\n<p>Le ballet&nbsp; s\u2019achevait&nbsp; sur&nbsp; l\u2019intronisation&nbsp; de&nbsp; David&nbsp; port\u00e9&nbsp; en&nbsp; triomphe&nbsp; par&nbsp; le peuple. \u00bb<\/p>\n<p><em>Serge Lifar r\u00e9novateur du ballet fran\u00e7ais<\/em> par Jean Laurent et Julie Sazonova, Buchet\/Chastel Corr\u00eaa, Paris, 1960 (pp. 109-111)<\/p>\nngg_shortcode_0_placeholder\n<\/div>\n<\/div><\/div><\/div><\/div><\/div>","protected":false},"excerpt":{"rendered":"<p>Ballet en 2 actes et 3 tableaux Premi\u00e8re : le 15 d\u00e9cembre 1936 au Th\u00e9\u00e2tre de la Cit\u00e9 Universitaire de Paris Musique&nbsp;: Claude Debussy et Modeste Moussorgski Rythmes de Serge Lifar orchestr\u00e9s par Vittorio Rieti Argument&nbsp;(ou livret) : Serge Lifar d\u2019apr\u00e8s Le livre des Rois D\u00e9cors&nbsp;et costumes&nbsp;: Fernand L\u00e9ger Direction musicale&nbsp;: Joseph-Eug\u00e8ne Szyfer Principaux interpr\u00e8tes <\/p>\n","protected":false},"author":2,"featured_media":0,"parent":7159,"menu_order":0,"comment_status":"closed","ping_status":"closed","template":"template-sousmenu.php","meta":{"_acf_changed":false,"ngg_post_thumbnail":0,"footnotes":""},"class_list":["post-6721","page","type-page","status-publish","hentry"],"acf":[],"yoast_head":"<!-- This site is optimized with the Yoast SEO plugin v27.4 - https:\/\/yoast.com\/product\/yoast-seo-wordpress\/ -->\n<title>David triomphant - Serge Lifar<\/title>\n<meta name=\"robots\" content=\"index, follow, max-snippet:-1, max-image-preview:large, max-video-preview:-1\" \/>\n<link rel=\"canonical\" href=\"https:\/\/www.sergelifar.org\/ru\/\u0445\u043e\u0440\u0435\u043e\u0433\u0440\u0430\u0444\u0438\u0438\/autres-ballets\/david-triomphant\/\" \/>\n<meta property=\"og:locale\" content=\"ru_RU\" \/>\n<meta property=\"og:type\" content=\"article\" \/>\n<meta property=\"og:title\" content=\"David triomphant - Serge Lifar\" \/>\n<meta property=\"og:description\" content=\"Ballet en 2 actes et 3 tableaux Premi\u00e8re : le 15 d\u00e9cembre 1936 au Th\u00e9\u00e2tre de la Cit\u00e9 Universitaire de Paris Musique&nbsp;: Claude Debussy et Modeste Moussorgski Rythmes de Serge Lifar orchestr\u00e9s par Vittorio Rieti Argument&nbsp;(ou livret) : Serge Lifar d\u2019apr\u00e8s Le livre des Rois D\u00e9cors&nbsp;et costumes&nbsp;: Fernand L\u00e9ger Direction musicale&nbsp;: Joseph-Eug\u00e8ne Szyfer Principaux interpr\u00e8tes\" \/>\n<meta property=\"og:url\" content=\"https:\/\/www.sergelifar.org\/ru\/\u0445\u043e\u0440\u0435\u043e\u0433\u0440\u0430\u0444\u0438\u0438\/autres-ballets\/david-triomphant\/\" \/>\n<meta property=\"og:site_name\" content=\"Serge Lifar\" \/>\n<meta property=\"article:modified_time\" content=\"2024-05-07T13:05:36+00:00\" \/>\n<meta name=\"twitter:card\" content=\"summary_large_image\" \/>\n<meta name=\"twitter:label1\" content=\"\u041f\u0440\u0438\u043c\u0435\u0440\u043d\u043e\u0435 \u0432\u0440\u0435\u043c\u044f \u0434\u043b\u044f \u0447\u0442\u0435\u043d\u0438\u044f\" \/>\n\t<meta name=\"twitter:data1\" content=\"9 \u043c\u0438\u043d\u0443\u0442\" \/>\n<script type=\"application\/ld+json\" class=\"yoast-schema-graph\">{\"@context\":\"https:\\\/\\\/schema.org\",\"@graph\":[{\"@type\":\"WebPage\",\"@id\":\"https:\\\/\\\/www.sergelifar.org\\\/ru\\\/%d1%85%d0%be%d1%80%d0%b5%d0%be%d0%b3%d1%80%d0%b0%d1%84%d0%b8%d0%b8\\\/autres-ballets\\\/david-triomphant\\\/\",\"url\":\"https:\\\/\\\/www.sergelifar.org\\\/ru\\\/%d1%85%d0%be%d1%80%d0%b5%d0%be%d0%b3%d1%80%d0%b0%d1%84%d0%b8%d0%b8\\\/autres-ballets\\\/david-triomphant\\\/\",\"name\":\"David triomphant - Serge Lifar\",\"isPartOf\":{\"@id\":\"https:\\\/\\\/dev2023.sergelifar.org\\\/en\\\/#website\"},\"datePublished\":\"2023-02-10T18:51:12+00:00\",\"dateModified\":\"2024-05-07T13:05:36+00:00\",\"breadcrumb\":{\"@id\":\"https:\\\/\\\/www.sergelifar.org\\\/ru\\\/%d1%85%d0%be%d1%80%d0%b5%d0%be%d0%b3%d1%80%d0%b0%d1%84%d0%b8%d0%b8\\\/autres-ballets\\\/david-triomphant\\\/#breadcrumb\"},\"inLanguage\":\"ru-RU\",\"potentialAction\":[{\"@type\":\"ReadAction\",\"target\":[\"https:\\\/\\\/www.sergelifar.org\\\/ru\\\/%d1%85%d0%be%d1%80%d0%b5%d0%be%d0%b3%d1%80%d0%b0%d1%84%d0%b8%d0%b8\\\/autres-ballets\\\/david-triomphant\\\/\"]}]},{\"@type\":\"BreadcrumbList\",\"@id\":\"https:\\\/\\\/www.sergelifar.org\\\/ru\\\/%d1%85%d0%be%d1%80%d0%b5%d0%be%d0%b3%d1%80%d0%b0%d1%84%d0%b8%d0%b8\\\/autres-ballets\\\/david-triomphant\\\/#breadcrumb\",\"itemListElement\":[{\"@type\":\"ListItem\",\"position\":1,\"name\":\"Accueil\",\"item\":\"https:\\\/\\\/www.sergelifar.org\\\/ru\\\/\"},{\"@type\":\"ListItem\",\"position\":2,\"name\":\"\u0425\u043e\u0440\u0435\u043e\u0433\u0440\u0430\u0444\u0438\u0447\u0435\u0441\u043a\u0438\u0435 \u043f\u043e\u0441\u0442\u0430\u043d\u043e\u0432\u043a\u0438\",\"item\":\"https:\\\/\\\/www.sergelifar.org\\\/ru\\\/%d1%85%d0%be%d1%80%d0%b5%d0%be%d0%b3%d1%80%d0%b0%d1%84%d0%b8%d0%b8\\\/\"},{\"@type\":\"ListItem\",\"position\":3,\"name\":\"Autres ballets\",\"item\":\"https:\\\/\\\/www.sergelifar.org\\\/ru\\\/%d1%85%d0%be%d1%80%d0%b5%d0%be%d0%b3%d1%80%d0%b0%d1%84%d0%b8%d0%b8\\\/autres-ballets\\\/\"},{\"@type\":\"ListItem\",\"position\":4,\"name\":\"David triomphant\"}]},{\"@type\":\"WebSite\",\"@id\":\"https:\\\/\\\/dev2023.sergelifar.org\\\/en\\\/#website\",\"url\":\"https:\\\/\\\/dev2023.sergelifar.org\\\/en\\\/\",\"name\":\"Serge Lifar\",\"description\":\"Site officiel de la Fondation Serge Lifar\",\"potentialAction\":[{\"@type\":\"SearchAction\",\"target\":{\"@type\":\"EntryPoint\",\"urlTemplate\":\"https:\\\/\\\/dev2023.sergelifar.org\\\/en\\\/?s={search_term_string}\"},\"query-input\":{\"@type\":\"PropertyValueSpecification\",\"valueRequired\":true,\"valueName\":\"search_term_string\"}}],\"inLanguage\":\"ru-RU\"}]}<\/script>\n<!-- \/ Yoast SEO plugin. -->","yoast_head_json":{"title":"David triomphant - Serge Lifar","robots":{"index":"index","follow":"follow","max-snippet":"max-snippet:-1","max-image-preview":"max-image-preview:large","max-video-preview":"max-video-preview:-1"},"canonical":"https:\/\/www.sergelifar.org\/ru\/\u0445\u043e\u0440\u0435\u043e\u0433\u0440\u0430\u0444\u0438\u0438\/autres-ballets\/david-triomphant\/","og_locale":"ru_RU","og_type":"article","og_title":"David triomphant - Serge Lifar","og_description":"Ballet en 2 actes et 3 tableaux Premi\u00e8re : le 15 d\u00e9cembre 1936 au Th\u00e9\u00e2tre de la Cit\u00e9 Universitaire de Paris Musique&nbsp;: Claude Debussy et Modeste Moussorgski Rythmes de Serge Lifar orchestr\u00e9s par Vittorio Rieti Argument&nbsp;(ou livret) : Serge Lifar d\u2019apr\u00e8s Le livre des Rois D\u00e9cors&nbsp;et costumes&nbsp;: Fernand L\u00e9ger Direction musicale&nbsp;: Joseph-Eug\u00e8ne Szyfer Principaux interpr\u00e8tes","og_url":"https:\/\/www.sergelifar.org\/ru\/\u0445\u043e\u0440\u0435\u043e\u0433\u0440\u0430\u0444\u0438\u0438\/autres-ballets\/david-triomphant\/","og_site_name":"Serge Lifar","article_modified_time":"2024-05-07T13:05:36+00:00","twitter_card":"summary_large_image","twitter_misc":{"\u041f\u0440\u0438\u043c\u0435\u0440\u043d\u043e\u0435 \u0432\u0440\u0435\u043c\u044f \u0434\u043b\u044f \u0447\u0442\u0435\u043d\u0438\u044f":"9 \u043c\u0438\u043d\u0443\u0442"},"schema":{"@context":"https:\/\/schema.org","@graph":[{"@type":"WebPage","@id":"https:\/\/www.sergelifar.org\/ru\/%d1%85%d0%be%d1%80%d0%b5%d0%be%d0%b3%d1%80%d0%b0%d1%84%d0%b8%d0%b8\/autres-ballets\/david-triomphant\/","url":"https:\/\/www.sergelifar.org\/ru\/%d1%85%d0%be%d1%80%d0%b5%d0%be%d0%b3%d1%80%d0%b0%d1%84%d0%b8%d0%b8\/autres-ballets\/david-triomphant\/","name":"David triomphant - Serge Lifar","isPartOf":{"@id":"https:\/\/dev2023.sergelifar.org\/en\/#website"},"datePublished":"2023-02-10T18:51:12+00:00","dateModified":"2024-05-07T13:05:36+00:00","breadcrumb":{"@id":"https:\/\/www.sergelifar.org\/ru\/%d1%85%d0%be%d1%80%d0%b5%d0%be%d0%b3%d1%80%d0%b0%d1%84%d0%b8%d0%b8\/autres-ballets\/david-triomphant\/#breadcrumb"},"inLanguage":"ru-RU","potentialAction":[{"@type":"ReadAction","target":["https:\/\/www.sergelifar.org\/ru\/%d1%85%d0%be%d1%80%d0%b5%d0%be%d0%b3%d1%80%d0%b0%d1%84%d0%b8%d0%b8\/autres-ballets\/david-triomphant\/"]}]},{"@type":"BreadcrumbList","@id":"https:\/\/www.sergelifar.org\/ru\/%d1%85%d0%be%d1%80%d0%b5%d0%be%d0%b3%d1%80%d0%b0%d1%84%d0%b8%d0%b8\/autres-ballets\/david-triomphant\/#breadcrumb","itemListElement":[{"@type":"ListItem","position":1,"name":"Accueil","item":"https:\/\/www.sergelifar.org\/ru\/"},{"@type":"ListItem","position":2,"name":"\u0425\u043e\u0440\u0435\u043e\u0433\u0440\u0430\u0444\u0438\u0447\u0435\u0441\u043a\u0438\u0435 \u043f\u043e\u0441\u0442\u0430\u043d\u043e\u0432\u043a\u0438","item":"https:\/\/www.sergelifar.org\/ru\/%d1%85%d0%be%d1%80%d0%b5%d0%be%d0%b3%d1%80%d0%b0%d1%84%d0%b8%d0%b8\/"},{"@type":"ListItem","position":3,"name":"Autres ballets","item":"https:\/\/www.sergelifar.org\/ru\/%d1%85%d0%be%d1%80%d0%b5%d0%be%d0%b3%d1%80%d0%b0%d1%84%d0%b8%d0%b8\/autres-ballets\/"},{"@type":"ListItem","position":4,"name":"David triomphant"}]},{"@type":"WebSite","@id":"https:\/\/dev2023.sergelifar.org\/en\/#website","url":"https:\/\/dev2023.sergelifar.org\/en\/","name":"Serge Lifar","description":"Site officiel de la Fondation Serge Lifar","potentialAction":[{"@type":"SearchAction","target":{"@type":"EntryPoint","urlTemplate":"https:\/\/dev2023.sergelifar.org\/en\/?s={search_term_string}"},"query-input":{"@type":"PropertyValueSpecification","valueRequired":true,"valueName":"search_term_string"}}],"inLanguage":"ru-RU"}]}},"_links":{"self":[{"href":"https:\/\/www.sergelifar.org\/ru\/wp-json\/wp\/v2\/pages\/6721","targetHints":{"allow":["GET"]}}],"collection":[{"href":"https:\/\/www.sergelifar.org\/ru\/wp-json\/wp\/v2\/pages"}],"about":[{"href":"https:\/\/www.sergelifar.org\/ru\/wp-json\/wp\/v2\/types\/page"}],"author":[{"embeddable":true,"href":"https:\/\/www.sergelifar.org\/ru\/wp-json\/wp\/v2\/users\/2"}],"replies":[{"embeddable":true,"href":"https:\/\/www.sergelifar.org\/ru\/wp-json\/wp\/v2\/comments?post=6721"}],"version-history":[{"count":5,"href":"https:\/\/www.sergelifar.org\/ru\/wp-json\/wp\/v2\/pages\/6721\/revisions"}],"predecessor-version":[{"id":7268,"href":"https:\/\/www.sergelifar.org\/ru\/wp-json\/wp\/v2\/pages\/6721\/revisions\/7268"}],"up":[{"embeddable":true,"href":"https:\/\/www.sergelifar.org\/ru\/wp-json\/wp\/v2\/pages\/7159"}],"wp:attachment":[{"href":"https:\/\/www.sergelifar.org\/ru\/wp-json\/wp\/v2\/media?parent=6721"}],"curies":[{"name":"wp","href":"https:\/\/api.w.org\/{rel}","templated":true}]}}