{"id":6719,"date":"2023-02-10T18:53:27","date_gmt":"2023-02-10T18:53:27","guid":{"rendered":"https:\/\/dev2023.sergelifar.org\/%d1%85%d0%be%d1%80%d0%b5%d0%be%d0%b3%d1%80%d0%b0%d1%84%d0%b8%d0%b8\/les-tziganes\/"},"modified":"2025-01-21T15:59:21","modified_gmt":"2025-01-21T14:59:21","slug":"les-tziganes","status":"publish","type":"page","link":"https:\/\/www.sergelifar.org\/ru\/%d1%85%d0%be%d1%80%d0%b5%d0%be%d0%b3%d1%80%d0%b0%d1%84%d0%b8%d0%b8\/autres-ballets\/les-tziganes\/","title":{"rendered":"Les Tziganes"},"content":{"rendered":"<div id=\"pl-6719\"  class=\"panel-layout\" ><div id=\"pg-6719-0\"  class=\"panel-grid panel-no-style\" ><div id=\"pgc-6719-0-0\"  class=\"panel-grid-cell\" ><div id=\"panel-6719-0-0-0\" class=\"so-panel widget widget_sow-editor panel-first-child panel-last-child\" data-index=\"0\" ><div\n\t\t\t\n\t\t\tclass=\"so-widget-sow-editor so-widget-sow-editor-base\"\n\t\t\t\n\t\t>\n<div class=\"siteorigin-widget-tinymce textwidget\">\n\t<p>Premi\u00e8re : le 15 avril 1937 \u00e0 la salle Pleyel \u00e0 Paris<\/p>\n<p>Musique&nbsp;: Kovalov d\u2019apr\u00e8s le po\u00e8me de Pouchkine<\/p>\n<p>Principaux interpr\u00e8tes&nbsp;: Serge Lifar (le jeune Tzigane)<\/p>\n<p style=\"text-align: center;\">* * * * * * * *<\/p>\n<p>\u00ab Aleko, honn\u00eate homme appartenant \u00e0 la soci\u00e9t\u00e9 la plus \u00ab civilis\u00e9e \u00bb, a fui le monde par misanthropie \u00e9l\u00e9gante teint\u00e9e de byronisme et s\u2019est r\u00e9fugi\u00e9 dans un camp tzigane, o\u00f9 il \u00e9pouse une boh\u00e9mienne : Zemfira.<\/p>\n<p>Le ballet nous montre cette jeune femme, lasse d\u2019un mari qui ne la comprend pas et amoureuse d\u2019un fougueux gar\u00e7on de sa race. \u00bb<\/p>\n<p><em>Au gala Pouchkine, deux cr\u00e9ations de Serge Lifar, <\/em>in<em> Marianne<\/em>, 21 avril 1937, p. 12<\/p>\n<\/div>\n<\/div><\/div><\/div><\/div><\/div>","protected":false},"excerpt":{"rendered":"<p>Premi\u00e8re : le 15 avril 1937 \u00e0 la salle Pleyel \u00e0 Paris Musique&nbsp;: Kovalov d\u2019apr\u00e8s le po\u00e8me de Pouchkine Principaux interpr\u00e8tes&nbsp;: Serge Lifar (le jeune Tzigane) * * * * * * * * \u00ab Aleko, honn\u00eate homme appartenant \u00e0 la soci\u00e9t\u00e9 la plus \u00ab civilis\u00e9e \u00bb, a fui le monde par misanthropie \u00e9l\u00e9gante teint\u00e9e <\/p>\n","protected":false},"author":2,"featured_media":0,"parent":7159,"menu_order":0,"comment_status":"closed","ping_status":"closed","template":"template-sousmenu.php","meta":{"_acf_changed":false,"ngg_post_thumbnail":0,"footnotes":""},"class_list":["post-6719","page","type-page","status-publish","hentry"],"acf":[],"yoast_head":"<!-- This site is optimized with the Yoast SEO plugin v27.4 - https:\/\/yoast.com\/product\/yoast-seo-wordpress\/ -->\n<title>Les Tziganes - Serge Lifar<\/title>\n<meta name=\"robots\" content=\"index, follow, max-snippet:-1, max-image-preview:large, max-video-preview:-1\" \/>\n<link rel=\"canonical\" href=\"https:\/\/www.sergelifar.org\/ru\/\u0445\u043e\u0440\u0435\u043e\u0433\u0440\u0430\u0444\u0438\u0438\/autres-ballets\/les-tziganes\/\" \/>\n<meta property=\"og:locale\" content=\"ru_RU\" \/>\n<meta property=\"og:type\" content=\"article\" \/>\n<meta property=\"og:title\" content=\"Les Tziganes - Serge Lifar\" \/>\n<meta property=\"og:description\" content=\"Premi\u00e8re : le 15 avril 1937 \u00e0 la salle Pleyel \u00e0 Paris Musique&nbsp;: Kovalov d\u2019apr\u00e8s le po\u00e8me de Pouchkine Principaux interpr\u00e8tes&nbsp;: Serge Lifar (le jeune Tzigane) * * * * * * * * \u00ab Aleko, honn\u00eate homme appartenant \u00e0 la soci\u00e9t\u00e9 la plus \u00ab civilis\u00e9e \u00bb, a fui le monde par misanthropie \u00e9l\u00e9gante teint\u00e9e\" \/>\n<meta property=\"og:url\" content=\"https:\/\/www.sergelifar.org\/ru\/\u0445\u043e\u0440\u0435\u043e\u0433\u0440\u0430\u0444\u0438\u0438\/autres-ballets\/les-tziganes\/\" \/>\n<meta property=\"og:site_name\" content=\"Serge Lifar\" \/>\n<meta property=\"article:modified_time\" content=\"2025-01-21T14:59:21+00:00\" \/>\n<meta name=\"twitter:card\" content=\"summary_large_image\" \/>\n<meta name=\"twitter:label1\" content=\"\u041f\u0440\u0438\u043c\u0435\u0440\u043d\u043e\u0435 \u0432\u0440\u0435\u043c\u044f \u0434\u043b\u044f \u0447\u0442\u0435\u043d\u0438\u044f\" \/>\n\t<meta name=\"twitter:data1\" content=\"1 \u043c\u0438\u043d\u0443\u0442\u0430\" \/>\n<script type=\"application\/ld+json\" class=\"yoast-schema-graph\">{\"@context\":\"https:\\\/\\\/schema.org\",\"@graph\":[{\"@type\":\"WebPage\",\"@id\":\"https:\\\/\\\/www.sergelifar.org\\\/ru\\\/%d1%85%d0%be%d1%80%d0%b5%d0%be%d0%b3%d1%80%d0%b0%d1%84%d0%b8%d0%b8\\\/autres-ballets\\\/les-tziganes\\\/\",\"url\":\"https:\\\/\\\/www.sergelifar.org\\\/ru\\\/%d1%85%d0%be%d1%80%d0%b5%d0%be%d0%b3%d1%80%d0%b0%d1%84%d0%b8%d0%b8\\\/autres-ballets\\\/les-tziganes\\\/\",\"name\":\"Les Tziganes - Serge Lifar\",\"isPartOf\":{\"@id\":\"https:\\\/\\\/dev2023.sergelifar.org\\\/en\\\/#website\"},\"datePublished\":\"2023-02-10T18:53:27+00:00\",\"dateModified\":\"2025-01-21T14:59:21+00:00\",\"breadcrumb\":{\"@id\":\"https:\\\/\\\/www.sergelifar.org\\\/ru\\\/%d1%85%d0%be%d1%80%d0%b5%d0%be%d0%b3%d1%80%d0%b0%d1%84%d0%b8%d0%b8\\\/autres-ballets\\\/les-tziganes\\\/#breadcrumb\"},\"inLanguage\":\"ru-RU\",\"potentialAction\":[{\"@type\":\"ReadAction\",\"target\":[\"https:\\\/\\\/www.sergelifar.org\\\/ru\\\/%d1%85%d0%be%d1%80%d0%b5%d0%be%d0%b3%d1%80%d0%b0%d1%84%d0%b8%d0%b8\\\/autres-ballets\\\/les-tziganes\\\/\"]}]},{\"@type\":\"BreadcrumbList\",\"@id\":\"https:\\\/\\\/www.sergelifar.org\\\/ru\\\/%d1%85%d0%be%d1%80%d0%b5%d0%be%d0%b3%d1%80%d0%b0%d1%84%d0%b8%d0%b8\\\/autres-ballets\\\/les-tziganes\\\/#breadcrumb\",\"itemListElement\":[{\"@type\":\"ListItem\",\"position\":1,\"name\":\"Accueil\",\"item\":\"https:\\\/\\\/www.sergelifar.org\\\/ru\\\/\"},{\"@type\":\"ListItem\",\"position\":2,\"name\":\"\u0425\u043e\u0440\u0435\u043e\u0433\u0440\u0430\u0444\u0438\u0447\u0435\u0441\u043a\u0438\u0435 \u043f\u043e\u0441\u0442\u0430\u043d\u043e\u0432\u043a\u0438\",\"item\":\"https:\\\/\\\/www.sergelifar.org\\\/ru\\\/%d1%85%d0%be%d1%80%d0%b5%d0%be%d0%b3%d1%80%d0%b0%d1%84%d0%b8%d0%b8\\\/\"},{\"@type\":\"ListItem\",\"position\":3,\"name\":\"Autres ballets\",\"item\":\"https:\\\/\\\/www.sergelifar.org\\\/ru\\\/%d1%85%d0%be%d1%80%d0%b5%d0%be%d0%b3%d1%80%d0%b0%d1%84%d0%b8%d0%b8\\\/autres-ballets\\\/\"},{\"@type\":\"ListItem\",\"position\":4,\"name\":\"Les Tziganes\"}]},{\"@type\":\"WebSite\",\"@id\":\"https:\\\/\\\/dev2023.sergelifar.org\\\/en\\\/#website\",\"url\":\"https:\\\/\\\/dev2023.sergelifar.org\\\/en\\\/\",\"name\":\"Serge Lifar\",\"description\":\"Site officiel de la Fondation Serge Lifar\",\"potentialAction\":[{\"@type\":\"SearchAction\",\"target\":{\"@type\":\"EntryPoint\",\"urlTemplate\":\"https:\\\/\\\/dev2023.sergelifar.org\\\/en\\\/?s={search_term_string}\"},\"query-input\":{\"@type\":\"PropertyValueSpecification\",\"valueRequired\":true,\"valueName\":\"search_term_string\"}}],\"inLanguage\":\"ru-RU\"}]}<\/script>\n<!-- \/ Yoast SEO plugin. -->","yoast_head_json":{"title":"Les Tziganes - Serge Lifar","robots":{"index":"index","follow":"follow","max-snippet":"max-snippet:-1","max-image-preview":"max-image-preview:large","max-video-preview":"max-video-preview:-1"},"canonical":"https:\/\/www.sergelifar.org\/ru\/\u0445\u043e\u0440\u0435\u043e\u0433\u0440\u0430\u0444\u0438\u0438\/autres-ballets\/les-tziganes\/","og_locale":"ru_RU","og_type":"article","og_title":"Les Tziganes - Serge Lifar","og_description":"Premi\u00e8re : le 15 avril 1937 \u00e0 la salle Pleyel \u00e0 Paris Musique&nbsp;: Kovalov d\u2019apr\u00e8s le po\u00e8me de Pouchkine Principaux interpr\u00e8tes&nbsp;: Serge Lifar (le jeune Tzigane) * * * * * * * * \u00ab Aleko, honn\u00eate homme appartenant \u00e0 la soci\u00e9t\u00e9 la plus \u00ab civilis\u00e9e \u00bb, a fui le monde par misanthropie \u00e9l\u00e9gante teint\u00e9e","og_url":"https:\/\/www.sergelifar.org\/ru\/\u0445\u043e\u0440\u0435\u043e\u0433\u0440\u0430\u0444\u0438\u0438\/autres-ballets\/les-tziganes\/","og_site_name":"Serge Lifar","article_modified_time":"2025-01-21T14:59:21+00:00","twitter_card":"summary_large_image","twitter_misc":{"\u041f\u0440\u0438\u043c\u0435\u0440\u043d\u043e\u0435 \u0432\u0440\u0435\u043c\u044f \u0434\u043b\u044f \u0447\u0442\u0435\u043d\u0438\u044f":"1 \u043c\u0438\u043d\u0443\u0442\u0430"},"schema":{"@context":"https:\/\/schema.org","@graph":[{"@type":"WebPage","@id":"https:\/\/www.sergelifar.org\/ru\/%d1%85%d0%be%d1%80%d0%b5%d0%be%d0%b3%d1%80%d0%b0%d1%84%d0%b8%d0%b8\/autres-ballets\/les-tziganes\/","url":"https:\/\/www.sergelifar.org\/ru\/%d1%85%d0%be%d1%80%d0%b5%d0%be%d0%b3%d1%80%d0%b0%d1%84%d0%b8%d0%b8\/autres-ballets\/les-tziganes\/","name":"Les Tziganes - Serge Lifar","isPartOf":{"@id":"https:\/\/dev2023.sergelifar.org\/en\/#website"},"datePublished":"2023-02-10T18:53:27+00:00","dateModified":"2025-01-21T14:59:21+00:00","breadcrumb":{"@id":"https:\/\/www.sergelifar.org\/ru\/%d1%85%d0%be%d1%80%d0%b5%d0%be%d0%b3%d1%80%d0%b0%d1%84%d0%b8%d0%b8\/autres-ballets\/les-tziganes\/#breadcrumb"},"inLanguage":"ru-RU","potentialAction":[{"@type":"ReadAction","target":["https:\/\/www.sergelifar.org\/ru\/%d1%85%d0%be%d1%80%d0%b5%d0%be%d0%b3%d1%80%d0%b0%d1%84%d0%b8%d0%b8\/autres-ballets\/les-tziganes\/"]}]},{"@type":"BreadcrumbList","@id":"https:\/\/www.sergelifar.org\/ru\/%d1%85%d0%be%d1%80%d0%b5%d0%be%d0%b3%d1%80%d0%b0%d1%84%d0%b8%d0%b8\/autres-ballets\/les-tziganes\/#breadcrumb","itemListElement":[{"@type":"ListItem","position":1,"name":"Accueil","item":"https:\/\/www.sergelifar.org\/ru\/"},{"@type":"ListItem","position":2,"name":"\u0425\u043e\u0440\u0435\u043e\u0433\u0440\u0430\u0444\u0438\u0447\u0435\u0441\u043a\u0438\u0435 \u043f\u043e\u0441\u0442\u0430\u043d\u043e\u0432\u043a\u0438","item":"https:\/\/www.sergelifar.org\/ru\/%d1%85%d0%be%d1%80%d0%b5%d0%be%d0%b3%d1%80%d0%b0%d1%84%d0%b8%d0%b8\/"},{"@type":"ListItem","position":3,"name":"Autres ballets","item":"https:\/\/www.sergelifar.org\/ru\/%d1%85%d0%be%d1%80%d0%b5%d0%be%d0%b3%d1%80%d0%b0%d1%84%d0%b8%d0%b8\/autres-ballets\/"},{"@type":"ListItem","position":4,"name":"Les Tziganes"}]},{"@type":"WebSite","@id":"https:\/\/dev2023.sergelifar.org\/en\/#website","url":"https:\/\/dev2023.sergelifar.org\/en\/","name":"Serge Lifar","description":"Site officiel de la Fondation Serge Lifar","potentialAction":[{"@type":"SearchAction","target":{"@type":"EntryPoint","urlTemplate":"https:\/\/dev2023.sergelifar.org\/en\/?s={search_term_string}"},"query-input":{"@type":"PropertyValueSpecification","valueRequired":true,"valueName":"search_term_string"}}],"inLanguage":"ru-RU"}]}},"_links":{"self":[{"href":"https:\/\/www.sergelifar.org\/ru\/wp-json\/wp\/v2\/pages\/6719","targetHints":{"allow":["GET"]}}],"collection":[{"href":"https:\/\/www.sergelifar.org\/ru\/wp-json\/wp\/v2\/pages"}],"about":[{"href":"https:\/\/www.sergelifar.org\/ru\/wp-json\/wp\/v2\/types\/page"}],"author":[{"embeddable":true,"href":"https:\/\/www.sergelifar.org\/ru\/wp-json\/wp\/v2\/users\/2"}],"replies":[{"embeddable":true,"href":"https:\/\/www.sergelifar.org\/ru\/wp-json\/wp\/v2\/comments?post=6719"}],"version-history":[{"count":5,"href":"https:\/\/www.sergelifar.org\/ru\/wp-json\/wp\/v2\/pages\/6719\/revisions"}],"predecessor-version":[{"id":7991,"href":"https:\/\/www.sergelifar.org\/ru\/wp-json\/wp\/v2\/pages\/6719\/revisions\/7991"}],"up":[{"embeddable":true,"href":"https:\/\/www.sergelifar.org\/ru\/wp-json\/wp\/v2\/pages\/7159"}],"wp:attachment":[{"href":"https:\/\/www.sergelifar.org\/ru\/wp-json\/wp\/v2\/media?parent=6719"}],"curies":[{"name":"wp","href":"https:\/\/api.w.org\/{rel}","templated":true}]}}