{"id":6715,"date":"2023-02-10T21:07:13","date_gmt":"2023-02-10T21:07:13","guid":{"rendered":"https:\/\/dev2023.sergelifar.org\/%d1%85%d0%be%d1%80%d0%b5%d0%be%d0%b3%d1%80%d0%b0%d1%84%d0%b8%d0%b8\/le-cantique-des-cantiques\/"},"modified":"2024-03-11T11:53:23","modified_gmt":"2024-03-11T10:53:23","slug":"le-cantique-des-cantiques","status":"publish","type":"page","link":"https:\/\/www.sergelifar.org\/ru\/%d1%85%d0%be%d1%80%d0%b5%d0%be%d0%b3%d1%80%d0%b0%d1%84%d0%b8%d0%b8\/autres-ballets\/le-cantique-des-cantiques\/","title":{"rendered":"Le Cantique des cantiques"},"content":{"rendered":"<div id=\"pl-6715\"  class=\"panel-layout\" ><div id=\"pg-6715-0\"  class=\"panel-grid panel-no-style\" ><div id=\"pgc-6715-0-0\"  class=\"panel-grid-cell\" ><div id=\"panel-6715-0-0-0\" class=\"so-panel widget widget_sow-editor panel-first-child panel-last-child\" data-index=\"0\" ><div\n\t\t\t\n\t\t\tclass=\"so-widget-sow-editor so-widget-sow-editor-base\"\n\t\t\t\n\t\t>\n<div class=\"siteorigin-widget-tinymce textwidget\">\n\t<p>Ballet en 2 actes<\/p>\n<p>Premi\u00e8re : le 2 f\u00e9vrier 1938 \u00e0 l\u2019Op\u00e9ra de Paris<\/p>\n<p>Musique&nbsp;: Arthur Honegger<\/p>\n<p>Argument&nbsp;(ou livret) : Gabriel Boissy<\/p>\n<p>D\u00e9cors&nbsp;et costumes&nbsp;: Paul Colin<\/p>\n<p>Direction musicale&nbsp;: Philippe Gaubert<\/p>\n<p>Principaux interpr\u00e8tes : Carina Ari (la Sulamite), Paul Goub\u00e9 (le roi Salomon), Genevi\u00e8ve Kergrist, Serge Lifar (le Berger), Jacqueline Simoni<\/p>\n<p style=\"text-align: center;\">* * * * * * * *<\/p>\n<p>\u00ab Le roi Salomon d\u00e9couvre la beaut\u00e9 de la Sulamite, humble fille des champs, l\u2019arrache quelque temps \u00e0 son rustique destin, mais ne peut emp\u00eacher le berger qu\u2019elle aime de la reprendre pour l\u2019emmener dans la montagne, o\u00f9 elle oubliera les hallucinations et les cauchemars qui l\u2019on terroris\u00e9e dans le palais du souverain. \u00bb<\/p>\n<p><em>Les premi\u00e8res <\/em>par Emile Vuillermoz<em>, <\/em>in<em> Excelsior<\/em>, 4 f\u00e9vrier 1938, p. 6<\/p>\n<p style=\"text-align: center;\">* * * * * * * *<\/p>\n<p><em>\u00ab Cantique des Cantiques<\/em> a \u00e9t\u00e9 compos\u00e9 sur mes propres rythmes et s\u2019apparente donc au cycle d\u2019<em>Icare<\/em> et de <em>David triomphant<\/em>. Sur mes indications, Arthur Honegger a compos\u00e9 une partition pour un orchestre o\u00f9 le quatuor \u00e0 cordes est remplac\u00e9 par les ondes Martenot, des instruments \u00e0 percussion, des ch\u0153urs savamment organis\u00e9s&nbsp;; de l\u2019abondance des \u00ab&nbsp;bruits&nbsp;\u00bb r\u00e9sultait une sonorit\u00e9 tr\u00e8s neuve, \u00e9tonnamment \u00ab&nbsp;chor\u00e9graphique&nbsp;\u00bb&nbsp;: jamais encore la danse n\u2019\u2019avait dispos\u00e9 de cet \u00ab&nbsp;orchestre parfait&nbsp;\u00bb, jamais encore je n\u2019avais observ\u00e9 une telle fusion, un tel accord de la musique et de la danse.<\/p>\n<p><em>Cantique des Cantiques<\/em>, dans sa plastique aussi bien qu\u2019en ses \u00e9l\u00e9ments \u00ab&nbsp;saltatoires&nbsp;\u00bb, est b\u00e2ti sur de violents contrastes. Le style acad\u00e9mique s\u2019y dissimule \u00e0 dessein sous des donn\u00e9es purement individuelles. Ainsi ai-je cru rendre l\u2019\u00e9motion lyrique du r\u00f4le de la Sulamite en opposant les positions ramass\u00e9es du corps, repli\u00e9 sur lui, \u00e0 des gestes amples et longs. De m\u00eame, au second tableau, sur le fond acrobatique des danseurs mont\u00e9s sur des \u00e9chasses, se d\u00e9tache la fluide vision d\u2019un pas de deux r\u00e9gl\u00e9 tr\u00e8s acad\u00e9miquement.<\/p>\n<p>Je pensais unir, dans ce ballet, l\u2019\u00ab&nbsp;arioso&nbsp;\u00bb au \u00ab&nbsp;r\u00e9citatif&nbsp;\u00bb et \u00e0 la plastique de la danse, et cette plastique rythmique et dansante, rythmico-dansante, est, en quelque sorte, le leit-motiv de tout le ballet. Elle caract\u00e9rise, en particulier, le grand th\u00e8me d\u2019amour. De m\u00eame que, dans <em>Tristan<\/em>, le th\u00e8me de la passion plane sur tout le drame, le th\u00e8me chor\u00e9graphique de l\u2019amour est constamment repris dans <em>Cantique des Cantiques<\/em>, toujours le m\u00eame, quoique vari\u00e9.<\/p>\n<p>De tous mes ballets, <em>Cantique des Cantiques<\/em> est peut-\u00eatre le plus riche en r\u00e9citatifs. \u00bb<\/p>\n<p>Serge Lifar, <em>Le livre de la danse<\/em>, Les Editions du Journal Musical Fran\u00e7ais, Paris, 1954 (pp. 161-162)<\/p>\nngg_shortcode_0_placeholder\n<\/div>\n<\/div><\/div><\/div><\/div><\/div>","protected":false},"excerpt":{"rendered":"<p>Ballet en 2 actes Premi\u00e8re : le 2 f\u00e9vrier 1938 \u00e0 l\u2019Op\u00e9ra de Paris Musique&nbsp;: Arthur Honegger Argument&nbsp;(ou livret) : Gabriel Boissy D\u00e9cors&nbsp;et costumes&nbsp;: Paul Colin Direction musicale&nbsp;: Philippe Gaubert Principaux interpr\u00e8tes : Carina Ari (la Sulamite), Paul Goub\u00e9 (le roi Salomon), Genevi\u00e8ve Kergrist, Serge Lifar (le Berger), Jacqueline Simoni * * * * * <\/p>\n","protected":false},"author":2,"featured_media":0,"parent":7159,"menu_order":0,"comment_status":"closed","ping_status":"closed","template":"template-sousmenu.php","meta":{"_acf_changed":false,"ngg_post_thumbnail":0,"footnotes":""},"class_list":["post-6715","page","type-page","status-publish","hentry"],"acf":[],"yoast_head":"<!-- This site is optimized with the Yoast SEO plugin v27.5 - https:\/\/yoast.com\/product\/yoast-seo-wordpress\/ -->\n<title>Le Cantique des cantiques - Serge Lifar<\/title>\n<meta name=\"robots\" content=\"index, follow, max-snippet:-1, max-image-preview:large, max-video-preview:-1\" \/>\n<link rel=\"canonical\" href=\"https:\/\/www.sergelifar.org\/choregraphies\/autres-ballets\/le-cantique-des-cantiques\/\" \/>\n<meta property=\"og:locale\" content=\"ru_RU\" \/>\n<meta property=\"og:type\" content=\"article\" \/>\n<meta property=\"og:title\" content=\"Le Cantique des cantiques - Serge Lifar\" \/>\n<meta property=\"og:description\" content=\"Ballet en 2 actes Premi\u00e8re : le 2 f\u00e9vrier 1938 \u00e0 l\u2019Op\u00e9ra de Paris Musique&nbsp;: Arthur Honegger Argument&nbsp;(ou livret) : Gabriel Boissy D\u00e9cors&nbsp;et costumes&nbsp;: Paul Colin Direction musicale&nbsp;: Philippe Gaubert Principaux interpr\u00e8tes : Carina Ari (la Sulamite), Paul Goub\u00e9 (le roi Salomon), Genevi\u00e8ve Kergrist, Serge Lifar (le Berger), Jacqueline Simoni * * * * *\" \/>\n<meta property=\"og:url\" content=\"https:\/\/www.sergelifar.org\/choregraphies\/autres-ballets\/le-cantique-des-cantiques\/\" \/>\n<meta property=\"og:site_name\" content=\"Serge Lifar\" \/>\n<meta property=\"article:modified_time\" content=\"2024-03-11T10:53:23+00:00\" \/>\n<meta name=\"twitter:card\" content=\"summary_large_image\" \/>\n<meta name=\"twitter:label1\" content=\"\u041f\u0440\u0438\u043c\u0435\u0440\u043d\u043e\u0435 \u0432\u0440\u0435\u043c\u044f \u0434\u043b\u044f \u0447\u0442\u0435\u043d\u0438\u044f\" \/>\n\t<meta name=\"twitter:data1\" content=\"2 \u043c\u0438\u043d\u0443\u0442\u044b\" \/>\n<script type=\"application\/ld+json\" class=\"yoast-schema-graph\">{\"@context\":\"https:\\\/\\\/schema.org\",\"@graph\":[{\"@type\":\"WebPage\",\"@id\":\"https:\\\/\\\/www.sergelifar.org\\\/choregraphies\\\/autres-ballets\\\/le-cantique-des-cantiques\\\/\",\"url\":\"https:\\\/\\\/www.sergelifar.org\\\/choregraphies\\\/autres-ballets\\\/le-cantique-des-cantiques\\\/\",\"name\":\"Le Cantique des cantiques - Serge Lifar\",\"isPartOf\":{\"@id\":\"https:\\\/\\\/dev2023.sergelifar.org\\\/en\\\/#website\"},\"datePublished\":\"2023-02-10T21:07:13+00:00\",\"dateModified\":\"2024-03-11T10:53:23+00:00\",\"breadcrumb\":{\"@id\":\"https:\\\/\\\/www.sergelifar.org\\\/choregraphies\\\/autres-ballets\\\/le-cantique-des-cantiques\\\/#breadcrumb\"},\"inLanguage\":\"ru-RU\",\"potentialAction\":[{\"@type\":\"ReadAction\",\"target\":[\"https:\\\/\\\/www.sergelifar.org\\\/choregraphies\\\/autres-ballets\\\/le-cantique-des-cantiques\\\/\"]}]},{\"@type\":\"BreadcrumbList\",\"@id\":\"https:\\\/\\\/www.sergelifar.org\\\/choregraphies\\\/autres-ballets\\\/le-cantique-des-cantiques\\\/#breadcrumb\",\"itemListElement\":[{\"@type\":\"ListItem\",\"position\":1,\"name\":\"Accueil\",\"item\":\"https:\\\/\\\/www.sergelifar.org\\\/ru\\\/\"},{\"@type\":\"ListItem\",\"position\":2,\"name\":\"\u0425\u043e\u0440\u0435\u043e\u0433\u0440\u0430\u0444\u0438\u0447\u0435\u0441\u043a\u0438\u0435 \u043f\u043e\u0441\u0442\u0430\u043d\u043e\u0432\u043a\u0438\",\"item\":\"https:\\\/\\\/www.sergelifar.org\\\/ru\\\/%d1%85%d0%be%d1%80%d0%b5%d0%be%d0%b3%d1%80%d0%b0%d1%84%d0%b8%d0%b8\\\/\"},{\"@type\":\"ListItem\",\"position\":3,\"name\":\"Autres ballets\",\"item\":\"https:\\\/\\\/www.sergelifar.org\\\/ru\\\/%d1%85%d0%be%d1%80%d0%b5%d0%be%d0%b3%d1%80%d0%b0%d1%84%d0%b8%d0%b8\\\/autres-ballets\\\/\"},{\"@type\":\"ListItem\",\"position\":4,\"name\":\"Le Cantique des cantiques\"}]},{\"@type\":\"WebSite\",\"@id\":\"https:\\\/\\\/dev2023.sergelifar.org\\\/en\\\/#website\",\"url\":\"https:\\\/\\\/dev2023.sergelifar.org\\\/en\\\/\",\"name\":\"Serge Lifar\",\"description\":\"Site officiel de la Fondation Serge Lifar\",\"potentialAction\":[{\"@type\":\"SearchAction\",\"target\":{\"@type\":\"EntryPoint\",\"urlTemplate\":\"https:\\\/\\\/dev2023.sergelifar.org\\\/en\\\/?s={search_term_string}\"},\"query-input\":{\"@type\":\"PropertyValueSpecification\",\"valueRequired\":true,\"valueName\":\"search_term_string\"}}],\"inLanguage\":\"ru-RU\"}]}<\/script>\n<!-- \/ Yoast SEO plugin. -->","yoast_head_json":{"title":"Le Cantique des cantiques - Serge Lifar","robots":{"index":"index","follow":"follow","max-snippet":"max-snippet:-1","max-image-preview":"max-image-preview:large","max-video-preview":"max-video-preview:-1"},"canonical":"https:\/\/www.sergelifar.org\/choregraphies\/autres-ballets\/le-cantique-des-cantiques\/","og_locale":"ru_RU","og_type":"article","og_title":"Le Cantique des cantiques - Serge Lifar","og_description":"Ballet en 2 actes Premi\u00e8re : le 2 f\u00e9vrier 1938 \u00e0 l\u2019Op\u00e9ra de Paris Musique&nbsp;: Arthur Honegger Argument&nbsp;(ou livret) : Gabriel Boissy D\u00e9cors&nbsp;et costumes&nbsp;: Paul Colin Direction musicale&nbsp;: Philippe Gaubert Principaux interpr\u00e8tes : Carina Ari (la Sulamite), Paul Goub\u00e9 (le roi Salomon), Genevi\u00e8ve Kergrist, Serge Lifar (le Berger), Jacqueline Simoni * * * * *","og_url":"https:\/\/www.sergelifar.org\/choregraphies\/autres-ballets\/le-cantique-des-cantiques\/","og_site_name":"Serge Lifar","article_modified_time":"2024-03-11T10:53:23+00:00","twitter_card":"summary_large_image","twitter_misc":{"\u041f\u0440\u0438\u043c\u0435\u0440\u043d\u043e\u0435 \u0432\u0440\u0435\u043c\u044f \u0434\u043b\u044f \u0447\u0442\u0435\u043d\u0438\u044f":"2 \u043c\u0438\u043d\u0443\u0442\u044b"},"schema":{"@context":"https:\/\/schema.org","@graph":[{"@type":"WebPage","@id":"https:\/\/www.sergelifar.org\/choregraphies\/autres-ballets\/le-cantique-des-cantiques\/","url":"https:\/\/www.sergelifar.org\/choregraphies\/autres-ballets\/le-cantique-des-cantiques\/","name":"Le Cantique des cantiques - Serge Lifar","isPartOf":{"@id":"https:\/\/dev2023.sergelifar.org\/en\/#website"},"datePublished":"2023-02-10T21:07:13+00:00","dateModified":"2024-03-11T10:53:23+00:00","breadcrumb":{"@id":"https:\/\/www.sergelifar.org\/choregraphies\/autres-ballets\/le-cantique-des-cantiques\/#breadcrumb"},"inLanguage":"ru-RU","potentialAction":[{"@type":"ReadAction","target":["https:\/\/www.sergelifar.org\/choregraphies\/autres-ballets\/le-cantique-des-cantiques\/"]}]},{"@type":"BreadcrumbList","@id":"https:\/\/www.sergelifar.org\/choregraphies\/autres-ballets\/le-cantique-des-cantiques\/#breadcrumb","itemListElement":[{"@type":"ListItem","position":1,"name":"Accueil","item":"https:\/\/www.sergelifar.org\/ru\/"},{"@type":"ListItem","position":2,"name":"\u0425\u043e\u0440\u0435\u043e\u0433\u0440\u0430\u0444\u0438\u0447\u0435\u0441\u043a\u0438\u0435 \u043f\u043e\u0441\u0442\u0430\u043d\u043e\u0432\u043a\u0438","item":"https:\/\/www.sergelifar.org\/ru\/%d1%85%d0%be%d1%80%d0%b5%d0%be%d0%b3%d1%80%d0%b0%d1%84%d0%b8%d0%b8\/"},{"@type":"ListItem","position":3,"name":"Autres ballets","item":"https:\/\/www.sergelifar.org\/ru\/%d1%85%d0%be%d1%80%d0%b5%d0%be%d0%b3%d1%80%d0%b0%d1%84%d0%b8%d0%b8\/autres-ballets\/"},{"@type":"ListItem","position":4,"name":"Le Cantique des cantiques"}]},{"@type":"WebSite","@id":"https:\/\/dev2023.sergelifar.org\/en\/#website","url":"https:\/\/dev2023.sergelifar.org\/en\/","name":"Serge Lifar","description":"Site officiel de la Fondation Serge Lifar","potentialAction":[{"@type":"SearchAction","target":{"@type":"EntryPoint","urlTemplate":"https:\/\/dev2023.sergelifar.org\/en\/?s={search_term_string}"},"query-input":{"@type":"PropertyValueSpecification","valueRequired":true,"valueName":"search_term_string"}}],"inLanguage":"ru-RU"}]}},"_links":{"self":[{"href":"https:\/\/www.sergelifar.org\/ru\/wp-json\/wp\/v2\/pages\/6715","targetHints":{"allow":["GET"]}}],"collection":[{"href":"https:\/\/www.sergelifar.org\/ru\/wp-json\/wp\/v2\/pages"}],"about":[{"href":"https:\/\/www.sergelifar.org\/ru\/wp-json\/wp\/v2\/types\/page"}],"author":[{"embeddable":true,"href":"https:\/\/www.sergelifar.org\/ru\/wp-json\/wp\/v2\/users\/2"}],"replies":[{"embeddable":true,"href":"https:\/\/www.sergelifar.org\/ru\/wp-json\/wp\/v2\/comments?post=6715"}],"version-history":[{"count":3,"href":"https:\/\/www.sergelifar.org\/ru\/wp-json\/wp\/v2\/pages\/6715\/revisions"}],"predecessor-version":[{"id":7123,"href":"https:\/\/www.sergelifar.org\/ru\/wp-json\/wp\/v2\/pages\/6715\/revisions\/7123"}],"up":[{"embeddable":true,"href":"https:\/\/www.sergelifar.org\/ru\/wp-json\/wp\/v2\/pages\/7159"}],"wp:attachment":[{"href":"https:\/\/www.sergelifar.org\/ru\/wp-json\/wp\/v2\/media?parent=6715"}],"curies":[{"name":"wp","href":"https:\/\/api.w.org\/{rel}","templated":true}]}}