{"id":6707,"date":"2023-02-12T14:39:37","date_gmt":"2023-02-12T14:39:37","guid":{"rendered":"https:\/\/dev2023.sergelifar.org\/%d1%85%d0%be%d1%80%d0%b5%d0%be%d0%b3%d1%80%d0%b0%d1%84%d0%b8%d0%b8\/istar\/"},"modified":"2025-06-02T15:41:44","modified_gmt":"2025-06-02T13:41:44","slug":"istar","status":"publish","type":"page","link":"https:\/\/www.sergelifar.org\/ru\/%d1%85%d0%be%d1%80%d0%b5%d0%be%d0%b3%d1%80%d0%b0%d1%84%d0%b8%d0%b8\/principaux-ballets\/istar\/","title":{"rendered":"Istar"},"content":{"rendered":"<div id=\"pl-6707\"  class=\"panel-layout\" ><div id=\"pg-6707-0\"  class=\"panel-grid panel-no-style\" ><div id=\"pgc-6707-0-0\"  class=\"panel-grid-cell\" ><div id=\"panel-6707-0-0-0\" class=\"so-panel widget widget_sow-editor panel-first-child panel-last-child\" data-index=\"0\" ><div\n\t\t\t\n\t\t\tclass=\"so-widget-sow-editor so-widget-sow-editor-base\"\n\t\t\t\n\t\t>\n<div class=\"siteorigin-widget-tinymce textwidget\">\n\t<p>Po\u00e8me dans\u00e9 en 1 acte<\/p>\n<p>Premi\u00e8re : le 31 d\u00e9cembre 1941 \u00e0 l\u2019Op\u00e9ra de Paris<\/p>\n<p>Musique&nbsp;: Vincent d\u2019Indy<\/p>\n<p>D\u00e9cors&nbsp;et costumes&nbsp;: L\u00e9on Bakst<\/p>\n<p>Direction musicale&nbsp;: Louis Fourestier<\/p>\n<p>Principaux interpr\u00e8tes : Yvette Chauvir\u00e9 (Istar), Serge Lifar (le Fils de la Vie)<\/p>\n<p style=\"text-align: center;\">* * * * * * * *<\/p>\n<p>\u00ab&nbsp;Un solo ininterrompu d\u2019un quart d\u2019heure, extr\u00eamement difficile, a d\u00e9finitivement consacr\u00e9 Yvette Chauvir\u00e9.&nbsp;\u00bb<\/p>\n<p><em>Dictionnaire du ballet moderne<\/em>, Fernand Hazan, Paris, 1957<\/p>\n<p style=\"text-align: center;\">* * * * * * * *<\/p>\n<p>A l\u2019origine variations symphoniques opus 42, cr\u00e9\u00e9es \u00e0&nbsp;Bruxelles&nbsp;le&nbsp;10&nbsp;janvier&nbsp;1897, \u00e0 l'occasion de l'inauguration de la \u00ab&nbsp;Soci\u00e9t\u00e9 des Concerts Ysa\u00ffe&nbsp;\u00bb sous la direction d'Eug\u00e8ne Ysa\u00ffe, d\u00e9dicataire de l'\u0153uvre. Argument de L\u00e9on Bakst. Musique de Vincent d\u2019Indy. Chor\u00e9graphie d\u2019Yvan Clustine. D\u00e9cor et costumes de Georges Desvalli\u00e8res.<\/p>\n<p>Cr\u00e9ation au Th\u00e9\u00e2tre du Ch\u00e2telet, 22.4.1912, par la Compagnie de Natalia Trouhanova. Orchestre Lamoureux dirig\u00e9 par le Compositeur.<\/p>\n<p>Nouvelle version, chor\u00e9graphie de L\u00e9o Staats. D\u00e9cor et costumes de L\u00e9on Bakst. Cr\u00e9ation Palais Garnier, 10. 7. 1924. Direction musicale Philippe Gaubert.<\/p>\n<p>Derni\u00e8re repr\u00e9sentation par le Ballet de l\u2019Op\u00e9ra de Paris, Hommage \u00e0 Yvette Chauvir\u00e9, Palais Garnier, 10. 2. 1998<\/p>\n<p>&nbsp;<\/p>\n<p>\u00ab Un beau jour de 1941, une p\u00e9riode pendant laquelle je n'avais pas grand-chose d'int\u00e9ressant \u00e0 danser \u00e0 l'Op\u00e9ra, je vois affich\u00e9 au tableau de service: <em>Istar<\/em>, r\u00e9p\u00e9tition au foyer de la danse, Serge Lifar et Yvette Chauvir\u00e9. Aussi surprise qu'excit\u00e9e, \u00e0 peine rentr\u00e9e chez moi, je me pr\u00e9cipite sur un dictionnaire pour voir qui \u00e9tait <em>Istar<\/em>. [...] Je me suis \u00e9galement renseign\u00e9e sur la partition de Vincent d'Indy, puisque le ballet avait \u00e9t\u00e9 cr\u00e9\u00e9 \u00e0 l'Op\u00e9ra par Ida Rubinstein en 1924, dans une chor\u00e9graphie de L\u00e9o Staats et des d\u00e9cors de Bakst. Naturellement, Lifar allait cr\u00e9er une nouvelle chor\u00e9graphie, mais dans les d\u00e9cors originaux. [...]&nbsp;<\/p>\n<p>Il y avait sept <em>variations<\/em>, une par porte, et je n'avais pas l'habitude d'encha\u00eener ainsi, mais avec l'entra\u00eenement acquis chez Kniassef, j'y parvenais. Et puis un jour, il a d\u00e9clar\u00e9: \u00ab Bon, maintenant, vous allez tout faire depuis le d\u00e9but. Vous allez crever, mais il faut le faire \u00bb. Epuisant, en effet, mais quel enchantement ! Et aussi quelle satisfaction de constater que tout mon travail personnel et parall\u00e8le \u00e0 celui de l'Op\u00e9ra portait ses fruits, que j'avais acquis une r\u00e9sistance qui ne m'\u00e9tait pas vraiment naturelle au d\u00e9but. [...] Le ballet a eu un tr\u00e8s grand succ\u00e8s. C'\u00e9tait une double r\u00e9v\u00e9lation, celle de la chor\u00e9graphie de Lifar, puissante, hardie, et celle de mes propres possibilit\u00e9s que personne ne connaissait encore vraiment, m\u00eame si la presse et un certain nombre d'habitu\u00e9s s'\u00e9tonnaient qu'on ne me fasse davantage confiance. J'avais un plaisir immense \u00e0 danser cette chor\u00e9graphie, tr\u00e8s forte, tr\u00e8s dessin\u00e9e dans l'espace. Et puis, Lifar lui-m\u00eame dansait le <em>Fils de la Vie<\/em> et c'\u00e9tait tr\u00e8s flatteur pour moi. Il \u00e9tait extr\u00eamement beau \u00e0 regarder et sa grande gentillesse m'avait vraiment mise \u00e0 l'aise. \u00bb<\/p>\n<p>Yvette Chauvir\u00e9, <em>Autobiographie<\/em>, Editions Le Quai, Strasbourg, 1997, pp. 43-45<\/p>\nngg_shortcode_0_placeholder\n<\/div>\n<\/div><\/div><\/div><\/div><\/div>","protected":false},"excerpt":{"rendered":"<p>Po\u00e8me dans\u00e9 en 1 acte Premi\u00e8re : le 31 d\u00e9cembre 1941 \u00e0 l\u2019Op\u00e9ra de Paris Musique&nbsp;: Vincent d\u2019Indy D\u00e9cors&nbsp;et costumes&nbsp;: L\u00e9on Bakst Direction musicale&nbsp;: Louis Fourestier Principaux interpr\u00e8tes : Yvette Chauvir\u00e9 (Istar), Serge Lifar (le Fils de la Vie) * * * * * * * * \u00ab&nbsp;Un solo ininterrompu d\u2019un quart d\u2019heure, extr\u00eamement difficile, <\/p>\n","protected":false},"author":2,"featured_media":0,"parent":7161,"menu_order":6,"comment_status":"closed","ping_status":"closed","template":"template-sousmenu.php","meta":{"_acf_changed":false,"ngg_post_thumbnail":0,"footnotes":""},"class_list":["post-6707","page","type-page","status-publish","hentry"],"acf":[],"yoast_head":"<!-- This site is optimized with the Yoast SEO plugin v27.3 - https:\/\/yoast.com\/product\/yoast-seo-wordpress\/ -->\n<title>Istar - Serge Lifar<\/title>\n<meta name=\"robots\" content=\"index, follow, max-snippet:-1, max-image-preview:large, max-video-preview:-1\" \/>\n<link rel=\"canonical\" href=\"https:\/\/www.sergelifar.org\/ru\/\u0445\u043e\u0440\u0435\u043e\u0433\u0440\u0430\u0444\u0438\u0438\/principaux-ballets\/istar\/\" \/>\n<meta property=\"og:locale\" content=\"ru_RU\" \/>\n<meta property=\"og:type\" content=\"article\" \/>\n<meta property=\"og:title\" content=\"Istar - Serge Lifar\" \/>\n<meta property=\"og:description\" content=\"Po\u00e8me dans\u00e9 en 1 acte Premi\u00e8re : le 31 d\u00e9cembre 1941 \u00e0 l\u2019Op\u00e9ra de Paris Musique&nbsp;: Vincent d\u2019Indy D\u00e9cors&nbsp;et costumes&nbsp;: L\u00e9on Bakst Direction musicale&nbsp;: Louis Fourestier Principaux interpr\u00e8tes : Yvette Chauvir\u00e9 (Istar), Serge Lifar (le Fils de la Vie) * * * * * * * * \u00ab&nbsp;Un solo ininterrompu d\u2019un quart d\u2019heure, extr\u00eamement difficile,\" \/>\n<meta property=\"og:url\" content=\"https:\/\/www.sergelifar.org\/ru\/\u0445\u043e\u0440\u0435\u043e\u0433\u0440\u0430\u0444\u0438\u0438\/principaux-ballets\/istar\/\" \/>\n<meta property=\"og:site_name\" content=\"Serge Lifar\" \/>\n<meta property=\"article:modified_time\" content=\"2025-06-02T13:41:44+00:00\" \/>\n<meta name=\"twitter:card\" content=\"summary_large_image\" \/>\n<meta name=\"twitter:label1\" content=\"\u041f\u0440\u0438\u043c\u0435\u0440\u043d\u043e\u0435 \u0432\u0440\u0435\u043c\u044f \u0434\u043b\u044f \u0447\u0442\u0435\u043d\u0438\u044f\" \/>\n\t<meta name=\"twitter:data1\" content=\"3 \u043c\u0438\u043d\u0443\u0442\u044b\" \/>\n<script type=\"application\/ld+json\" class=\"yoast-schema-graph\">{\"@context\":\"https:\\\/\\\/schema.org\",\"@graph\":[{\"@type\":\"WebPage\",\"@id\":\"https:\\\/\\\/www.sergelifar.org\\\/ru\\\/%d1%85%d0%be%d1%80%d0%b5%d0%be%d0%b3%d1%80%d0%b0%d1%84%d0%b8%d0%b8\\\/principaux-ballets\\\/istar\\\/\",\"url\":\"https:\\\/\\\/www.sergelifar.org\\\/ru\\\/%d1%85%d0%be%d1%80%d0%b5%d0%be%d0%b3%d1%80%d0%b0%d1%84%d0%b8%d0%b8\\\/principaux-ballets\\\/istar\\\/\",\"name\":\"Istar - Serge Lifar\",\"isPartOf\":{\"@id\":\"https:\\\/\\\/dev2023.sergelifar.org\\\/en\\\/#website\"},\"datePublished\":\"2023-02-12T14:39:37+00:00\",\"dateModified\":\"2025-06-02T13:41:44+00:00\",\"breadcrumb\":{\"@id\":\"https:\\\/\\\/www.sergelifar.org\\\/ru\\\/%d1%85%d0%be%d1%80%d0%b5%d0%be%d0%b3%d1%80%d0%b0%d1%84%d0%b8%d0%b8\\\/principaux-ballets\\\/istar\\\/#breadcrumb\"},\"inLanguage\":\"ru-RU\",\"potentialAction\":[{\"@type\":\"ReadAction\",\"target\":[\"https:\\\/\\\/www.sergelifar.org\\\/ru\\\/%d1%85%d0%be%d1%80%d0%b5%d0%be%d0%b3%d1%80%d0%b0%d1%84%d0%b8%d0%b8\\\/principaux-ballets\\\/istar\\\/\"]}]},{\"@type\":\"BreadcrumbList\",\"@id\":\"https:\\\/\\\/www.sergelifar.org\\\/ru\\\/%d1%85%d0%be%d1%80%d0%b5%d0%be%d0%b3%d1%80%d0%b0%d1%84%d0%b8%d0%b8\\\/principaux-ballets\\\/istar\\\/#breadcrumb\",\"itemListElement\":[{\"@type\":\"ListItem\",\"position\":1,\"name\":\"Accueil\",\"item\":\"https:\\\/\\\/www.sergelifar.org\\\/ru\\\/\"},{\"@type\":\"ListItem\",\"position\":2,\"name\":\"\u0425\u043e\u0440\u0435\u043e\u0433\u0440\u0430\u0444\u0438\u0447\u0435\u0441\u043a\u0438\u0435 \u043f\u043e\u0441\u0442\u0430\u043d\u043e\u0432\u043a\u0438\",\"item\":\"https:\\\/\\\/www.sergelifar.org\\\/ru\\\/%d1%85%d0%be%d1%80%d0%b5%d0%be%d0%b3%d1%80%d0%b0%d1%84%d0%b8%d0%b8\\\/\"},{\"@type\":\"ListItem\",\"position\":3,\"name\":\"Principaux ballets\",\"item\":\"https:\\\/\\\/www.sergelifar.org\\\/ru\\\/%d1%85%d0%be%d1%80%d0%b5%d0%be%d0%b3%d1%80%d0%b0%d1%84%d0%b8%d0%b8\\\/principaux-ballets\\\/\"},{\"@type\":\"ListItem\",\"position\":4,\"name\":\"Istar\"}]},{\"@type\":\"WebSite\",\"@id\":\"https:\\\/\\\/dev2023.sergelifar.org\\\/en\\\/#website\",\"url\":\"https:\\\/\\\/dev2023.sergelifar.org\\\/en\\\/\",\"name\":\"Serge Lifar\",\"description\":\"Site officiel de la Fondation Serge Lifar\",\"potentialAction\":[{\"@type\":\"SearchAction\",\"target\":{\"@type\":\"EntryPoint\",\"urlTemplate\":\"https:\\\/\\\/dev2023.sergelifar.org\\\/en\\\/?s={search_term_string}\"},\"query-input\":{\"@type\":\"PropertyValueSpecification\",\"valueRequired\":true,\"valueName\":\"search_term_string\"}}],\"inLanguage\":\"ru-RU\"}]}<\/script>\n<!-- \/ Yoast SEO plugin. -->","yoast_head_json":{"title":"Istar - Serge Lifar","robots":{"index":"index","follow":"follow","max-snippet":"max-snippet:-1","max-image-preview":"max-image-preview:large","max-video-preview":"max-video-preview:-1"},"canonical":"https:\/\/www.sergelifar.org\/ru\/\u0445\u043e\u0440\u0435\u043e\u0433\u0440\u0430\u0444\u0438\u0438\/principaux-ballets\/istar\/","og_locale":"ru_RU","og_type":"article","og_title":"Istar - Serge Lifar","og_description":"Po\u00e8me dans\u00e9 en 1 acte Premi\u00e8re : le 31 d\u00e9cembre 1941 \u00e0 l\u2019Op\u00e9ra de Paris Musique&nbsp;: Vincent d\u2019Indy D\u00e9cors&nbsp;et costumes&nbsp;: L\u00e9on Bakst Direction musicale&nbsp;: Louis Fourestier Principaux interpr\u00e8tes : Yvette Chauvir\u00e9 (Istar), Serge Lifar (le Fils de la Vie) * * * * * * * * \u00ab&nbsp;Un solo ininterrompu d\u2019un quart d\u2019heure, extr\u00eamement difficile,","og_url":"https:\/\/www.sergelifar.org\/ru\/\u0445\u043e\u0440\u0435\u043e\u0433\u0440\u0430\u0444\u0438\u0438\/principaux-ballets\/istar\/","og_site_name":"Serge Lifar","article_modified_time":"2025-06-02T13:41:44+00:00","twitter_card":"summary_large_image","twitter_misc":{"\u041f\u0440\u0438\u043c\u0435\u0440\u043d\u043e\u0435 \u0432\u0440\u0435\u043c\u044f \u0434\u043b\u044f \u0447\u0442\u0435\u043d\u0438\u044f":"3 \u043c\u0438\u043d\u0443\u0442\u044b"},"schema":{"@context":"https:\/\/schema.org","@graph":[{"@type":"WebPage","@id":"https:\/\/www.sergelifar.org\/ru\/%d1%85%d0%be%d1%80%d0%b5%d0%be%d0%b3%d1%80%d0%b0%d1%84%d0%b8%d0%b8\/principaux-ballets\/istar\/","url":"https:\/\/www.sergelifar.org\/ru\/%d1%85%d0%be%d1%80%d0%b5%d0%be%d0%b3%d1%80%d0%b0%d1%84%d0%b8%d0%b8\/principaux-ballets\/istar\/","name":"Istar - Serge Lifar","isPartOf":{"@id":"https:\/\/dev2023.sergelifar.org\/en\/#website"},"datePublished":"2023-02-12T14:39:37+00:00","dateModified":"2025-06-02T13:41:44+00:00","breadcrumb":{"@id":"https:\/\/www.sergelifar.org\/ru\/%d1%85%d0%be%d1%80%d0%b5%d0%be%d0%b3%d1%80%d0%b0%d1%84%d0%b8%d0%b8\/principaux-ballets\/istar\/#breadcrumb"},"inLanguage":"ru-RU","potentialAction":[{"@type":"ReadAction","target":["https:\/\/www.sergelifar.org\/ru\/%d1%85%d0%be%d1%80%d0%b5%d0%be%d0%b3%d1%80%d0%b0%d1%84%d0%b8%d0%b8\/principaux-ballets\/istar\/"]}]},{"@type":"BreadcrumbList","@id":"https:\/\/www.sergelifar.org\/ru\/%d1%85%d0%be%d1%80%d0%b5%d0%be%d0%b3%d1%80%d0%b0%d1%84%d0%b8%d0%b8\/principaux-ballets\/istar\/#breadcrumb","itemListElement":[{"@type":"ListItem","position":1,"name":"Accueil","item":"https:\/\/www.sergelifar.org\/ru\/"},{"@type":"ListItem","position":2,"name":"\u0425\u043e\u0440\u0435\u043e\u0433\u0440\u0430\u0444\u0438\u0447\u0435\u0441\u043a\u0438\u0435 \u043f\u043e\u0441\u0442\u0430\u043d\u043e\u0432\u043a\u0438","item":"https:\/\/www.sergelifar.org\/ru\/%d1%85%d0%be%d1%80%d0%b5%d0%be%d0%b3%d1%80%d0%b0%d1%84%d0%b8%d0%b8\/"},{"@type":"ListItem","position":3,"name":"Principaux ballets","item":"https:\/\/www.sergelifar.org\/ru\/%d1%85%d0%be%d1%80%d0%b5%d0%be%d0%b3%d1%80%d0%b0%d1%84%d0%b8%d0%b8\/principaux-ballets\/"},{"@type":"ListItem","position":4,"name":"Istar"}]},{"@type":"WebSite","@id":"https:\/\/dev2023.sergelifar.org\/en\/#website","url":"https:\/\/dev2023.sergelifar.org\/en\/","name":"Serge Lifar","description":"Site officiel de la Fondation Serge Lifar","potentialAction":[{"@type":"SearchAction","target":{"@type":"EntryPoint","urlTemplate":"https:\/\/dev2023.sergelifar.org\/en\/?s={search_term_string}"},"query-input":{"@type":"PropertyValueSpecification","valueRequired":true,"valueName":"search_term_string"}}],"inLanguage":"ru-RU"}]}},"_links":{"self":[{"href":"https:\/\/www.sergelifar.org\/ru\/wp-json\/wp\/v2\/pages\/6707","targetHints":{"allow":["GET"]}}],"collection":[{"href":"https:\/\/www.sergelifar.org\/ru\/wp-json\/wp\/v2\/pages"}],"about":[{"href":"https:\/\/www.sergelifar.org\/ru\/wp-json\/wp\/v2\/types\/page"}],"author":[{"embeddable":true,"href":"https:\/\/www.sergelifar.org\/ru\/wp-json\/wp\/v2\/users\/2"}],"replies":[{"embeddable":true,"href":"https:\/\/www.sergelifar.org\/ru\/wp-json\/wp\/v2\/comments?post=6707"}],"version-history":[{"count":5,"href":"https:\/\/www.sergelifar.org\/ru\/wp-json\/wp\/v2\/pages\/6707\/revisions"}],"predecessor-version":[{"id":8167,"href":"https:\/\/www.sergelifar.org\/ru\/wp-json\/wp\/v2\/pages\/6707\/revisions\/8167"}],"up":[{"embeddable":true,"href":"https:\/\/www.sergelifar.org\/ru\/wp-json\/wp\/v2\/pages\/7161"}],"wp:attachment":[{"href":"https:\/\/www.sergelifar.org\/ru\/wp-json\/wp\/v2\/media?parent=6707"}],"curies":[{"name":"wp","href":"https:\/\/api.w.org\/{rel}","templated":true}]}}