{"id":6705,"date":"2023-02-12T14:45:39","date_gmt":"2023-02-12T14:45:39","guid":{"rendered":"https:\/\/dev2023.sergelifar.org\/%d1%85%d0%be%d1%80%d0%b5%d0%be%d0%b3%d1%80%d0%b0%d1%84%d0%b8%d0%b8\/bolero\/"},"modified":"2024-03-11T11:52:08","modified_gmt":"2024-03-11T10:52:08","slug":"bolero","status":"publish","type":"page","link":"https:\/\/www.sergelifar.org\/ru\/%d1%85%d0%be%d1%80%d0%b5%d0%be%d0%b3%d1%80%d0%b0%d1%84%d0%b8%d0%b8\/autres-ballets\/bolero\/","title":{"rendered":"Bol\u00e9ro"},"content":{"rendered":"<div id=\"pl-6705\"  class=\"panel-layout\" ><div id=\"pg-6705-0\"  class=\"panel-grid panel-no-style\" ><div id=\"pgc-6705-0-0\"  class=\"panel-grid-cell\" ><div id=\"panel-6705-0-0-0\" class=\"so-panel widget widget_sow-editor panel-first-child panel-last-child\" data-index=\"0\" ><div\n\t\t\t\n\t\t\tclass=\"so-widget-sow-editor so-widget-sow-editor-base\"\n\t\t\t\n\t\t>\n<div class=\"siteorigin-widget-tinymce textwidget\">\n\t<p>Ballet en 1 acte<\/p>\n<p>Premi\u00e8re : le 31 d\u00e9cembre 1941 \u00e0 l\u2019Op\u00e9ra de Paris<\/p>\n<p>Musique&nbsp;: Maurice Ravel<\/p>\n<p>Argument&nbsp;(ou livret) : Serge Lifar et L\u00e9on Leyritz<\/p>\n<p>D\u00e9cors&nbsp;et costumes&nbsp;: L\u00e9on Leyritz<\/p>\n<p>Direction musicale&nbsp;: Louis Fourestier<\/p>\n<p>Principaux interpr\u00e8tes : Serge Lifar (le Torero), Suzanne Lorcia (Maril\u00e8na), Serge Peretti (Spontano)<\/p>\n<p style=\"text-align: center;\">* * * * * * * *<\/p>\n<p>\u00ab<em> Bol\u00e9ro<\/em>, d\u2019apr\u00e8s la musique de Maurice Ravel, avait \u00e9t\u00e9 un des spectacles les plus r\u00e9ussis des Ballets d\u2019Ida Rubinstein. Dans un d\u00e9cor sombre de taverne espagnole, la gitane (Ida Rubinstein) se mouvait sur la table, autour de laquelle \u00e9taient assis des convives dont on ne distinguait que les t\u00eates tr\u00e8s expressives.<\/p>\n<p>Lifar, le r\u00e9glant \u00e0 la fin 1941, modifia le sc\u00e9nario qu\u2019il rapprocha de celui de <em>Carmen<\/em>, mais en lui conf\u00e9rant une signification toute diff\u00e9rente.<\/p>\n<p>Sur une place publique, lieu de f\u00eates et de concours, un tor\u00e9ador livrait un combat \u00e0 un taureau imaginaire. S\u00e9duite par son jeu, une belle Espagnole (Suzanne Lorcia) exprimait son amour dans un pas de deux, bas\u00e9 sur des mouvements folkloriques. Puis, entra\u00een\u00e9e par un autre admirateur spontan\u00e9 (Serge Peretti), elle partait laissant le torero d\u00e9sol\u00e9. Il jouait alors une autre corrida, o\u00f9 il ratait son coup et s\u2019affaissait comme s\u2019il avait \u00e9t\u00e9 r\u00e9ellement frapp\u00e9 \u00e0 mort par le taureau, tandis que la foule ne lui pr\u00eatait aucune attention. Tout se passait comme dans un r\u00eave, d\u2019abord heureux, puis tragique.<\/p>\n<p>L\u2019existence glorieuse et terrible du vrai tor\u00e9ador est difficile \u00e0 repr\u00e9senter sur sc\u00e8ne, car le d\u00e9fi \u00e0 la Mort y tient la place principale. La tauromachie n\u2019est pas seulement un art, c\u2019est un v\u00e9ritable combat, dont l\u2019enjeu chaque fois est la vie. Avant d\u2019entrer dans l\u2019ar\u00e8ne, le torero va \u00e0 la chapelle et s\u2019agenouille devant la madone, implorant sa protection.<\/p>\n<p>Les tor\u00e9adors de la nouvelle \u00e9cole se jouent du danger en tournant le dos au taureau, en se mettant sur le genou, ou en ex\u00e9cutant quelque autre mouvement audacieux qui soul\u00e8ve souvent l\u2019indignation des fervents de la tauromachie classique et sobre. Le matador, dernier descendant des jeux du cirque antique, n\u2019existe dans toute sa puret\u00e9 qu\u2019en Espagne. N\u2019ayant d\u2019autre arme que son \u00e9p\u00e9e, son audace et son intelligence, il affronte la b\u00eate qui repr\u00e9sente pour lui la Mort, et f\u00eate sa victoire ou tombe sans remords. Ce personnage, si simple et si extraordinaire, a toujours hant\u00e9 l\u2019imagination des dramaturges, des librettistes, des cin\u00e9astes, mais les feux de la rampe lui enl\u00e8vent sa raison d\u2019\u00eatre&nbsp;: la rencontre avec la mort r\u00e9elle, et le transforment en un fat, un pr\u00e9tentieux, un s\u00e9ducteur de femmes, acclam\u00e9 par la foule, tel que nous le pr\u00e9sente l\u2019op\u00e9ra de Bizet.<\/p>\n<p>Guid\u00e9 par son intuition artistique, Lifar sentit le danger de cette confrontation, et il trouva la solution du probl\u00e8me. Son torero n\u2019affectait jamais de l\u2019\u00eatre r\u00e9ellement&nbsp;: c\u2019\u00e9tait un po\u00e8te, un amoureux qui mimait des combats tant\u00f4t triomphants, tant\u00f4t mortels, uniquement en imagination, et qui mourait solitaire, recevant un coup de gr\u00e2ce de son amour d\u00e9chu.<\/p>\n<p>Il s\u2019agissait d\u2019un combat int\u00e9rieur qui se livrait dans l\u2019\u00e2me du personnage. Et la foule, qui de tout temps est indiff\u00e9rente envers les po\u00e8tes, passait devant cet homme prostern\u00e9, sans se rendre compte que, tout en \u00e9tant apparemment indemne, il venait de recevoir un coup, dont peut-\u00eatre il ne se rel\u00e8verait plus. <em>Bol\u00e9ro<\/em> fut repr\u00e9sent\u00e9 dans la nouvelle version de Lifar pour la premi\u00e8re fois avec <em>Istar<\/em>. \u00bb<\/p>\n<p><em>Serge Lifar r\u00e9novateur du ballet fran\u00e7ais<\/em> par Jean Laurent et Julie Sazonova, Buchet\/Chastel Corr\u00eaa, Paris, 1960 (pp. 133-134)<\/p>\nngg_shortcode_0_placeholder\n<h4>&nbsp;<\/h4>\n<p>&nbsp;<\/p>\n<p>&nbsp;<\/p>\n<\/div>\n<\/div><\/div><\/div><\/div><\/div>","protected":false},"excerpt":{"rendered":"<p>Ballet en 1 acte Premi\u00e8re : le 31 d\u00e9cembre 1941 \u00e0 l\u2019Op\u00e9ra de Paris Musique&nbsp;: Maurice Ravel Argument&nbsp;(ou livret) : Serge Lifar et L\u00e9on Leyritz D\u00e9cors&nbsp;et costumes&nbsp;: L\u00e9on Leyritz Direction musicale&nbsp;: Louis Fourestier Principaux interpr\u00e8tes : Serge Lifar (le Torero), Suzanne Lorcia (Maril\u00e8na), Serge Peretti (Spontano) * * * * * * * * \u00ab <\/p>\n","protected":false},"author":2,"featured_media":0,"parent":7159,"menu_order":0,"comment_status":"closed","ping_status":"closed","template":"template-sousmenu.php","meta":{"_acf_changed":false,"ngg_post_thumbnail":0,"footnotes":""},"class_list":["post-6705","page","type-page","status-publish","hentry"],"acf":[],"yoast_head":"<!-- This site is optimized with the Yoast SEO plugin v27.5 - https:\/\/yoast.com\/product\/yoast-seo-wordpress\/ -->\n<title>Bol\u00e9ro - Serge Lifar<\/title>\n<meta name=\"robots\" content=\"index, follow, max-snippet:-1, max-image-preview:large, max-video-preview:-1\" \/>\n<link rel=\"canonical\" href=\"https:\/\/www.sergelifar.org\/choregraphies\/autres-ballets\/bolero\/\" \/>\n<meta property=\"og:locale\" content=\"ru_RU\" \/>\n<meta property=\"og:type\" content=\"article\" \/>\n<meta property=\"og:title\" content=\"Bol\u00e9ro - Serge Lifar\" \/>\n<meta property=\"og:description\" content=\"Ballet en 1 acte Premi\u00e8re : le 31 d\u00e9cembre 1941 \u00e0 l\u2019Op\u00e9ra de Paris Musique&nbsp;: Maurice Ravel Argument&nbsp;(ou livret) : Serge Lifar et L\u00e9on Leyritz D\u00e9cors&nbsp;et costumes&nbsp;: L\u00e9on Leyritz Direction musicale&nbsp;: Louis Fourestier Principaux interpr\u00e8tes : Serge Lifar (le Torero), Suzanne Lorcia (Maril\u00e8na), Serge Peretti (Spontano) * * * * * * * * \u00ab\" \/>\n<meta property=\"og:url\" content=\"https:\/\/www.sergelifar.org\/choregraphies\/autres-ballets\/bolero\/\" \/>\n<meta property=\"og:site_name\" content=\"Serge Lifar\" \/>\n<meta property=\"article:modified_time\" content=\"2024-03-11T10:52:08+00:00\" \/>\n<meta name=\"twitter:card\" content=\"summary_large_image\" \/>\n<meta name=\"twitter:label1\" content=\"\u041f\u0440\u0438\u043c\u0435\u0440\u043d\u043e\u0435 \u0432\u0440\u0435\u043c\u044f \u0434\u043b\u044f \u0447\u0442\u0435\u043d\u0438\u044f\" \/>\n\t<meta name=\"twitter:data1\" content=\"3 \u043c\u0438\u043d\u0443\u0442\u044b\" \/>\n<script type=\"application\/ld+json\" class=\"yoast-schema-graph\">{\"@context\":\"https:\\\/\\\/schema.org\",\"@graph\":[{\"@type\":\"WebPage\",\"@id\":\"https:\\\/\\\/www.sergelifar.org\\\/choregraphies\\\/autres-ballets\\\/bolero\\\/\",\"url\":\"https:\\\/\\\/www.sergelifar.org\\\/choregraphies\\\/autres-ballets\\\/bolero\\\/\",\"name\":\"Bol\u00e9ro - Serge Lifar\",\"isPartOf\":{\"@id\":\"https:\\\/\\\/dev2023.sergelifar.org\\\/en\\\/#website\"},\"datePublished\":\"2023-02-12T14:45:39+00:00\",\"dateModified\":\"2024-03-11T10:52:08+00:00\",\"breadcrumb\":{\"@id\":\"https:\\\/\\\/www.sergelifar.org\\\/choregraphies\\\/autres-ballets\\\/bolero\\\/#breadcrumb\"},\"inLanguage\":\"ru-RU\",\"potentialAction\":[{\"@type\":\"ReadAction\",\"target\":[\"https:\\\/\\\/www.sergelifar.org\\\/choregraphies\\\/autres-ballets\\\/bolero\\\/\"]}]},{\"@type\":\"BreadcrumbList\",\"@id\":\"https:\\\/\\\/www.sergelifar.org\\\/choregraphies\\\/autres-ballets\\\/bolero\\\/#breadcrumb\",\"itemListElement\":[{\"@type\":\"ListItem\",\"position\":1,\"name\":\"Accueil\",\"item\":\"https:\\\/\\\/www.sergelifar.org\\\/ru\\\/\"},{\"@type\":\"ListItem\",\"position\":2,\"name\":\"\u0425\u043e\u0440\u0435\u043e\u0433\u0440\u0430\u0444\u0438\u0447\u0435\u0441\u043a\u0438\u0435 \u043f\u043e\u0441\u0442\u0430\u043d\u043e\u0432\u043a\u0438\",\"item\":\"https:\\\/\\\/www.sergelifar.org\\\/ru\\\/%d1%85%d0%be%d1%80%d0%b5%d0%be%d0%b3%d1%80%d0%b0%d1%84%d0%b8%d0%b8\\\/\"},{\"@type\":\"ListItem\",\"position\":3,\"name\":\"Autres ballets\",\"item\":\"https:\\\/\\\/www.sergelifar.org\\\/ru\\\/%d1%85%d0%be%d1%80%d0%b5%d0%be%d0%b3%d1%80%d0%b0%d1%84%d0%b8%d0%b8\\\/autres-ballets\\\/\"},{\"@type\":\"ListItem\",\"position\":4,\"name\":\"Bol\u00e9ro\"}]},{\"@type\":\"WebSite\",\"@id\":\"https:\\\/\\\/dev2023.sergelifar.org\\\/en\\\/#website\",\"url\":\"https:\\\/\\\/dev2023.sergelifar.org\\\/en\\\/\",\"name\":\"Serge Lifar\",\"description\":\"Site officiel de la Fondation Serge Lifar\",\"potentialAction\":[{\"@type\":\"SearchAction\",\"target\":{\"@type\":\"EntryPoint\",\"urlTemplate\":\"https:\\\/\\\/dev2023.sergelifar.org\\\/en\\\/?s={search_term_string}\"},\"query-input\":{\"@type\":\"PropertyValueSpecification\",\"valueRequired\":true,\"valueName\":\"search_term_string\"}}],\"inLanguage\":\"ru-RU\"}]}<\/script>\n<!-- \/ Yoast SEO plugin. -->","yoast_head_json":{"title":"Bol\u00e9ro - Serge Lifar","robots":{"index":"index","follow":"follow","max-snippet":"max-snippet:-1","max-image-preview":"max-image-preview:large","max-video-preview":"max-video-preview:-1"},"canonical":"https:\/\/www.sergelifar.org\/choregraphies\/autres-ballets\/bolero\/","og_locale":"ru_RU","og_type":"article","og_title":"Bol\u00e9ro - Serge Lifar","og_description":"Ballet en 1 acte Premi\u00e8re : le 31 d\u00e9cembre 1941 \u00e0 l\u2019Op\u00e9ra de Paris Musique&nbsp;: Maurice Ravel Argument&nbsp;(ou livret) : Serge Lifar et L\u00e9on Leyritz D\u00e9cors&nbsp;et costumes&nbsp;: L\u00e9on Leyritz Direction musicale&nbsp;: Louis Fourestier Principaux interpr\u00e8tes : Serge Lifar (le Torero), Suzanne Lorcia (Maril\u00e8na), Serge Peretti (Spontano) * * * * * * * * \u00ab","og_url":"https:\/\/www.sergelifar.org\/choregraphies\/autres-ballets\/bolero\/","og_site_name":"Serge Lifar","article_modified_time":"2024-03-11T10:52:08+00:00","twitter_card":"summary_large_image","twitter_misc":{"\u041f\u0440\u0438\u043c\u0435\u0440\u043d\u043e\u0435 \u0432\u0440\u0435\u043c\u044f \u0434\u043b\u044f \u0447\u0442\u0435\u043d\u0438\u044f":"3 \u043c\u0438\u043d\u0443\u0442\u044b"},"schema":{"@context":"https:\/\/schema.org","@graph":[{"@type":"WebPage","@id":"https:\/\/www.sergelifar.org\/choregraphies\/autres-ballets\/bolero\/","url":"https:\/\/www.sergelifar.org\/choregraphies\/autres-ballets\/bolero\/","name":"Bol\u00e9ro - Serge Lifar","isPartOf":{"@id":"https:\/\/dev2023.sergelifar.org\/en\/#website"},"datePublished":"2023-02-12T14:45:39+00:00","dateModified":"2024-03-11T10:52:08+00:00","breadcrumb":{"@id":"https:\/\/www.sergelifar.org\/choregraphies\/autres-ballets\/bolero\/#breadcrumb"},"inLanguage":"ru-RU","potentialAction":[{"@type":"ReadAction","target":["https:\/\/www.sergelifar.org\/choregraphies\/autres-ballets\/bolero\/"]}]},{"@type":"BreadcrumbList","@id":"https:\/\/www.sergelifar.org\/choregraphies\/autres-ballets\/bolero\/#breadcrumb","itemListElement":[{"@type":"ListItem","position":1,"name":"Accueil","item":"https:\/\/www.sergelifar.org\/ru\/"},{"@type":"ListItem","position":2,"name":"\u0425\u043e\u0440\u0435\u043e\u0433\u0440\u0430\u0444\u0438\u0447\u0435\u0441\u043a\u0438\u0435 \u043f\u043e\u0441\u0442\u0430\u043d\u043e\u0432\u043a\u0438","item":"https:\/\/www.sergelifar.org\/ru\/%d1%85%d0%be%d1%80%d0%b5%d0%be%d0%b3%d1%80%d0%b0%d1%84%d0%b8%d0%b8\/"},{"@type":"ListItem","position":3,"name":"Autres ballets","item":"https:\/\/www.sergelifar.org\/ru\/%d1%85%d0%be%d1%80%d0%b5%d0%be%d0%b3%d1%80%d0%b0%d1%84%d0%b8%d0%b8\/autres-ballets\/"},{"@type":"ListItem","position":4,"name":"Bol\u00e9ro"}]},{"@type":"WebSite","@id":"https:\/\/dev2023.sergelifar.org\/en\/#website","url":"https:\/\/dev2023.sergelifar.org\/en\/","name":"Serge Lifar","description":"Site officiel de la Fondation Serge Lifar","potentialAction":[{"@type":"SearchAction","target":{"@type":"EntryPoint","urlTemplate":"https:\/\/dev2023.sergelifar.org\/en\/?s={search_term_string}"},"query-input":{"@type":"PropertyValueSpecification","valueRequired":true,"valueName":"search_term_string"}}],"inLanguage":"ru-RU"}]}},"_links":{"self":[{"href":"https:\/\/www.sergelifar.org\/ru\/wp-json\/wp\/v2\/pages\/6705","targetHints":{"allow":["GET"]}}],"collection":[{"href":"https:\/\/www.sergelifar.org\/ru\/wp-json\/wp\/v2\/pages"}],"about":[{"href":"https:\/\/www.sergelifar.org\/ru\/wp-json\/wp\/v2\/types\/page"}],"author":[{"embeddable":true,"href":"https:\/\/www.sergelifar.org\/ru\/wp-json\/wp\/v2\/users\/2"}],"replies":[{"embeddable":true,"href":"https:\/\/www.sergelifar.org\/ru\/wp-json\/wp\/v2\/comments?post=6705"}],"version-history":[{"count":3,"href":"https:\/\/www.sergelifar.org\/ru\/wp-json\/wp\/v2\/pages\/6705\/revisions"}],"predecessor-version":[{"id":7115,"href":"https:\/\/www.sergelifar.org\/ru\/wp-json\/wp\/v2\/pages\/6705\/revisions\/7115"}],"up":[{"embeddable":true,"href":"https:\/\/www.sergelifar.org\/ru\/wp-json\/wp\/v2\/pages\/7159"}],"wp:attachment":[{"href":"https:\/\/www.sergelifar.org\/ru\/wp-json\/wp\/v2\/media?parent=6705"}],"curies":[{"name":"wp","href":"https:\/\/api.w.org\/{rel}","templated":true}]}}