{"id":6697,"date":"2023-02-12T15:05:33","date_gmt":"2023-02-12T15:05:33","guid":{"rendered":"https:\/\/dev2023.sergelifar.org\/%d1%85%d0%be%d1%80%d0%b5%d0%be%d0%b3%d1%80%d0%b0%d1%84%d0%b8%d0%b8\/les-mirages\/"},"modified":"2024-10-29T15:54:38","modified_gmt":"2024-10-29T14:54:38","slug":"les-mirages","status":"publish","type":"page","link":"https:\/\/www.sergelifar.org\/ru\/%d1%85%d0%be%d1%80%d0%b5%d0%be%d0%b3%d1%80%d0%b0%d1%84%d0%b8%d0%b8\/principaux-ballets\/les-mirages\/","title":{"rendered":"Les Mirages"},"content":{"rendered":"<div id=\"pl-6697\"  class=\"panel-layout\" ><div id=\"pg-6697-0\"  class=\"panel-grid panel-no-style\" ><div id=\"pgc-6697-0-0\"  class=\"panel-grid-cell\" ><div id=\"panel-6697-0-0-0\" class=\"so-panel widget widget_sow-editor panel-first-child panel-last-child\" data-index=\"0\" ><div\n\t\t\t\n\t\t\tclass=\"so-widget-sow-editor so-widget-sow-editor-base\"\n\t\t\t\n\t\t>\n<div class=\"siteorigin-widget-tinymce textwidget\">\n\t<p>F\u00e9erie chor\u00e9graphique en 1 acte et 2 tableaux<\/p>\n<p>Premi\u00e8re : le 15 d\u00e9cembre 1947 (la r\u00e9p\u00e9tition g\u00e9n\u00e9rale avait eu lieu le 10 ou 20 juillet 1944) \u00e0 l\u2019Op\u00e9ra de Paris<\/p>\n<p>Musique&nbsp;: Henri Sauguet<\/p>\n<p>Argument&nbsp;(ou livret) : Adolphe Mouron dit Cassandre et Serge Lifar<\/p>\n<p>D\u00e9cors&nbsp;et costumes&nbsp;: Adolphe Mouron dit Cassandre<\/p>\n<p>Direction musicale&nbsp;: Robert Blot<\/p>\n<p>Principaux interpr\u00e8tes&nbsp;: Micheline Bardin (la Femme), Denise Bourgeois et Jacqueline Moreau (les Courtisanes), Max Bozzoni (1<sup>er<\/sup> Marchand), Yvette Chauvir\u00e9 (l\u2019Ombre), Pierre Duprez (3<sup>\u00e8me<\/sup> Marchand), Paulette Dynalix (la Lune), Nicolas Efimoff (2<sup>\u00e8me<\/sup> Marchand), Marianne Ivanoff (la Chim\u00e8re), Serge Lifar (le jeune Homme)<\/p>\n<p>Derni\u00e8re repr\u00e9sentation par le Ballet de l'Op\u00e9ra de Paris, Palais Garnier, 28.10.2006<\/p>\n<p style=\"text-align: center;\">* * * * * * * *<\/p>\n<p>\u00ab<em> Les Mirages<\/em>, ballet compos\u00e9 par Lifar sur la musique de Henri Sauguet, dans des d\u00e9cors et costumes de Cassandre, est probablement dans toute l'histoire chor\u00e9graphique, la seule \u0153uvre qui ait attendu trois ans entre la r\u00e9p\u00e9tition g\u00e9n\u00e9rale (10 juillet 1944) et le soir de la \u00ab premi\u00e8re \u00bb (15 d\u00e9cembre 1947). En effet, ce ballet fut la derni\u00e8re cr\u00e9ation de Lifar pendant la guerre. Elle ne put donc \u00eatre reprise que lors de son retour \u00e0 l'Op\u00e9ra, alors dirig\u00e9 par M. Georges Hirsch. \u00bb<\/p>\n<p>Andr\u00e9 Schaikevitch, <em>Serge Lifar et le destin du Ballet de l'Op\u00e9ra<\/em>, Edition Richard-Masse, Paris, 1971, pp. 133-134<\/p>\n<p style=\"text-align: center;\">* * * * * * * *<\/p>\n<p>\u00ab<em>&nbsp;Mirages<\/em> est, \u00e0 proprement parler, un reflet et une vision neuve du grand romantisme. Toutes les aspirations de la danse s\u2019y refl\u00e8tent&nbsp;: ballet blanc romantique, danse pure \u2013 pour ne pas dire abstraite \u2013 et danses de caract\u00e8re. <em>Mirages<\/em>, c\u2019est le conflit du jeune homme pris entre deux plans, celui du r\u00eave et celui de la r\u00e9alit\u00e9, non pas le \u00ab&nbsp;mal du si\u00e8cle&nbsp;\u00bb, mais le mal \u00e9ternel de l\u2019universellement humain, de la \u00ab&nbsp;recherche d\u2019une recherche&nbsp;\u00bb. Et, une fois encore, \u00ab&nbsp;qui veut faire l\u2019ange fait la b\u00eate&nbsp;\u00bb.<\/p>\n<p>Entre ces deux plans, la danse, qui n\u2019est ni abstraction pure, ni incarnation concr\u00e8te, se meut parfaitement \u00e0 l\u2019aise. Et, du fait qu\u2019il utilise toutes les ressources de la danse dans tous les domaines, le ballet de <em>Mirages<\/em> tient \u00e0 la fois du drame et du divertissement. Ce n\u2019est ni l\u2019un ni l\u2019autre, mais un raccourci et une apoth\u00e9ose de la danse, o\u00f9 se sont retrouv\u00e9es toutes mes aspirations de chor\u00e9auteur. N\u2019est-ce pas pour cela que j\u2019aime tant ce ballet, r\u00e9barbatif \u00e0 l\u2019analyse ? Rarement j\u2019ai eu l\u2019impression de m\u2019\u00eatre exprim\u00e9 de fa\u00e7on plus compl\u00e8te et plus diverse. \u00bb<\/p>\n<p>Serge Lifar, <em>Le livre de la danse<\/em>, Les Editions du Journal Musical Fran\u00e7ais, Paris, 1954, p. 195<\/p>\n<p style=\"text-align: center;\">* * * * * * * *<\/p>\n<p>\u00ab Henri Sauguet a compos\u00e9 une musique \u00e9tonnamment m\u00e9lodieuse et th\u00e9matique, bien dansante et favorable aux d\u00e9ploiements de lignes longues et ondoyantes qui caract\u00e9risent ce ballet de r\u00eave, ballet d\u2019atmosph\u00e8re s\u2019il en f\u00fbt. En effet, il n\u2019y a, pour ainsi dire pas d\u2019action dans <em>Les Mirages<\/em>, pas de drame, et ce n\u2019est pas non plus un divertissement, mais une v\u00e9ritable cr\u00e9ation d\u2019atmosph\u00e8re, \u00e0 laquelle contribuent aussi bien la musique de Sauguet que les d\u00e9cors de Cassandre. [\u2026] La chor\u00e9graphie, tout comme les d\u00e9cors et la musique, veut recr\u00e9er l\u2019ambiance du r\u00eave romantique, o\u00f9 tout est possible, o\u00f9 le nuage peut rester accroch\u00e9 au chapiteau d\u2019une colonne, dans le palais de la Lune. Elle renonce aux grands cris et se mod\u00e8le en lignes sinueuses, balanc\u00e9es, comme les nuages qui traversent, nonchalants, une belle nuit d\u2019\u00e9t\u00e9, et sa technique acad\u00e9mique se pr\u00eate \u00e0 l\u2019\u00e9vocation des vagues ondulantes de champs de bl\u00e9 quand passe le vent. \u00bb<\/p>\n<p>Serge Lifar, <em>Le Spectateur<\/em>, 9 d\u00e9cembre 1947<\/p>\nngg_shortcode_0_placeholder\n<\/div>\n<\/div><\/div><\/div><\/div><\/div>","protected":false},"excerpt":{"rendered":"<p>F\u00e9erie chor\u00e9graphique en 1 acte et 2 tableaux Premi\u00e8re : le 15 d\u00e9cembre 1947 (la r\u00e9p\u00e9tition g\u00e9n\u00e9rale avait eu lieu le 10 ou 20 juillet 1944) \u00e0 l\u2019Op\u00e9ra de Paris Musique&nbsp;: Henri Sauguet Argument&nbsp;(ou livret) : Adolphe Mouron dit Cassandre et Serge Lifar D\u00e9cors&nbsp;et costumes&nbsp;: Adolphe Mouron dit Cassandre Direction musicale&nbsp;: Robert Blot Principaux interpr\u00e8tes&nbsp;: <\/p>\n","protected":false},"author":2,"featured_media":0,"parent":7161,"menu_order":2,"comment_status":"closed","ping_status":"closed","template":"template-sousmenu.php","meta":{"_acf_changed":false,"ngg_post_thumbnail":0,"footnotes":""},"class_list":["post-6697","page","type-page","status-publish","hentry"],"acf":[],"yoast_head":"<!-- This site is optimized with the Yoast SEO plugin v27.5 - https:\/\/yoast.com\/product\/yoast-seo-wordpress\/ -->\n<title>Les Mirages - Serge Lifar<\/title>\n<meta name=\"robots\" content=\"index, follow, max-snippet:-1, max-image-preview:large, max-video-preview:-1\" \/>\n<link rel=\"canonical\" href=\"https:\/\/www.sergelifar.org\/ru\/\u0445\u043e\u0440\u0435\u043e\u0433\u0440\u0430\u0444\u0438\u0438\/principaux-ballets\/les-mirages\/\" \/>\n<meta property=\"og:locale\" content=\"ru_RU\" \/>\n<meta property=\"og:type\" content=\"article\" \/>\n<meta property=\"og:title\" content=\"Les Mirages - Serge Lifar\" \/>\n<meta property=\"og:description\" content=\"F\u00e9erie chor\u00e9graphique en 1 acte et 2 tableaux Premi\u00e8re : le 15 d\u00e9cembre 1947 (la r\u00e9p\u00e9tition g\u00e9n\u00e9rale avait eu lieu le 10 ou 20 juillet 1944) \u00e0 l\u2019Op\u00e9ra de Paris Musique&nbsp;: Henri Sauguet Argument&nbsp;(ou livret) : Adolphe Mouron dit Cassandre et Serge Lifar D\u00e9cors&nbsp;et costumes&nbsp;: Adolphe Mouron dit Cassandre Direction musicale&nbsp;: Robert Blot Principaux interpr\u00e8tes&nbsp;:\" \/>\n<meta property=\"og:url\" content=\"https:\/\/www.sergelifar.org\/ru\/\u0445\u043e\u0440\u0435\u043e\u0433\u0440\u0430\u0444\u0438\u0438\/principaux-ballets\/les-mirages\/\" \/>\n<meta property=\"og:site_name\" content=\"Serge Lifar\" \/>\n<meta property=\"article:modified_time\" content=\"2024-10-29T14:54:38+00:00\" \/>\n<meta name=\"twitter:card\" content=\"summary_large_image\" \/>\n<meta name=\"twitter:label1\" content=\"\u041f\u0440\u0438\u043c\u0435\u0440\u043d\u043e\u0435 \u0432\u0440\u0435\u043c\u044f \u0434\u043b\u044f \u0447\u0442\u0435\u043d\u0438\u044f\" \/>\n\t<meta name=\"twitter:data1\" content=\"3 \u043c\u0438\u043d\u0443\u0442\u044b\" \/>\n<script type=\"application\/ld+json\" class=\"yoast-schema-graph\">{\"@context\":\"https:\\\/\\\/schema.org\",\"@graph\":[{\"@type\":\"WebPage\",\"@id\":\"https:\\\/\\\/www.sergelifar.org\\\/ru\\\/%d1%85%d0%be%d1%80%d0%b5%d0%be%d0%b3%d1%80%d0%b0%d1%84%d0%b8%d0%b8\\\/principaux-ballets\\\/les-mirages\\\/\",\"url\":\"https:\\\/\\\/www.sergelifar.org\\\/ru\\\/%d1%85%d0%be%d1%80%d0%b5%d0%be%d0%b3%d1%80%d0%b0%d1%84%d0%b8%d0%b8\\\/principaux-ballets\\\/les-mirages\\\/\",\"name\":\"Les Mirages - Serge Lifar\",\"isPartOf\":{\"@id\":\"https:\\\/\\\/dev2023.sergelifar.org\\\/en\\\/#website\"},\"datePublished\":\"2023-02-12T15:05:33+00:00\",\"dateModified\":\"2024-10-29T14:54:38+00:00\",\"breadcrumb\":{\"@id\":\"https:\\\/\\\/www.sergelifar.org\\\/ru\\\/%d1%85%d0%be%d1%80%d0%b5%d0%be%d0%b3%d1%80%d0%b0%d1%84%d0%b8%d0%b8\\\/principaux-ballets\\\/les-mirages\\\/#breadcrumb\"},\"inLanguage\":\"ru-RU\",\"potentialAction\":[{\"@type\":\"ReadAction\",\"target\":[\"https:\\\/\\\/www.sergelifar.org\\\/ru\\\/%d1%85%d0%be%d1%80%d0%b5%d0%be%d0%b3%d1%80%d0%b0%d1%84%d0%b8%d0%b8\\\/principaux-ballets\\\/les-mirages\\\/\"]}]},{\"@type\":\"BreadcrumbList\",\"@id\":\"https:\\\/\\\/www.sergelifar.org\\\/ru\\\/%d1%85%d0%be%d1%80%d0%b5%d0%be%d0%b3%d1%80%d0%b0%d1%84%d0%b8%d0%b8\\\/principaux-ballets\\\/les-mirages\\\/#breadcrumb\",\"itemListElement\":[{\"@type\":\"ListItem\",\"position\":1,\"name\":\"Accueil\",\"item\":\"https:\\\/\\\/www.sergelifar.org\\\/ru\\\/\"},{\"@type\":\"ListItem\",\"position\":2,\"name\":\"\u0425\u043e\u0440\u0435\u043e\u0433\u0440\u0430\u0444\u0438\u0447\u0435\u0441\u043a\u0438\u0435 \u043f\u043e\u0441\u0442\u0430\u043d\u043e\u0432\u043a\u0438\",\"item\":\"https:\\\/\\\/www.sergelifar.org\\\/ru\\\/%d1%85%d0%be%d1%80%d0%b5%d0%be%d0%b3%d1%80%d0%b0%d1%84%d0%b8%d0%b8\\\/\"},{\"@type\":\"ListItem\",\"position\":3,\"name\":\"Principaux ballets\",\"item\":\"https:\\\/\\\/www.sergelifar.org\\\/ru\\\/%d1%85%d0%be%d1%80%d0%b5%d0%be%d0%b3%d1%80%d0%b0%d1%84%d0%b8%d0%b8\\\/principaux-ballets\\\/\"},{\"@type\":\"ListItem\",\"position\":4,\"name\":\"Les Mirages\"}]},{\"@type\":\"WebSite\",\"@id\":\"https:\\\/\\\/dev2023.sergelifar.org\\\/en\\\/#website\",\"url\":\"https:\\\/\\\/dev2023.sergelifar.org\\\/en\\\/\",\"name\":\"Serge Lifar\",\"description\":\"Site officiel de la Fondation Serge Lifar\",\"potentialAction\":[{\"@type\":\"SearchAction\",\"target\":{\"@type\":\"EntryPoint\",\"urlTemplate\":\"https:\\\/\\\/dev2023.sergelifar.org\\\/en\\\/?s={search_term_string}\"},\"query-input\":{\"@type\":\"PropertyValueSpecification\",\"valueRequired\":true,\"valueName\":\"search_term_string\"}}],\"inLanguage\":\"ru-RU\"}]}<\/script>\n<!-- \/ Yoast SEO plugin. -->","yoast_head_json":{"title":"Les Mirages - Serge Lifar","robots":{"index":"index","follow":"follow","max-snippet":"max-snippet:-1","max-image-preview":"max-image-preview:large","max-video-preview":"max-video-preview:-1"},"canonical":"https:\/\/www.sergelifar.org\/ru\/\u0445\u043e\u0440\u0435\u043e\u0433\u0440\u0430\u0444\u0438\u0438\/principaux-ballets\/les-mirages\/","og_locale":"ru_RU","og_type":"article","og_title":"Les Mirages - Serge Lifar","og_description":"F\u00e9erie chor\u00e9graphique en 1 acte et 2 tableaux Premi\u00e8re : le 15 d\u00e9cembre 1947 (la r\u00e9p\u00e9tition g\u00e9n\u00e9rale avait eu lieu le 10 ou 20 juillet 1944) \u00e0 l\u2019Op\u00e9ra de Paris Musique&nbsp;: Henri Sauguet Argument&nbsp;(ou livret) : Adolphe Mouron dit Cassandre et Serge Lifar D\u00e9cors&nbsp;et costumes&nbsp;: Adolphe Mouron dit Cassandre Direction musicale&nbsp;: Robert Blot Principaux interpr\u00e8tes&nbsp;:","og_url":"https:\/\/www.sergelifar.org\/ru\/\u0445\u043e\u0440\u0435\u043e\u0433\u0440\u0430\u0444\u0438\u0438\/principaux-ballets\/les-mirages\/","og_site_name":"Serge Lifar","article_modified_time":"2024-10-29T14:54:38+00:00","twitter_card":"summary_large_image","twitter_misc":{"\u041f\u0440\u0438\u043c\u0435\u0440\u043d\u043e\u0435 \u0432\u0440\u0435\u043c\u044f \u0434\u043b\u044f \u0447\u0442\u0435\u043d\u0438\u044f":"3 \u043c\u0438\u043d\u0443\u0442\u044b"},"schema":{"@context":"https:\/\/schema.org","@graph":[{"@type":"WebPage","@id":"https:\/\/www.sergelifar.org\/ru\/%d1%85%d0%be%d1%80%d0%b5%d0%be%d0%b3%d1%80%d0%b0%d1%84%d0%b8%d0%b8\/principaux-ballets\/les-mirages\/","url":"https:\/\/www.sergelifar.org\/ru\/%d1%85%d0%be%d1%80%d0%b5%d0%be%d0%b3%d1%80%d0%b0%d1%84%d0%b8%d0%b8\/principaux-ballets\/les-mirages\/","name":"Les Mirages - Serge Lifar","isPartOf":{"@id":"https:\/\/dev2023.sergelifar.org\/en\/#website"},"datePublished":"2023-02-12T15:05:33+00:00","dateModified":"2024-10-29T14:54:38+00:00","breadcrumb":{"@id":"https:\/\/www.sergelifar.org\/ru\/%d1%85%d0%be%d1%80%d0%b5%d0%be%d0%b3%d1%80%d0%b0%d1%84%d0%b8%d0%b8\/principaux-ballets\/les-mirages\/#breadcrumb"},"inLanguage":"ru-RU","potentialAction":[{"@type":"ReadAction","target":["https:\/\/www.sergelifar.org\/ru\/%d1%85%d0%be%d1%80%d0%b5%d0%be%d0%b3%d1%80%d0%b0%d1%84%d0%b8%d0%b8\/principaux-ballets\/les-mirages\/"]}]},{"@type":"BreadcrumbList","@id":"https:\/\/www.sergelifar.org\/ru\/%d1%85%d0%be%d1%80%d0%b5%d0%be%d0%b3%d1%80%d0%b0%d1%84%d0%b8%d0%b8\/principaux-ballets\/les-mirages\/#breadcrumb","itemListElement":[{"@type":"ListItem","position":1,"name":"Accueil","item":"https:\/\/www.sergelifar.org\/ru\/"},{"@type":"ListItem","position":2,"name":"\u0425\u043e\u0440\u0435\u043e\u0433\u0440\u0430\u0444\u0438\u0447\u0435\u0441\u043a\u0438\u0435 \u043f\u043e\u0441\u0442\u0430\u043d\u043e\u0432\u043a\u0438","item":"https:\/\/www.sergelifar.org\/ru\/%d1%85%d0%be%d1%80%d0%b5%d0%be%d0%b3%d1%80%d0%b0%d1%84%d0%b8%d0%b8\/"},{"@type":"ListItem","position":3,"name":"Principaux ballets","item":"https:\/\/www.sergelifar.org\/ru\/%d1%85%d0%be%d1%80%d0%b5%d0%be%d0%b3%d1%80%d0%b0%d1%84%d0%b8%d0%b8\/principaux-ballets\/"},{"@type":"ListItem","position":4,"name":"Les Mirages"}]},{"@type":"WebSite","@id":"https:\/\/dev2023.sergelifar.org\/en\/#website","url":"https:\/\/dev2023.sergelifar.org\/en\/","name":"Serge Lifar","description":"Site officiel de la Fondation Serge Lifar","potentialAction":[{"@type":"SearchAction","target":{"@type":"EntryPoint","urlTemplate":"https:\/\/dev2023.sergelifar.org\/en\/?s={search_term_string}"},"query-input":{"@type":"PropertyValueSpecification","valueRequired":true,"valueName":"search_term_string"}}],"inLanguage":"ru-RU"}]}},"_links":{"self":[{"href":"https:\/\/www.sergelifar.org\/ru\/wp-json\/wp\/v2\/pages\/6697","targetHints":{"allow":["GET"]}}],"collection":[{"href":"https:\/\/www.sergelifar.org\/ru\/wp-json\/wp\/v2\/pages"}],"about":[{"href":"https:\/\/www.sergelifar.org\/ru\/wp-json\/wp\/v2\/types\/page"}],"author":[{"embeddable":true,"href":"https:\/\/www.sergelifar.org\/ru\/wp-json\/wp\/v2\/users\/2"}],"replies":[{"embeddable":true,"href":"https:\/\/www.sergelifar.org\/ru\/wp-json\/wp\/v2\/comments?post=6697"}],"version-history":[{"count":7,"href":"https:\/\/www.sergelifar.org\/ru\/wp-json\/wp\/v2\/pages\/6697\/revisions"}],"predecessor-version":[{"id":7839,"href":"https:\/\/www.sergelifar.org\/ru\/wp-json\/wp\/v2\/pages\/6697\/revisions\/7839"}],"up":[{"embeddable":true,"href":"https:\/\/www.sergelifar.org\/ru\/wp-json\/wp\/v2\/pages\/7161"}],"wp:attachment":[{"href":"https:\/\/www.sergelifar.org\/ru\/wp-json\/wp\/v2\/media?parent=6697"}],"curies":[{"name":"wp","href":"https:\/\/api.w.org\/{rel}","templated":true}]}}