{"id":6673,"date":"2023-02-12T15:56:54","date_gmt":"2023-02-12T15:56:54","guid":{"rendered":"https:\/\/dev2023.sergelifar.org\/%d1%85%d0%be%d1%80%d0%b5%d0%be%d0%b3%d1%80%d0%b0%d1%84%d0%b8%d0%b8\/romeo-et-juliette-version-nouvelle\/"},"modified":"2024-03-11T11:51:51","modified_gmt":"2024-03-11T10:51:51","slug":"romeo-et-juliette-version-nouvelle","status":"publish","type":"page","link":"https:\/\/www.sergelifar.org\/ru\/%d1%85%d0%be%d1%80%d0%b5%d0%be%d0%b3%d1%80%d0%b0%d1%84%d0%b8%d0%b8\/autres-ballets\/romeo-et-juliette-version-nouvelle\/","title":{"rendered":"Rom\u00e9o et Juliette (version nouvelle)"},"content":{"rendered":"<div id=\"pl-6673\"  class=\"panel-layout\" ><div id=\"pg-6673-0\"  class=\"panel-grid panel-no-style\" ><div id=\"pgc-6673-0-0\"  class=\"panel-grid-cell\" ><div id=\"panel-6673-0-0-0\" class=\"so-panel widget widget_sow-editor panel-first-child panel-last-child\" data-index=\"0\" ><div\n\t\t\t\n\t\t\tclass=\"so-widget-sow-editor so-widget-sow-editor-base\"\n\t\t\t\n\t\t>\n<div class=\"siteorigin-widget-tinymce textwidget\">\n\t<p>Ballet en 2 actes et 10 \u00e9pisodes<\/p>\n<p>Premi\u00e8re : le 28 d\u00e9cembre 1955<\/p>\n<p>Musique&nbsp;: Serge Prokofiev<\/p>\n<p>Argument&nbsp;(ou livret) : Serge Prokofiev et Lavrosky<\/p>\n<p>D\u00e9cors&nbsp;et costumes&nbsp;: Georges Wakhevitch<\/p>\n<p>Principaux interpr\u00e8tes&nbsp;: Jean-Paul Andr\u00e9ani (Paris), Raoul Bari (Mercutio), Robert Blanc (le p\u00e8re de Juliette), Max Bozzoni (Thibalt), Liane Dayd\u00e9 (Juliette), Paulette Dynalix (la Nourrice), Raymond Franchetti (Benvolio), Serge Lifar (Fr\u00e8re Laurent), Manuel Parres (le Duc), Michel Renault (Rom\u00e9o), Rita Thalia (la M\u00e8re de Juliette)<\/p>\n<p style=\"text-align: center;\">* * * * * * * *<\/p>\n<p>\u00ab L\u2019ouvrage a \u00e9t\u00e9 con\u00e7u sur la base de la chor\u00e9graphie classique telle qu\u2019elle se pr\u00e9sente actuellement, enrichie de toutes les innovations introduites au cours du dernier quart de si\u00e8cle, de sorte que les sc\u00e8nes mim\u00e9es et les gestes explicatifs en sont absents.<\/p>\n<p>Suivant la conception de Serge Lifar, la sc\u00e8ne s\u2019ordonnait sur plusieurs plans, ce qui permettais de r\u00e9aliser plusieurs tableaux en deux d\u00e9cors. Le rideau de l\u2019avant-sc\u00e8ne portait \u00e9crit dans le bas, en gros caract\u00e8res&nbsp;: VERONA, comme si nous arrivions dans la ville. A gauche, un rideau blanc cachait la chambre de Juliette (Liane Dayd\u00e9). Sur la sc\u00e8ne, on pouvait imaginer tant\u00f4t la salle du palais des Capulets o\u00f9 avait lieu le bal, tant\u00f4t la place publique o\u00f9 dansaient les couples de paysans et se rencontraient les Montaigus et les Capulets. Des deux c\u00f4t\u00e9s de l\u2019avant-sc\u00e8ne, deux hautes tourelles d\u00e9limitaient les \u00e9difices princiers qu\u2019on apercevait au fond et qui laissaient entre eux une place restreinte d\u2019o\u00f9 un escalier aux larges marches descendait sur le devant. Tout au fond, on voyait une passerelle, qui r\u00e9unissait les maisons et que traversaient de temps \u00e0 autre divers personnages, parmi lesquels des moines. Cette vari\u00e9t\u00e9 de plans avec des fen\u00eatres o\u00f9 paraissaient des figurants, des portes \u00e0 des hauteurs diff\u00e9rentes d\u2019o\u00f9 sortaient des personnages, des balcons o\u00f9 se tenaient des femmes, \u00e9tait sciemment exploit\u00e9e pour donner l\u2019impression de la vie ininterrompue d\u2019une petite ville, concentr\u00e9e autour de deux clans ennemis. Les mouvements vari\u00e9s des danseurs, les lumi\u00e8res qui s\u2019allumaient, les flambeaux qui brillaient entre les mains des serviteurs \u00e0 tous les \u00e9tages des tourelles, les lustres qui descendaient devant nous pour transformer la place publique en salle de bal \u2013 belle et ing\u00e9nieuse trouvaille \u2013 tout cela frappait les sens et tenait en suspens l\u2019attention du spectateur. A droite de la sc\u00e8ne se trouvait le clo\u00eetre.<\/p>\n<p>Dans cette \u0153uvre de pure chor\u00e9graphie, Serge Lifar avait r\u00e9ussi \u00e0 exprimer de la fa\u00e7on la plus directe sa pens\u00e9e dominante&nbsp;: la r\u00e9surrection prive la mort de son aiguillon.<\/p>\n<p>Cette id\u00e9e ne l\u2019avait jamais quitt\u00e9 depuis ses d\u00e9buts. Mais dans <em>Icare<\/em> et <em>Alexandre le Grand<\/em>, la r\u00e9surrection prenait l\u2019apparence de la gloire. Il n\u2019en est plus de m\u00eame dans ses derniers ballets&nbsp;: <em>Les Noces Fantastiques<\/em> se terminent par la pri\u00e8re que l\u2019homme rejet\u00e9 par les vagues adresse \u00e0 Dieu. <em>Rom\u00e9o et Juliette<\/em> affirme l\u2019impuissance de la Mort en face de l\u2019homme capable d\u2019amour. Le public, profond\u00e9ment \u00e9mu, \u00e9clatait en applaudissements enthousiastes m\u00eame au cours du ballet.<\/p>\n<p>L\u2019interpr\u00e9tation des principaux r\u00f4les \u00e9tait remarquable. Liane Dayd\u00e9 semblait descendre d\u2019une toile de Filippino Lippi. Par la puret\u00e9 de sa technique et ce lyrisme si tendre, si proche encore de l\u2019enfance, cette jeune \u00c9toile poss\u00e8de ce privil\u00e8ge de conf\u00e9rer une vertu plastique \u00e0 des figures qui n\u2019ont jusqu\u2019ici v\u00e9cu que dans l\u2019imagination des po\u00e8tes, des musiciens et des chor\u00e9graphes. D\u00e9j\u00e0 physiquement, elle est la Juliette r\u00eav\u00e9e. Elle para\u00eet traduire le langage de l\u2019\u00e2me en incarnant la touchante h\u00e9ro\u00efne de V\u00e9rone avec une gr\u00e2ce juv\u00e9nile. \u00bb<\/p>\n<p><em>Serge Lifar r\u00e9novateur du ballet fran\u00e7ais<\/em> par Jean Laurent et Julie Sazonova, Buchet\/Chastel Corr\u00eaa, Paris, 1960 (pp. 199-200, 205)<\/p>\nngg_shortcode_0_placeholder\n<\/div>\n<\/div><\/div><\/div><\/div><\/div>","protected":false},"excerpt":{"rendered":"<p>Ballet en 2 actes et 10 \u00e9pisodes Premi\u00e8re : le 28 d\u00e9cembre 1955 Musique&nbsp;: Serge Prokofiev Argument&nbsp;(ou livret) : Serge Prokofiev et Lavrosky D\u00e9cors&nbsp;et costumes&nbsp;: Georges Wakhevitch Principaux interpr\u00e8tes&nbsp;: Jean-Paul Andr\u00e9ani (Paris), Raoul Bari (Mercutio), Robert Blanc (le p\u00e8re de Juliette), Max Bozzoni (Thibalt), Liane Dayd\u00e9 (Juliette), Paulette Dynalix (la Nourrice), Raymond Franchetti (Benvolio), Serge <\/p>\n","protected":false},"author":2,"featured_media":0,"parent":7159,"menu_order":0,"comment_status":"closed","ping_status":"closed","template":"template-sousmenu.php","meta":{"_acf_changed":false,"ngg_post_thumbnail":0,"footnotes":""},"class_list":["post-6673","page","type-page","status-publish","hentry"],"acf":[],"yoast_head":"<!-- This site is optimized with the Yoast SEO plugin v27.5 - https:\/\/yoast.com\/product\/yoast-seo-wordpress\/ -->\n<title>Rom\u00e9o et Juliette (version nouvelle) - Serge Lifar<\/title>\n<meta name=\"robots\" content=\"index, follow, max-snippet:-1, max-image-preview:large, max-video-preview:-1\" \/>\n<link rel=\"canonical\" href=\"https:\/\/www.sergelifar.org\/ru\/\u0445\u043e\u0440\u0435\u043e\u0433\u0440\u0430\u0444\u0438\u0438\/autres-ballets\/romeo-et-juliette-version-nouvelle\/\" \/>\n<meta property=\"og:locale\" content=\"ru_RU\" \/>\n<meta property=\"og:type\" content=\"article\" \/>\n<meta property=\"og:title\" content=\"Rom\u00e9o et Juliette (version nouvelle) - Serge Lifar\" \/>\n<meta property=\"og:description\" content=\"Ballet en 2 actes et 10 \u00e9pisodes Premi\u00e8re : le 28 d\u00e9cembre 1955 Musique&nbsp;: Serge Prokofiev Argument&nbsp;(ou livret) : Serge Prokofiev et Lavrosky D\u00e9cors&nbsp;et costumes&nbsp;: Georges Wakhevitch Principaux interpr\u00e8tes&nbsp;: Jean-Paul Andr\u00e9ani (Paris), Raoul Bari (Mercutio), Robert Blanc (le p\u00e8re de Juliette), Max Bozzoni (Thibalt), Liane Dayd\u00e9 (Juliette), Paulette Dynalix (la Nourrice), Raymond Franchetti (Benvolio), Serge\" \/>\n<meta property=\"og:url\" content=\"https:\/\/www.sergelifar.org\/ru\/\u0445\u043e\u0440\u0435\u043e\u0433\u0440\u0430\u0444\u0438\u0438\/autres-ballets\/romeo-et-juliette-version-nouvelle\/\" \/>\n<meta property=\"og:site_name\" content=\"Serge Lifar\" \/>\n<meta property=\"article:modified_time\" content=\"2024-03-11T10:51:51+00:00\" \/>\n<meta name=\"twitter:card\" content=\"summary_large_image\" \/>\n<meta name=\"twitter:label1\" content=\"\u041f\u0440\u0438\u043c\u0435\u0440\u043d\u043e\u0435 \u0432\u0440\u0435\u043c\u044f \u0434\u043b\u044f \u0447\u0442\u0435\u043d\u0438\u044f\" \/>\n\t<meta name=\"twitter:data1\" content=\"3 \u043c\u0438\u043d\u0443\u0442\u044b\" \/>\n<script type=\"application\/ld+json\" class=\"yoast-schema-graph\">{\"@context\":\"https:\\\/\\\/schema.org\",\"@graph\":[{\"@type\":\"WebPage\",\"@id\":\"https:\\\/\\\/www.sergelifar.org\\\/ru\\\/%d1%85%d0%be%d1%80%d0%b5%d0%be%d0%b3%d1%80%d0%b0%d1%84%d0%b8%d0%b8\\\/autres-ballets\\\/romeo-et-juliette-version-nouvelle\\\/\",\"url\":\"https:\\\/\\\/www.sergelifar.org\\\/ru\\\/%d1%85%d0%be%d1%80%d0%b5%d0%be%d0%b3%d1%80%d0%b0%d1%84%d0%b8%d0%b8\\\/autres-ballets\\\/romeo-et-juliette-version-nouvelle\\\/\",\"name\":\"Rom\u00e9o et Juliette (version nouvelle) - Serge Lifar\",\"isPartOf\":{\"@id\":\"https:\\\/\\\/dev2023.sergelifar.org\\\/en\\\/#website\"},\"datePublished\":\"2023-02-12T15:56:54+00:00\",\"dateModified\":\"2024-03-11T10:51:51+00:00\",\"breadcrumb\":{\"@id\":\"https:\\\/\\\/www.sergelifar.org\\\/ru\\\/%d1%85%d0%be%d1%80%d0%b5%d0%be%d0%b3%d1%80%d0%b0%d1%84%d0%b8%d0%b8\\\/autres-ballets\\\/romeo-et-juliette-version-nouvelle\\\/#breadcrumb\"},\"inLanguage\":\"ru-RU\",\"potentialAction\":[{\"@type\":\"ReadAction\",\"target\":[\"https:\\\/\\\/www.sergelifar.org\\\/ru\\\/%d1%85%d0%be%d1%80%d0%b5%d0%be%d0%b3%d1%80%d0%b0%d1%84%d0%b8%d0%b8\\\/autres-ballets\\\/romeo-et-juliette-version-nouvelle\\\/\"]}]},{\"@type\":\"BreadcrumbList\",\"@id\":\"https:\\\/\\\/www.sergelifar.org\\\/ru\\\/%d1%85%d0%be%d1%80%d0%b5%d0%be%d0%b3%d1%80%d0%b0%d1%84%d0%b8%d0%b8\\\/autres-ballets\\\/romeo-et-juliette-version-nouvelle\\\/#breadcrumb\",\"itemListElement\":[{\"@type\":\"ListItem\",\"position\":1,\"name\":\"Accueil\",\"item\":\"https:\\\/\\\/www.sergelifar.org\\\/ru\\\/\"},{\"@type\":\"ListItem\",\"position\":2,\"name\":\"\u0425\u043e\u0440\u0435\u043e\u0433\u0440\u0430\u0444\u0438\u0447\u0435\u0441\u043a\u0438\u0435 \u043f\u043e\u0441\u0442\u0430\u043d\u043e\u0432\u043a\u0438\",\"item\":\"https:\\\/\\\/www.sergelifar.org\\\/ru\\\/%d1%85%d0%be%d1%80%d0%b5%d0%be%d0%b3%d1%80%d0%b0%d1%84%d0%b8%d0%b8\\\/\"},{\"@type\":\"ListItem\",\"position\":3,\"name\":\"Autres ballets\",\"item\":\"https:\\\/\\\/www.sergelifar.org\\\/ru\\\/%d1%85%d0%be%d1%80%d0%b5%d0%be%d0%b3%d1%80%d0%b0%d1%84%d0%b8%d0%b8\\\/autres-ballets\\\/\"},{\"@type\":\"ListItem\",\"position\":4,\"name\":\"Rom\u00e9o et Juliette (version nouvelle)\"}]},{\"@type\":\"WebSite\",\"@id\":\"https:\\\/\\\/dev2023.sergelifar.org\\\/en\\\/#website\",\"url\":\"https:\\\/\\\/dev2023.sergelifar.org\\\/en\\\/\",\"name\":\"Serge Lifar\",\"description\":\"Site officiel de la Fondation Serge Lifar\",\"potentialAction\":[{\"@type\":\"SearchAction\",\"target\":{\"@type\":\"EntryPoint\",\"urlTemplate\":\"https:\\\/\\\/dev2023.sergelifar.org\\\/en\\\/?s={search_term_string}\"},\"query-input\":{\"@type\":\"PropertyValueSpecification\",\"valueRequired\":true,\"valueName\":\"search_term_string\"}}],\"inLanguage\":\"ru-RU\"}]}<\/script>\n<!-- \/ Yoast SEO plugin. -->","yoast_head_json":{"title":"Rom\u00e9o et Juliette (version nouvelle) - Serge Lifar","robots":{"index":"index","follow":"follow","max-snippet":"max-snippet:-1","max-image-preview":"max-image-preview:large","max-video-preview":"max-video-preview:-1"},"canonical":"https:\/\/www.sergelifar.org\/ru\/\u0445\u043e\u0440\u0435\u043e\u0433\u0440\u0430\u0444\u0438\u0438\/autres-ballets\/romeo-et-juliette-version-nouvelle\/","og_locale":"ru_RU","og_type":"article","og_title":"Rom\u00e9o et Juliette (version nouvelle) - Serge Lifar","og_description":"Ballet en 2 actes et 10 \u00e9pisodes Premi\u00e8re : le 28 d\u00e9cembre 1955 Musique&nbsp;: Serge Prokofiev Argument&nbsp;(ou livret) : Serge Prokofiev et Lavrosky D\u00e9cors&nbsp;et costumes&nbsp;: Georges Wakhevitch Principaux interpr\u00e8tes&nbsp;: Jean-Paul Andr\u00e9ani (Paris), Raoul Bari (Mercutio), Robert Blanc (le p\u00e8re de Juliette), Max Bozzoni (Thibalt), Liane Dayd\u00e9 (Juliette), Paulette Dynalix (la Nourrice), Raymond Franchetti (Benvolio), Serge","og_url":"https:\/\/www.sergelifar.org\/ru\/\u0445\u043e\u0440\u0435\u043e\u0433\u0440\u0430\u0444\u0438\u0438\/autres-ballets\/romeo-et-juliette-version-nouvelle\/","og_site_name":"Serge Lifar","article_modified_time":"2024-03-11T10:51:51+00:00","twitter_card":"summary_large_image","twitter_misc":{"\u041f\u0440\u0438\u043c\u0435\u0440\u043d\u043e\u0435 \u0432\u0440\u0435\u043c\u044f \u0434\u043b\u044f \u0447\u0442\u0435\u043d\u0438\u044f":"3 \u043c\u0438\u043d\u0443\u0442\u044b"},"schema":{"@context":"https:\/\/schema.org","@graph":[{"@type":"WebPage","@id":"https:\/\/www.sergelifar.org\/ru\/%d1%85%d0%be%d1%80%d0%b5%d0%be%d0%b3%d1%80%d0%b0%d1%84%d0%b8%d0%b8\/autres-ballets\/romeo-et-juliette-version-nouvelle\/","url":"https:\/\/www.sergelifar.org\/ru\/%d1%85%d0%be%d1%80%d0%b5%d0%be%d0%b3%d1%80%d0%b0%d1%84%d0%b8%d0%b8\/autres-ballets\/romeo-et-juliette-version-nouvelle\/","name":"Rom\u00e9o et Juliette (version nouvelle) - Serge Lifar","isPartOf":{"@id":"https:\/\/dev2023.sergelifar.org\/en\/#website"},"datePublished":"2023-02-12T15:56:54+00:00","dateModified":"2024-03-11T10:51:51+00:00","breadcrumb":{"@id":"https:\/\/www.sergelifar.org\/ru\/%d1%85%d0%be%d1%80%d0%b5%d0%be%d0%b3%d1%80%d0%b0%d1%84%d0%b8%d0%b8\/autres-ballets\/romeo-et-juliette-version-nouvelle\/#breadcrumb"},"inLanguage":"ru-RU","potentialAction":[{"@type":"ReadAction","target":["https:\/\/www.sergelifar.org\/ru\/%d1%85%d0%be%d1%80%d0%b5%d0%be%d0%b3%d1%80%d0%b0%d1%84%d0%b8%d0%b8\/autres-ballets\/romeo-et-juliette-version-nouvelle\/"]}]},{"@type":"BreadcrumbList","@id":"https:\/\/www.sergelifar.org\/ru\/%d1%85%d0%be%d1%80%d0%b5%d0%be%d0%b3%d1%80%d0%b0%d1%84%d0%b8%d0%b8\/autres-ballets\/romeo-et-juliette-version-nouvelle\/#breadcrumb","itemListElement":[{"@type":"ListItem","position":1,"name":"Accueil","item":"https:\/\/www.sergelifar.org\/ru\/"},{"@type":"ListItem","position":2,"name":"\u0425\u043e\u0440\u0435\u043e\u0433\u0440\u0430\u0444\u0438\u0447\u0435\u0441\u043a\u0438\u0435 \u043f\u043e\u0441\u0442\u0430\u043d\u043e\u0432\u043a\u0438","item":"https:\/\/www.sergelifar.org\/ru\/%d1%85%d0%be%d1%80%d0%b5%d0%be%d0%b3%d1%80%d0%b0%d1%84%d0%b8%d0%b8\/"},{"@type":"ListItem","position":3,"name":"Autres ballets","item":"https:\/\/www.sergelifar.org\/ru\/%d1%85%d0%be%d1%80%d0%b5%d0%be%d0%b3%d1%80%d0%b0%d1%84%d0%b8%d0%b8\/autres-ballets\/"},{"@type":"ListItem","position":4,"name":"Rom\u00e9o et Juliette (version nouvelle)"}]},{"@type":"WebSite","@id":"https:\/\/dev2023.sergelifar.org\/en\/#website","url":"https:\/\/dev2023.sergelifar.org\/en\/","name":"Serge Lifar","description":"Site officiel de la Fondation Serge Lifar","potentialAction":[{"@type":"SearchAction","target":{"@type":"EntryPoint","urlTemplate":"https:\/\/dev2023.sergelifar.org\/en\/?s={search_term_string}"},"query-input":{"@type":"PropertyValueSpecification","valueRequired":true,"valueName":"search_term_string"}}],"inLanguage":"ru-RU"}]}},"_links":{"self":[{"href":"https:\/\/www.sergelifar.org\/ru\/wp-json\/wp\/v2\/pages\/6673","targetHints":{"allow":["GET"]}}],"collection":[{"href":"https:\/\/www.sergelifar.org\/ru\/wp-json\/wp\/v2\/pages"}],"about":[{"href":"https:\/\/www.sergelifar.org\/ru\/wp-json\/wp\/v2\/types\/page"}],"author":[{"embeddable":true,"href":"https:\/\/www.sergelifar.org\/ru\/wp-json\/wp\/v2\/users\/2"}],"replies":[{"embeddable":true,"href":"https:\/\/www.sergelifar.org\/ru\/wp-json\/wp\/v2\/comments?post=6673"}],"version-history":[{"count":3,"href":"https:\/\/www.sergelifar.org\/ru\/wp-json\/wp\/v2\/pages\/6673\/revisions"}],"predecessor-version":[{"id":7087,"href":"https:\/\/www.sergelifar.org\/ru\/wp-json\/wp\/v2\/pages\/6673\/revisions\/7087"}],"up":[{"embeddable":true,"href":"https:\/\/www.sergelifar.org\/ru\/wp-json\/wp\/v2\/pages\/7159"}],"wp:attachment":[{"href":"https:\/\/www.sergelifar.org\/ru\/wp-json\/wp\/v2\/media?parent=6673"}],"curies":[{"name":"wp","href":"https:\/\/api.w.org\/{rel}","templated":true}]}}