{"id":6665,"date":"2023-02-12T16:05:14","date_gmt":"2023-02-12T16:05:14","guid":{"rendered":"https:\/\/dev2023.sergelifar.org\/%d1%85%d0%be%d1%80%d0%b5%d0%be%d0%b3%d1%80%d0%b0%d1%84%d0%b8%d0%b8\/le-maure-de-venise\/"},"modified":"2024-03-11T11:51:47","modified_gmt":"2024-03-11T10:51:47","slug":"le-maure-de-venise","status":"publish","type":"page","link":"https:\/\/www.sergelifar.org\/ru\/%d1%85%d0%be%d1%80%d0%b5%d0%be%d0%b3%d1%80%d0%b0%d1%84%d0%b8%d0%b8\/autres-ballets\/le-maure-de-venise\/","title":{"rendered":"Le Maure de Venise"},"content":{"rendered":"<div id=\"pl-6665\"  class=\"panel-layout\" ><div id=\"pg-6665-0\"  class=\"panel-grid panel-no-style\" ><div id=\"pgc-6665-0-0\"  class=\"panel-grid-cell\" ><div id=\"panel-6665-0-0-0\" class=\"so-panel widget widget_sow-editor panel-first-child panel-last-child\" data-index=\"0\" ><div\n\t\t\t\n\t\t\tclass=\"so-widget-sow-editor so-widget-sow-editor-base\"\n\t\t\t\n\t\t>\n<div class=\"siteorigin-widget-tinymce textwidget\">\n\t<p>Premi\u00e8re : le 3 janvier 1960 \u00e0 l\u2019Op\u00e9ra de Monte-Carlo<\/p>\n<p>Musique&nbsp;: Maurice Thiriet<\/p>\n<p>Argument&nbsp;(ou livret) : Andr\u00e9 Boll et Serge Lifar, d\u2019apr\u00e8s l\u2019Othello de Shakespeare<\/p>\n<p>D\u00e9cors&nbsp;et costumes&nbsp;: d\u2019apr\u00e8s Patrice Jordan<\/p>\n<p>Interpr\u00e9t\u00e9 par : Sonja Van Beers (Desd\u00e9mone), Billy Wilson (Othello) et le Het Nederlands Ballet<\/p>\n<p style=\"text-align: center;\">* * * * * * * *<\/p>\n<p>\u00ab&nbsp;La saison chor\u00e9graphique de Monte-Carlo vient de s\u2019achever en apoth\u00e9ose par une cr\u00e9ation d\u2019une tr\u00e8s haute qualit\u00e9&nbsp;: celle d\u2019un ballet de Serge Lifar intitul\u00e9 <em>Le Maure de Venise<\/em>, qui a obtenu un succ\u00e8s triomphal. C\u2019est, en effet, une r\u00e9ussite compl\u00e8te dont tous les \u00e9l\u00e9ments constitutifs sont sans d\u00e9faut. Un sc\u00e9nario sobre et clair, sign\u00e9 Lifar et Andr\u00e9 Boll, r\u00e9sume en trois sc\u00e8nes caract\u00e9ristiques le drame passionnel qui bouleverse l\u2019\u00eatre violent et primitif qu\u2019est Othello. Il s\u2019agit moins, dans ce ballet psychologique, d\u2019une banale crise de jalousie physique que du paroxysme de la tendresse d\u00e9sesp\u00e9r\u00e9e d\u2019un amant \u00e9perdu qui voit s\u2019\u00e9crouler tous les r\u00eaves qui \u00e9taient sa seule raison de vivre et qui ne voit pas d\u2019autre issue que la mort \u00e0 cette trag\u00e9die du c\u0153ur.<\/p>\n<p>Musicalement, ce sujet a inspir\u00e9 \u00e0 Maurice Thiriet une partition admirable o\u00f9 ses dons de vrai musicien s\u2019\u00e9panouissent \u00e0 l\u2019aise. Sinc\u00e8re, directe, constamment lisible, construite avec une science et un go\u00fbt infaillibles et s\u2019adaptant miraculeusement \u00e0 la technique de la danse, elle a assur\u00e9 \u00e0 Lifar un \u00ab&nbsp;support&nbsp;\u00bb m\u00e9lodique et rythmique d\u2019une sensibilit\u00e9, d\u2019une richesse et d\u2019une vari\u00e9t\u00e9 in\u00e9puisables. Elle constitue un centre d\u2019\u00e9motion d\u2019une radio-activit\u00e9 prodigieuse.<\/p>\n<p>Autre lib\u00e9ralit\u00e9 du destin&nbsp;: le Nederlands Ballet a fourni \u00e0 Lifar pour incarner <em>Le Maure de Venise<\/em> un interpr\u00e8te id\u00e9al. Il s\u2019agit de Billy Wilson, un authentique danseur de couleur dont les pr\u00e9cieuses vertus raciales font merveille dans ce personnage. La beaut\u00e9, la souplesse et la noblesse naturelles de son corps, l\u2019autorit\u00e9 et l\u2019aisance \u00ab&nbsp;animales&nbsp;\u00bb de ses gestes et de ses attitudes donnent \u00e0 cet Othello un relief et une \u00ab&nbsp;pr\u00e9sence&nbsp;\u00bb irr\u00e9sistibles.<\/p>\n<p>Enfin, l\u2019invention chor\u00e9graphique de Serge Lifar galvanise magnifiquement ce sujet path\u00e9tique. Lifar est le seul chor\u00e9graphe vivant \u2013 je p\u00e8se mes mots \u2013 qui poss\u00e8de le privil\u00e8ge de vivifier le vocabulaire de la danse pure par la force expressive qu\u2019il communique aux encha\u00eenements des \u00ab&nbsp;pas&nbsp;\u00bb classiques, sans recourir jamais \u00e0 l\u2019anecdote ou \u00e0 la litt\u00e9rature. [\u2026] Lifar qui veut qu\u2019on le regrette nous a donn\u00e9 l\u00e0 un v\u00e9ritable chef-d\u2019\u0153uvre d\u2019\u00e9motion profonde. Son nouveau ballet demeurera la grande r\u00e9v\u00e9lation de la saison.&nbsp;\u00bb<\/p>\n<p><em>Serge Lifar r\u00e9novateur du ballet fran\u00e7ais<\/em> par Jean Laurent et Julie Sazonova, Buchet\/Chastel Corr\u00eaa, Paris, 1960 (p. 228)<\/p>\nngg_shortcode_0_placeholder\n<\/div>\n<\/div><\/div><\/div><\/div><\/div>","protected":false},"excerpt":{"rendered":"<p>Premi\u00e8re : le 3 janvier 1960 \u00e0 l\u2019Op\u00e9ra de Monte-Carlo Musique&nbsp;: Maurice Thiriet Argument&nbsp;(ou livret) : Andr\u00e9 Boll et Serge Lifar, d\u2019apr\u00e8s l\u2019Othello de Shakespeare D\u00e9cors&nbsp;et costumes&nbsp;: d\u2019apr\u00e8s Patrice Jordan Interpr\u00e9t\u00e9 par : Sonja Van Beers (Desd\u00e9mone), Billy Wilson (Othello) et le Het Nederlands Ballet * * * * * * * * \u00ab&nbsp;La saison <\/p>\n","protected":false},"author":2,"featured_media":0,"parent":7159,"menu_order":0,"comment_status":"closed","ping_status":"closed","template":"template-sousmenu.php","meta":{"_acf_changed":false,"ngg_post_thumbnail":0,"footnotes":""},"class_list":["post-6665","page","type-page","status-publish","hentry"],"acf":[],"yoast_head":"<!-- This site is optimized with the Yoast SEO plugin v27.5 - https:\/\/yoast.com\/product\/yoast-seo-wordpress\/ -->\n<title>Le Maure de Venise - Serge Lifar<\/title>\n<meta name=\"robots\" content=\"index, follow, max-snippet:-1, max-image-preview:large, max-video-preview:-1\" \/>\n<link rel=\"canonical\" href=\"https:\/\/www.sergelifar.org\/choregraphies\/autres-ballets\/le-maure-de-venise\/\" \/>\n<meta property=\"og:locale\" content=\"ru_RU\" \/>\n<meta property=\"og:type\" content=\"article\" \/>\n<meta property=\"og:title\" content=\"Le Maure de Venise - Serge Lifar\" \/>\n<meta property=\"og:description\" content=\"Premi\u00e8re : le 3 janvier 1960 \u00e0 l\u2019Op\u00e9ra de Monte-Carlo Musique&nbsp;: Maurice Thiriet Argument&nbsp;(ou livret) : Andr\u00e9 Boll et Serge Lifar, d\u2019apr\u00e8s l\u2019Othello de Shakespeare D\u00e9cors&nbsp;et costumes&nbsp;: d\u2019apr\u00e8s Patrice Jordan Interpr\u00e9t\u00e9 par : Sonja Van Beers (Desd\u00e9mone), Billy Wilson (Othello) et le Het Nederlands Ballet * * * * * * * * \u00ab&nbsp;La saison\" \/>\n<meta property=\"og:url\" content=\"https:\/\/www.sergelifar.org\/choregraphies\/autres-ballets\/le-maure-de-venise\/\" \/>\n<meta property=\"og:site_name\" content=\"Serge Lifar\" \/>\n<meta property=\"article:modified_time\" content=\"2024-03-11T10:51:47+00:00\" \/>\n<meta name=\"twitter:card\" content=\"summary_large_image\" \/>\n<meta name=\"twitter:label1\" content=\"\u041f\u0440\u0438\u043c\u0435\u0440\u043d\u043e\u0435 \u0432\u0440\u0435\u043c\u044f \u0434\u043b\u044f \u0447\u0442\u0435\u043d\u0438\u044f\" \/>\n\t<meta name=\"twitter:data1\" content=\"3 \u043c\u0438\u043d\u0443\u0442\u044b\" \/>\n<script type=\"application\/ld+json\" class=\"yoast-schema-graph\">{\"@context\":\"https:\\\/\\\/schema.org\",\"@graph\":[{\"@type\":\"WebPage\",\"@id\":\"https:\\\/\\\/www.sergelifar.org\\\/choregraphies\\\/autres-ballets\\\/le-maure-de-venise\\\/\",\"url\":\"https:\\\/\\\/www.sergelifar.org\\\/choregraphies\\\/autres-ballets\\\/le-maure-de-venise\\\/\",\"name\":\"Le Maure de Venise - Serge Lifar\",\"isPartOf\":{\"@id\":\"https:\\\/\\\/dev2023.sergelifar.org\\\/en\\\/#website\"},\"datePublished\":\"2023-02-12T16:05:14+00:00\",\"dateModified\":\"2024-03-11T10:51:47+00:00\",\"breadcrumb\":{\"@id\":\"https:\\\/\\\/www.sergelifar.org\\\/choregraphies\\\/autres-ballets\\\/le-maure-de-venise\\\/#breadcrumb\"},\"inLanguage\":\"ru-RU\",\"potentialAction\":[{\"@type\":\"ReadAction\",\"target\":[\"https:\\\/\\\/www.sergelifar.org\\\/choregraphies\\\/autres-ballets\\\/le-maure-de-venise\\\/\"]}]},{\"@type\":\"BreadcrumbList\",\"@id\":\"https:\\\/\\\/www.sergelifar.org\\\/choregraphies\\\/autres-ballets\\\/le-maure-de-venise\\\/#breadcrumb\",\"itemListElement\":[{\"@type\":\"ListItem\",\"position\":1,\"name\":\"Accueil\",\"item\":\"https:\\\/\\\/www.sergelifar.org\\\/ru\\\/\"},{\"@type\":\"ListItem\",\"position\":2,\"name\":\"\u0425\u043e\u0440\u0435\u043e\u0433\u0440\u0430\u0444\u0438\u0447\u0435\u0441\u043a\u0438\u0435 \u043f\u043e\u0441\u0442\u0430\u043d\u043e\u0432\u043a\u0438\",\"item\":\"https:\\\/\\\/www.sergelifar.org\\\/ru\\\/%d1%85%d0%be%d1%80%d0%b5%d0%be%d0%b3%d1%80%d0%b0%d1%84%d0%b8%d0%b8\\\/\"},{\"@type\":\"ListItem\",\"position\":3,\"name\":\"Autres ballets\",\"item\":\"https:\\\/\\\/www.sergelifar.org\\\/ru\\\/%d1%85%d0%be%d1%80%d0%b5%d0%be%d0%b3%d1%80%d0%b0%d1%84%d0%b8%d0%b8\\\/autres-ballets\\\/\"},{\"@type\":\"ListItem\",\"position\":4,\"name\":\"Le Maure de Venise\"}]},{\"@type\":\"WebSite\",\"@id\":\"https:\\\/\\\/dev2023.sergelifar.org\\\/en\\\/#website\",\"url\":\"https:\\\/\\\/dev2023.sergelifar.org\\\/en\\\/\",\"name\":\"Serge Lifar\",\"description\":\"Site officiel de la Fondation Serge Lifar\",\"potentialAction\":[{\"@type\":\"SearchAction\",\"target\":{\"@type\":\"EntryPoint\",\"urlTemplate\":\"https:\\\/\\\/dev2023.sergelifar.org\\\/en\\\/?s={search_term_string}\"},\"query-input\":{\"@type\":\"PropertyValueSpecification\",\"valueRequired\":true,\"valueName\":\"search_term_string\"}}],\"inLanguage\":\"ru-RU\"}]}<\/script>\n<!-- \/ Yoast SEO plugin. -->","yoast_head_json":{"title":"Le Maure de Venise - Serge Lifar","robots":{"index":"index","follow":"follow","max-snippet":"max-snippet:-1","max-image-preview":"max-image-preview:large","max-video-preview":"max-video-preview:-1"},"canonical":"https:\/\/www.sergelifar.org\/choregraphies\/autres-ballets\/le-maure-de-venise\/","og_locale":"ru_RU","og_type":"article","og_title":"Le Maure de Venise - Serge Lifar","og_description":"Premi\u00e8re : le 3 janvier 1960 \u00e0 l\u2019Op\u00e9ra de Monte-Carlo Musique&nbsp;: Maurice Thiriet Argument&nbsp;(ou livret) : Andr\u00e9 Boll et Serge Lifar, d\u2019apr\u00e8s l\u2019Othello de Shakespeare D\u00e9cors&nbsp;et costumes&nbsp;: d\u2019apr\u00e8s Patrice Jordan Interpr\u00e9t\u00e9 par : Sonja Van Beers (Desd\u00e9mone), Billy Wilson (Othello) et le Het Nederlands Ballet * * * * * * * * \u00ab&nbsp;La saison","og_url":"https:\/\/www.sergelifar.org\/choregraphies\/autres-ballets\/le-maure-de-venise\/","og_site_name":"Serge Lifar","article_modified_time":"2024-03-11T10:51:47+00:00","twitter_card":"summary_large_image","twitter_misc":{"\u041f\u0440\u0438\u043c\u0435\u0440\u043d\u043e\u0435 \u0432\u0440\u0435\u043c\u044f \u0434\u043b\u044f \u0447\u0442\u0435\u043d\u0438\u044f":"3 \u043c\u0438\u043d\u0443\u0442\u044b"},"schema":{"@context":"https:\/\/schema.org","@graph":[{"@type":"WebPage","@id":"https:\/\/www.sergelifar.org\/choregraphies\/autres-ballets\/le-maure-de-venise\/","url":"https:\/\/www.sergelifar.org\/choregraphies\/autres-ballets\/le-maure-de-venise\/","name":"Le Maure de Venise - Serge Lifar","isPartOf":{"@id":"https:\/\/dev2023.sergelifar.org\/en\/#website"},"datePublished":"2023-02-12T16:05:14+00:00","dateModified":"2024-03-11T10:51:47+00:00","breadcrumb":{"@id":"https:\/\/www.sergelifar.org\/choregraphies\/autres-ballets\/le-maure-de-venise\/#breadcrumb"},"inLanguage":"ru-RU","potentialAction":[{"@type":"ReadAction","target":["https:\/\/www.sergelifar.org\/choregraphies\/autres-ballets\/le-maure-de-venise\/"]}]},{"@type":"BreadcrumbList","@id":"https:\/\/www.sergelifar.org\/choregraphies\/autres-ballets\/le-maure-de-venise\/#breadcrumb","itemListElement":[{"@type":"ListItem","position":1,"name":"Accueil","item":"https:\/\/www.sergelifar.org\/ru\/"},{"@type":"ListItem","position":2,"name":"\u0425\u043e\u0440\u0435\u043e\u0433\u0440\u0430\u0444\u0438\u0447\u0435\u0441\u043a\u0438\u0435 \u043f\u043e\u0441\u0442\u0430\u043d\u043e\u0432\u043a\u0438","item":"https:\/\/www.sergelifar.org\/ru\/%d1%85%d0%be%d1%80%d0%b5%d0%be%d0%b3%d1%80%d0%b0%d1%84%d0%b8%d0%b8\/"},{"@type":"ListItem","position":3,"name":"Autres ballets","item":"https:\/\/www.sergelifar.org\/ru\/%d1%85%d0%be%d1%80%d0%b5%d0%be%d0%b3%d1%80%d0%b0%d1%84%d0%b8%d0%b8\/autres-ballets\/"},{"@type":"ListItem","position":4,"name":"Le Maure de Venise"}]},{"@type":"WebSite","@id":"https:\/\/dev2023.sergelifar.org\/en\/#website","url":"https:\/\/dev2023.sergelifar.org\/en\/","name":"Serge Lifar","description":"Site officiel de la Fondation Serge Lifar","potentialAction":[{"@type":"SearchAction","target":{"@type":"EntryPoint","urlTemplate":"https:\/\/dev2023.sergelifar.org\/en\/?s={search_term_string}"},"query-input":{"@type":"PropertyValueSpecification","valueRequired":true,"valueName":"search_term_string"}}],"inLanguage":"ru-RU"}]}},"_links":{"self":[{"href":"https:\/\/www.sergelifar.org\/ru\/wp-json\/wp\/v2\/pages\/6665","targetHints":{"allow":["GET"]}}],"collection":[{"href":"https:\/\/www.sergelifar.org\/ru\/wp-json\/wp\/v2\/pages"}],"about":[{"href":"https:\/\/www.sergelifar.org\/ru\/wp-json\/wp\/v2\/types\/page"}],"author":[{"embeddable":true,"href":"https:\/\/www.sergelifar.org\/ru\/wp-json\/wp\/v2\/users\/2"}],"replies":[{"embeddable":true,"href":"https:\/\/www.sergelifar.org\/ru\/wp-json\/wp\/v2\/comments?post=6665"}],"version-history":[{"count":3,"href":"https:\/\/www.sergelifar.org\/ru\/wp-json\/wp\/v2\/pages\/6665\/revisions"}],"predecessor-version":[{"id":7079,"href":"https:\/\/www.sergelifar.org\/ru\/wp-json\/wp\/v2\/pages\/6665\/revisions\/7079"}],"up":[{"embeddable":true,"href":"https:\/\/www.sergelifar.org\/ru\/wp-json\/wp\/v2\/pages\/7159"}],"wp:attachment":[{"href":"https:\/\/www.sergelifar.org\/ru\/wp-json\/wp\/v2\/media?parent=6665"}],"curies":[{"name":"wp","href":"https:\/\/api.w.org\/{rel}","templated":true}]}}