{"id":6659,"date":"2023-02-12T17:24:25","date_gmt":"2023-02-12T17:24:25","guid":{"rendered":"https:\/\/dev2023.sergelifar.org\/%d1%85%d0%be%d1%80%d0%b5%d0%be%d0%b3%d1%80%d0%b0%d1%84%d0%b8%d0%b8\/le-faune\/"},"modified":"2024-03-11T12:05:25","modified_gmt":"2024-03-11T11:05:25","slug":"le-faune","status":"publish","type":"page","link":"https:\/\/www.sergelifar.org\/ru\/%d1%85%d0%be%d1%80%d0%b5%d0%be%d0%b3%d1%80%d0%b0%d1%84%d0%b8%d0%b8\/principaux-ballets\/le-faune\/","title":{"rendered":"Le Faune"},"content":{"rendered":"<div id=\"pl-6659\"  class=\"panel-layout\" ><div id=\"pg-6659-0\"  class=\"panel-grid panel-no-style\" ><div id=\"pgc-6659-0-0\"  class=\"panel-grid-cell\" ><div id=\"panel-6659-0-0-0\" class=\"so-panel widget widget_sow-editor panel-first-child panel-last-child\" data-index=\"0\" ><div\n\t\t\t\n\t\t\tclass=\"so-widget-sow-editor so-widget-sow-editor-base\"\n\t\t\t\n\t\t>\n<div class=\"siteorigin-widget-tinymce textwidget\">\n\t<p>Premi\u00e8re : le 18 mars 1935<\/p>\n<p>Musique&nbsp;: Claude Debussy<\/p>\n<p>Argument&nbsp;(ou livret) : Vaslav Nijinski d\u2019apr\u00e8s le po\u00e8me de St\u00e9phane Mallarm\u00e9<\/p>\n<p>Direction musicale&nbsp;: Philippe Gaubert<\/p>\n<p>Principaux interpr\u00e8tes : Serge Lifar (le Faune)<\/p>\n<p style=\"text-align: center;\">* * * * * * * *<\/p>\n<p>\u00ab Mes ballets les plus \u00ab diaghileviens \u00bb, en ce temps, furent <em>L\u2019Apr\u00e8s-midi d\u2019un Faune<\/em> (1932) et <em>Jeunesse<\/em>, sur la musique de P.O. Ferroud (1933).<\/p>\n<p>J\u2019ai doublement remani\u00e9 le Faune cr\u00e9\u00e9 par Nijinski en 1912&nbsp;: en introduisant des mouvements brusques, cassants, fond\u00e9s sur une grande tension des muscles de tout le corps, alors que le Faune de Nijinski \u00e9tait plus mou&nbsp;; en t\u00e2chant de me rapprocher davantage du personnage tel qu\u2019il m\u2019appara\u00eet dans l\u2019\u00e9glogue de St\u00e9phane Mallarm\u00e9&nbsp;:<\/p>\n<p>\u00ab&nbsp;<em>R\u00eave, dans un<\/em> solo <em>long<\/em>\u2026&nbsp;\u00bb<\/p>\n<p>Nijinski faisait venir en sc\u00e8ne toute une troupe de nymphes. Mon Faune \u00e0 moi d\u00e9couvre une \u00e9charpe oubli\u00e9e, et elle suffit \u00e0 meubler son r\u00eave. Plus proche de Mallarm\u00e9, cette conception me semble s\u2019accorder mieux avec la musique de Debussy ; du reste, Mme Claude Debussy me l\u2019a confirm\u00e9 un jour en m\u2019assurant que le ma\u00eetre aurait aim\u00e9 mon interpr\u00e9tation. \u00bb<\/p>\n<p>Serge Lifar, <em>Le livre de la danse<\/em>, Les Editions du Journal Musical Fran\u00e7ais, Paris, 1954 (p. 157-158)<\/p>\nngg_shortcode_0_placeholder\n<p>&nbsp;<\/p>\n<\/div>\n<\/div><\/div><\/div><\/div><\/div>","protected":false},"excerpt":{"rendered":"<p>Premi\u00e8re : le 18 mars 1935 Musique&nbsp;: Claude Debussy Argument&nbsp;(ou livret) : Vaslav Nijinski d\u2019apr\u00e8s le po\u00e8me de St\u00e9phane Mallarm\u00e9 Direction musicale&nbsp;: Philippe Gaubert Principaux interpr\u00e8tes : Serge Lifar (le Faune) * * * * * * * * \u00ab Mes ballets les plus \u00ab diaghileviens \u00bb, en ce temps, furent L\u2019Apr\u00e8s-midi d\u2019un Faune (1932) <\/p>\n","protected":false},"author":2,"featured_media":0,"parent":7161,"menu_order":5,"comment_status":"closed","ping_status":"closed","template":"template-sousmenu.php","meta":{"_acf_changed":false,"ngg_post_thumbnail":0,"footnotes":""},"class_list":["post-6659","page","type-page","status-publish","hentry"],"acf":[],"yoast_head":"<!-- This site is optimized with the Yoast SEO plugin v27.5 - https:\/\/yoast.com\/product\/yoast-seo-wordpress\/ -->\n<title>Le Faune - Serge Lifar<\/title>\n<meta name=\"robots\" content=\"index, follow, max-snippet:-1, max-image-preview:large, max-video-preview:-1\" \/>\n<link rel=\"canonical\" href=\"https:\/\/www.sergelifar.org\/choregraphies\/principaux-ballets\/le-faune\/\" \/>\n<meta property=\"og:locale\" content=\"ru_RU\" \/>\n<meta property=\"og:type\" content=\"article\" \/>\n<meta property=\"og:title\" content=\"Le Faune - Serge Lifar\" \/>\n<meta property=\"og:description\" content=\"Premi\u00e8re : le 18 mars 1935 Musique&nbsp;: Claude Debussy Argument&nbsp;(ou livret) : Vaslav Nijinski d\u2019apr\u00e8s le po\u00e8me de St\u00e9phane Mallarm\u00e9 Direction musicale&nbsp;: Philippe Gaubert Principaux interpr\u00e8tes : Serge Lifar (le Faune) * * * * * * * * \u00ab Mes ballets les plus \u00ab diaghileviens \u00bb, en ce temps, furent L\u2019Apr\u00e8s-midi d\u2019un Faune (1932)\" \/>\n<meta property=\"og:url\" content=\"https:\/\/www.sergelifar.org\/choregraphies\/principaux-ballets\/le-faune\/\" \/>\n<meta property=\"og:site_name\" content=\"Serge Lifar\" \/>\n<meta property=\"article:modified_time\" content=\"2024-03-11T11:05:25+00:00\" \/>\n<meta name=\"twitter:card\" content=\"summary_large_image\" \/>\n<meta name=\"twitter:label1\" content=\"\u041f\u0440\u0438\u043c\u0435\u0440\u043d\u043e\u0435 \u0432\u0440\u0435\u043c\u044f \u0434\u043b\u044f \u0447\u0442\u0435\u043d\u0438\u044f\" \/>\n\t<meta name=\"twitter:data1\" content=\"1 \u043c\u0438\u043d\u0443\u0442\u0430\" \/>\n<script type=\"application\/ld+json\" class=\"yoast-schema-graph\">{\"@context\":\"https:\\\/\\\/schema.org\",\"@graph\":[{\"@type\":\"WebPage\",\"@id\":\"https:\\\/\\\/www.sergelifar.org\\\/choregraphies\\\/principaux-ballets\\\/le-faune\\\/\",\"url\":\"https:\\\/\\\/www.sergelifar.org\\\/choregraphies\\\/principaux-ballets\\\/le-faune\\\/\",\"name\":\"Le Faune - Serge Lifar\",\"isPartOf\":{\"@id\":\"https:\\\/\\\/dev2023.sergelifar.org\\\/en\\\/#website\"},\"datePublished\":\"2023-02-12T17:24:25+00:00\",\"dateModified\":\"2024-03-11T11:05:25+00:00\",\"breadcrumb\":{\"@id\":\"https:\\\/\\\/www.sergelifar.org\\\/choregraphies\\\/principaux-ballets\\\/le-faune\\\/#breadcrumb\"},\"inLanguage\":\"ru-RU\",\"potentialAction\":[{\"@type\":\"ReadAction\",\"target\":[\"https:\\\/\\\/www.sergelifar.org\\\/choregraphies\\\/principaux-ballets\\\/le-faune\\\/\"]}]},{\"@type\":\"BreadcrumbList\",\"@id\":\"https:\\\/\\\/www.sergelifar.org\\\/choregraphies\\\/principaux-ballets\\\/le-faune\\\/#breadcrumb\",\"itemListElement\":[{\"@type\":\"ListItem\",\"position\":1,\"name\":\"Accueil\",\"item\":\"https:\\\/\\\/www.sergelifar.org\\\/ru\\\/\"},{\"@type\":\"ListItem\",\"position\":2,\"name\":\"\u0425\u043e\u0440\u0435\u043e\u0433\u0440\u0430\u0444\u0438\u0447\u0435\u0441\u043a\u0438\u0435 \u043f\u043e\u0441\u0442\u0430\u043d\u043e\u0432\u043a\u0438\",\"item\":\"https:\\\/\\\/www.sergelifar.org\\\/ru\\\/%d1%85%d0%be%d1%80%d0%b5%d0%be%d0%b3%d1%80%d0%b0%d1%84%d0%b8%d0%b8\\\/\"},{\"@type\":\"ListItem\",\"position\":3,\"name\":\"Principaux ballets\",\"item\":\"https:\\\/\\\/www.sergelifar.org\\\/ru\\\/%d1%85%d0%be%d1%80%d0%b5%d0%be%d0%b3%d1%80%d0%b0%d1%84%d0%b8%d0%b8\\\/principaux-ballets\\\/\"},{\"@type\":\"ListItem\",\"position\":4,\"name\":\"Le Faune\"}]},{\"@type\":\"WebSite\",\"@id\":\"https:\\\/\\\/dev2023.sergelifar.org\\\/en\\\/#website\",\"url\":\"https:\\\/\\\/dev2023.sergelifar.org\\\/en\\\/\",\"name\":\"Serge Lifar\",\"description\":\"Site officiel de la Fondation Serge Lifar\",\"potentialAction\":[{\"@type\":\"SearchAction\",\"target\":{\"@type\":\"EntryPoint\",\"urlTemplate\":\"https:\\\/\\\/dev2023.sergelifar.org\\\/en\\\/?s={search_term_string}\"},\"query-input\":{\"@type\":\"PropertyValueSpecification\",\"valueRequired\":true,\"valueName\":\"search_term_string\"}}],\"inLanguage\":\"ru-RU\"}]}<\/script>\n<!-- \/ Yoast SEO plugin. -->","yoast_head_json":{"title":"Le Faune - Serge Lifar","robots":{"index":"index","follow":"follow","max-snippet":"max-snippet:-1","max-image-preview":"max-image-preview:large","max-video-preview":"max-video-preview:-1"},"canonical":"https:\/\/www.sergelifar.org\/choregraphies\/principaux-ballets\/le-faune\/","og_locale":"ru_RU","og_type":"article","og_title":"Le Faune - Serge Lifar","og_description":"Premi\u00e8re : le 18 mars 1935 Musique&nbsp;: Claude Debussy Argument&nbsp;(ou livret) : Vaslav Nijinski d\u2019apr\u00e8s le po\u00e8me de St\u00e9phane Mallarm\u00e9 Direction musicale&nbsp;: Philippe Gaubert Principaux interpr\u00e8tes : Serge Lifar (le Faune) * * * * * * * * \u00ab Mes ballets les plus \u00ab diaghileviens \u00bb, en ce temps, furent L\u2019Apr\u00e8s-midi d\u2019un Faune (1932)","og_url":"https:\/\/www.sergelifar.org\/choregraphies\/principaux-ballets\/le-faune\/","og_site_name":"Serge Lifar","article_modified_time":"2024-03-11T11:05:25+00:00","twitter_card":"summary_large_image","twitter_misc":{"\u041f\u0440\u0438\u043c\u0435\u0440\u043d\u043e\u0435 \u0432\u0440\u0435\u043c\u044f \u0434\u043b\u044f \u0447\u0442\u0435\u043d\u0438\u044f":"1 \u043c\u0438\u043d\u0443\u0442\u0430"},"schema":{"@context":"https:\/\/schema.org","@graph":[{"@type":"WebPage","@id":"https:\/\/www.sergelifar.org\/choregraphies\/principaux-ballets\/le-faune\/","url":"https:\/\/www.sergelifar.org\/choregraphies\/principaux-ballets\/le-faune\/","name":"Le Faune - Serge Lifar","isPartOf":{"@id":"https:\/\/dev2023.sergelifar.org\/en\/#website"},"datePublished":"2023-02-12T17:24:25+00:00","dateModified":"2024-03-11T11:05:25+00:00","breadcrumb":{"@id":"https:\/\/www.sergelifar.org\/choregraphies\/principaux-ballets\/le-faune\/#breadcrumb"},"inLanguage":"ru-RU","potentialAction":[{"@type":"ReadAction","target":["https:\/\/www.sergelifar.org\/choregraphies\/principaux-ballets\/le-faune\/"]}]},{"@type":"BreadcrumbList","@id":"https:\/\/www.sergelifar.org\/choregraphies\/principaux-ballets\/le-faune\/#breadcrumb","itemListElement":[{"@type":"ListItem","position":1,"name":"Accueil","item":"https:\/\/www.sergelifar.org\/ru\/"},{"@type":"ListItem","position":2,"name":"\u0425\u043e\u0440\u0435\u043e\u0433\u0440\u0430\u0444\u0438\u0447\u0435\u0441\u043a\u0438\u0435 \u043f\u043e\u0441\u0442\u0430\u043d\u043e\u0432\u043a\u0438","item":"https:\/\/www.sergelifar.org\/ru\/%d1%85%d0%be%d1%80%d0%b5%d0%be%d0%b3%d1%80%d0%b0%d1%84%d0%b8%d0%b8\/"},{"@type":"ListItem","position":3,"name":"Principaux ballets","item":"https:\/\/www.sergelifar.org\/ru\/%d1%85%d0%be%d1%80%d0%b5%d0%be%d0%b3%d1%80%d0%b0%d1%84%d0%b8%d0%b8\/principaux-ballets\/"},{"@type":"ListItem","position":4,"name":"Le Faune"}]},{"@type":"WebSite","@id":"https:\/\/dev2023.sergelifar.org\/en\/#website","url":"https:\/\/dev2023.sergelifar.org\/en\/","name":"Serge Lifar","description":"Site officiel de la Fondation Serge Lifar","potentialAction":[{"@type":"SearchAction","target":{"@type":"EntryPoint","urlTemplate":"https:\/\/dev2023.sergelifar.org\/en\/?s={search_term_string}"},"query-input":{"@type":"PropertyValueSpecification","valueRequired":true,"valueName":"search_term_string"}}],"inLanguage":"ru-RU"}]}},"_links":{"self":[{"href":"https:\/\/www.sergelifar.org\/ru\/wp-json\/wp\/v2\/pages\/6659","targetHints":{"allow":["GET"]}}],"collection":[{"href":"https:\/\/www.sergelifar.org\/ru\/wp-json\/wp\/v2\/pages"}],"about":[{"href":"https:\/\/www.sergelifar.org\/ru\/wp-json\/wp\/v2\/types\/page"}],"author":[{"embeddable":true,"href":"https:\/\/www.sergelifar.org\/ru\/wp-json\/wp\/v2\/users\/2"}],"replies":[{"embeddable":true,"href":"https:\/\/www.sergelifar.org\/ru\/wp-json\/wp\/v2\/comments?post=6659"}],"version-history":[{"count":3,"href":"https:\/\/www.sergelifar.org\/ru\/wp-json\/wp\/v2\/pages\/6659\/revisions"}],"predecessor-version":[{"id":7075,"href":"https:\/\/www.sergelifar.org\/ru\/wp-json\/wp\/v2\/pages\/6659\/revisions\/7075"}],"up":[{"embeddable":true,"href":"https:\/\/www.sergelifar.org\/ru\/wp-json\/wp\/v2\/pages\/7161"}],"wp:attachment":[{"href":"https:\/\/www.sergelifar.org\/ru\/wp-json\/wp\/v2\/media?parent=6659"}],"curies":[{"name":"wp","href":"https:\/\/api.w.org\/{rel}","templated":true}]}}