{"id":6657,"date":"2023-12-07T10:51:47","date_gmt":"2023-12-07T09:51:47","guid":{"rendered":"https:\/\/dev2023.sergelifar.org\/%d1%85%d0%be%d1%80%d0%b5%d0%be%d0%b3%d1%80%d0%b0%d1%84%d0%b8%d0%b8\/salade\/"},"modified":"2025-09-11T11:06:24","modified_gmt":"2025-09-11T09:06:24","slug":"salade","status":"publish","type":"page","link":"https:\/\/www.sergelifar.org\/ru\/%d1%85%d0%be%d1%80%d0%b5%d0%be%d0%b3%d1%80%d0%b0%d1%84%d0%b8%d0%b8\/autres-ballets\/salade\/","title":{"rendered":"Salade"},"content":{"rendered":"<div id=\"pl-6657\"  class=\"panel-layout\" ><div id=\"pg-6657-0\"  class=\"panel-grid panel-no-style\" ><div id=\"pgc-6657-0-0\"  class=\"panel-grid-cell\" ><div id=\"panel-6657-0-0-0\" class=\"so-panel widget widget_sow-editor panel-first-child panel-last-child\" data-index=\"0\" ><div\n\t\t\t\n\t\t\tclass=\"so-widget-sow-editor so-widget-sow-editor-base\"\n\t\t\t\n\t\t>\n<div class=\"siteorigin-widget-tinymce textwidget\">\n\t<p>Contrepoint chor\u00e9graphique en 2 actes<\/p>\n<p>Premi\u00e8re : le 13 f\u00e9vrier 1935 \u00e0 l\u2019Op\u00e9ra de Paris<\/p>\n<p>Chor\u00e9graphie&nbsp;: Serge Lifar d\u2019apr\u00e8s L\u00e9onide Massine<\/p>\n<p>Musique&nbsp;: Darius Milhaud<\/p>\n<p>Argument&nbsp;(ou livret) : Albert Flament<\/p>\n<p>D\u00e9cors&nbsp;et costumes&nbsp;: Andr\u00e9 Derain<\/p>\n<p>Direction musicale&nbsp;: Fran\u00e7ois Ruhlmann<\/p>\n<p>Principaux interpr\u00e8tes :<\/p>\n<p>Danse: Domansky (Coviello), Guylaine (le Docteur), Louis Lebercher (Tartaglia), Serge Lifar (Polichinelle), Suzanne Lorcia (Rosetta), Serge Peretti (Cinzio), Jean Serry (le Capitaine), Jacqueline Simoni (Isabelle)<\/p>\n<p>Chant: Cambon (le Docteur), Jean Claverie (le Capitaine), Gillet (Cinzio), Gourgues (Coviello), Ren\u00e9e Mah\u00e9 (Isabelle), Morot (Tartaglia), Nathan (Rosetta), Edmond Rambaud (Polichinelle)<\/p>\n<p style=\"text-align: center;\">* * * * * * * *<\/p>\n<p>[\u2026] \u00ab Polichinelle reparut sous une forme nouvelle dans <em>Salade<\/em>, cr\u00e9\u00e9 en 1935 sur la musique de Darius Milhaud, d\u00e9cors et costumes de Derain. <em>Salade<\/em> fut r\u00e9gl\u00e9 pour la premi\u00e8re fois aux Ballets du comte Etienne de Beaumont, par Massine, en 1924. Il fut repris par Lifar dans une version nouvelle. L\u2019\u0153uvre connut un succ\u00e8s \u00e9clatant et unanime, et elle demeure rayonnante de joie dans la m\u00e9moire de tous ceux qui l\u2019ont vue, exquise dans son mouvement ininterrompu et sa fantaisie in\u00e9puisable.<\/p>\n<p>Jacques Rouch\u00e9 a dit qu\u2019il avait vu <em>Salade<\/em> sept fois avec le m\u00eame plaisir et retournerait le voir chaque soir qu\u2019on le donnerait. Il ajouta que Lifar dans le r\u00f4le de Polichinelle de <em>Salade<\/em> \u00e9tait un \u00ab&nbsp;miracle d\u2019entrain&nbsp;\u00bb.<\/p>\n<p>Dans le d\u00e9licieux d\u00e9cor de Derain, construit sur trois plans avec, au fond de la sc\u00e8ne, un pont o\u00f9 paraissaient divers personnages, ce ballet de quarante minutes \u00e9tait un jeu extraordinaire de souplesse, de gaiet\u00e9, de turbulence, de lazzi italiens, domin\u00e9 par Polichinelle. Traversant toute la sc\u00e8ne en fl\u00e8che d\u2019un bond prodigieux, changeant continuellement d\u2019aspect, Polichinelle-Lifar se cachait, surgissait l\u00e0 o\u00f9 on ne l\u2019attendait point, rampait, sautait, s\u2019enfuyait \u00e0 quatre pattes pour \u00e9viter un p\u00e8re courrouc\u00e9, tout cela avec une verve et une fantaisie in\u00e9puisable. Apr\u00e8s une farce bien men\u00e9e, il se laissait aller \u00e0 un fou rire muet, en observant les malentendus amusants qui en r\u00e9sultaient, et se tr\u00e9moussait de joie sous son large habit traditionnel. Il \u00e9tait partout et nulle part. Il se m\u00ealait de tout. Une parade militaire passait-elle, ayant en t\u00eate un officier empanach\u00e9, caracolant sur un cheval imaginaire, aussit\u00f4t Polichinelle \u00e9tait l\u00e0&nbsp;; il se faufilait dans les rangs, imitait les mani\u00e8res arrogantes et le pas lourd du commandant, et enfilait sous nos yeux un uniforme imagin\u00e9 pour tromper le p\u00e8re de la pr\u00e9tendue fianc\u00e9e. Battu et chass\u00e9, il sautait sur un pied, tenant l\u2019autre en main et, tant\u00f4t sur le gauche, tant\u00f4t sur le droit, scandait le m\u00eame mouvement tragi-comique. Bien qu\u2019il n\u2019e\u00fbt pas de variation, il montrait dans ce r\u00f4le une virtuosit\u00e9 et une impond\u00e9rabilit\u00e9 sans pareilles, jointes \u00e0 une compr\u00e9hension extraordinaire de la com\u00e9die italienne&nbsp;: ses d\u00e9guisements, son jeu, \u00e9tait d\u2019un style parfaitement \u00ab&nbsp;polichinelle&nbsp;\u00bb. Mont\u00e9 sur des pierres, il battait d\u2019innombrables entrechats. Endossant une robe de femme, il faisait la coquette avec un galant pr\u00e9tentieux et, avec force minauderies, il ex\u00e9cutait une danse mani\u00e9r\u00e9e. Puis, soudain, il enlevait le masque, s\u2019enfuyait et laissait sa dupe en rage. Ou bien, en admiration devant une jolie fille, il dansait avec elle un pas de deux, et tournait sa jambe tendue en la tenant comme un jouet pr\u00e9cieux. Dans les pas de deux avec Suzanne Lorcia et Simoni, il se r\u00e9v\u00e9lait parfait cavalier. Serge Peretti, l\u2019Amoureux, ex\u00e9cutait au son des chants une \u00e9l\u00e9gante variation <em>glissando<\/em> avec la gr\u00e2ce parfaite qui caract\u00e9risait cet artiste, et se pr\u00eatait volontiers \u00e0 tous les jeux de Polichinelle. Ceux-ci aboutissaient \u00e0 apaiser les deux p\u00e8res et \u00e0 assurer le bonheur des deux couples qui s\u2019enroulaient dans un amusant pas de quatre, sorte de tango langoureux, invent\u00e9 par Polichinelle triomphant. L\u2019heureux d\u00e9nouement \u00e9tait f\u00eat\u00e9 par une danse d\u2019ensemble aux figures chor\u00e9graphiques impressionnantes, le Corps de Ballet occupant tout le plateau, et Polichinelle surgissant au milieu des diff\u00e9rents groupes, sautant comme projet\u00e9 par quelque force magique. Lifar poss\u00e8de au plus haut degr\u00e9 une ma\u00eetrise et une fantaisie dans la composition des danses finales, toujours impr\u00e9vues et nouvelles de dessin, qui donnent \u00e0 ses ballets un dernier accord brillant.<\/p>\n<p>Le vif succ\u00e8s de cette \u00ab&nbsp;italianade&nbsp;\u00bb amena la direction de l\u2019Op\u00e9ra \u00e0 suivre l\u2019avis de Lifar et \u00e0 consacrer enti\u00e8rement au ballet une soir\u00e9e par semaine. C\u2019est \u00e0 la suite de <em>Salade<\/em> que furent instaur\u00e9s \u00e0 l\u2019Op\u00e9ra les spectacles chor\u00e9graphiques. \u00bb<\/p>\n<p><em>Serge Lifar r\u00e9novateur du ballet fran\u00e7ais<\/em> par Jean Laurent et Julie Sazonova, Buchet-Chastel Corr\u00eaa, Paris, 1960 (pp. 93-94)<\/p>\nngg_shortcode_0_placeholder\n<\/div>\n<\/div><\/div><\/div><\/div><\/div>","protected":false},"excerpt":{"rendered":"<p>Contrepoint chor\u00e9graphique en 2 actes Premi\u00e8re : le 13 f\u00e9vrier 1935 \u00e0 l\u2019Op\u00e9ra de Paris Chor\u00e9graphie&nbsp;: Serge Lifar d\u2019apr\u00e8s L\u00e9onide Massine Musique&nbsp;: Darius Milhaud Argument&nbsp;(ou livret) : Albert Flament D\u00e9cors&nbsp;et costumes&nbsp;: Andr\u00e9 Derain Direction musicale&nbsp;: Fran\u00e7ois Ruhlmann Principaux interpr\u00e8tes : Danse: Domansky (Coviello), Guylaine (le Docteur), Louis Lebercher (Tartaglia), Serge Lifar (Polichinelle), Suzanne Lorcia (Rosetta), <\/p>\n","protected":false},"author":2,"featured_media":0,"parent":7159,"menu_order":0,"comment_status":"closed","ping_status":"closed","template":"template-sousmenu.php","meta":{"_acf_changed":false,"ngg_post_thumbnail":0,"footnotes":""},"class_list":["post-6657","page","type-page","status-publish","hentry"],"acf":[],"yoast_head":"<!-- This site is optimized with the Yoast SEO plugin v27.3 - https:\/\/yoast.com\/product\/yoast-seo-wordpress\/ -->\n<title>Salade - Serge Lifar<\/title>\n<meta name=\"robots\" content=\"index, follow, max-snippet:-1, max-image-preview:large, max-video-preview:-1\" \/>\n<link rel=\"canonical\" href=\"https:\/\/www.sergelifar.org\/ru\/\u0445\u043e\u0440\u0435\u043e\u0433\u0440\u0430\u0444\u0438\u0438\/autres-ballets\/salade\/\" \/>\n<meta property=\"og:locale\" content=\"ru_RU\" \/>\n<meta property=\"og:type\" content=\"article\" \/>\n<meta property=\"og:title\" content=\"Salade - Serge Lifar\" \/>\n<meta property=\"og:description\" content=\"Contrepoint chor\u00e9graphique en 2 actes Premi\u00e8re : le 13 f\u00e9vrier 1935 \u00e0 l\u2019Op\u00e9ra de Paris Chor\u00e9graphie&nbsp;: Serge Lifar d\u2019apr\u00e8s L\u00e9onide Massine Musique&nbsp;: Darius Milhaud Argument&nbsp;(ou livret) : Albert Flament D\u00e9cors&nbsp;et costumes&nbsp;: Andr\u00e9 Derain Direction musicale&nbsp;: Fran\u00e7ois Ruhlmann Principaux interpr\u00e8tes : Danse: Domansky (Coviello), Guylaine (le Docteur), Louis Lebercher (Tartaglia), Serge Lifar (Polichinelle), Suzanne Lorcia (Rosetta),\" \/>\n<meta property=\"og:url\" content=\"https:\/\/www.sergelifar.org\/ru\/\u0445\u043e\u0440\u0435\u043e\u0433\u0440\u0430\u0444\u0438\u0438\/autres-ballets\/salade\/\" \/>\n<meta property=\"og:site_name\" content=\"Serge Lifar\" \/>\n<meta property=\"article:modified_time\" content=\"2025-09-11T09:06:24+00:00\" \/>\n<meta name=\"twitter:card\" content=\"summary_large_image\" \/>\n<meta name=\"twitter:label1\" content=\"\u041f\u0440\u0438\u043c\u0435\u0440\u043d\u043e\u0435 \u0432\u0440\u0435\u043c\u044f \u0434\u043b\u044f \u0447\u0442\u0435\u043d\u0438\u044f\" \/>\n\t<meta name=\"twitter:data1\" content=\"4 \u043c\u0438\u043d\u0443\u0442\u044b\" \/>\n<script type=\"application\/ld+json\" class=\"yoast-schema-graph\">{\"@context\":\"https:\\\/\\\/schema.org\",\"@graph\":[{\"@type\":\"WebPage\",\"@id\":\"https:\\\/\\\/www.sergelifar.org\\\/ru\\\/%d1%85%d0%be%d1%80%d0%b5%d0%be%d0%b3%d1%80%d0%b0%d1%84%d0%b8%d0%b8\\\/autres-ballets\\\/salade\\\/\",\"url\":\"https:\\\/\\\/www.sergelifar.org\\\/ru\\\/%d1%85%d0%be%d1%80%d0%b5%d0%be%d0%b3%d1%80%d0%b0%d1%84%d0%b8%d0%b8\\\/autres-ballets\\\/salade\\\/\",\"name\":\"Salade - Serge Lifar\",\"isPartOf\":{\"@id\":\"https:\\\/\\\/dev2023.sergelifar.org\\\/en\\\/#website\"},\"datePublished\":\"2023-12-07T09:51:47+00:00\",\"dateModified\":\"2025-09-11T09:06:24+00:00\",\"breadcrumb\":{\"@id\":\"https:\\\/\\\/www.sergelifar.org\\\/ru\\\/%d1%85%d0%be%d1%80%d0%b5%d0%be%d0%b3%d1%80%d0%b0%d1%84%d0%b8%d0%b8\\\/autres-ballets\\\/salade\\\/#breadcrumb\"},\"inLanguage\":\"ru-RU\",\"potentialAction\":[{\"@type\":\"ReadAction\",\"target\":[\"https:\\\/\\\/www.sergelifar.org\\\/ru\\\/%d1%85%d0%be%d1%80%d0%b5%d0%be%d0%b3%d1%80%d0%b0%d1%84%d0%b8%d0%b8\\\/autres-ballets\\\/salade\\\/\"]}]},{\"@type\":\"BreadcrumbList\",\"@id\":\"https:\\\/\\\/www.sergelifar.org\\\/ru\\\/%d1%85%d0%be%d1%80%d0%b5%d0%be%d0%b3%d1%80%d0%b0%d1%84%d0%b8%d0%b8\\\/autres-ballets\\\/salade\\\/#breadcrumb\",\"itemListElement\":[{\"@type\":\"ListItem\",\"position\":1,\"name\":\"Accueil\",\"item\":\"https:\\\/\\\/www.sergelifar.org\\\/ru\\\/\"},{\"@type\":\"ListItem\",\"position\":2,\"name\":\"\u0425\u043e\u0440\u0435\u043e\u0433\u0440\u0430\u0444\u0438\u0447\u0435\u0441\u043a\u0438\u0435 \u043f\u043e\u0441\u0442\u0430\u043d\u043e\u0432\u043a\u0438\",\"item\":\"https:\\\/\\\/www.sergelifar.org\\\/ru\\\/%d1%85%d0%be%d1%80%d0%b5%d0%be%d0%b3%d1%80%d0%b0%d1%84%d0%b8%d0%b8\\\/\"},{\"@type\":\"ListItem\",\"position\":3,\"name\":\"Autres ballets\",\"item\":\"https:\\\/\\\/www.sergelifar.org\\\/ru\\\/%d1%85%d0%be%d1%80%d0%b5%d0%be%d0%b3%d1%80%d0%b0%d1%84%d0%b8%d0%b8\\\/autres-ballets\\\/\"},{\"@type\":\"ListItem\",\"position\":4,\"name\":\"Salade\"}]},{\"@type\":\"WebSite\",\"@id\":\"https:\\\/\\\/dev2023.sergelifar.org\\\/en\\\/#website\",\"url\":\"https:\\\/\\\/dev2023.sergelifar.org\\\/en\\\/\",\"name\":\"Serge Lifar\",\"description\":\"Site officiel de la Fondation Serge Lifar\",\"potentialAction\":[{\"@type\":\"SearchAction\",\"target\":{\"@type\":\"EntryPoint\",\"urlTemplate\":\"https:\\\/\\\/dev2023.sergelifar.org\\\/en\\\/?s={search_term_string}\"},\"query-input\":{\"@type\":\"PropertyValueSpecification\",\"valueRequired\":true,\"valueName\":\"search_term_string\"}}],\"inLanguage\":\"ru-RU\"}]}<\/script>\n<!-- \/ Yoast SEO plugin. -->","yoast_head_json":{"title":"Salade - Serge Lifar","robots":{"index":"index","follow":"follow","max-snippet":"max-snippet:-1","max-image-preview":"max-image-preview:large","max-video-preview":"max-video-preview:-1"},"canonical":"https:\/\/www.sergelifar.org\/ru\/\u0445\u043e\u0440\u0435\u043e\u0433\u0440\u0430\u0444\u0438\u0438\/autres-ballets\/salade\/","og_locale":"ru_RU","og_type":"article","og_title":"Salade - Serge Lifar","og_description":"Contrepoint chor\u00e9graphique en 2 actes Premi\u00e8re : le 13 f\u00e9vrier 1935 \u00e0 l\u2019Op\u00e9ra de Paris Chor\u00e9graphie&nbsp;: Serge Lifar d\u2019apr\u00e8s L\u00e9onide Massine Musique&nbsp;: Darius Milhaud Argument&nbsp;(ou livret) : Albert Flament D\u00e9cors&nbsp;et costumes&nbsp;: Andr\u00e9 Derain Direction musicale&nbsp;: Fran\u00e7ois Ruhlmann Principaux interpr\u00e8tes : Danse: Domansky (Coviello), Guylaine (le Docteur), Louis Lebercher (Tartaglia), Serge Lifar (Polichinelle), Suzanne Lorcia (Rosetta),","og_url":"https:\/\/www.sergelifar.org\/ru\/\u0445\u043e\u0440\u0435\u043e\u0433\u0440\u0430\u0444\u0438\u0438\/autres-ballets\/salade\/","og_site_name":"Serge Lifar","article_modified_time":"2025-09-11T09:06:24+00:00","twitter_card":"summary_large_image","twitter_misc":{"\u041f\u0440\u0438\u043c\u0435\u0440\u043d\u043e\u0435 \u0432\u0440\u0435\u043c\u044f \u0434\u043b\u044f \u0447\u0442\u0435\u043d\u0438\u044f":"4 \u043c\u0438\u043d\u0443\u0442\u044b"},"schema":{"@context":"https:\/\/schema.org","@graph":[{"@type":"WebPage","@id":"https:\/\/www.sergelifar.org\/ru\/%d1%85%d0%be%d1%80%d0%b5%d0%be%d0%b3%d1%80%d0%b0%d1%84%d0%b8%d0%b8\/autres-ballets\/salade\/","url":"https:\/\/www.sergelifar.org\/ru\/%d1%85%d0%be%d1%80%d0%b5%d0%be%d0%b3%d1%80%d0%b0%d1%84%d0%b8%d0%b8\/autres-ballets\/salade\/","name":"Salade - Serge Lifar","isPartOf":{"@id":"https:\/\/dev2023.sergelifar.org\/en\/#website"},"datePublished":"2023-12-07T09:51:47+00:00","dateModified":"2025-09-11T09:06:24+00:00","breadcrumb":{"@id":"https:\/\/www.sergelifar.org\/ru\/%d1%85%d0%be%d1%80%d0%b5%d0%be%d0%b3%d1%80%d0%b0%d1%84%d0%b8%d0%b8\/autres-ballets\/salade\/#breadcrumb"},"inLanguage":"ru-RU","potentialAction":[{"@type":"ReadAction","target":["https:\/\/www.sergelifar.org\/ru\/%d1%85%d0%be%d1%80%d0%b5%d0%be%d0%b3%d1%80%d0%b0%d1%84%d0%b8%d0%b8\/autres-ballets\/salade\/"]}]},{"@type":"BreadcrumbList","@id":"https:\/\/www.sergelifar.org\/ru\/%d1%85%d0%be%d1%80%d0%b5%d0%be%d0%b3%d1%80%d0%b0%d1%84%d0%b8%d0%b8\/autres-ballets\/salade\/#breadcrumb","itemListElement":[{"@type":"ListItem","position":1,"name":"Accueil","item":"https:\/\/www.sergelifar.org\/ru\/"},{"@type":"ListItem","position":2,"name":"\u0425\u043e\u0440\u0435\u043e\u0433\u0440\u0430\u0444\u0438\u0447\u0435\u0441\u043a\u0438\u0435 \u043f\u043e\u0441\u0442\u0430\u043d\u043e\u0432\u043a\u0438","item":"https:\/\/www.sergelifar.org\/ru\/%d1%85%d0%be%d1%80%d0%b5%d0%be%d0%b3%d1%80%d0%b0%d1%84%d0%b8%d0%b8\/"},{"@type":"ListItem","position":3,"name":"Autres ballets","item":"https:\/\/www.sergelifar.org\/ru\/%d1%85%d0%be%d1%80%d0%b5%d0%be%d0%b3%d1%80%d0%b0%d1%84%d0%b8%d0%b8\/autres-ballets\/"},{"@type":"ListItem","position":4,"name":"Salade"}]},{"@type":"WebSite","@id":"https:\/\/dev2023.sergelifar.org\/en\/#website","url":"https:\/\/dev2023.sergelifar.org\/en\/","name":"Serge Lifar","description":"Site officiel de la Fondation Serge Lifar","potentialAction":[{"@type":"SearchAction","target":{"@type":"EntryPoint","urlTemplate":"https:\/\/dev2023.sergelifar.org\/en\/?s={search_term_string}"},"query-input":{"@type":"PropertyValueSpecification","valueRequired":true,"valueName":"search_term_string"}}],"inLanguage":"ru-RU"}]}},"_links":{"self":[{"href":"https:\/\/www.sergelifar.org\/ru\/wp-json\/wp\/v2\/pages\/6657","targetHints":{"allow":["GET"]}}],"collection":[{"href":"https:\/\/www.sergelifar.org\/ru\/wp-json\/wp\/v2\/pages"}],"about":[{"href":"https:\/\/www.sergelifar.org\/ru\/wp-json\/wp\/v2\/types\/page"}],"author":[{"embeddable":true,"href":"https:\/\/www.sergelifar.org\/ru\/wp-json\/wp\/v2\/users\/2"}],"replies":[{"embeddable":true,"href":"https:\/\/www.sergelifar.org\/ru\/wp-json\/wp\/v2\/comments?post=6657"}],"version-history":[{"count":9,"href":"https:\/\/www.sergelifar.org\/ru\/wp-json\/wp\/v2\/pages\/6657\/revisions"}],"predecessor-version":[{"id":8344,"href":"https:\/\/www.sergelifar.org\/ru\/wp-json\/wp\/v2\/pages\/6657\/revisions\/8344"}],"up":[{"embeddable":true,"href":"https:\/\/www.sergelifar.org\/ru\/wp-json\/wp\/v2\/pages\/7159"}],"wp:attachment":[{"href":"https:\/\/www.sergelifar.org\/ru\/wp-json\/wp\/v2\/media?parent=6657"}],"curies":[{"name":"wp","href":"https:\/\/api.w.org\/{rel}","templated":true}]}}