{"id":6655,"date":"2023-12-07T11:06:11","date_gmt":"2023-12-07T10:06:11","guid":{"rendered":"https:\/\/dev2023.sergelifar.org\/%d1%85%d0%be%d1%80%d0%b5%d0%be%d0%b3%d1%80%d0%b0%d1%84%d0%b8%d0%b8\/promenades-dans-rome\/"},"modified":"2024-05-07T14:42:10","modified_gmt":"2024-05-07T12:42:10","slug":"promenades-dans-rome","status":"publish","type":"page","link":"https:\/\/www.sergelifar.org\/ru\/%d1%85%d0%be%d1%80%d0%b5%d0%be%d0%b3%d1%80%d0%b0%d1%84%d0%b8%d0%b8\/autres-ballets\/promenades-dans-rome\/","title":{"rendered":"Promenades dans Rome"},"content":{"rendered":"<div id=\"pl-6655\"  class=\"panel-layout\" ><div id=\"pg-6655-0\"  class=\"panel-grid panel-no-style\" ><div id=\"pgc-6655-0-0\"  class=\"panel-grid-cell\" ><div id=\"panel-6655-0-0-0\" class=\"so-panel widget widget_sow-editor panel-first-child panel-last-child\" data-index=\"0\" ><div\n\t\t\t\n\t\t\tclass=\"so-widget-sow-editor so-widget-sow-editor-base\"\n\t\t\t\n\t\t>\n<div class=\"siteorigin-widget-tinymce textwidget\">\n\t<p>Ballet en 1 acte et 4 tableaux<\/p>\n<p>Premi\u00e8re : le 14 d\u00e9cembre 1936 au Th\u00e9\u00e2tre des Champs-Elys\u00e9es<\/p>\n<p>Musique&nbsp;: Marcel Samuel-Rousseau<\/p>\n<p>Argument&nbsp;(ou livret) : Jean-Louis Vaudoyer d\u2019apr\u00e8s Stendhal<\/p>\n<p>D\u00e9cors&nbsp;: Albert Decaris<\/p>\n<p>Costumes&nbsp;: Mich\u00e8le Zambeaux<\/p>\n<p>Direction musicale&nbsp;: Philippe Gaubert<\/p>\n<p>Principaux interpr\u00e8tes&nbsp;: Nicolas Efimoff, Genevi\u00e8ve Kergrist (Arabella), Suzanne Lorcia (Marina), Serge Peretti (James), Serge Lifar (Beppo), Jacqueline Simoni<\/p>\n<p style=\"text-align: center;\">* * * * * * * *<\/p>\n<p>\u00ab L\u2019argument de J.-L. Vaudoyer est d\u2019un go\u00fbt parfait. Nous sommes \u00e0 l\u2019\u00e9poque de la Rome de Stendhal et de L\u00e9opold Robert, que de charmants d\u00e9cors de Decaris \u00e9voquent tr\u00e8s heureusement. Sur la place Santa-Maria in Cosmedin, dans l\u2019insouciance d\u2019une belle matin\u00e9e d\u2019automne, Beppo et sa fianc\u00e9e Marina apprennent aux enfants \u00e0 danser la saltarelle. Survient un couple cocasse de touristes anglais qu\u2019accompagnent le jeune James et la jeune Arabella. On les invite \u00e0 aller f\u00eater joyeusement les vendanges sous les ombrages de la villa d\u2019Este, et nous retrouvons bient\u00f4t tout notre monde \u00e0 Tivoli. Idylles, pas-de-quatre, farandoles, tarentelles, qu\u2019interrompt brusquement l\u2019arriv\u00e9e de brigands. Ceux-ci sans barguigner, jettent leur d\u00e9volu sur les Anglais terroris\u00e9s et les emm\u00e8nent en pleine campagne romaine. Une complication internationale ne manquerait pas de surgir si, par bonheur, on ne venait d\u00e9livrer les prisonniers et capturer les ravisseurs. Retour \u00e0 Rome, o\u00f9 de multiples r\u00e9jouissances ne tarderont pas \u00e0 faire oublier cette innocente m\u00e9saventure. Re-tarentelles, re-saltarelles, et le rideau tombe dans l\u2019all\u00e9gresse g\u00e9n\u00e9rale. \u00bb<\/p>\n<p><em>Concerts, <\/em>Promenades dans Rome<em> \u00e0 l'Op\u00e9ra <\/em>par Jacques Ibert, in <em>Marianne<\/em>, 30 d\u00e9cembre 1936, p. 5<\/p>\nngg_shortcode_0_placeholder\n<\/div>\n<\/div><\/div><\/div><\/div><\/div>","protected":false},"excerpt":{"rendered":"<p>Ballet en 1 acte et 4 tableaux Premi\u00e8re : le 14 d\u00e9cembre 1936 au Th\u00e9\u00e2tre des Champs-Elys\u00e9es Musique&nbsp;: Marcel Samuel-Rousseau Argument&nbsp;(ou livret) : Jean-Louis Vaudoyer d\u2019apr\u00e8s Stendhal D\u00e9cors&nbsp;: Albert Decaris Costumes&nbsp;: Mich\u00e8le Zambeaux Direction musicale&nbsp;: Philippe Gaubert Principaux interpr\u00e8tes&nbsp;: Nicolas Efimoff, Genevi\u00e8ve Kergrist (Arabella), Suzanne Lorcia (Marina), Serge Peretti (James), Serge Lifar (Beppo), Jacqueline Simoni <\/p>\n","protected":false},"author":2,"featured_media":0,"parent":7159,"menu_order":0,"comment_status":"closed","ping_status":"closed","template":"template-sousmenu.php","meta":{"_acf_changed":false,"ngg_post_thumbnail":0,"footnotes":""},"class_list":["post-6655","page","type-page","status-publish","hentry"],"acf":[],"yoast_head":"<!-- This site is optimized with the Yoast SEO plugin v27.5 - https:\/\/yoast.com\/product\/yoast-seo-wordpress\/ -->\n<title>Promenades dans Rome - Serge Lifar<\/title>\n<meta name=\"robots\" content=\"index, follow, max-snippet:-1, max-image-preview:large, max-video-preview:-1\" \/>\n<link rel=\"canonical\" href=\"https:\/\/www.sergelifar.org\/ru\/\u0445\u043e\u0440\u0435\u043e\u0433\u0440\u0430\u0444\u0438\u0438\/autres-ballets\/promenades-dans-rome\/\" \/>\n<meta property=\"og:locale\" content=\"ru_RU\" \/>\n<meta property=\"og:type\" content=\"article\" \/>\n<meta property=\"og:title\" content=\"Promenades dans Rome - Serge Lifar\" \/>\n<meta property=\"og:description\" content=\"Ballet en 1 acte et 4 tableaux Premi\u00e8re : le 14 d\u00e9cembre 1936 au Th\u00e9\u00e2tre des Champs-Elys\u00e9es Musique&nbsp;: Marcel Samuel-Rousseau Argument&nbsp;(ou livret) : Jean-Louis Vaudoyer d\u2019apr\u00e8s Stendhal D\u00e9cors&nbsp;: Albert Decaris Costumes&nbsp;: Mich\u00e8le Zambeaux Direction musicale&nbsp;: Philippe Gaubert Principaux interpr\u00e8tes&nbsp;: Nicolas Efimoff, Genevi\u00e8ve Kergrist (Arabella), Suzanne Lorcia (Marina), Serge Peretti (James), Serge Lifar (Beppo), Jacqueline Simoni\" \/>\n<meta property=\"og:url\" content=\"https:\/\/www.sergelifar.org\/ru\/\u0445\u043e\u0440\u0435\u043e\u0433\u0440\u0430\u0444\u0438\u0438\/autres-ballets\/promenades-dans-rome\/\" \/>\n<meta property=\"og:site_name\" content=\"Serge Lifar\" \/>\n<meta property=\"article:modified_time\" content=\"2024-05-07T12:42:10+00:00\" \/>\n<meta name=\"twitter:card\" content=\"summary_large_image\" \/>\n<meta name=\"twitter:label1\" content=\"\u041f\u0440\u0438\u043c\u0435\u0440\u043d\u043e\u0435 \u0432\u0440\u0435\u043c\u044f \u0434\u043b\u044f \u0447\u0442\u0435\u043d\u0438\u044f\" \/>\n\t<meta name=\"twitter:data1\" content=\"1 \u043c\u0438\u043d\u0443\u0442\u0430\" \/>\n<script type=\"application\/ld+json\" class=\"yoast-schema-graph\">{\"@context\":\"https:\\\/\\\/schema.org\",\"@graph\":[{\"@type\":\"WebPage\",\"@id\":\"https:\\\/\\\/www.sergelifar.org\\\/ru\\\/%d1%85%d0%be%d1%80%d0%b5%d0%be%d0%b3%d1%80%d0%b0%d1%84%d0%b8%d0%b8\\\/autres-ballets\\\/promenades-dans-rome\\\/\",\"url\":\"https:\\\/\\\/www.sergelifar.org\\\/ru\\\/%d1%85%d0%be%d1%80%d0%b5%d0%be%d0%b3%d1%80%d0%b0%d1%84%d0%b8%d0%b8\\\/autres-ballets\\\/promenades-dans-rome\\\/\",\"name\":\"Promenades dans Rome - Serge Lifar\",\"isPartOf\":{\"@id\":\"https:\\\/\\\/dev2023.sergelifar.org\\\/en\\\/#website\"},\"datePublished\":\"2023-12-07T10:06:11+00:00\",\"dateModified\":\"2024-05-07T12:42:10+00:00\",\"breadcrumb\":{\"@id\":\"https:\\\/\\\/www.sergelifar.org\\\/ru\\\/%d1%85%d0%be%d1%80%d0%b5%d0%be%d0%b3%d1%80%d0%b0%d1%84%d0%b8%d0%b8\\\/autres-ballets\\\/promenades-dans-rome\\\/#breadcrumb\"},\"inLanguage\":\"ru-RU\",\"potentialAction\":[{\"@type\":\"ReadAction\",\"target\":[\"https:\\\/\\\/www.sergelifar.org\\\/ru\\\/%d1%85%d0%be%d1%80%d0%b5%d0%be%d0%b3%d1%80%d0%b0%d1%84%d0%b8%d0%b8\\\/autres-ballets\\\/promenades-dans-rome\\\/\"]}]},{\"@type\":\"BreadcrumbList\",\"@id\":\"https:\\\/\\\/www.sergelifar.org\\\/ru\\\/%d1%85%d0%be%d1%80%d0%b5%d0%be%d0%b3%d1%80%d0%b0%d1%84%d0%b8%d0%b8\\\/autres-ballets\\\/promenades-dans-rome\\\/#breadcrumb\",\"itemListElement\":[{\"@type\":\"ListItem\",\"position\":1,\"name\":\"Accueil\",\"item\":\"https:\\\/\\\/www.sergelifar.org\\\/ru\\\/\"},{\"@type\":\"ListItem\",\"position\":2,\"name\":\"\u0425\u043e\u0440\u0435\u043e\u0433\u0440\u0430\u0444\u0438\u0447\u0435\u0441\u043a\u0438\u0435 \u043f\u043e\u0441\u0442\u0430\u043d\u043e\u0432\u043a\u0438\",\"item\":\"https:\\\/\\\/www.sergelifar.org\\\/ru\\\/%d1%85%d0%be%d1%80%d0%b5%d0%be%d0%b3%d1%80%d0%b0%d1%84%d0%b8%d0%b8\\\/\"},{\"@type\":\"ListItem\",\"position\":3,\"name\":\"Autres ballets\",\"item\":\"https:\\\/\\\/www.sergelifar.org\\\/ru\\\/%d1%85%d0%be%d1%80%d0%b5%d0%be%d0%b3%d1%80%d0%b0%d1%84%d0%b8%d0%b8\\\/autres-ballets\\\/\"},{\"@type\":\"ListItem\",\"position\":4,\"name\":\"Promenades dans Rome\"}]},{\"@type\":\"WebSite\",\"@id\":\"https:\\\/\\\/dev2023.sergelifar.org\\\/en\\\/#website\",\"url\":\"https:\\\/\\\/dev2023.sergelifar.org\\\/en\\\/\",\"name\":\"Serge Lifar\",\"description\":\"Site officiel de la Fondation Serge Lifar\",\"potentialAction\":[{\"@type\":\"SearchAction\",\"target\":{\"@type\":\"EntryPoint\",\"urlTemplate\":\"https:\\\/\\\/dev2023.sergelifar.org\\\/en\\\/?s={search_term_string}\"},\"query-input\":{\"@type\":\"PropertyValueSpecification\",\"valueRequired\":true,\"valueName\":\"search_term_string\"}}],\"inLanguage\":\"ru-RU\"}]}<\/script>\n<!-- \/ Yoast SEO plugin. -->","yoast_head_json":{"title":"Promenades dans Rome - Serge Lifar","robots":{"index":"index","follow":"follow","max-snippet":"max-snippet:-1","max-image-preview":"max-image-preview:large","max-video-preview":"max-video-preview:-1"},"canonical":"https:\/\/www.sergelifar.org\/ru\/\u0445\u043e\u0440\u0435\u043e\u0433\u0440\u0430\u0444\u0438\u0438\/autres-ballets\/promenades-dans-rome\/","og_locale":"ru_RU","og_type":"article","og_title":"Promenades dans Rome - Serge Lifar","og_description":"Ballet en 1 acte et 4 tableaux Premi\u00e8re : le 14 d\u00e9cembre 1936 au Th\u00e9\u00e2tre des Champs-Elys\u00e9es Musique&nbsp;: Marcel Samuel-Rousseau Argument&nbsp;(ou livret) : Jean-Louis Vaudoyer d\u2019apr\u00e8s Stendhal D\u00e9cors&nbsp;: Albert Decaris Costumes&nbsp;: Mich\u00e8le Zambeaux Direction musicale&nbsp;: Philippe Gaubert Principaux interpr\u00e8tes&nbsp;: Nicolas Efimoff, Genevi\u00e8ve Kergrist (Arabella), Suzanne Lorcia (Marina), Serge Peretti (James), Serge Lifar (Beppo), Jacqueline Simoni","og_url":"https:\/\/www.sergelifar.org\/ru\/\u0445\u043e\u0440\u0435\u043e\u0433\u0440\u0430\u0444\u0438\u0438\/autres-ballets\/promenades-dans-rome\/","og_site_name":"Serge Lifar","article_modified_time":"2024-05-07T12:42:10+00:00","twitter_card":"summary_large_image","twitter_misc":{"\u041f\u0440\u0438\u043c\u0435\u0440\u043d\u043e\u0435 \u0432\u0440\u0435\u043c\u044f \u0434\u043b\u044f \u0447\u0442\u0435\u043d\u0438\u044f":"1 \u043c\u0438\u043d\u0443\u0442\u0430"},"schema":{"@context":"https:\/\/schema.org","@graph":[{"@type":"WebPage","@id":"https:\/\/www.sergelifar.org\/ru\/%d1%85%d0%be%d1%80%d0%b5%d0%be%d0%b3%d1%80%d0%b0%d1%84%d0%b8%d0%b8\/autres-ballets\/promenades-dans-rome\/","url":"https:\/\/www.sergelifar.org\/ru\/%d1%85%d0%be%d1%80%d0%b5%d0%be%d0%b3%d1%80%d0%b0%d1%84%d0%b8%d0%b8\/autres-ballets\/promenades-dans-rome\/","name":"Promenades dans Rome - Serge Lifar","isPartOf":{"@id":"https:\/\/dev2023.sergelifar.org\/en\/#website"},"datePublished":"2023-12-07T10:06:11+00:00","dateModified":"2024-05-07T12:42:10+00:00","breadcrumb":{"@id":"https:\/\/www.sergelifar.org\/ru\/%d1%85%d0%be%d1%80%d0%b5%d0%be%d0%b3%d1%80%d0%b0%d1%84%d0%b8%d0%b8\/autres-ballets\/promenades-dans-rome\/#breadcrumb"},"inLanguage":"ru-RU","potentialAction":[{"@type":"ReadAction","target":["https:\/\/www.sergelifar.org\/ru\/%d1%85%d0%be%d1%80%d0%b5%d0%be%d0%b3%d1%80%d0%b0%d1%84%d0%b8%d0%b8\/autres-ballets\/promenades-dans-rome\/"]}]},{"@type":"BreadcrumbList","@id":"https:\/\/www.sergelifar.org\/ru\/%d1%85%d0%be%d1%80%d0%b5%d0%be%d0%b3%d1%80%d0%b0%d1%84%d0%b8%d0%b8\/autres-ballets\/promenades-dans-rome\/#breadcrumb","itemListElement":[{"@type":"ListItem","position":1,"name":"Accueil","item":"https:\/\/www.sergelifar.org\/ru\/"},{"@type":"ListItem","position":2,"name":"\u0425\u043e\u0440\u0435\u043e\u0433\u0440\u0430\u0444\u0438\u0447\u0435\u0441\u043a\u0438\u0435 \u043f\u043e\u0441\u0442\u0430\u043d\u043e\u0432\u043a\u0438","item":"https:\/\/www.sergelifar.org\/ru\/%d1%85%d0%be%d1%80%d0%b5%d0%be%d0%b3%d1%80%d0%b0%d1%84%d0%b8%d0%b8\/"},{"@type":"ListItem","position":3,"name":"Autres ballets","item":"https:\/\/www.sergelifar.org\/ru\/%d1%85%d0%be%d1%80%d0%b5%d0%be%d0%b3%d1%80%d0%b0%d1%84%d0%b8%d0%b8\/autres-ballets\/"},{"@type":"ListItem","position":4,"name":"Promenades dans Rome"}]},{"@type":"WebSite","@id":"https:\/\/dev2023.sergelifar.org\/en\/#website","url":"https:\/\/dev2023.sergelifar.org\/en\/","name":"Serge Lifar","description":"Site officiel de la Fondation Serge Lifar","potentialAction":[{"@type":"SearchAction","target":{"@type":"EntryPoint","urlTemplate":"https:\/\/dev2023.sergelifar.org\/en\/?s={search_term_string}"},"query-input":{"@type":"PropertyValueSpecification","valueRequired":true,"valueName":"search_term_string"}}],"inLanguage":"ru-RU"}]}},"_links":{"self":[{"href":"https:\/\/www.sergelifar.org\/ru\/wp-json\/wp\/v2\/pages\/6655","targetHints":{"allow":["GET"]}}],"collection":[{"href":"https:\/\/www.sergelifar.org\/ru\/wp-json\/wp\/v2\/pages"}],"about":[{"href":"https:\/\/www.sergelifar.org\/ru\/wp-json\/wp\/v2\/types\/page"}],"author":[{"embeddable":true,"href":"https:\/\/www.sergelifar.org\/ru\/wp-json\/wp\/v2\/users\/2"}],"replies":[{"embeddable":true,"href":"https:\/\/www.sergelifar.org\/ru\/wp-json\/wp\/v2\/comments?post=6655"}],"version-history":[{"count":5,"href":"https:\/\/www.sergelifar.org\/ru\/wp-json\/wp\/v2\/pages\/6655\/revisions"}],"predecessor-version":[{"id":7258,"href":"https:\/\/www.sergelifar.org\/ru\/wp-json\/wp\/v2\/pages\/6655\/revisions\/7258"}],"up":[{"embeddable":true,"href":"https:\/\/www.sergelifar.org\/ru\/wp-json\/wp\/v2\/pages\/7159"}],"wp:attachment":[{"href":"https:\/\/www.sergelifar.org\/ru\/wp-json\/wp\/v2\/media?parent=6655"}],"curies":[{"name":"wp","href":"https:\/\/api.w.org\/{rel}","templated":true}]}}