{"id":6445,"date":"2024-01-17T11:54:28","date_gmt":"2024-01-17T10:54:28","guid":{"rendered":"https:\/\/dev2023.sergelifar.org\/%d1%85%d0%be%d1%80%d0%b5%d0%be%d0%b3%d1%80%d0%b0%d1%84%d0%b8%d0%b8\/septuor\/"},"modified":"2025-03-19T10:37:11","modified_gmt":"2025-03-19T09:37:11","slug":"septuor","status":"publish","type":"page","link":"https:\/\/www.sergelifar.org\/ru\/%d1%85%d0%be%d1%80%d0%b5%d0%be%d0%b3%d1%80%d0%b0%d1%84%d0%b8%d0%b8\/autres-ballets\/septuor\/","title":{"rendered":"Septuor"},"content":{"rendered":"<div id=\"pl-6445\"  class=\"panel-layout\" ><div id=\"pg-6445-0\"  class=\"panel-grid panel-no-style\" ><div id=\"pgc-6445-0-0\"  class=\"panel-grid-cell\" ><div id=\"panel-6445-0-0-0\" class=\"so-panel widget widget_sow-editor panel-first-child panel-last-child\" data-index=\"0\" ><div\n\t\t\t\n\t\t\tclass=\"so-widget-sow-editor so-widget-sow-editor-base\"\n\t\t\t\n\t\t>\n<div class=\"siteorigin-widget-tinymce textwidget\">\n\t<p>Ballet en 1 acte<\/p>\n<p>Premi\u00e8re : le 25 janvier 1950 \u00e0 l\u2019Op\u00e9ra de Paris<\/p>\n<p>Musique&nbsp;: Jean Lut\u00e8ce<\/p>\n<p>Argument&nbsp;(ou livret) : Francis Blanche<\/p>\n<p>D\u00e9cors&nbsp;et costumes&nbsp;: Yves Bonnat&nbsp;<\/p>\n<p>Rideau&nbsp;: Eva Potron<\/p>\n<p>Direction musicale&nbsp;: Robert Blot<\/p>\n<p>Principaux interpr\u00e8tes&nbsp;: Jean-Paul Andr\u00e9ani (l\u2019Ap\u00f4tre), Raoul Bari (le Capitaine), Monique Bertagnol (le Spectre de l\u2019Aim\u00e9e), &nbsp;Claude Bessy (l\u2019Amante assassin\u00e9e), Clerambault, Roland Duflot (l\u2019Incr\u00e9dule), Paulette Dynalix (la Princesse), Nicolas Efimoff (le Sorcier), Fourcade, Raymond Franchetti (le Bossu), Hammerer, Jamet (le Gueux), Jacques Jodel, Pierre Lacotte (l\u2019Assassin), Lucien Lef\u00e8vre (l\u2019Ap\u00f4tre), Lucien Legrand (le Seigneur), Jean-Michel Lemoine (le Fou), Montbazon, Pierret, Eug\u00e8ne Ponti (la Justice), Jean Sarelli, Martial Sauvageot (le Cordier), Serval, Vauchel<\/p>\n<p style=\"text-align: center;\">* * * * * * * *<\/p>\n<p>\u00ab <em>La danse dans la vie d\u2019aujourd\u2019hui, et non pas la vie d\u2019aujourd\u2019hui dans la danse<\/em>, tel \u00e9tait le grand principe dont je ne voulais surtout pas m\u2019\u00e9carter. Le propre de la danse n\u2019est-il pas de refl\u00e9ter des choses actuelles par des proc\u00e9d\u00e9s qui lui sont particuliers ? Je dis bien REFL\u00c9TER, cela signifie que la danse peut \u00ab styliser \u00bb jusqu\u2019\u00e0 l\u2019expressionnisme lui-m\u00eame, sans devenir expressionniste pour autant.<\/p>\n<p>Voil\u00e0 pourquoi, au lieu de recopier tant d\u2019\u0153uvres faciles au succ\u00e8s certain, j\u2019ai r\u00e9solu d\u2019utiliser dans <em>Septuor<\/em> toutes les ressources de la danse acad\u00e9mique, en les portant au paroxysme de l\u2019expression. <em>Septuor<\/em> n\u2019est pas un ballet expressionniste&nbsp;: c\u2019est un \u00ab&nbsp;ballet d\u2019expression&nbsp;\u00bb, au lieu de s\u2019encanailler servilement, la danse y conserve sa puret\u00e9 \u00e9l\u00e9mentaire, mise au service d\u2019une autre cause.<\/p>\n<p>Il y a sept pendus dans ce ballet qui, l\u2019un apr\u00e8s l\u2019autre, vont se balancer dans l\u2019air noir&nbsp;: l\u2019Assassin, le Sorcier, le Fou, le Po\u00e8te, le Cordier, le Bossu et enfin le Proph\u00e8te, que la foule escorte, dans une lumi\u00e8re \u00e9blouissante, avant de l\u2019envoyer \u00e0 la potence. Et puis, il y a le huiti\u00e8me aussi \u2013 celui que le bourreau ne hisse point \u2013 l\u2019homme seul qui succombe \u00e0 sa solitude, hant\u00e9 par la vision d\u2019avoir d\u00e9truit sept valeurs \u00e9l\u00e9mentaires&nbsp;: le r\u00e9volt\u00e9, le \u00ab&nbsp;trop savant&nbsp;\u00bb, le d\u00e9ment, le beau, le maladroit enfant, le laid et le grand.<\/p>\n<p>De la sorte, \u00e9chappant \u00e0 la contrainte \u00ab sociale \u00bb qui, de prime abord, semblait lui \u00eatre impos\u00e9e, la danse une fois encore joue son r\u00f4le de cr\u00e9atrice de mythes. \u00bb<\/p>\n<p>Serge Lifar, <em>Le livre de la danse<\/em>, Les Editions du Journal Musical Fran\u00e7ais, Paris, 1954 (pp. 200-201)<\/p>\n<p>&nbsp;<\/p>\n<\/div>\n<\/div><\/div><\/div><\/div><\/div>","protected":false},"excerpt":{"rendered":"<p>Ballet en 1 acte Premi\u00e8re : le 25 janvier 1950 \u00e0 l\u2019Op\u00e9ra de Paris Musique&nbsp;: Jean Lut\u00e8ce Argument&nbsp;(ou livret) : Francis Blanche D\u00e9cors&nbsp;et costumes&nbsp;: Yves Bonnat&nbsp; Rideau&nbsp;: Eva Potron Direction musicale&nbsp;: Robert Blot Principaux interpr\u00e8tes&nbsp;: Jean-Paul Andr\u00e9ani (l\u2019Ap\u00f4tre), Raoul Bari (le Capitaine), Monique Bertagnol (le Spectre de l\u2019Aim\u00e9e), &nbsp;Claude Bessy (l\u2019Amante assassin\u00e9e), Clerambault, Roland Duflot <\/p>\n","protected":false},"author":2,"featured_media":0,"parent":7159,"menu_order":0,"comment_status":"closed","ping_status":"closed","template":"template-sousmenu.php","meta":{"_acf_changed":false,"ngg_post_thumbnail":0,"footnotes":""},"class_list":["post-6445","page","type-page","status-publish","hentry"],"acf":[],"yoast_head":"<!-- This site is optimized with the Yoast SEO plugin v27.3 - https:\/\/yoast.com\/product\/yoast-seo-wordpress\/ -->\n<title>Septuor - Serge Lifar<\/title>\n<meta name=\"robots\" content=\"index, follow, max-snippet:-1, max-image-preview:large, max-video-preview:-1\" \/>\n<link rel=\"canonical\" href=\"https:\/\/www.sergelifar.org\/ru\/\u0445\u043e\u0440\u0435\u043e\u0433\u0440\u0430\u0444\u0438\u0438\/autres-ballets\/septuor\/\" \/>\n<meta property=\"og:locale\" content=\"ru_RU\" \/>\n<meta property=\"og:type\" content=\"article\" \/>\n<meta property=\"og:title\" content=\"Septuor - Serge Lifar\" \/>\n<meta property=\"og:description\" content=\"Ballet en 1 acte Premi\u00e8re : le 25 janvier 1950 \u00e0 l\u2019Op\u00e9ra de Paris Musique&nbsp;: Jean Lut\u00e8ce Argument&nbsp;(ou livret) : Francis Blanche D\u00e9cors&nbsp;et costumes&nbsp;: Yves Bonnat&nbsp; Rideau&nbsp;: Eva Potron Direction musicale&nbsp;: Robert Blot Principaux interpr\u00e8tes&nbsp;: Jean-Paul Andr\u00e9ani (l\u2019Ap\u00f4tre), Raoul Bari (le Capitaine), Monique Bertagnol (le Spectre de l\u2019Aim\u00e9e), &nbsp;Claude Bessy (l\u2019Amante assassin\u00e9e), Clerambault, Roland Duflot\" \/>\n<meta property=\"og:url\" content=\"https:\/\/www.sergelifar.org\/ru\/\u0445\u043e\u0440\u0435\u043e\u0433\u0440\u0430\u0444\u0438\u0438\/autres-ballets\/septuor\/\" \/>\n<meta property=\"og:site_name\" content=\"Serge Lifar\" \/>\n<meta property=\"article:modified_time\" content=\"2025-03-19T09:37:11+00:00\" \/>\n<meta name=\"twitter:card\" content=\"summary_large_image\" \/>\n<meta name=\"twitter:label1\" content=\"\u041f\u0440\u0438\u043c\u0435\u0440\u043d\u043e\u0435 \u0432\u0440\u0435\u043c\u044f \u0434\u043b\u044f \u0447\u0442\u0435\u043d\u0438\u044f\" \/>\n\t<meta name=\"twitter:data1\" content=\"2 \u043c\u0438\u043d\u0443\u0442\u044b\" \/>\n<script type=\"application\/ld+json\" class=\"yoast-schema-graph\">{\"@context\":\"https:\\\/\\\/schema.org\",\"@graph\":[{\"@type\":\"WebPage\",\"@id\":\"https:\\\/\\\/www.sergelifar.org\\\/ru\\\/%d1%85%d0%be%d1%80%d0%b5%d0%be%d0%b3%d1%80%d0%b0%d1%84%d0%b8%d0%b8\\\/autres-ballets\\\/septuor\\\/\",\"url\":\"https:\\\/\\\/www.sergelifar.org\\\/ru\\\/%d1%85%d0%be%d1%80%d0%b5%d0%be%d0%b3%d1%80%d0%b0%d1%84%d0%b8%d0%b8\\\/autres-ballets\\\/septuor\\\/\",\"name\":\"Septuor - Serge Lifar\",\"isPartOf\":{\"@id\":\"https:\\\/\\\/dev2023.sergelifar.org\\\/en\\\/#website\"},\"datePublished\":\"2024-01-17T10:54:28+00:00\",\"dateModified\":\"2025-03-19T09:37:11+00:00\",\"breadcrumb\":{\"@id\":\"https:\\\/\\\/www.sergelifar.org\\\/ru\\\/%d1%85%d0%be%d1%80%d0%b5%d0%be%d0%b3%d1%80%d0%b0%d1%84%d0%b8%d0%b8\\\/autres-ballets\\\/septuor\\\/#breadcrumb\"},\"inLanguage\":\"ru-RU\",\"potentialAction\":[{\"@type\":\"ReadAction\",\"target\":[\"https:\\\/\\\/www.sergelifar.org\\\/ru\\\/%d1%85%d0%be%d1%80%d0%b5%d0%be%d0%b3%d1%80%d0%b0%d1%84%d0%b8%d0%b8\\\/autres-ballets\\\/septuor\\\/\"]}]},{\"@type\":\"BreadcrumbList\",\"@id\":\"https:\\\/\\\/www.sergelifar.org\\\/ru\\\/%d1%85%d0%be%d1%80%d0%b5%d0%be%d0%b3%d1%80%d0%b0%d1%84%d0%b8%d0%b8\\\/autres-ballets\\\/septuor\\\/#breadcrumb\",\"itemListElement\":[{\"@type\":\"ListItem\",\"position\":1,\"name\":\"Accueil\",\"item\":\"https:\\\/\\\/www.sergelifar.org\\\/ru\\\/\"},{\"@type\":\"ListItem\",\"position\":2,\"name\":\"\u0425\u043e\u0440\u0435\u043e\u0433\u0440\u0430\u0444\u0438\u0447\u0435\u0441\u043a\u0438\u0435 \u043f\u043e\u0441\u0442\u0430\u043d\u043e\u0432\u043a\u0438\",\"item\":\"https:\\\/\\\/www.sergelifar.org\\\/ru\\\/%d1%85%d0%be%d1%80%d0%b5%d0%be%d0%b3%d1%80%d0%b0%d1%84%d0%b8%d0%b8\\\/\"},{\"@type\":\"ListItem\",\"position\":3,\"name\":\"Autres ballets\",\"item\":\"https:\\\/\\\/www.sergelifar.org\\\/ru\\\/%d1%85%d0%be%d1%80%d0%b5%d0%be%d0%b3%d1%80%d0%b0%d1%84%d0%b8%d0%b8\\\/autres-ballets\\\/\"},{\"@type\":\"ListItem\",\"position\":4,\"name\":\"Septuor\"}]},{\"@type\":\"WebSite\",\"@id\":\"https:\\\/\\\/dev2023.sergelifar.org\\\/en\\\/#website\",\"url\":\"https:\\\/\\\/dev2023.sergelifar.org\\\/en\\\/\",\"name\":\"Serge Lifar\",\"description\":\"Site officiel de la Fondation Serge Lifar\",\"potentialAction\":[{\"@type\":\"SearchAction\",\"target\":{\"@type\":\"EntryPoint\",\"urlTemplate\":\"https:\\\/\\\/dev2023.sergelifar.org\\\/en\\\/?s={search_term_string}\"},\"query-input\":{\"@type\":\"PropertyValueSpecification\",\"valueRequired\":true,\"valueName\":\"search_term_string\"}}],\"inLanguage\":\"ru-RU\"}]}<\/script>\n<!-- \/ Yoast SEO plugin. -->","yoast_head_json":{"title":"Septuor - Serge Lifar","robots":{"index":"index","follow":"follow","max-snippet":"max-snippet:-1","max-image-preview":"max-image-preview:large","max-video-preview":"max-video-preview:-1"},"canonical":"https:\/\/www.sergelifar.org\/ru\/\u0445\u043e\u0440\u0435\u043e\u0433\u0440\u0430\u0444\u0438\u0438\/autres-ballets\/septuor\/","og_locale":"ru_RU","og_type":"article","og_title":"Septuor - Serge Lifar","og_description":"Ballet en 1 acte Premi\u00e8re : le 25 janvier 1950 \u00e0 l\u2019Op\u00e9ra de Paris Musique&nbsp;: Jean Lut\u00e8ce Argument&nbsp;(ou livret) : Francis Blanche D\u00e9cors&nbsp;et costumes&nbsp;: Yves Bonnat&nbsp; Rideau&nbsp;: Eva Potron Direction musicale&nbsp;: Robert Blot Principaux interpr\u00e8tes&nbsp;: Jean-Paul Andr\u00e9ani (l\u2019Ap\u00f4tre), Raoul Bari (le Capitaine), Monique Bertagnol (le Spectre de l\u2019Aim\u00e9e), &nbsp;Claude Bessy (l\u2019Amante assassin\u00e9e), Clerambault, Roland Duflot","og_url":"https:\/\/www.sergelifar.org\/ru\/\u0445\u043e\u0440\u0435\u043e\u0433\u0440\u0430\u0444\u0438\u0438\/autres-ballets\/septuor\/","og_site_name":"Serge Lifar","article_modified_time":"2025-03-19T09:37:11+00:00","twitter_card":"summary_large_image","twitter_misc":{"\u041f\u0440\u0438\u043c\u0435\u0440\u043d\u043e\u0435 \u0432\u0440\u0435\u043c\u044f \u0434\u043b\u044f \u0447\u0442\u0435\u043d\u0438\u044f":"2 \u043c\u0438\u043d\u0443\u0442\u044b"},"schema":{"@context":"https:\/\/schema.org","@graph":[{"@type":"WebPage","@id":"https:\/\/www.sergelifar.org\/ru\/%d1%85%d0%be%d1%80%d0%b5%d0%be%d0%b3%d1%80%d0%b0%d1%84%d0%b8%d0%b8\/autres-ballets\/septuor\/","url":"https:\/\/www.sergelifar.org\/ru\/%d1%85%d0%be%d1%80%d0%b5%d0%be%d0%b3%d1%80%d0%b0%d1%84%d0%b8%d0%b8\/autres-ballets\/septuor\/","name":"Septuor - Serge Lifar","isPartOf":{"@id":"https:\/\/dev2023.sergelifar.org\/en\/#website"},"datePublished":"2024-01-17T10:54:28+00:00","dateModified":"2025-03-19T09:37:11+00:00","breadcrumb":{"@id":"https:\/\/www.sergelifar.org\/ru\/%d1%85%d0%be%d1%80%d0%b5%d0%be%d0%b3%d1%80%d0%b0%d1%84%d0%b8%d0%b8\/autres-ballets\/septuor\/#breadcrumb"},"inLanguage":"ru-RU","potentialAction":[{"@type":"ReadAction","target":["https:\/\/www.sergelifar.org\/ru\/%d1%85%d0%be%d1%80%d0%b5%d0%be%d0%b3%d1%80%d0%b0%d1%84%d0%b8%d0%b8\/autres-ballets\/septuor\/"]}]},{"@type":"BreadcrumbList","@id":"https:\/\/www.sergelifar.org\/ru\/%d1%85%d0%be%d1%80%d0%b5%d0%be%d0%b3%d1%80%d0%b0%d1%84%d0%b8%d0%b8\/autres-ballets\/septuor\/#breadcrumb","itemListElement":[{"@type":"ListItem","position":1,"name":"Accueil","item":"https:\/\/www.sergelifar.org\/ru\/"},{"@type":"ListItem","position":2,"name":"\u0425\u043e\u0440\u0435\u043e\u0433\u0440\u0430\u0444\u0438\u0447\u0435\u0441\u043a\u0438\u0435 \u043f\u043e\u0441\u0442\u0430\u043d\u043e\u0432\u043a\u0438","item":"https:\/\/www.sergelifar.org\/ru\/%d1%85%d0%be%d1%80%d0%b5%d0%be%d0%b3%d1%80%d0%b0%d1%84%d0%b8%d0%b8\/"},{"@type":"ListItem","position":3,"name":"Autres ballets","item":"https:\/\/www.sergelifar.org\/ru\/%d1%85%d0%be%d1%80%d0%b5%d0%be%d0%b3%d1%80%d0%b0%d1%84%d0%b8%d0%b8\/autres-ballets\/"},{"@type":"ListItem","position":4,"name":"Septuor"}]},{"@type":"WebSite","@id":"https:\/\/dev2023.sergelifar.org\/en\/#website","url":"https:\/\/dev2023.sergelifar.org\/en\/","name":"Serge Lifar","description":"Site officiel de la Fondation Serge Lifar","potentialAction":[{"@type":"SearchAction","target":{"@type":"EntryPoint","urlTemplate":"https:\/\/dev2023.sergelifar.org\/en\/?s={search_term_string}"},"query-input":{"@type":"PropertyValueSpecification","valueRequired":true,"valueName":"search_term_string"}}],"inLanguage":"ru-RU"}]}},"_links":{"self":[{"href":"https:\/\/www.sergelifar.org\/ru\/wp-json\/wp\/v2\/pages\/6445","targetHints":{"allow":["GET"]}}],"collection":[{"href":"https:\/\/www.sergelifar.org\/ru\/wp-json\/wp\/v2\/pages"}],"about":[{"href":"https:\/\/www.sergelifar.org\/ru\/wp-json\/wp\/v2\/types\/page"}],"author":[{"embeddable":true,"href":"https:\/\/www.sergelifar.org\/ru\/wp-json\/wp\/v2\/users\/2"}],"replies":[{"embeddable":true,"href":"https:\/\/www.sergelifar.org\/ru\/wp-json\/wp\/v2\/comments?post=6445"}],"version-history":[{"count":8,"href":"https:\/\/www.sergelifar.org\/ru\/wp-json\/wp\/v2\/pages\/6445\/revisions"}],"predecessor-version":[{"id":8057,"href":"https:\/\/www.sergelifar.org\/ru\/wp-json\/wp\/v2\/pages\/6445\/revisions\/8057"}],"up":[{"embeddable":true,"href":"https:\/\/www.sergelifar.org\/ru\/wp-json\/wp\/v2\/pages\/7159"}],"wp:attachment":[{"href":"https:\/\/www.sergelifar.org\/ru\/wp-json\/wp\/v2\/media?parent=6445"}],"curies":[{"name":"wp","href":"https:\/\/api.w.org\/{rel}","templated":true}]}}