{"id":151,"date":"2012-05-04T06:50:16","date_gmt":"2012-05-04T06:50:16","guid":{"rendered":"http:\/\/www.sergelifar.org\/?page_id=151"},"modified":"2024-03-10T10:10:18","modified_gmt":"2024-03-10T09:10:18","slug":"%d0%bf%d1%80%d0%b0%d0%b2%d0%b0-%d0%bd%d0%b0-%d1%85%d0%be%d1%80%d0%b5%d0%be%d0%b3%d1%80%d0%b0%d1%84%d0%b8%d1%87%d0%b5%d1%81%d0%ba%d0%b8%d0%b5-%d0%bf%d0%be%d1%81%d1%82%d0%b0%d0%bd%d0%be%d0%b2%d0%ba","status":"publish","type":"page","link":"https:\/\/www.sergelifar.org\/ru\/%d1%81%d0%b2%d1%8f%d0%b7%d0%b0%d1%82%d1%8c%d1%81%d1%8f\/%d0%bf%d1%80%d0%b0%d0%b2%d0%b0-%d0%bd%d0%b0-%d1%85%d0%be%d1%80%d0%b5%d0%be%d0%b3%d1%80%d0%b0%d1%84%d0%b8%d1%87%d0%b5%d1%81%d0%ba%d0%b8%d0%b5-%d0%bf%d0%be%d1%81%d1%82%d0%b0%d0%bd%d0%be%d0%b2%d0%ba\/","title":{"rendered":"\u041f\u0440\u0430\u0432\u0430 \u043d\u0430 \u0445\u043e\u0440\u0435\u043e\u0433\u0440\u0430\u0444\u0438\u0447\u0435\u0441\u043a\u0438\u0435 \u043f\u043e\u0441\u0442\u0430\u043d\u043e\u0432\u043a\u0438"},"content":{"rendered":"<div id=\"pl-151\"  class=\"panel-layout\" ><div id=\"pg-151-0\"  class=\"panel-grid panel-no-style\" ><div id=\"pgc-151-0-0\"  class=\"panel-grid-cell\" ><div id=\"panel-151-0-0-0\" class=\"so-panel widget widget_sow-image panel-first-child panel-last-child\" data-index=\"0\" ><div\n\t\t\t\n\t\t\tclass=\"so-widget-sow-image so-widget-sow-image-default-c67d20f9f743-151\"\n\t\t\t\n\t\t>\n<div class=\"sow-image-container\">\n\t\t<img \n\tsrc=\"https:\/\/www.sergelifar.org\/wp-content\/uploads\/2012\/05\/bio-lifar2.jpg\" width=\"441\" height=\"441\" srcset=\"https:\/\/www.sergelifar.org\/wp-content\/uploads\/2012\/05\/bio-lifar2.jpg 441w, https:\/\/www.sergelifar.org\/wp-content\/uploads\/2012\/05\/bio-lifar2-150x150.jpg 150w, https:\/\/www.sergelifar.org\/wp-content\/uploads\/2012\/05\/bio-lifar2-300x300.jpg 300w, https:\/\/www.sergelifar.org\/wp-content\/uploads\/2012\/05\/bio-lifar2-60x60.jpg 60w\" sizes=\"(max-width: 441px) 100vw, 441px\" alt=\"Serge Lifar\" \t\tclass=\"so-widget-image\"\/>\n\t<\/div>\n\n<\/div><\/div><\/div><div id=\"pgc-151-0-1\"  class=\"panel-grid-cell\" ><div id=\"panel-151-0-1-0\" class=\"so-panel widget widget_sow-editor panel-first-child panel-last-child\" data-index=\"1\" ><div\n\t\t\t\n\t\t\tclass=\"so-widget-sow-editor so-widget-sow-editor-base\"\n\t\t\t\n\t\t>\n<div class=\"siteorigin-widget-tinymce textwidget\">\n\t<p>\u0411\u0430\u043b\u0435\u0442\u044b \u0421\u0435\u0440\u0436\u0430 \u041b\u0438\u0444\u0430\u0440\u044f \u043c\u043e\u0433\u0443\u0442 \u0431\u044b\u0442\u044c \u043f\u043e\u0441\u0442\u0430\u0432\u043b\u0435\u043d\u044b \u043f\u0440\u043e\u0444\u0435\u0441\u0441\u0438\u043e\u043d\u0430\u043b\u044c\u043d\u044b\u043c\u0438 \u0442\u0430\u043d\u0446\u0435\u0432\u0430\u043b\u044c\u043d\u044b\u043c\u0438 \u0442\u0440\u0443\u043f\u043f\u0430\u043c\u0438 \u043f\u0440\u0438 \u0443\u0441\u043b\u043e\u0432\u0438\u0438 \u0441\u043e\u0433\u043b\u0430\u0441\u0438\u044f \u0424\u043e\u043d\u0434\u0430 \u0421\u0435\u0440\u0436\u0430 \u041b\u0438\u0444\u0430\u0440\u044f, \u043a\u043e\u0442\u043e\u0440\u043e\u0435 \u043c\u043e\u0436\u043d\u043e \u043f\u043e\u043b\u0443\u0447\u0438\u0442\u044c, \u043e\u0431\u0440\u0430\u0442\u0438\u0432\u0448\u0438\u0441\u044c \u0432 \u041e\u0431\u0449\u0435\u0441\u0442\u0432\u043e \u0434\u0440\u0430\u043c\u0430\u0442\u0438\u0447\u0435\u0441\u043a\u0438\u0445 \u0430\u0432\u0442\u043e\u0440\u043e\u0432 \u0438 \u043a\u043e\u043c\u043f\u043e\u0437\u0438\u0442\u043e\u0440\u043e\u0432 \u0432 \u041f\u0430\u0440\u0438\u0436\u0435 :<\/p>\n<p><strong>Fluri &amp; Associ\u00e9s<\/strong><br \/>\nMa\u00eetre Nathalie Fluri<br \/>\n7, avenue du Th\u00e9\u00e2tre<br \/>\nCH-1005 Lausanne<\/p>\n<p><a href=\"mailto:fluri@flurilaw.ch\">fluri@flurilaw.ch<\/a><\/p>\n<p><strong>\u041b\u0438\u0446\u0430, \u0443\u043f\u043e\u043b\u043d\u043e\u043c\u043e\u0447\u0435\u043d\u043d\u044b\u0435 \u0424\u043e\u043d\u0434\u043e\u043c \u043a\u043e\u043d\u0442\u0440\u043e\u043b\u0438\u0440\u043e\u0432\u0430\u0442\u044c \u0431\u0430\u043b\u0435\u0442\u043d\u044b\u0435 \u043f\u043e\u0441\u0442\u0430\u043d\u043e\u0432\u043a\u0438, \u043e\u0441\u0443\u0449\u0435\u0441\u0442\u0432\u043b\u044f\u0435\u043c\u044b\u0435 \u043f\u043e \u043c\u0435\u0442\u043e\u0434\u0438\u043a\u0435 \u0421\u0435\u0440\u0436\u0430 \u041b\u0438\u0444\u0430\u0440\u044f<\/strong><\/p>\n<p><strong>\u041a\u043b\u043e\u0434 \u0411\u0435\u0441\u0441\u0438<\/strong><br \/>\n\u041f\u0440\u0438\u043c\u0430-\u0431\u0430\u043b\u0435\u0440\u0438\u043d\u0430 \u041f\u0430\u0440\u0438\u0436\u0441\u043a\u043e\u0433\u043e \u043e\u043f\u0435\u0440\u043d\u043e\u0433\u043e \u0442\u0435\u0430\u0442\u0440\u0430<br \/>\n\u0414\u0438\u0440\u0435\u043a\u0442\u043e\u0440 \u0431\u0430\u043b\u0435\u0442\u043d\u043e\u0439 \u0442\u0440\u0443\u043f\u043f\u044b \u041f\u0430\u0440\u0438\u0436\u0441\u043a\u043e\u0439 \u041e\u043f\u0435\u0440\u044b<br \/>\n\u0414\u0438\u0440\u0435\u043a\u0442\u043e\u0440 \u0431\u0430\u043b\u0435\u0442\u043d\u043e\u0439 \u0448\u043a\u043e\u043b\u044b \u041f\u0430\u0440\u0438\u0436\u0441\u043a\u043e\u0439 \u041e\u043f\u0435\u0440\u044b<br \/>\n\u0425\u043e\u0440\u0435\u043e\u0433\u0440\u0430\u0444<\/p>\n<p><strong>\u041a\u0440\u0438\u0441\u0442\u0438\u0430\u043d \u0412\u043b\u0430\u0441\u0441\u0438<\/strong><br \/>\n\u041f\u0440\u0438\u043c\u0430-\u0431\u0430\u043b\u0435\u0440\u0438\u043d\u0430 \u041f\u0430\u0440\u0438\u0436\u0441\u043a\u043e\u0433\u043e \u043e\u043f\u0435\u0440\u043d\u043e\u0433\u043e \u0442\u0435\u0430\u0442\u0440\u0430<br \/>\n\u041f\u0435\u0434\u0430\u0433\u043e\u0433 \u0431\u0430\u043b\u0435\u0442\u043d\u043e\u0439 \u0448\u043a\u043e\u043b\u044b \u041f\u0430\u0440\u0438\u0436\u0441\u043a\u043e\u0433\u043e \u043e\u043f\u0435\u0440\u043d\u043e\u0433\u043e \u0442\u0435\u0430\u0442\u0440\u0430<\/p>\n<p><strong>\u041d\u043e\u044d\u043b\u043b\u0430 \u041f\u043e\u043d\u0442\u0443\u0430<\/strong><br \/>\n\u041f\u0440\u0438\u043c\u0430-\u0431\u0430\u043b\u0435\u0440\u0438\u043d\u0430 \u041f\u0430\u0440\u0438\u0436\u0441\u043a\u043e\u0433\u043e \u043e\u043f\u0435\u0440\u043d\u043e\u0433\u043e \u0442\u0435\u0430\u0442\u0440\u0430<br \/>\n\u041f\u0440\u0435\u043f\u043e\u0434\u0430\u0432\u0430\u0442\u0435\u043b\u044c \u043a\u043e\u0440\u0434\u0435\u0431\u0430\u043b\u0435\u0442\u0430 \u041f\u0430\u0440\u0438\u0436\u0441\u043a\u043e\u0433\u043e \u043e\u043f\u0435\u0440\u043d\u043e\u0433\u043e \u0442\u0435\u0430\u0442\u0440\u0430<\/p>\n<p><strong>\u0421\u0438\u0440\u0438\u043b \u0410\u0442\u0430\u043d\u0430\u0441\u043e\u0432<\/strong><br \/>\n\u0412\u0435\u0434\u0443\u0449\u0438\u0439 \u0441\u043e\u043b\u0438\u0441\u0442 \u0431\u0430\u043b\u0435\u0442\u043d\u043e\u0439 \u0442\u0440\u0443\u043f\u043f\u044b \u041f\u0430\u0440\u0438\u0436\u0441\u043a\u043e\u0433\u043e \u043e\u043f\u0435\u0440\u043d\u043e\u0433\u043e \u0442\u0435\u0430\u0442\u0440\u0430<br \/>\n\u041f\u0440\u0435\u043f\u043e\u0434\u0430\u0432\u0430\u0442\u0435\u043b\u044c \u0412\u044b\u0441\u0448\u0435\u0439 \u043f\u0430\u0440\u0438\u0436\u0441\u043a\u043e\u0439 \u043d\u0430\u0446\u0438\u043e\u043d\u0430\u043b\u044c\u043d\u043e\u0439 \u041a\u043e\u043d\u0441\u0435\u0440\u0432\u0430\u0442\u043e\u0440\u0438\u0438 \u043c\u0443\u0437\u044b\u043a\u0438 \u0438 \u0442\u0430\u043d\u0446\u0430 (CNSMDP), \u0438 \u043a\u043e\u0440\u0434\u0435\u0431\u0430\u043b\u0435\u0442\u0430 \u041f\u0430\u0440\u0438\u0436\u0441\u043a\u043e\u0433\u043e \u043e\u043f\u0435\u0440\u043d\u043e\u0433\u043e \u0442\u0435\u0430\u0442\u0440\u0430<\/p>\n<\/div>\n<\/div><\/div><\/div><\/div><\/div>","protected":false},"excerpt":{"rendered":"<p>\u0411\u0430\u043b\u0435\u0442\u044b \u0421\u0435\u0440\u0436\u0430 \u041b\u0438\u0444\u0430\u0440\u044f \u043c\u043e\u0433\u0443\u0442 \u0431\u044b\u0442\u044c \u043f\u043e\u0441\u0442\u0430\u0432\u043b\u0435\u043d\u044b \u043f\u0440\u043e\u0444\u0435\u0441\u0441\u0438\u043e\u043d\u0430\u043b\u044c\u043d\u044b\u043c\u0438 \u0442\u0430\u043d\u0446\u0435\u0432\u0430\u043b\u044c\u043d\u044b\u043c\u0438 \u0442\u0440\u0443\u043f\u043f\u0430\u043c\u0438 \u043f\u0440\u0438 \u0443\u0441\u043b\u043e\u0432\u0438\u0438 \u0441\u043e\u0433\u043b\u0430\u0441\u0438\u044f \u0424\u043e\u043d\u0434\u0430 \u0421\u0435\u0440\u0436\u0430 \u041b\u0438\u0444\u0430\u0440\u044f, \u043a\u043e\u0442\u043e\u0440\u043e\u0435 \u043c\u043e\u0436\u043d\u043e \u043f\u043e\u043b\u0443\u0447\u0438\u0442\u044c, \u043e\u0431\u0440\u0430\u0442\u0438\u0432\u0448\u0438\u0441\u044c \u0432 \u041e\u0431\u0449\u0435\u0441\u0442\u0432\u043e \u0434\u0440\u0430\u043c\u0430\u0442\u0438\u0447\u0435\u0441\u043a\u0438\u0445 \u0430\u0432\u0442\u043e\u0440\u043e\u0432 \u0438 \u043a\u043e\u043c\u043f\u043e\u0437\u0438\u0442\u043e\u0440\u043e\u0432 \u0432 \u041f\u0430\u0440\u0438\u0436\u0435 : Fluri &amp; Associ\u00e9s Ma\u00eetre Nathalie Fluri 7, avenue du Th\u00e9\u00e2tre CH-1005 Lausanne fluri@flurilaw.ch \u041b\u0438\u0446\u0430, \u0443\u043f\u043e\u043b\u043d\u043e\u043c\u043e\u0447\u0435\u043d\u043d\u044b\u0435 \u0424\u043e\u043d\u0434\u043e\u043c \u043a\u043e\u043d\u0442\u0440\u043e\u043b\u0438\u0440\u043e\u0432\u0430\u0442\u044c \u0431\u0430\u043b\u0435\u0442\u043d\u044b\u0435 \u043f\u043e\u0441\u0442\u0430\u043d\u043e\u0432\u043a\u0438, \u043e\u0441\u0443\u0449\u0435\u0441\u0442\u0432\u043b\u044f\u0435\u043c\u044b\u0435 \u043f\u043e \u043c\u0435\u0442\u043e\u0434\u0438\u043a\u0435 \u0421\u0435\u0440\u0436\u0430 \u041b\u0438\u0444\u0430\u0440\u044f \u041a\u043b\u043e\u0434 \u0411\u0435\u0441\u0441\u0438 \u041f\u0440\u0438\u043c\u0430-\u0431\u0430\u043b\u0435\u0440\u0438\u043d\u0430 <\/p>\n","protected":false},"author":2,"featured_media":0,"parent":26,"menu_order":102,"comment_status":"closed","ping_status":"closed","template":"","meta":{"_acf_changed":false,"ngg_post_thumbnail":0,"footnotes":""},"class_list":["post-151","page","type-page","status-publish","hentry"],"acf":[],"yoast_head":"<!-- This site is optimized with the Yoast SEO plugin v27.4 - https:\/\/yoast.com\/product\/yoast-seo-wordpress\/ -->\n<title>\u041f\u0440\u0430\u0432\u0430 \u043d\u0430 \u0445\u043e\u0440\u0435\u043e\u0433\u0440\u0430\u0444\u0438\u0447\u0435\u0441\u043a\u0438\u0435 \u043f\u043e\u0441\u0442\u0430\u043d\u043e\u0432\u043a\u0438 - Serge Lifar<\/title>\n<meta name=\"robots\" content=\"index, follow, max-snippet:-1, max-image-preview:large, max-video-preview:-1\" \/>\n<link rel=\"canonical\" href=\"https:\/\/www.sergelifar.org\/contacter\/droits-choregraphiques\/\" \/>\n<meta property=\"og:locale\" content=\"ru_RU\" \/>\n<meta property=\"og:type\" content=\"article\" \/>\n<meta property=\"og:title\" content=\"\u041f\u0440\u0430\u0432\u0430 \u043d\u0430 \u0445\u043e\u0440\u0435\u043e\u0433\u0440\u0430\u0444\u0438\u0447\u0435\u0441\u043a\u0438\u0435 \u043f\u043e\u0441\u0442\u0430\u043d\u043e\u0432\u043a\u0438 - Serge Lifar\" \/>\n<meta property=\"og:description\" content=\"\u0411\u0430\u043b\u0435\u0442\u044b \u0421\u0435\u0440\u0436\u0430 \u041b\u0438\u0444\u0430\u0440\u044f \u043c\u043e\u0433\u0443\u0442 \u0431\u044b\u0442\u044c \u043f\u043e\u0441\u0442\u0430\u0432\u043b\u0435\u043d\u044b \u043f\u0440\u043e\u0444\u0435\u0441\u0441\u0438\u043e\u043d\u0430\u043b\u044c\u043d\u044b\u043c\u0438 \u0442\u0430\u043d\u0446\u0435\u0432\u0430\u043b\u044c\u043d\u044b\u043c\u0438 \u0442\u0440\u0443\u043f\u043f\u0430\u043c\u0438 \u043f\u0440\u0438 \u0443\u0441\u043b\u043e\u0432\u0438\u0438 \u0441\u043e\u0433\u043b\u0430\u0441\u0438\u044f \u0424\u043e\u043d\u0434\u0430 \u0421\u0435\u0440\u0436\u0430 \u041b\u0438\u0444\u0430\u0440\u044f, \u043a\u043e\u0442\u043e\u0440\u043e\u0435 \u043c\u043e\u0436\u043d\u043e \u043f\u043e\u043b\u0443\u0447\u0438\u0442\u044c, \u043e\u0431\u0440\u0430\u0442\u0438\u0432\u0448\u0438\u0441\u044c \u0432 \u041e\u0431\u0449\u0435\u0441\u0442\u0432\u043e \u0434\u0440\u0430\u043c\u0430\u0442\u0438\u0447\u0435\u0441\u043a\u0438\u0445 \u0430\u0432\u0442\u043e\u0440\u043e\u0432 \u0438 \u043a\u043e\u043c\u043f\u043e\u0437\u0438\u0442\u043e\u0440\u043e\u0432 \u0432 \u041f\u0430\u0440\u0438\u0436\u0435 : Fluri &amp; Associ\u00e9s Ma\u00eetre Nathalie Fluri 7, avenue du Th\u00e9\u00e2tre CH-1005 Lausanne fluri@flurilaw.ch \u041b\u0438\u0446\u0430, \u0443\u043f\u043e\u043b\u043d\u043e\u043c\u043e\u0447\u0435\u043d\u043d\u044b\u0435 \u0424\u043e\u043d\u0434\u043e\u043c \u043a\u043e\u043d\u0442\u0440\u043e\u043b\u0438\u0440\u043e\u0432\u0430\u0442\u044c \u0431\u0430\u043b\u0435\u0442\u043d\u044b\u0435 \u043f\u043e\u0441\u0442\u0430\u043d\u043e\u0432\u043a\u0438, \u043e\u0441\u0443\u0449\u0435\u0441\u0442\u0432\u043b\u044f\u0435\u043c\u044b\u0435 \u043f\u043e \u043c\u0435\u0442\u043e\u0434\u0438\u043a\u0435 \u0421\u0435\u0440\u0436\u0430 \u041b\u0438\u0444\u0430\u0440\u044f \u041a\u043b\u043e\u0434 \u0411\u0435\u0441\u0441\u0438 \u041f\u0440\u0438\u043c\u0430-\u0431\u0430\u043b\u0435\u0440\u0438\u043d\u0430\" \/>\n<meta property=\"og:url\" content=\"https:\/\/www.sergelifar.org\/contacter\/droits-choregraphiques\/\" \/>\n<meta property=\"og:site_name\" content=\"Serge Lifar\" \/>\n<meta property=\"article:modified_time\" content=\"2024-03-10T09:10:18+00:00\" \/>\n<meta name=\"twitter:card\" content=\"summary_large_image\" \/>\n<meta name=\"twitter:label1\" content=\"\u041f\u0440\u0438\u043c\u0435\u0440\u043d\u043e\u0435 \u0432\u0440\u0435\u043c\u044f \u0434\u043b\u044f \u0447\u0442\u0435\u043d\u0438\u044f\" \/>\n\t<meta name=\"twitter:data1\" content=\"1 \u043c\u0438\u043d\u0443\u0442\u0430\" \/>\n<script type=\"application\/ld+json\" class=\"yoast-schema-graph\">{\"@context\":\"https:\\\/\\\/schema.org\",\"@graph\":[{\"@type\":\"WebPage\",\"@id\":\"https:\\\/\\\/www.sergelifar.org\\\/contacter\\\/droits-choregraphiques\\\/\",\"url\":\"https:\\\/\\\/www.sergelifar.org\\\/contacter\\\/droits-choregraphiques\\\/\",\"name\":\"\u041f\u0440\u0430\u0432\u0430 \u043d\u0430 \u0445\u043e\u0440\u0435\u043e\u0433\u0440\u0430\u0444\u0438\u0447\u0435\u0441\u043a\u0438\u0435 \u043f\u043e\u0441\u0442\u0430\u043d\u043e\u0432\u043a\u0438 - Serge Lifar\",\"isPartOf\":{\"@id\":\"https:\\\/\\\/dev2023.sergelifar.org\\\/en\\\/#website\"},\"datePublished\":\"2012-05-04T06:50:16+00:00\",\"dateModified\":\"2024-03-10T09:10:18+00:00\",\"breadcrumb\":{\"@id\":\"https:\\\/\\\/www.sergelifar.org\\\/contacter\\\/droits-choregraphiques\\\/#breadcrumb\"},\"inLanguage\":\"ru-RU\",\"potentialAction\":[{\"@type\":\"ReadAction\",\"target\":[\"https:\\\/\\\/www.sergelifar.org\\\/contacter\\\/droits-choregraphiques\\\/\"]}]},{\"@type\":\"BreadcrumbList\",\"@id\":\"https:\\\/\\\/www.sergelifar.org\\\/contacter\\\/droits-choregraphiques\\\/#breadcrumb\",\"itemListElement\":[{\"@type\":\"ListItem\",\"position\":1,\"name\":\"Accueil\",\"item\":\"https:\\\/\\\/www.sergelifar.org\\\/ru\\\/\"},{\"@type\":\"ListItem\",\"position\":2,\"name\":\"\u041a\u043e\u043d\u0442\u0430\u043a\u0442\u044b\",\"item\":\"https:\\\/\\\/www.sergelifar.org\\\/contacter\\\/\"},{\"@type\":\"ListItem\",\"position\":3,\"name\":\"\u041f\u0440\u0430\u0432\u0430 \u043d\u0430 \u0445\u043e\u0440\u0435\u043e\u0433\u0440\u0430\u0444\u0438\u0447\u0435\u0441\u043a\u0438\u0435 \u043f\u043e\u0441\u0442\u0430\u043d\u043e\u0432\u043a\u0438\"}]},{\"@type\":\"WebSite\",\"@id\":\"https:\\\/\\\/dev2023.sergelifar.org\\\/en\\\/#website\",\"url\":\"https:\\\/\\\/dev2023.sergelifar.org\\\/en\\\/\",\"name\":\"Serge Lifar\",\"description\":\"Site officiel de la Fondation Serge Lifar\",\"potentialAction\":[{\"@type\":\"SearchAction\",\"target\":{\"@type\":\"EntryPoint\",\"urlTemplate\":\"https:\\\/\\\/dev2023.sergelifar.org\\\/en\\\/?s={search_term_string}\"},\"query-input\":{\"@type\":\"PropertyValueSpecification\",\"valueRequired\":true,\"valueName\":\"search_term_string\"}}],\"inLanguage\":\"ru-RU\"}]}<\/script>\n<!-- \/ Yoast SEO plugin. -->","yoast_head_json":{"title":"\u041f\u0440\u0430\u0432\u0430 \u043d\u0430 \u0445\u043e\u0440\u0435\u043e\u0433\u0440\u0430\u0444\u0438\u0447\u0435\u0441\u043a\u0438\u0435 \u043f\u043e\u0441\u0442\u0430\u043d\u043e\u0432\u043a\u0438 - Serge Lifar","robots":{"index":"index","follow":"follow","max-snippet":"max-snippet:-1","max-image-preview":"max-image-preview:large","max-video-preview":"max-video-preview:-1"},"canonical":"https:\/\/www.sergelifar.org\/contacter\/droits-choregraphiques\/","og_locale":"ru_RU","og_type":"article","og_title":"\u041f\u0440\u0430\u0432\u0430 \u043d\u0430 \u0445\u043e\u0440\u0435\u043e\u0433\u0440\u0430\u0444\u0438\u0447\u0435\u0441\u043a\u0438\u0435 \u043f\u043e\u0441\u0442\u0430\u043d\u043e\u0432\u043a\u0438 - Serge Lifar","og_description":"\u0411\u0430\u043b\u0435\u0442\u044b \u0421\u0435\u0440\u0436\u0430 \u041b\u0438\u0444\u0430\u0440\u044f \u043c\u043e\u0433\u0443\u0442 \u0431\u044b\u0442\u044c \u043f\u043e\u0441\u0442\u0430\u0432\u043b\u0435\u043d\u044b \u043f\u0440\u043e\u0444\u0435\u0441\u0441\u0438\u043e\u043d\u0430\u043b\u044c\u043d\u044b\u043c\u0438 \u0442\u0430\u043d\u0446\u0435\u0432\u0430\u043b\u044c\u043d\u044b\u043c\u0438 \u0442\u0440\u0443\u043f\u043f\u0430\u043c\u0438 \u043f\u0440\u0438 \u0443\u0441\u043b\u043e\u0432\u0438\u0438 \u0441\u043e\u0433\u043b\u0430\u0441\u0438\u044f \u0424\u043e\u043d\u0434\u0430 \u0421\u0435\u0440\u0436\u0430 \u041b\u0438\u0444\u0430\u0440\u044f, \u043a\u043e\u0442\u043e\u0440\u043e\u0435 \u043c\u043e\u0436\u043d\u043e \u043f\u043e\u043b\u0443\u0447\u0438\u0442\u044c, \u043e\u0431\u0440\u0430\u0442\u0438\u0432\u0448\u0438\u0441\u044c \u0432 \u041e\u0431\u0449\u0435\u0441\u0442\u0432\u043e \u0434\u0440\u0430\u043c\u0430\u0442\u0438\u0447\u0435\u0441\u043a\u0438\u0445 \u0430\u0432\u0442\u043e\u0440\u043e\u0432 \u0438 \u043a\u043e\u043c\u043f\u043e\u0437\u0438\u0442\u043e\u0440\u043e\u0432 \u0432 \u041f\u0430\u0440\u0438\u0436\u0435 : Fluri &amp; Associ\u00e9s Ma\u00eetre Nathalie Fluri 7, avenue du Th\u00e9\u00e2tre CH-1005 Lausanne fluri@flurilaw.ch \u041b\u0438\u0446\u0430, \u0443\u043f\u043e\u043b\u043d\u043e\u043c\u043e\u0447\u0435\u043d\u043d\u044b\u0435 \u0424\u043e\u043d\u0434\u043e\u043c \u043a\u043e\u043d\u0442\u0440\u043e\u043b\u0438\u0440\u043e\u0432\u0430\u0442\u044c \u0431\u0430\u043b\u0435\u0442\u043d\u044b\u0435 \u043f\u043e\u0441\u0442\u0430\u043d\u043e\u0432\u043a\u0438, \u043e\u0441\u0443\u0449\u0435\u0441\u0442\u0432\u043b\u044f\u0435\u043c\u044b\u0435 \u043f\u043e \u043c\u0435\u0442\u043e\u0434\u0438\u043a\u0435 \u0421\u0435\u0440\u0436\u0430 \u041b\u0438\u0444\u0430\u0440\u044f \u041a\u043b\u043e\u0434 \u0411\u0435\u0441\u0441\u0438 \u041f\u0440\u0438\u043c\u0430-\u0431\u0430\u043b\u0435\u0440\u0438\u043d\u0430","og_url":"https:\/\/www.sergelifar.org\/contacter\/droits-choregraphiques\/","og_site_name":"Serge Lifar","article_modified_time":"2024-03-10T09:10:18+00:00","twitter_card":"summary_large_image","twitter_misc":{"\u041f\u0440\u0438\u043c\u0435\u0440\u043d\u043e\u0435 \u0432\u0440\u0435\u043c\u044f \u0434\u043b\u044f \u0447\u0442\u0435\u043d\u0438\u044f":"1 \u043c\u0438\u043d\u0443\u0442\u0430"},"schema":{"@context":"https:\/\/schema.org","@graph":[{"@type":"WebPage","@id":"https:\/\/www.sergelifar.org\/contacter\/droits-choregraphiques\/","url":"https:\/\/www.sergelifar.org\/contacter\/droits-choregraphiques\/","name":"\u041f\u0440\u0430\u0432\u0430 \u043d\u0430 \u0445\u043e\u0440\u0435\u043e\u0433\u0440\u0430\u0444\u0438\u0447\u0435\u0441\u043a\u0438\u0435 \u043f\u043e\u0441\u0442\u0430\u043d\u043e\u0432\u043a\u0438 - Serge Lifar","isPartOf":{"@id":"https:\/\/dev2023.sergelifar.org\/en\/#website"},"datePublished":"2012-05-04T06:50:16+00:00","dateModified":"2024-03-10T09:10:18+00:00","breadcrumb":{"@id":"https:\/\/www.sergelifar.org\/contacter\/droits-choregraphiques\/#breadcrumb"},"inLanguage":"ru-RU","potentialAction":[{"@type":"ReadAction","target":["https:\/\/www.sergelifar.org\/contacter\/droits-choregraphiques\/"]}]},{"@type":"BreadcrumbList","@id":"https:\/\/www.sergelifar.org\/contacter\/droits-choregraphiques\/#breadcrumb","itemListElement":[{"@type":"ListItem","position":1,"name":"Accueil","item":"https:\/\/www.sergelifar.org\/ru\/"},{"@type":"ListItem","position":2,"name":"\u041a\u043e\u043d\u0442\u0430\u043a\u0442\u044b","item":"https:\/\/www.sergelifar.org\/contacter\/"},{"@type":"ListItem","position":3,"name":"\u041f\u0440\u0430\u0432\u0430 \u043d\u0430 \u0445\u043e\u0440\u0435\u043e\u0433\u0440\u0430\u0444\u0438\u0447\u0435\u0441\u043a\u0438\u0435 \u043f\u043e\u0441\u0442\u0430\u043d\u043e\u0432\u043a\u0438"}]},{"@type":"WebSite","@id":"https:\/\/dev2023.sergelifar.org\/en\/#website","url":"https:\/\/dev2023.sergelifar.org\/en\/","name":"Serge Lifar","description":"Site officiel de la Fondation Serge Lifar","potentialAction":[{"@type":"SearchAction","target":{"@type":"EntryPoint","urlTemplate":"https:\/\/dev2023.sergelifar.org\/en\/?s={search_term_string}"},"query-input":{"@type":"PropertyValueSpecification","valueRequired":true,"valueName":"search_term_string"}}],"inLanguage":"ru-RU"}]}},"_links":{"self":[{"href":"https:\/\/www.sergelifar.org\/ru\/wp-json\/wp\/v2\/pages\/151","targetHints":{"allow":["GET"]}}],"collection":[{"href":"https:\/\/www.sergelifar.org\/ru\/wp-json\/wp\/v2\/pages"}],"about":[{"href":"https:\/\/www.sergelifar.org\/ru\/wp-json\/wp\/v2\/types\/page"}],"author":[{"embeddable":true,"href":"https:\/\/www.sergelifar.org\/ru\/wp-json\/wp\/v2\/users\/2"}],"replies":[{"embeddable":true,"href":"https:\/\/www.sergelifar.org\/ru\/wp-json\/wp\/v2\/comments?post=151"}],"version-history":[{"count":5,"href":"https:\/\/www.sergelifar.org\/ru\/wp-json\/wp\/v2\/pages\/151\/revisions"}],"predecessor-version":[{"id":7030,"href":"https:\/\/www.sergelifar.org\/ru\/wp-json\/wp\/v2\/pages\/151\/revisions\/7030"}],"up":[{"embeddable":true,"href":"https:\/\/www.sergelifar.org\/ru\/wp-json\/wp\/v2\/pages\/26"}],"wp:attachment":[{"href":"https:\/\/www.sergelifar.org\/ru\/wp-json\/wp\/v2\/media?parent=151"}],"curies":[{"name":"wp","href":"https:\/\/api.w.org\/{rel}","templated":true}]}}