{"id":6738,"date":"2023-02-07T18:55:35","date_gmt":"2023-02-07T18:55:35","guid":{"rendered":"https:\/\/dev2023.sergelifar.org\/choregraphies\/lorchestre-en-liberte\/"},"modified":"2024-06-12T11:35:06","modified_gmt":"2024-06-12T09:35:06","slug":"lorchestre-en-liberte","status":"publish","type":"page","link":"https:\/\/www.sergelifar.org\/en\/choregraphies\/autres-ballets\/lorchestre-en-liberte\/","title":{"rendered":"L\u2019Orchestre en libert\u00e9"},"content":{"rendered":"<div id=\"pl-6738\"  class=\"panel-layout\" ><div id=\"pg-6738-0\"  class=\"panel-grid panel-no-style\" ><div id=\"pgc-6738-0-0\"  class=\"panel-grid-cell panel-grid-cell-mobile-last\" ><div id=\"panel-6738-0-0-0\" class=\"so-panel widget widget_sow-editor panel-first-child panel-last-child\" data-index=\"0\" ><div\n\t\t\t\n\t\t\tclass=\"so-widget-sow-editor so-widget-sow-editor-base\"\n\t\t\t\n\t\t>\n<div class=\"siteorigin-widget-tinymce textwidget\">\n\t<p>Ballet en 1 acte<\/p>\n<p>Premi\u00e8re : le 16 f\u00e9vrier 1931 \u00e0 l\u2019Op\u00e9ra de Paris<\/p>\n<p>Musique&nbsp;: Henri Sauveplane<\/p>\n<p>Argument (ou livret) : Fran\u00e7ois Gautier dit Paul Franz et Paul Gsell<\/p>\n<p>D\u00e9cors&nbsp;et costumes : Paul Colin<\/p>\n<p>Direction musicale&nbsp;: Joseph-Eug\u00e8ne Szyfer<\/p>\n<p>Principaux interpr\u00e8tes : C\u00e9r\u00e8s et Serge Peretti (les Cymbales),&nbsp; Lucienne Lamballe (la grosse Caisse),&nbsp; Serge Lifar (le Violon), Suzanne Lorcia (la Fl\u00fbte), C. Tcherkas (le Hautbois)<\/p>\n<p style=\"text-align: center;\">* * * * * * * *&nbsp;<\/p>\n<p>\u00ab&nbsp;En cette m\u00eame ann\u00e9e 1931, <em>L\u2019Orchestre en Libert\u00e9<\/em>, sur une partition d\u2019Henri Sauveplane, d\u00e9cors de Paul Colin, illustra la bataille musicale entre le jazz et l\u2019orchestre symphonique. Lifar y incarnait le violon. Le chef d\u2019orchestre se tenait sur le c\u00f4t\u00e9 de la sc\u00e8ne. Les instruments se pavanaient dans la douceur du jeu romantique. Lifar, avec des gestes arrondis, \u00e9voquait les mouvements d\u2019un violon entre les mains d\u2019un virtuose. Soudain, par les trois trous du souffleur surgissait une bande d\u2019instruments de jazz, agressive, ex\u00e9cutant des pas presque n\u00e8gres, tapant, sautant, zigzaguant.&nbsp; Les trombones, les trompettes, la grosse caisse (Lucienne Lamballe), tous se pr\u00e9cipitaient sur les instruments symphoniques. Le violon fuyait horrifi\u00e9 et, de loin, regardait les tr\u00e9pignements du jazz, bondissant en faisant de brusques mouvements des jambes. Puis, la bataille s\u2019engageait entre le violon et la trompette, les instruments symphoniques contre-attaquaient et finissaient par chasser la bande d\u2019instruments de jazz qui disparaissaient dans les trous du souffleur. La sc\u00e8ne lib\u00e9r\u00e9e, la musique douce reprenait, et le violon, dans une danse finale qui rejoignait celle du d\u00e9but, ex\u00e9cutait des entrechats, s\u2019\u00e9tirait dans une arabesque et se laissait aller \u00e0 la b\u00e9atitude d\u2019une m\u00e9lodie lente et gracieuse.<\/p>\n<p>Ce ballet, qui rappelait les jeux du XVII<sup>e<\/sup> si\u00e8cle avec ses instruments peints sur les costumes, \u00e9tait un divertissement charmant, une espi\u00e8glerie amusante et, en m\u00eame temps, une boutade contre le jazz qui voulait s\u2019emparer du domaine consacr\u00e9 par les classiques. Lifar-violon s\u2019y d\u00e9lassait dans une danse noble et raffin\u00e9e. \u00bb<\/p>\n<p><em>Serge Lifar r\u00e9novateur du ballet fran\u00e7ais<\/em> par Jean Laurent et Julie Sazonova, Buchet-Chastel Corr\u00eaa, Paris, 1960 (p. 59)<\/p>\nngg_shortcode_0_placeholder\n<\/div>\n<\/div><\/div><\/div><div id=\"pgc-6738-0-1\"  class=\"panel-grid-cell panel-grid-cell-empty\" ><\/div><\/div><\/div>","protected":false},"excerpt":{"rendered":"<p>Ballet en 1 acte Premi\u00e8re : le 16 f\u00e9vrier 1931 \u00e0 l\u2019Op\u00e9ra de Paris Musique&nbsp;: Henri Sauveplane Argument (ou livret) : Fran\u00e7ois Gautier dit Paul Franz et Paul Gsell D\u00e9cors&nbsp;et costumes : Paul Colin Direction musicale&nbsp;: Joseph-Eug\u00e8ne Szyfer Principaux interpr\u00e8tes : C\u00e9r\u00e8s et Serge Peretti (les Cymbales),&nbsp; Lucienne Lamballe (la grosse Caisse),&nbsp; Serge Lifar (le <\/p>\n","protected":false},"author":2,"featured_media":0,"parent":7158,"menu_order":0,"comment_status":"closed","ping_status":"closed","template":"template-sousmenu.php","meta":{"_acf_changed":false,"ngg_post_thumbnail":0,"footnotes":""},"class_list":["post-6738","page","type-page","status-publish","hentry"],"acf":[],"yoast_head":"<!-- This site is optimized with the Yoast SEO plugin v27.3 - https:\/\/yoast.com\/product\/yoast-seo-wordpress\/ -->\n<title>L\u2019Orchestre en libert\u00e9 - Serge Lifar<\/title>\n<meta name=\"robots\" content=\"index, follow, max-snippet:-1, max-image-preview:large, max-video-preview:-1\" \/>\n<link rel=\"canonical\" href=\"https:\/\/www.sergelifar.org\/en\/choregraphies\/autres-ballets\/lorchestre-en-liberte\/\" \/>\n<meta property=\"og:locale\" content=\"en_US\" \/>\n<meta property=\"og:type\" content=\"article\" \/>\n<meta property=\"og:title\" content=\"L\u2019Orchestre en libert\u00e9 - Serge Lifar\" \/>\n<meta property=\"og:description\" content=\"Ballet en 1 acte Premi\u00e8re : le 16 f\u00e9vrier 1931 \u00e0 l\u2019Op\u00e9ra de Paris Musique&nbsp;: Henri Sauveplane Argument (ou livret) : Fran\u00e7ois Gautier dit Paul Franz et Paul Gsell D\u00e9cors&nbsp;et costumes : Paul Colin Direction musicale&nbsp;: Joseph-Eug\u00e8ne Szyfer Principaux interpr\u00e8tes : C\u00e9r\u00e8s et Serge Peretti (les Cymbales),&nbsp; Lucienne Lamballe (la grosse Caisse),&nbsp; Serge Lifar (le\" \/>\n<meta property=\"og:url\" content=\"https:\/\/www.sergelifar.org\/en\/choregraphies\/autres-ballets\/lorchestre-en-liberte\/\" \/>\n<meta property=\"og:site_name\" content=\"Serge Lifar\" \/>\n<meta property=\"article:modified_time\" content=\"2024-06-12T09:35:06+00:00\" \/>\n<meta name=\"twitter:card\" content=\"summary_large_image\" \/>\n<meta name=\"twitter:label1\" content=\"Est. reading time\" \/>\n\t<meta name=\"twitter:data1\" content=\"2 minutes\" \/>\n<script type=\"application\/ld+json\" class=\"yoast-schema-graph\">{\"@context\":\"https:\\\/\\\/schema.org\",\"@graph\":[{\"@type\":\"WebPage\",\"@id\":\"https:\\\/\\\/www.sergelifar.org\\\/en\\\/choregraphies\\\/autres-ballets\\\/lorchestre-en-liberte\\\/\",\"url\":\"https:\\\/\\\/www.sergelifar.org\\\/en\\\/choregraphies\\\/autres-ballets\\\/lorchestre-en-liberte\\\/\",\"name\":\"L\u2019Orchestre en libert\u00e9 - Serge Lifar\",\"isPartOf\":{\"@id\":\"https:\\\/\\\/dev2023.sergelifar.org\\\/en\\\/#website\"},\"datePublished\":\"2023-02-07T18:55:35+00:00\",\"dateModified\":\"2024-06-12T09:35:06+00:00\",\"breadcrumb\":{\"@id\":\"https:\\\/\\\/www.sergelifar.org\\\/en\\\/choregraphies\\\/autres-ballets\\\/lorchestre-en-liberte\\\/#breadcrumb\"},\"inLanguage\":\"en-US\",\"potentialAction\":[{\"@type\":\"ReadAction\",\"target\":[\"https:\\\/\\\/www.sergelifar.org\\\/en\\\/choregraphies\\\/autres-ballets\\\/lorchestre-en-liberte\\\/\"]}]},{\"@type\":\"BreadcrumbList\",\"@id\":\"https:\\\/\\\/www.sergelifar.org\\\/en\\\/choregraphies\\\/autres-ballets\\\/lorchestre-en-liberte\\\/#breadcrumb\",\"itemListElement\":[{\"@type\":\"ListItem\",\"position\":1,\"name\":\"Accueil\",\"item\":\"https:\\\/\\\/dev2023.sergelifar.org\\\/en\\\/\"},{\"@type\":\"ListItem\",\"position\":2,\"name\":\"Choreographies\",\"item\":\"https:\\\/\\\/www.sergelifar.org\\\/en\\\/choregraphies\\\/\"},{\"@type\":\"ListItem\",\"position\":3,\"name\":\"Autres ballets\",\"item\":\"https:\\\/\\\/www.sergelifar.org\\\/en\\\/choregraphies\\\/autres-ballets\\\/\"},{\"@type\":\"ListItem\",\"position\":4,\"name\":\"L\u2019Orchestre en libert\u00e9\"}]},{\"@type\":\"WebSite\",\"@id\":\"https:\\\/\\\/dev2023.sergelifar.org\\\/en\\\/#website\",\"url\":\"https:\\\/\\\/dev2023.sergelifar.org\\\/en\\\/\",\"name\":\"Serge Lifar\",\"description\":\"Site officiel de la Fondation Serge Lifar\",\"potentialAction\":[{\"@type\":\"SearchAction\",\"target\":{\"@type\":\"EntryPoint\",\"urlTemplate\":\"https:\\\/\\\/dev2023.sergelifar.org\\\/en\\\/?s={search_term_string}\"},\"query-input\":{\"@type\":\"PropertyValueSpecification\",\"valueRequired\":true,\"valueName\":\"search_term_string\"}}],\"inLanguage\":\"en-US\"}]}<\/script>\n<!-- \/ Yoast SEO plugin. -->","yoast_head_json":{"title":"L\u2019Orchestre en libert\u00e9 - Serge Lifar","robots":{"index":"index","follow":"follow","max-snippet":"max-snippet:-1","max-image-preview":"max-image-preview:large","max-video-preview":"max-video-preview:-1"},"canonical":"https:\/\/www.sergelifar.org\/en\/choregraphies\/autres-ballets\/lorchestre-en-liberte\/","og_locale":"en_US","og_type":"article","og_title":"L\u2019Orchestre en libert\u00e9 - Serge Lifar","og_description":"Ballet en 1 acte Premi\u00e8re : le 16 f\u00e9vrier 1931 \u00e0 l\u2019Op\u00e9ra de Paris Musique&nbsp;: Henri Sauveplane Argument (ou livret) : Fran\u00e7ois Gautier dit Paul Franz et Paul Gsell D\u00e9cors&nbsp;et costumes : Paul Colin Direction musicale&nbsp;: Joseph-Eug\u00e8ne Szyfer Principaux interpr\u00e8tes : C\u00e9r\u00e8s et Serge Peretti (les Cymbales),&nbsp; Lucienne Lamballe (la grosse Caisse),&nbsp; Serge Lifar (le","og_url":"https:\/\/www.sergelifar.org\/en\/choregraphies\/autres-ballets\/lorchestre-en-liberte\/","og_site_name":"Serge Lifar","article_modified_time":"2024-06-12T09:35:06+00:00","twitter_card":"summary_large_image","twitter_misc":{"Est. reading time":"2 minutes"},"schema":{"@context":"https:\/\/schema.org","@graph":[{"@type":"WebPage","@id":"https:\/\/www.sergelifar.org\/en\/choregraphies\/autres-ballets\/lorchestre-en-liberte\/","url":"https:\/\/www.sergelifar.org\/en\/choregraphies\/autres-ballets\/lorchestre-en-liberte\/","name":"L\u2019Orchestre en libert\u00e9 - Serge Lifar","isPartOf":{"@id":"https:\/\/dev2023.sergelifar.org\/en\/#website"},"datePublished":"2023-02-07T18:55:35+00:00","dateModified":"2024-06-12T09:35:06+00:00","breadcrumb":{"@id":"https:\/\/www.sergelifar.org\/en\/choregraphies\/autres-ballets\/lorchestre-en-liberte\/#breadcrumb"},"inLanguage":"en-US","potentialAction":[{"@type":"ReadAction","target":["https:\/\/www.sergelifar.org\/en\/choregraphies\/autres-ballets\/lorchestre-en-liberte\/"]}]},{"@type":"BreadcrumbList","@id":"https:\/\/www.sergelifar.org\/en\/choregraphies\/autres-ballets\/lorchestre-en-liberte\/#breadcrumb","itemListElement":[{"@type":"ListItem","position":1,"name":"Accueil","item":"https:\/\/dev2023.sergelifar.org\/en\/"},{"@type":"ListItem","position":2,"name":"Choreographies","item":"https:\/\/www.sergelifar.org\/en\/choregraphies\/"},{"@type":"ListItem","position":3,"name":"Autres ballets","item":"https:\/\/www.sergelifar.org\/en\/choregraphies\/autres-ballets\/"},{"@type":"ListItem","position":4,"name":"L\u2019Orchestre en libert\u00e9"}]},{"@type":"WebSite","@id":"https:\/\/dev2023.sergelifar.org\/en\/#website","url":"https:\/\/dev2023.sergelifar.org\/en\/","name":"Serge Lifar","description":"Site officiel de la Fondation Serge Lifar","potentialAction":[{"@type":"SearchAction","target":{"@type":"EntryPoint","urlTemplate":"https:\/\/dev2023.sergelifar.org\/en\/?s={search_term_string}"},"query-input":{"@type":"PropertyValueSpecification","valueRequired":true,"valueName":"search_term_string"}}],"inLanguage":"en-US"}]}},"_links":{"self":[{"href":"https:\/\/www.sergelifar.org\/en\/wp-json\/wp\/v2\/pages\/6738","targetHints":{"allow":["GET"]}}],"collection":[{"href":"https:\/\/www.sergelifar.org\/en\/wp-json\/wp\/v2\/pages"}],"about":[{"href":"https:\/\/www.sergelifar.org\/en\/wp-json\/wp\/v2\/types\/page"}],"author":[{"embeddable":true,"href":"https:\/\/www.sergelifar.org\/en\/wp-json\/wp\/v2\/users\/2"}],"replies":[{"embeddable":true,"href":"https:\/\/www.sergelifar.org\/en\/wp-json\/wp\/v2\/comments?post=6738"}],"version-history":[{"count":3,"href":"https:\/\/www.sergelifar.org\/en\/wp-json\/wp\/v2\/pages\/6738\/revisions"}],"predecessor-version":[{"id":7415,"href":"https:\/\/www.sergelifar.org\/en\/wp-json\/wp\/v2\/pages\/6738\/revisions\/7415"}],"up":[{"embeddable":true,"href":"https:\/\/www.sergelifar.org\/en\/wp-json\/wp\/v2\/pages\/7158"}],"wp:attachment":[{"href":"https:\/\/www.sergelifar.org\/en\/wp-json\/wp\/v2\/media?parent=6738"}],"curies":[{"name":"wp","href":"https:\/\/api.w.org\/{rel}","templated":true}]}}