{"id":6722,"date":"2023-02-10T18:50:10","date_gmt":"2023-02-10T18:50:10","guid":{"rendered":"https:\/\/dev2023.sergelifar.org\/choregraphies\/le-roi-nu\/"},"modified":"2024-03-11T11:53:33","modified_gmt":"2024-03-11T10:53:33","slug":"le-roi-nu","status":"publish","type":"page","link":"https:\/\/www.sergelifar.org\/en\/choregraphies\/autres-ballets\/le-roi-nu\/","title":{"rendered":"Le Roi nu"},"content":{"rendered":"<div id=\"pl-6722\"  class=\"panel-layout\" ><div id=\"pg-6722-0\"  class=\"panel-grid panel-no-style\" ><div id=\"pgc-6722-0-0\"  class=\"panel-grid-cell\" ><div id=\"panel-6722-0-0-0\" class=\"so-panel widget widget_sow-editor panel-first-child panel-last-child\" data-index=\"0\" ><div\n\t\t\t\n\t\t\tclass=\"so-widget-sow-editor so-widget-sow-editor-base\"\n\t\t\t\n\t\t>\n<div class=\"siteorigin-widget-tinymce textwidget\">\n\t<p>Ballet en 1 acte et 4 tableaux<\/p>\n<p>Premi\u00e8re : le 15 juin 1936 \u00e0 l\u2019Op\u00e9ra de Paris<\/p>\n<p>Musique&nbsp;: Jean Fran\u00e7aix<\/p>\n<p>Argument&nbsp;(ou livret) : Serge Lifar, tir\u00e9 des <em>Habits neuf du grand-duc<\/em> de Hans Christian Andersen<\/p>\n<p>D\u00e9cors et costumes&nbsp;: Pedro Pruna<\/p>\n<p>Direction musicale&nbsp;: Joseph-Eug\u00e8ne Szyfer<\/p>\n<p>Principaux interpr\u00e8tes : Odette Barban, Marie-Louise Didion, Paulette Dynalix, Genevi\u00e8ve Kergrist (Les Dames d\u2019honneur), Nicolas Efimoff, Domansky, Guylaine (les Tailleurs), Paul Goub\u00e9 (l\u2019Amant), Pierre Duprez, Lucien Legrand et Roger Ritz (les Ministres), Serge Lifar (le Roi), Suzanne Lorcia (la Reine)<\/p>\n<p style=\"text-align: center;\">* * * * * * * *<\/p>\n<p>\u00ab C\u2019est l\u2019histoire de trois tailleurs astucieux affirmant au Roi qu\u2019ils poss\u00e8dent un tissu qu est l\u2019apanage des honn\u00eates gens ; ils font le simulacre de pr\u00e9senter l\u2019\u00e9toffe pr\u00e9cieuse, que tout le monde, la Reine y comprise, admire sans la voir. Le Roi commande un habit et donne une f\u00eate en l\u2019honneur de ce v\u00eatement magique. Il se r\u00e9jouit de ne voir que d\u2019honn\u00eates gens autour de lui ; mais un enfant crie : \u00ab Le Roi est nu ! \u00bb. Le Roi, s\u2019\u00e9veillant \u00e0 la v\u00e9rit\u00e9, chasse ses ministres et les remplace par les trois tailleurs. \u00bb<\/p>\n<p><em>La semaine musicale <\/em>par Paul Bertrand<em>, <\/em>in <em>Le M\u00e9nestrel<\/em>, 19 juin 1936, p. 198<\/p>\nngg_shortcode_0_placeholder\n<\/div>\n<\/div><\/div><\/div><\/div><\/div>","protected":false},"excerpt":{"rendered":"<p>Ballet en 1 acte et 4 tableaux Premi\u00e8re : le 15 juin 1936 \u00e0 l\u2019Op\u00e9ra de Paris Musique&nbsp;: Jean Fran\u00e7aix Argument&nbsp;(ou livret) : Serge Lifar, tir\u00e9 des Habits neuf du grand-duc de Hans Christian Andersen D\u00e9cors et costumes&nbsp;: Pedro Pruna Direction musicale&nbsp;: Joseph-Eug\u00e8ne Szyfer Principaux interpr\u00e8tes : Odette Barban, Marie-Louise Didion, Paulette Dynalix, Genevi\u00e8ve Kergrist <\/p>\n","protected":false},"author":2,"featured_media":0,"parent":7158,"menu_order":0,"comment_status":"closed","ping_status":"closed","template":"template-sousmenu.php","meta":{"_acf_changed":false,"ngg_post_thumbnail":0,"footnotes":""},"class_list":["post-6722","page","type-page","status-publish","hentry"],"acf":[],"yoast_head":"<!-- This site is optimized with the Yoast SEO plugin v27.3 - https:\/\/yoast.com\/product\/yoast-seo-wordpress\/ -->\n<title>Le Roi nu - Serge Lifar<\/title>\n<meta name=\"robots\" content=\"index, follow, max-snippet:-1, max-image-preview:large, max-video-preview:-1\" \/>\n<link rel=\"canonical\" href=\"https:\/\/www.sergelifar.org\/en\/choregraphies\/autres-ballets\/le-roi-nu\/\" \/>\n<meta property=\"og:locale\" content=\"en_US\" \/>\n<meta property=\"og:type\" content=\"article\" \/>\n<meta property=\"og:title\" content=\"Le Roi nu - Serge Lifar\" \/>\n<meta property=\"og:description\" content=\"Ballet en 1 acte et 4 tableaux Premi\u00e8re : le 15 juin 1936 \u00e0 l\u2019Op\u00e9ra de Paris Musique&nbsp;: Jean Fran\u00e7aix Argument&nbsp;(ou livret) : Serge Lifar, tir\u00e9 des Habits neuf du grand-duc de Hans Christian Andersen D\u00e9cors et costumes&nbsp;: Pedro Pruna Direction musicale&nbsp;: Joseph-Eug\u00e8ne Szyfer Principaux interpr\u00e8tes : Odette Barban, Marie-Louise Didion, Paulette Dynalix, Genevi\u00e8ve Kergrist\" \/>\n<meta property=\"og:url\" content=\"https:\/\/www.sergelifar.org\/en\/choregraphies\/autres-ballets\/le-roi-nu\/\" \/>\n<meta property=\"og:site_name\" content=\"Serge Lifar\" \/>\n<meta property=\"article:modified_time\" content=\"2024-03-11T10:53:33+00:00\" \/>\n<meta name=\"twitter:card\" content=\"summary_large_image\" \/>\n<meta name=\"twitter:label1\" content=\"Est. reading time\" \/>\n\t<meta name=\"twitter:data1\" content=\"1 minute\" \/>\n<script type=\"application\/ld+json\" class=\"yoast-schema-graph\">{\"@context\":\"https:\\\/\\\/schema.org\",\"@graph\":[{\"@type\":\"WebPage\",\"@id\":\"https:\\\/\\\/www.sergelifar.org\\\/en\\\/choregraphies\\\/autres-ballets\\\/le-roi-nu\\\/\",\"url\":\"https:\\\/\\\/www.sergelifar.org\\\/en\\\/choregraphies\\\/autres-ballets\\\/le-roi-nu\\\/\",\"name\":\"Le Roi nu - Serge Lifar\",\"isPartOf\":{\"@id\":\"https:\\\/\\\/dev2023.sergelifar.org\\\/en\\\/#website\"},\"datePublished\":\"2023-02-10T18:50:10+00:00\",\"dateModified\":\"2024-03-11T10:53:33+00:00\",\"breadcrumb\":{\"@id\":\"https:\\\/\\\/www.sergelifar.org\\\/en\\\/choregraphies\\\/autres-ballets\\\/le-roi-nu\\\/#breadcrumb\"},\"inLanguage\":\"en-US\",\"potentialAction\":[{\"@type\":\"ReadAction\",\"target\":[\"https:\\\/\\\/www.sergelifar.org\\\/en\\\/choregraphies\\\/autres-ballets\\\/le-roi-nu\\\/\"]}]},{\"@type\":\"BreadcrumbList\",\"@id\":\"https:\\\/\\\/www.sergelifar.org\\\/en\\\/choregraphies\\\/autres-ballets\\\/le-roi-nu\\\/#breadcrumb\",\"itemListElement\":[{\"@type\":\"ListItem\",\"position\":1,\"name\":\"Accueil\",\"item\":\"https:\\\/\\\/dev2023.sergelifar.org\\\/en\\\/\"},{\"@type\":\"ListItem\",\"position\":2,\"name\":\"Choreographies\",\"item\":\"https:\\\/\\\/www.sergelifar.org\\\/en\\\/choregraphies\\\/\"},{\"@type\":\"ListItem\",\"position\":3,\"name\":\"Autres ballets\",\"item\":\"https:\\\/\\\/www.sergelifar.org\\\/en\\\/choregraphies\\\/autres-ballets\\\/\"},{\"@type\":\"ListItem\",\"position\":4,\"name\":\"Le Roi nu\"}]},{\"@type\":\"WebSite\",\"@id\":\"https:\\\/\\\/dev2023.sergelifar.org\\\/en\\\/#website\",\"url\":\"https:\\\/\\\/dev2023.sergelifar.org\\\/en\\\/\",\"name\":\"Serge Lifar\",\"description\":\"Site officiel de la Fondation Serge Lifar\",\"potentialAction\":[{\"@type\":\"SearchAction\",\"target\":{\"@type\":\"EntryPoint\",\"urlTemplate\":\"https:\\\/\\\/dev2023.sergelifar.org\\\/en\\\/?s={search_term_string}\"},\"query-input\":{\"@type\":\"PropertyValueSpecification\",\"valueRequired\":true,\"valueName\":\"search_term_string\"}}],\"inLanguage\":\"en-US\"}]}<\/script>\n<!-- \/ Yoast SEO plugin. -->","yoast_head_json":{"title":"Le Roi nu - Serge Lifar","robots":{"index":"index","follow":"follow","max-snippet":"max-snippet:-1","max-image-preview":"max-image-preview:large","max-video-preview":"max-video-preview:-1"},"canonical":"https:\/\/www.sergelifar.org\/en\/choregraphies\/autres-ballets\/le-roi-nu\/","og_locale":"en_US","og_type":"article","og_title":"Le Roi nu - Serge Lifar","og_description":"Ballet en 1 acte et 4 tableaux Premi\u00e8re : le 15 juin 1936 \u00e0 l\u2019Op\u00e9ra de Paris Musique&nbsp;: Jean Fran\u00e7aix Argument&nbsp;(ou livret) : Serge Lifar, tir\u00e9 des Habits neuf du grand-duc de Hans Christian Andersen D\u00e9cors et costumes&nbsp;: Pedro Pruna Direction musicale&nbsp;: Joseph-Eug\u00e8ne Szyfer Principaux interpr\u00e8tes : Odette Barban, Marie-Louise Didion, Paulette Dynalix, Genevi\u00e8ve Kergrist","og_url":"https:\/\/www.sergelifar.org\/en\/choregraphies\/autres-ballets\/le-roi-nu\/","og_site_name":"Serge Lifar","article_modified_time":"2024-03-11T10:53:33+00:00","twitter_card":"summary_large_image","twitter_misc":{"Est. reading time":"1 minute"},"schema":{"@context":"https:\/\/schema.org","@graph":[{"@type":"WebPage","@id":"https:\/\/www.sergelifar.org\/en\/choregraphies\/autres-ballets\/le-roi-nu\/","url":"https:\/\/www.sergelifar.org\/en\/choregraphies\/autres-ballets\/le-roi-nu\/","name":"Le Roi nu - Serge Lifar","isPartOf":{"@id":"https:\/\/dev2023.sergelifar.org\/en\/#website"},"datePublished":"2023-02-10T18:50:10+00:00","dateModified":"2024-03-11T10:53:33+00:00","breadcrumb":{"@id":"https:\/\/www.sergelifar.org\/en\/choregraphies\/autres-ballets\/le-roi-nu\/#breadcrumb"},"inLanguage":"en-US","potentialAction":[{"@type":"ReadAction","target":["https:\/\/www.sergelifar.org\/en\/choregraphies\/autres-ballets\/le-roi-nu\/"]}]},{"@type":"BreadcrumbList","@id":"https:\/\/www.sergelifar.org\/en\/choregraphies\/autres-ballets\/le-roi-nu\/#breadcrumb","itemListElement":[{"@type":"ListItem","position":1,"name":"Accueil","item":"https:\/\/dev2023.sergelifar.org\/en\/"},{"@type":"ListItem","position":2,"name":"Choreographies","item":"https:\/\/www.sergelifar.org\/en\/choregraphies\/"},{"@type":"ListItem","position":3,"name":"Autres ballets","item":"https:\/\/www.sergelifar.org\/en\/choregraphies\/autres-ballets\/"},{"@type":"ListItem","position":4,"name":"Le Roi nu"}]},{"@type":"WebSite","@id":"https:\/\/dev2023.sergelifar.org\/en\/#website","url":"https:\/\/dev2023.sergelifar.org\/en\/","name":"Serge Lifar","description":"Site officiel de la Fondation Serge Lifar","potentialAction":[{"@type":"SearchAction","target":{"@type":"EntryPoint","urlTemplate":"https:\/\/dev2023.sergelifar.org\/en\/?s={search_term_string}"},"query-input":{"@type":"PropertyValueSpecification","valueRequired":true,"valueName":"search_term_string"}}],"inLanguage":"en-US"}]}},"_links":{"self":[{"href":"https:\/\/www.sergelifar.org\/en\/wp-json\/wp\/v2\/pages\/6722","targetHints":{"allow":["GET"]}}],"collection":[{"href":"https:\/\/www.sergelifar.org\/en\/wp-json\/wp\/v2\/pages"}],"about":[{"href":"https:\/\/www.sergelifar.org\/en\/wp-json\/wp\/v2\/types\/page"}],"author":[{"embeddable":true,"href":"https:\/\/www.sergelifar.org\/en\/wp-json\/wp\/v2\/users\/2"}],"replies":[{"embeddable":true,"href":"https:\/\/www.sergelifar.org\/en\/wp-json\/wp\/v2\/comments?post=6722"}],"version-history":[{"count":3,"href":"https:\/\/www.sergelifar.org\/en\/wp-json\/wp\/v2\/pages\/6722\/revisions"}],"predecessor-version":[{"id":7132,"href":"https:\/\/www.sergelifar.org\/en\/wp-json\/wp\/v2\/pages\/6722\/revisions\/7132"}],"up":[{"embeddable":true,"href":"https:\/\/www.sergelifar.org\/en\/wp-json\/wp\/v2\/pages\/7158"}],"wp:attachment":[{"href":"https:\/\/www.sergelifar.org\/en\/wp-json\/wp\/v2\/media?parent=6722"}],"curies":[{"name":"wp","href":"https:\/\/api.w.org\/{rel}","templated":true}]}}