{"id":6716,"date":"2023-02-10T21:05:15","date_gmt":"2023-02-10T21:05:15","guid":{"rendered":"https:\/\/dev2023.sergelifar.org\/choregraphies\/oriane-et-le-prince-damour\/"},"modified":"2025-07-30T11:40:10","modified_gmt":"2025-07-30T09:40:10","slug":"oriane-et-le-prince-damour","status":"publish","type":"page","link":"https:\/\/www.sergelifar.org\/en\/choregraphies\/autres-ballets\/oriane-et-le-prince-damour\/","title":{"rendered":"Oriane et le Prince d\u2019Amour"},"content":{"rendered":"<div id=\"pl-6716\"  class=\"panel-layout\" ><div id=\"pg-6716-0\"  class=\"panel-grid panel-no-style\" ><div id=\"pgc-6716-0-0\"  class=\"panel-grid-cell\" ><div id=\"panel-6716-0-0-0\" class=\"so-panel widget widget_sow-editor panel-first-child panel-last-child\" data-index=\"0\" ><div\n\t\t\t\n\t\t\tclass=\"so-widget-sow-editor so-widget-sow-editor-base\"\n\t\t\t\n\t\t>\n<div class=\"siteorigin-widget-tinymce textwidget\">\n\t<p>Ballet en 2 actes<\/p>\n<p>Premi\u00e8re : le 7 janvier 1938 \u00e0 l\u2019Op\u00e9ra de Paris<\/p>\n<p>Musique&nbsp;: Florent Schmitt<\/p>\n<p>Argument&nbsp;(ou livret) : Mme Claude S\u00e9ran<\/p>\n<p>D\u00e9cors&nbsp;et costumes&nbsp;: Pedro Pruna<\/p>\n<p>Direction musicale&nbsp;: Philippe Gaubert<\/p>\n<p>Principaux interpr\u00e8tes : Lycette Darsonval (Oriane), Paulette Dynalix, Henriette Grellier, Genevi\u00e8ve Kergrist et Jacqueline Simoni (les Suivantes), Nicolas Effimoff (le Bouffon), Paul Goub\u00e9 (le Marchand mongol), Lucien Legrand (la Mort), Serge Lifar (le Prince d\u2019Amour), Serge Peretti (le Po\u00e8te)<\/p>\n<p>Lycette Darsonval obtiendra le titre d'\u00e9toile suite \u00e0 son interpr\u00e9tation du r\u00f4le d'Oriane.<\/p>\n<p style=\"text-align: center;\">* * * * * * * *<\/p>\n<p>\u00ab La sc\u00e8ne se passe en Avignon au XIV<sup>e<\/sup> si\u00e8cle. Oriane r\u00e9unit autour d\u2019elle une cour d\u2019amour. Nous y voyons les jeux du Jongleur, puis le Po\u00e8te et le Marchand Mogol. Oriane curieuse d\u2019amour ne conna\u00eet que des caprices fugitifs. Toutes les formes de la volupt\u00e9 l\u2019entourent et vers toutes elle est attir\u00e9e. Le Bouffon interroge les tarots devant Oriane ; les cartes annoncent l\u2019arriv\u00e9e de l\u2019Amour. Le Prince d\u2019Amour entre casqu\u00e9 et visi\u00e8re baiss\u00e9e, Oriane l\u2019accueille \u00e9merveill\u00e9e et craintive pour la premi\u00e8re fois. Mais une coupe est bris\u00e9e, \u00e0 la place o\u00f9 elle tombe, une tache de sang appara\u00eet et tout le pass\u00e9 surgit avec elle. Le Prince s\u2019\u00e9carte avec horreur. Oriane d\u00e9fend son premier, son unique amour\u2026 le Prince s\u2019\u00e9loigne sans tourner la t\u00eate. C\u2019est le jour de la F\u00eate des Fous, ils envahissent la sc\u00e8ne, un Fou se d\u00e9tache de la horde, un violon \u00e0 la main, il invite Oriane puis subitement rel\u00e8ve sa cagoule : c\u2019est la Mort ! Oriane tombe sous son \u00e9treinte. Le Bouffon sanglote, le Prince d\u2019Amour, supr\u00eame pens\u00e9e d\u2019Oriane, appara\u00eet et la lune se d\u00e9gage de l\u2019ombre d\u2019un cypr\u00e8s et monte dans le ciel. \u00bb<\/p>\n<p><em>L\u2019Art musical<\/em>, 28 janvier 1938, p. 430<\/p>\n<p style=\"text-align: center;\">* * * * * * * *<\/p>\n<p>\u00ab&nbsp;La r\u00e9alisation d\u2019<em>Oriane<\/em> a \u00e9t\u00e9 particuli\u00e8rement d\u00e9licate et m\u2019a pos\u00e9 un probl\u00e8me ardu, quoique passionnant&nbsp;; il s\u2019agissait en effet, de vivre l\u2019\u0153uvre de Florent Schmitt, de la sentir dans ses moindres nuances, jusqu\u2019\u00e0 ce que des \u00e9motions dansantes naissent en moi, provoqu\u00e9es par la musique, parall\u00e8les \u00e0 la musique. Quelquefois je me heurtais \u00e0 des obstacles insurmontables, car la musique ne poss\u00e8de pas n\u00e9cessairement un \u00e9quivalent chor\u00e9graphique, et la danse ne peut pas exprimer tout ce qu\u2019exprime la musique (d\u2019ailleurs la r\u00e9ciproque est souvent vraie).<\/p>\n<p>La critique, unanime, a chant\u00e9 les \u00e9loges de la partition d\u2019<em>Oriane<\/em>, tout en regrettant \u2013 rarement, \u00e0 vrai dire \u2013 son d\u00e9faut de possibilit\u00e9s chor\u00e9graphiques. Mais, dans tout ce concert, y avait-il une seule voix capable de se rendre compte des difficult\u00e9s r\u00e9elles que pr\u00e9sente la partition de Florent Schmitt pour le chor\u00e9auteur et les interpr\u00e8tes&nbsp;? J\u2019en doute, car seul un technicien pouvait les appr\u00e9cier.<\/p>\n<p>La divergence entre la musique et la danse \u00e9tait parfois tellement flagrante que j\u2019\u00e9tais oblig\u00e9 d\u2019inventer des rythmes \u00e0 moi, brod\u00e9s sur ceux du musicien et co\u00efncidant avec eux. De ce fait, une double t\u00e2che s\u2019est impos\u00e9e aux interpr\u00e8tes : d\u2019abord, il leur a fallu apprendre, mesure par mesure, la musique de Florent Schmitt ; ensuite, retenir mes propres rythmes, le tout \u00e9tant li\u00e9 \u00e0 une ex\u00e9cution fid\u00e8le du canevas chor\u00e9graphique \u00e0 proprement parler. \u00bb<\/p>\n<p>Serge Lifar, <em>Le livre de la danse<\/em>, Les Editions du Journal Musical Fran\u00e7ais, Paris, 1954 (pp. 162 et 171)<\/p>\nngg_shortcode_0_placeholder\n<\/div>\n<\/div><\/div><\/div><\/div><\/div>","protected":false},"excerpt":{"rendered":"<p>Ballet en 2 actes Premi\u00e8re : le 7 janvier 1938 \u00e0 l\u2019Op\u00e9ra de Paris Musique&nbsp;: Florent Schmitt Argument&nbsp;(ou livret) : Mme Claude S\u00e9ran D\u00e9cors&nbsp;et costumes&nbsp;: Pedro Pruna Direction musicale&nbsp;: Philippe Gaubert Principaux interpr\u00e8tes : Lycette Darsonval (Oriane), Paulette Dynalix, Henriette Grellier, Genevi\u00e8ve Kergrist et Jacqueline Simoni (les Suivantes), Nicolas Effimoff (le Bouffon), Paul Goub\u00e9 (le <\/p>\n","protected":false},"author":2,"featured_media":0,"parent":7158,"menu_order":0,"comment_status":"closed","ping_status":"closed","template":"template-sousmenu.php","meta":{"_acf_changed":false,"ngg_post_thumbnail":0,"footnotes":""},"class_list":["post-6716","page","type-page","status-publish","hentry"],"acf":[],"yoast_head":"<!-- This site is optimized with the Yoast SEO plugin v27.4 - https:\/\/yoast.com\/product\/yoast-seo-wordpress\/ -->\n<title>Oriane et le Prince d\u2019Amour - Serge Lifar<\/title>\n<meta name=\"robots\" content=\"index, follow, max-snippet:-1, max-image-preview:large, max-video-preview:-1\" \/>\n<link rel=\"canonical\" href=\"https:\/\/www.sergelifar.org\/en\/choregraphies\/autres-ballets\/oriane-et-le-prince-damour\/\" \/>\n<meta property=\"og:locale\" content=\"en_US\" \/>\n<meta property=\"og:type\" content=\"article\" \/>\n<meta property=\"og:title\" content=\"Oriane et le Prince d\u2019Amour - Serge Lifar\" \/>\n<meta property=\"og:description\" content=\"Ballet en 2 actes Premi\u00e8re : le 7 janvier 1938 \u00e0 l\u2019Op\u00e9ra de Paris Musique&nbsp;: Florent Schmitt Argument&nbsp;(ou livret) : Mme Claude S\u00e9ran D\u00e9cors&nbsp;et costumes&nbsp;: Pedro Pruna Direction musicale&nbsp;: Philippe Gaubert Principaux interpr\u00e8tes : Lycette Darsonval (Oriane), Paulette Dynalix, Henriette Grellier, Genevi\u00e8ve Kergrist et Jacqueline Simoni (les Suivantes), Nicolas Effimoff (le Bouffon), Paul Goub\u00e9 (le\" \/>\n<meta property=\"og:url\" content=\"https:\/\/www.sergelifar.org\/en\/choregraphies\/autres-ballets\/oriane-et-le-prince-damour\/\" \/>\n<meta property=\"og:site_name\" content=\"Serge Lifar\" \/>\n<meta property=\"article:modified_time\" content=\"2025-07-30T09:40:10+00:00\" \/>\n<meta name=\"twitter:card\" content=\"summary_large_image\" \/>\n<meta name=\"twitter:label1\" content=\"Est. reading time\" \/>\n\t<meta name=\"twitter:data1\" content=\"3 minutes\" \/>\n<script type=\"application\/ld+json\" class=\"yoast-schema-graph\">{\"@context\":\"https:\\\/\\\/schema.org\",\"@graph\":[{\"@type\":\"WebPage\",\"@id\":\"https:\\\/\\\/www.sergelifar.org\\\/en\\\/choregraphies\\\/autres-ballets\\\/oriane-et-le-prince-damour\\\/\",\"url\":\"https:\\\/\\\/www.sergelifar.org\\\/en\\\/choregraphies\\\/autres-ballets\\\/oriane-et-le-prince-damour\\\/\",\"name\":\"Oriane et le Prince d\u2019Amour - Serge Lifar\",\"isPartOf\":{\"@id\":\"https:\\\/\\\/dev2023.sergelifar.org\\\/en\\\/#website\"},\"datePublished\":\"2023-02-10T21:05:15+00:00\",\"dateModified\":\"2025-07-30T09:40:10+00:00\",\"breadcrumb\":{\"@id\":\"https:\\\/\\\/www.sergelifar.org\\\/en\\\/choregraphies\\\/autres-ballets\\\/oriane-et-le-prince-damour\\\/#breadcrumb\"},\"inLanguage\":\"en-US\",\"potentialAction\":[{\"@type\":\"ReadAction\",\"target\":[\"https:\\\/\\\/www.sergelifar.org\\\/en\\\/choregraphies\\\/autres-ballets\\\/oriane-et-le-prince-damour\\\/\"]}]},{\"@type\":\"BreadcrumbList\",\"@id\":\"https:\\\/\\\/www.sergelifar.org\\\/en\\\/choregraphies\\\/autres-ballets\\\/oriane-et-le-prince-damour\\\/#breadcrumb\",\"itemListElement\":[{\"@type\":\"ListItem\",\"position\":1,\"name\":\"Accueil\",\"item\":\"https:\\\/\\\/dev2023.sergelifar.org\\\/en\\\/\"},{\"@type\":\"ListItem\",\"position\":2,\"name\":\"Choreographies\",\"item\":\"https:\\\/\\\/www.sergelifar.org\\\/en\\\/choregraphies\\\/\"},{\"@type\":\"ListItem\",\"position\":3,\"name\":\"Autres ballets\",\"item\":\"https:\\\/\\\/www.sergelifar.org\\\/en\\\/choregraphies\\\/autres-ballets\\\/\"},{\"@type\":\"ListItem\",\"position\":4,\"name\":\"Oriane et le Prince d\u2019Amour\"}]},{\"@type\":\"WebSite\",\"@id\":\"https:\\\/\\\/dev2023.sergelifar.org\\\/en\\\/#website\",\"url\":\"https:\\\/\\\/dev2023.sergelifar.org\\\/en\\\/\",\"name\":\"Serge Lifar\",\"description\":\"Site officiel de la Fondation Serge Lifar\",\"potentialAction\":[{\"@type\":\"SearchAction\",\"target\":{\"@type\":\"EntryPoint\",\"urlTemplate\":\"https:\\\/\\\/dev2023.sergelifar.org\\\/en\\\/?s={search_term_string}\"},\"query-input\":{\"@type\":\"PropertyValueSpecification\",\"valueRequired\":true,\"valueName\":\"search_term_string\"}}],\"inLanguage\":\"en-US\"}]}<\/script>\n<!-- \/ Yoast SEO plugin. -->","yoast_head_json":{"title":"Oriane et le Prince d\u2019Amour - Serge Lifar","robots":{"index":"index","follow":"follow","max-snippet":"max-snippet:-1","max-image-preview":"max-image-preview:large","max-video-preview":"max-video-preview:-1"},"canonical":"https:\/\/www.sergelifar.org\/en\/choregraphies\/autres-ballets\/oriane-et-le-prince-damour\/","og_locale":"en_US","og_type":"article","og_title":"Oriane et le Prince d\u2019Amour - Serge Lifar","og_description":"Ballet en 2 actes Premi\u00e8re : le 7 janvier 1938 \u00e0 l\u2019Op\u00e9ra de Paris Musique&nbsp;: Florent Schmitt Argument&nbsp;(ou livret) : Mme Claude S\u00e9ran D\u00e9cors&nbsp;et costumes&nbsp;: Pedro Pruna Direction musicale&nbsp;: Philippe Gaubert Principaux interpr\u00e8tes : Lycette Darsonval (Oriane), Paulette Dynalix, Henriette Grellier, Genevi\u00e8ve Kergrist et Jacqueline Simoni (les Suivantes), Nicolas Effimoff (le Bouffon), Paul Goub\u00e9 (le","og_url":"https:\/\/www.sergelifar.org\/en\/choregraphies\/autres-ballets\/oriane-et-le-prince-damour\/","og_site_name":"Serge Lifar","article_modified_time":"2025-07-30T09:40:10+00:00","twitter_card":"summary_large_image","twitter_misc":{"Est. reading time":"3 minutes"},"schema":{"@context":"https:\/\/schema.org","@graph":[{"@type":"WebPage","@id":"https:\/\/www.sergelifar.org\/en\/choregraphies\/autres-ballets\/oriane-et-le-prince-damour\/","url":"https:\/\/www.sergelifar.org\/en\/choregraphies\/autres-ballets\/oriane-et-le-prince-damour\/","name":"Oriane et le Prince d\u2019Amour - Serge Lifar","isPartOf":{"@id":"https:\/\/dev2023.sergelifar.org\/en\/#website"},"datePublished":"2023-02-10T21:05:15+00:00","dateModified":"2025-07-30T09:40:10+00:00","breadcrumb":{"@id":"https:\/\/www.sergelifar.org\/en\/choregraphies\/autres-ballets\/oriane-et-le-prince-damour\/#breadcrumb"},"inLanguage":"en-US","potentialAction":[{"@type":"ReadAction","target":["https:\/\/www.sergelifar.org\/en\/choregraphies\/autres-ballets\/oriane-et-le-prince-damour\/"]}]},{"@type":"BreadcrumbList","@id":"https:\/\/www.sergelifar.org\/en\/choregraphies\/autres-ballets\/oriane-et-le-prince-damour\/#breadcrumb","itemListElement":[{"@type":"ListItem","position":1,"name":"Accueil","item":"https:\/\/dev2023.sergelifar.org\/en\/"},{"@type":"ListItem","position":2,"name":"Choreographies","item":"https:\/\/www.sergelifar.org\/en\/choregraphies\/"},{"@type":"ListItem","position":3,"name":"Autres ballets","item":"https:\/\/www.sergelifar.org\/en\/choregraphies\/autres-ballets\/"},{"@type":"ListItem","position":4,"name":"Oriane et le Prince d\u2019Amour"}]},{"@type":"WebSite","@id":"https:\/\/dev2023.sergelifar.org\/en\/#website","url":"https:\/\/dev2023.sergelifar.org\/en\/","name":"Serge Lifar","description":"Site officiel de la Fondation Serge Lifar","potentialAction":[{"@type":"SearchAction","target":{"@type":"EntryPoint","urlTemplate":"https:\/\/dev2023.sergelifar.org\/en\/?s={search_term_string}"},"query-input":{"@type":"PropertyValueSpecification","valueRequired":true,"valueName":"search_term_string"}}],"inLanguage":"en-US"}]}},"_links":{"self":[{"href":"https:\/\/www.sergelifar.org\/en\/wp-json\/wp\/v2\/pages\/6716","targetHints":{"allow":["GET"]}}],"collection":[{"href":"https:\/\/www.sergelifar.org\/en\/wp-json\/wp\/v2\/pages"}],"about":[{"href":"https:\/\/www.sergelifar.org\/en\/wp-json\/wp\/v2\/types\/page"}],"author":[{"embeddable":true,"href":"https:\/\/www.sergelifar.org\/en\/wp-json\/wp\/v2\/users\/2"}],"replies":[{"embeddable":true,"href":"https:\/\/www.sergelifar.org\/en\/wp-json\/wp\/v2\/comments?post=6716"}],"version-history":[{"count":8,"href":"https:\/\/www.sergelifar.org\/en\/wp-json\/wp\/v2\/pages\/6716\/revisions"}],"predecessor-version":[{"id":8270,"href":"https:\/\/www.sergelifar.org\/en\/wp-json\/wp\/v2\/pages\/6716\/revisions\/8270"}],"up":[{"embeddable":true,"href":"https:\/\/www.sergelifar.org\/en\/wp-json\/wp\/v2\/pages\/7158"}],"wp:attachment":[{"href":"https:\/\/www.sergelifar.org\/en\/wp-json\/wp\/v2\/media?parent=6716"}],"curies":[{"name":"wp","href":"https:\/\/api.w.org\/{rel}","templated":true}]}}