{"id":6710,"date":"2023-02-10T21:11:40","date_gmt":"2023-02-10T21:11:40","guid":{"rendered":"https:\/\/dev2023.sergelifar.org\/choregraphies\/entre-deux-rondes\/"},"modified":"2024-10-29T16:45:52","modified_gmt":"2024-10-29T15:45:52","slug":"entre-deux-rondes","status":"publish","type":"page","link":"https:\/\/www.sergelifar.org\/en\/choregraphies\/autres-ballets\/entre-deux-rondes\/","title":{"rendered":"Entre deux Rondes"},"content":{"rendered":"<div id=\"pl-6710\"  class=\"panel-layout\" ><div id=\"pg-6710-0\"  class=\"panel-grid panel-no-style\" ><div id=\"pgc-6710-0-0\"  class=\"panel-grid-cell\" ><div id=\"panel-6710-0-0-0\" class=\"so-panel widget widget_sow-editor panel-first-child panel-last-child\" data-index=\"0\" ><div\n\t\t\t\n\t\t\tclass=\"so-widget-sow-editor so-widget-sow-editor-base\"\n\t\t\t\n\t\t>\n<div class=\"siteorigin-widget-tinymce textwidget\">\n\t<p>Duo chor\u00e9graphique en 1 acte<\/p>\n<p>Premi\u00e8re : le 24 avril 1940 \u00e0 l\u2019Op\u00e9ra de Paris<\/p>\n<p>Musique&nbsp;: Marcel Samuel-Rousseau<\/p>\n<p>Argument&nbsp;(ou livret) : Marcel Samuel-Rousseau<\/p>\n<p>D\u00e9cors&nbsp;et costumes&nbsp;: Nadine Landowski<\/p>\n<p>Direction musicale&nbsp;: Louis Fourestier<\/p>\n<p>Principaux interpr\u00e8tes : Nicolas Efimoff (le Gardien), Serge Lifar (la Statue d'Apollon), Solange Schwarz (la Danseuse de Degas)<\/p>\n<p>Derni\u00e8re repr\u00e9sentation par le Ballet de l\u2019Op\u00e9ra de Paris, Palais Garnier, 1956&nbsp;<\/p>\n<p>Entr\u00e9e au r\u00e9pertoire de l\u2019Ecole de Danse 25.03.1992.<\/p>\n<p>Derni\u00e8re repr\u00e9sentation, Spectacle de l\u2019Ecole de Danse, 03. 05. 2006<\/p>\n<p style=\"text-align: center;\">* * * * * * * *<\/p>\n<p>\u00ab [...] Au Mus\u00e9e du Louvre, entre deux rondes r\u00e9glementaires, faites, la nuit, par un gardien indiff\u00e9rent, une danseuse de Degas se rend dans une des salles de sculpture et convie une statue d\u2019Apollon \u00e0 un duo chor\u00e9graphique auquel se m\u00ealent finalement un groupe de deux enfants de marbre, puis quelques autres danseuses, descendues de leur cadre comme la protagoniste. A la seconde ronde du gardien, tout rentre dans l\u2019ordre.<\/p>\n<p>A ce sc\u00e9nario, d'une simplicit\u00e9 voulue, correspond, au point de vue musical, une extr\u00eame sobri\u00e9t\u00e9 de moyens, et l'ensemble se d\u00e9veloppe dans le temps avec une concision qui assure l'unit\u00e9 harmonieuse de cet ouvrage minuscule. Il faut louer l'auteur pour sa r\u00e9ussite, inspir\u00e9e par un&nbsp; parti&nbsp; pris&nbsp; de&nbsp; discr\u00e9tion&nbsp; qui&nbsp; lui&nbsp; vaudra&nbsp; un succ\u00e8s d'autant plus l\u00e9gitime qu'il constitue une qualit\u00e9 \u00e9minemment rare...<\/p>\n<p>La musique suit l'action en se rehaussant de touches heureuses: brefs accents h\u00e9ro\u00efques pour souligner les \u00e9volutions du jeune dieu, danses franches, d'une gr\u00e2ce un peu surann\u00e9e et qui \u00e9voque toute une \u00e9poque, pour accompagner les \u00e9bats de la danseuse; une ambiance \u00e0 la Messager s'\u00e9claire opportun\u00e9ment de reflets de L\u00e9o Delibes. L'instrumentation d\u00e9licate sonne toujours remarquablement.<\/p>\n<p>A la chor\u00e9graphie de M. Serge Lifar va une part l\u00e9gitime du succ\u00e8s, aupr\u00e8s du public heureux, en outre, de rendre un nouvel hommage \u00e0 l'harmonie plastique du danseur. Les abondantes trouvailles dont M. Lifar est coutumier se renouvellent sans avoir recours ici \u00e0 ces mouvements sch\u00e9matiques qu'appellent les heurts rythmiques et sonores de tant d'\u0153uvres modernes. Elles s'inspirent simplement de la musique de danse la plus classique et n'en sont pas moins savoureuses, ce qui souligne la souplesse de l'art du chor\u00e9graphe. Le succ\u00e8s de Mlle Solange Schwarz, dans la danseuse de Degas, n'a pas \u00e9t\u00e9 moins grand que celui de son partenaire. Elle campe \u00e0 la perfection la silhouette du personnage et l'anime avec une s\u00fbret\u00e9 technique singuli\u00e8re. M. Efimoff figure le gardien.<\/p>\n<p>Et le d\u00e9cor synth\u00e9tique de Mme Nadine Landowski constitue un cadre charmant.<\/p>\n<p>C'est M. Louis Fourestier qui dirige l'ouvrage, avec pr\u00e9cision et autorit\u00e9. \u00bb<\/p>\n<p><em>La quinzaine musicale <\/em>par Paul Bertrand, in<em> Le M\u00e9nestrel<\/em>, 26 avril 1940, p. 66<\/p>\nngg_shortcode_0_placeholder\n<p>&nbsp;<\/p>\n<p>&nbsp;<\/p>\n<\/div>\n<\/div><\/div><\/div><\/div><\/div>","protected":false},"excerpt":{"rendered":"<p>Duo chor\u00e9graphique en 1 acte Premi\u00e8re : le 24 avril 1940 \u00e0 l\u2019Op\u00e9ra de Paris Musique&nbsp;: Marcel Samuel-Rousseau Argument&nbsp;(ou livret) : Marcel Samuel-Rousseau D\u00e9cors&nbsp;et costumes&nbsp;: Nadine Landowski Direction musicale&nbsp;: Louis Fourestier Principaux interpr\u00e8tes : Nicolas Efimoff (le Gardien), Serge Lifar (la Statue d&#8217;Apollon), Solange Schwarz (la Danseuse de Degas) Derni\u00e8re repr\u00e9sentation par le Ballet de <\/p>\n","protected":false},"author":2,"featured_media":0,"parent":7158,"menu_order":0,"comment_status":"closed","ping_status":"closed","template":"template-sousmenu.php","meta":{"_acf_changed":false,"ngg_post_thumbnail":0,"footnotes":""},"class_list":["post-6710","page","type-page","status-publish","hentry"],"acf":[],"yoast_head":"<!-- This site is optimized with the Yoast SEO plugin v27.3 - https:\/\/yoast.com\/product\/yoast-seo-wordpress\/ -->\n<title>Entre deux Rondes - Serge Lifar<\/title>\n<meta name=\"robots\" content=\"index, follow, max-snippet:-1, max-image-preview:large, max-video-preview:-1\" \/>\n<link rel=\"canonical\" href=\"https:\/\/www.sergelifar.org\/en\/choregraphies\/autres-ballets\/entre-deux-rondes\/\" \/>\n<meta property=\"og:locale\" content=\"en_US\" \/>\n<meta property=\"og:type\" content=\"article\" \/>\n<meta property=\"og:title\" content=\"Entre deux Rondes - Serge Lifar\" \/>\n<meta property=\"og:description\" content=\"Duo chor\u00e9graphique en 1 acte Premi\u00e8re : le 24 avril 1940 \u00e0 l\u2019Op\u00e9ra de Paris Musique&nbsp;: Marcel Samuel-Rousseau Argument&nbsp;(ou livret) : Marcel Samuel-Rousseau D\u00e9cors&nbsp;et costumes&nbsp;: Nadine Landowski Direction musicale&nbsp;: Louis Fourestier Principaux interpr\u00e8tes : Nicolas Efimoff (le Gardien), Serge Lifar (la Statue d&#039;Apollon), Solange Schwarz (la Danseuse de Degas) Derni\u00e8re repr\u00e9sentation par le Ballet de\" \/>\n<meta property=\"og:url\" content=\"https:\/\/www.sergelifar.org\/en\/choregraphies\/autres-ballets\/entre-deux-rondes\/\" \/>\n<meta property=\"og:site_name\" content=\"Serge Lifar\" \/>\n<meta property=\"article:modified_time\" content=\"2024-10-29T15:45:52+00:00\" \/>\n<meta name=\"twitter:card\" content=\"summary_large_image\" \/>\n<meta name=\"twitter:label1\" content=\"Est. reading time\" \/>\n\t<meta name=\"twitter:data1\" content=\"2 minutes\" \/>\n<script type=\"application\/ld+json\" class=\"yoast-schema-graph\">{\"@context\":\"https:\\\/\\\/schema.org\",\"@graph\":[{\"@type\":\"WebPage\",\"@id\":\"https:\\\/\\\/www.sergelifar.org\\\/en\\\/choregraphies\\\/autres-ballets\\\/entre-deux-rondes\\\/\",\"url\":\"https:\\\/\\\/www.sergelifar.org\\\/en\\\/choregraphies\\\/autres-ballets\\\/entre-deux-rondes\\\/\",\"name\":\"Entre deux Rondes - Serge Lifar\",\"isPartOf\":{\"@id\":\"https:\\\/\\\/dev2023.sergelifar.org\\\/en\\\/#website\"},\"datePublished\":\"2023-02-10T21:11:40+00:00\",\"dateModified\":\"2024-10-29T15:45:52+00:00\",\"breadcrumb\":{\"@id\":\"https:\\\/\\\/www.sergelifar.org\\\/en\\\/choregraphies\\\/autres-ballets\\\/entre-deux-rondes\\\/#breadcrumb\"},\"inLanguage\":\"en-US\",\"potentialAction\":[{\"@type\":\"ReadAction\",\"target\":[\"https:\\\/\\\/www.sergelifar.org\\\/en\\\/choregraphies\\\/autres-ballets\\\/entre-deux-rondes\\\/\"]}]},{\"@type\":\"BreadcrumbList\",\"@id\":\"https:\\\/\\\/www.sergelifar.org\\\/en\\\/choregraphies\\\/autres-ballets\\\/entre-deux-rondes\\\/#breadcrumb\",\"itemListElement\":[{\"@type\":\"ListItem\",\"position\":1,\"name\":\"Accueil\",\"item\":\"https:\\\/\\\/dev2023.sergelifar.org\\\/en\\\/\"},{\"@type\":\"ListItem\",\"position\":2,\"name\":\"Choreographies\",\"item\":\"https:\\\/\\\/www.sergelifar.org\\\/en\\\/choregraphies\\\/\"},{\"@type\":\"ListItem\",\"position\":3,\"name\":\"Autres ballets\",\"item\":\"https:\\\/\\\/www.sergelifar.org\\\/en\\\/choregraphies\\\/autres-ballets\\\/\"},{\"@type\":\"ListItem\",\"position\":4,\"name\":\"Entre deux Rondes\"}]},{\"@type\":\"WebSite\",\"@id\":\"https:\\\/\\\/dev2023.sergelifar.org\\\/en\\\/#website\",\"url\":\"https:\\\/\\\/dev2023.sergelifar.org\\\/en\\\/\",\"name\":\"Serge Lifar\",\"description\":\"Site officiel de la Fondation Serge Lifar\",\"potentialAction\":[{\"@type\":\"SearchAction\",\"target\":{\"@type\":\"EntryPoint\",\"urlTemplate\":\"https:\\\/\\\/dev2023.sergelifar.org\\\/en\\\/?s={search_term_string}\"},\"query-input\":{\"@type\":\"PropertyValueSpecification\",\"valueRequired\":true,\"valueName\":\"search_term_string\"}}],\"inLanguage\":\"en-US\"}]}<\/script>\n<!-- \/ Yoast SEO plugin. -->","yoast_head_json":{"title":"Entre deux Rondes - Serge Lifar","robots":{"index":"index","follow":"follow","max-snippet":"max-snippet:-1","max-image-preview":"max-image-preview:large","max-video-preview":"max-video-preview:-1"},"canonical":"https:\/\/www.sergelifar.org\/en\/choregraphies\/autres-ballets\/entre-deux-rondes\/","og_locale":"en_US","og_type":"article","og_title":"Entre deux Rondes - Serge Lifar","og_description":"Duo chor\u00e9graphique en 1 acte Premi\u00e8re : le 24 avril 1940 \u00e0 l\u2019Op\u00e9ra de Paris Musique&nbsp;: Marcel Samuel-Rousseau Argument&nbsp;(ou livret) : Marcel Samuel-Rousseau D\u00e9cors&nbsp;et costumes&nbsp;: Nadine Landowski Direction musicale&nbsp;: Louis Fourestier Principaux interpr\u00e8tes : Nicolas Efimoff (le Gardien), Serge Lifar (la Statue d'Apollon), Solange Schwarz (la Danseuse de Degas) Derni\u00e8re repr\u00e9sentation par le Ballet de","og_url":"https:\/\/www.sergelifar.org\/en\/choregraphies\/autres-ballets\/entre-deux-rondes\/","og_site_name":"Serge Lifar","article_modified_time":"2024-10-29T15:45:52+00:00","twitter_card":"summary_large_image","twitter_misc":{"Est. reading time":"2 minutes"},"schema":{"@context":"https:\/\/schema.org","@graph":[{"@type":"WebPage","@id":"https:\/\/www.sergelifar.org\/en\/choregraphies\/autres-ballets\/entre-deux-rondes\/","url":"https:\/\/www.sergelifar.org\/en\/choregraphies\/autres-ballets\/entre-deux-rondes\/","name":"Entre deux Rondes - Serge Lifar","isPartOf":{"@id":"https:\/\/dev2023.sergelifar.org\/en\/#website"},"datePublished":"2023-02-10T21:11:40+00:00","dateModified":"2024-10-29T15:45:52+00:00","breadcrumb":{"@id":"https:\/\/www.sergelifar.org\/en\/choregraphies\/autres-ballets\/entre-deux-rondes\/#breadcrumb"},"inLanguage":"en-US","potentialAction":[{"@type":"ReadAction","target":["https:\/\/www.sergelifar.org\/en\/choregraphies\/autres-ballets\/entre-deux-rondes\/"]}]},{"@type":"BreadcrumbList","@id":"https:\/\/www.sergelifar.org\/en\/choregraphies\/autres-ballets\/entre-deux-rondes\/#breadcrumb","itemListElement":[{"@type":"ListItem","position":1,"name":"Accueil","item":"https:\/\/dev2023.sergelifar.org\/en\/"},{"@type":"ListItem","position":2,"name":"Choreographies","item":"https:\/\/www.sergelifar.org\/en\/choregraphies\/"},{"@type":"ListItem","position":3,"name":"Autres ballets","item":"https:\/\/www.sergelifar.org\/en\/choregraphies\/autres-ballets\/"},{"@type":"ListItem","position":4,"name":"Entre deux Rondes"}]},{"@type":"WebSite","@id":"https:\/\/dev2023.sergelifar.org\/en\/#website","url":"https:\/\/dev2023.sergelifar.org\/en\/","name":"Serge Lifar","description":"Site officiel de la Fondation Serge Lifar","potentialAction":[{"@type":"SearchAction","target":{"@type":"EntryPoint","urlTemplate":"https:\/\/dev2023.sergelifar.org\/en\/?s={search_term_string}"},"query-input":{"@type":"PropertyValueSpecification","valueRequired":true,"valueName":"search_term_string"}}],"inLanguage":"en-US"}]}},"_links":{"self":[{"href":"https:\/\/www.sergelifar.org\/en\/wp-json\/wp\/v2\/pages\/6710","targetHints":{"allow":["GET"]}}],"collection":[{"href":"https:\/\/www.sergelifar.org\/en\/wp-json\/wp\/v2\/pages"}],"about":[{"href":"https:\/\/www.sergelifar.org\/en\/wp-json\/wp\/v2\/types\/page"}],"author":[{"embeddable":true,"href":"https:\/\/www.sergelifar.org\/en\/wp-json\/wp\/v2\/users\/2"}],"replies":[{"embeddable":true,"href":"https:\/\/www.sergelifar.org\/en\/wp-json\/wp\/v2\/comments?post=6710"}],"version-history":[{"count":19,"href":"https:\/\/www.sergelifar.org\/en\/wp-json\/wp\/v2\/pages\/6710\/revisions"}],"predecessor-version":[{"id":7883,"href":"https:\/\/www.sergelifar.org\/en\/wp-json\/wp\/v2\/pages\/6710\/revisions\/7883"}],"up":[{"embeddable":true,"href":"https:\/\/www.sergelifar.org\/en\/wp-json\/wp\/v2\/pages\/7158"}],"wp:attachment":[{"href":"https:\/\/www.sergelifar.org\/en\/wp-json\/wp\/v2\/media?parent=6710"}],"curies":[{"name":"wp","href":"https:\/\/api.w.org\/{rel}","templated":true}]}}