{"id":6702,"date":"2023-02-12T14:47:50","date_gmt":"2023-02-12T14:47:50","guid":{"rendered":"https:\/\/dev2023.sergelifar.org\/choregraphies\/romeo-et-juliette\/"},"modified":"2024-06-12T11:26:15","modified_gmt":"2024-06-12T09:26:15","slug":"romeo-et-juliette","status":"publish","type":"page","link":"https:\/\/www.sergelifar.org\/en\/choregraphies\/autres-ballets\/romeo-et-juliette\/","title":{"rendered":"Rom\u00e9o et Juliette"},"content":{"rendered":"<div id=\"pl-6702\"  class=\"panel-layout\" ><div id=\"pg-6702-0\"  class=\"panel-grid panel-no-style\" ><div id=\"pgc-6702-0-0\"  class=\"panel-grid-cell\" ><div id=\"panel-6702-0-0-0\" class=\"so-panel widget widget_sow-editor panel-first-child panel-last-child\" data-index=\"0\" ><div\n\t\t\t\n\t\t\tclass=\"so-widget-sow-editor so-widget-sow-editor-base\"\n\t\t\t\n\t\t>\n<div class=\"siteorigin-widget-tinymce textwidget\">\n\t<p>Ballet en 1 acte d'apr\u00e8s Shakespeare<\/p>\n<p>Premi\u00e8re : le 16 juin 1942 \u00e0 la Salle Pleyel<\/p>\n<p>Musique : Piotr Ilitch Tcha\u00efkovski<\/p>\n<p>Principaux interpr\u00e8tes : Serge Lifar (Rom\u00e9o), Ludmilla Tch\u00e9rina (Juliette)<\/p>\n<p>Ce ballet marqua les d\u00e9buts de Ludmilla Tch\u00e9rina.<\/p>\n<p style=\"text-align: center;\">* * * * * * * *<\/p>\n<p>Cr\u00e9ation Palais Garnier, 27 f\u00e9vrier 1945. D\u00e9cors Maurice Moul\u00e8ne. Direction musicale Robert Blot.<\/p>\n<p>Distribution&nbsp;: Juliette (Lycette Darsonval), Rom\u00e9o (Serge Perrault)<\/p>\n<p>Derni\u00e8re repr\u00e9sentation par le Ballet de l\u2019Op\u00e9ra, Palais Garnier 20. 10. 1990<\/p>\n<p style=\"text-align: center;\">* * * * * * * *<\/p>\n<p>\u00ab Il nous arrive parfois de nous inspirer d\u2019un drame, d\u2019une trag\u00e9die, mais nous ne pouvons lui emprunter que son action ou, pour \u00eatre plus pr\u00e9cis, la quintessence de l\u2019action r\u00e9duite au strict minimum de d\u00e9tails expressifs. En cons\u00e9quence je me suis permis de prendre certaines libert\u00e9s \u00e0 l\u2019\u00e9gard du texte de Shakespeare en composant ma derni\u00e8re cr\u00e9ation, \u00ab Rom\u00e9o et Juliette \u00bb, que je vais pr\u00e9senter prochainement.<\/p>\n<p>Mon ballet ne comprend que deux personnages \u2013 Rom\u00e9o et Juliette. Le seul, le vrai th\u00e8me, le th\u00e8me \u00e9ternel du drame de Shakespeare c\u2019est l\u2019amour des deux h\u00e9ros&nbsp;; les autres personnages ne sont que des accessoires de l\u2019action, des d\u00e9cors de l\u2019\u00e9motion, fastes ou n\u00e9fastes. Je les ai donc r\u00e9unis en deux groupes impersonnels, sortes de p\u00f4les d\u2019attraction entre lesquels se meuvent les amants&nbsp;; ils n\u2019interviennent que pour faire rebondir l\u2019action du ballet et servent parfois de d\u00e9cor anim\u00e9. Cette opposition entre deux groupes distincts, les h\u00e9ros d\u2019une part, les comparses d\u2019autre part, m\u2019a \u00e9t\u00e9 sugg\u00e9r\u00e9e en partie par l\u2019ouverture de Tcha\u00efkovsky, pour \u00ab&nbsp;Rom\u00e9o et Juliette&nbsp;\u00bb, que j\u2019ai utilis\u00e9e.<\/p>\n<p>L\u2019action du ballet constitue un raccourci ou plut\u00f4t une perspective du drame de Shakespeare&nbsp;; elle se r\u00e9duit \u00e0 quatre \u00e9pisodes qui se suivent sans interruption. Le premier repr\u00e9sente la rencontre des deux h\u00e9ros chez Capulet&nbsp;; la danse adopte une plastique grave, pleine de ferveur amoureuse et quasi religieuse, comme les premi\u00e8res paroles qu\u2019ils \u00e9changent.<\/p>\n<p>Au second tableau, Rom\u00e9o se bat en duel avec Tybald&nbsp;; au troisi\u00e8me tableau c\u2019est la sc\u00e8ne du balcon, et le dernier tableau \u00e9voque la mort des deux amants.<\/p>\n<p>On sait combien je suis partisan de la convention en mati\u00e8re de th\u00e9\u00e2tre, et surtout en mati\u00e8re de ballet. Cette convention m\u2019a permis d\u2019imaginer divers proc\u00e9d\u00e9s qui ne rel\u00e8vent que du th\u00e9\u00e2tre pur. C\u2019est ainsi qu\u2019au second tableau, Tybald ne para\u00eet pas en sc\u00e8ne&nbsp;: le duel est traduit \u00ab&nbsp;chor\u00e9graphiquement&nbsp;\u00bb au moyen d\u2019une \u00ab&nbsp;variation&nbsp;\u00bb de Rom\u00e9o combattant un adversaire invisible. Au quatri\u00e8me tableau, apr\u00e8s que Juliette se fut tu\u00e9e, les deux amants se rel\u00e8vent et dansent leur mort. Les deux h\u00e9ros ne peuvent pas de fa\u00e7on naturaliste, comme dans un drame&nbsp;; leur mort se traduit par la danse&nbsp;: en effet, mon art ne doit pas renoncer \u00e0 ses propres moyens d\u2019expression \u00e0 l\u2019instant m\u00eame o\u00f9 l\u2019action atteint au paroxysme.<\/p>\n<p>J\u2019ai r\u00e9gl\u00e9 le ballet sur une ouverture de Tcha\u00efkovsky, trop peu connue ici \u2013 \u00ab&nbsp;Rom\u00e9o et Juliette&nbsp;\u00bb. L\u2019\u00e9tat d\u2019esprit et le plan g\u00e9n\u00e9ral de cette ouverture r\u00e9pondent exactement \u00e0 l\u2019id\u00e9e que je me fais du drame de Shakespeare&nbsp;: on y retrouve cette atmosph\u00e8re de drame, de gravit\u00e9 amoureuse, o\u00f9 doivent \u00e9voluer les deux amants.<\/p>\n<p>En composant mon ballet, je n\u2019ai voulu \u00e0 aucun moment me contenter d\u2019illustrer par la danse une pi\u00e8ce symphonique de Tcha\u00efkovsky. L\u2019ouverture de \u00ab&nbsp;Rom\u00e9o et Juliette&nbsp;\u00bb n\u2019est pas pour moi un point de d\u00e9part, mais un aboutissement. La danse utilise \u00e0 son profit le texte musical, au lieu de l\u2019\u00e9pouser rigoureusement \u2013 de cette fa\u00e7on le th\u00e8me des p\u00e9p\u00e9es servira d\u2019accompagnement tour \u00e0 tour, au duel de Rom\u00e9o, \u00e0 sa s\u00e9r\u00e9nade sous le balcon de Juliette et \u00e0 son d\u00e9sespoir, tandis que certains chor\u00e9auteurs, d\u00e9sireux seulement d\u2019illustrer la musique par leurs danses, auraient sans doute r\u00e9gl\u00e9 les m\u00eames pas ou du moins des visions identiques pour chaque exposition du th\u00e8me, \u00e0 l\u2019orchestre.<\/p>\n<p>Le r\u00f4le de Juliette sera interpr\u00e9t\u00e9 par une jeune danseuse que le public ne conna\u00eet pas encore. Je serai d\u2019autant plus heureux de la lui pr\u00e9senter, que ses dons sont certains et qu\u2019elle r\u00e9alise une image remarquable, tour \u00e0 tour lyrique et dramatique, de son personnage.<\/p>\n<p>Je serai Rom\u00e9o, comme je le fus d\u00e9j\u00e0 aux ballets russes, aux c\u00f4t\u00e9s de Karsavina, seulement le Rom\u00e9o d\u2019aujourd\u2019hui sera tout diff\u00e9rent de celui d\u2019hier \u2013 reniant les c\u00e9r\u00e9bralit\u00e9s du surr\u00e9aliste il t\u00e2chera d\u2019\u00e9voquer&nbsp; l\u2019immortel&nbsp; amant&nbsp; de&nbsp; V\u00e9rone, le&nbsp; h\u00e9ros romantique&nbsp; r\u00eav\u00e9&nbsp; par&nbsp; Shakespeare. \u00bb<\/p>\n<p><em>Avant la cr\u00e9ation de<\/em> \"Rom\u00e9o et Juliette\" par Serge Lifar, in <em>Com\u0153dia<\/em>, 16 mai 1942, pp. 1 et 4<\/p>\n<p style=\"text-align: center;\">* * * * * * * *<\/p>\n<p>\u00ab Au printemps, eut lieu la repr\u00e9sentation de <em>Rom\u00e9o et Juliette<\/em> de Tcha\u00efkovski. Rarement la salle Pleyel avait connu un succ\u00e8s semblable \u00e0 celui qui fut fait \u00e0 Ludmilla Tch\u00e9rina: \u00e0 peine \u00e2g\u00e9e de quinze ans, cette merveilleuse enfant-artiste, si dou\u00e9e,&nbsp; remportait son premier triomphe. \u00bb<\/p>\n<p>Serge Lifar, <em>Ma vie<\/em>, Julliard, Paris, 1965<\/p>\n<p>&nbsp;<\/p>\nngg_shortcode_0_placeholder\n<p>&nbsp;<\/p>\n<p>&nbsp;<\/p>\n<p>&nbsp;<\/p>\n<p>&nbsp;<\/p>\n<\/div>\n<\/div><\/div><\/div><\/div><div id=\"pg-6702-1\"  class=\"panel-grid panel-no-style\" ><div id=\"pgc-6702-1-0\"  class=\"panel-grid-cell\" ><div id=\"panel-6702-1-0-0\" class=\"so-panel widget widget_sow-video panel-first-child panel-last-child\" data-index=\"1\" ><div\n\t\t\t\n\t\t\tclass=\"so-widget-sow-video so-widget-sow-video-default-c08170c47cfb-6702\"\n\t\t\t\n\t\t><h2 class=\"widget-title\">Ballet de Nancy aux Champs-Elys\u00e9es<\/h2>\n<div class=\"sow-video-wrapper\n use-fitvids\">\n\t\t\t<iframe loading=\"lazy\" title=\"Serge Lifar - Romeo &amp; Juliette - Ballet de Nancy aux Champs-Elys\u00e9es\" width=\"730\" height=\"411\" src=\"https:\/\/www.youtube.com\/embed\/F0Ro8ny9TN8?feature=oembed&enablejsapi=1\" frameborder=\"0\" allow=\"accelerometer; autoplay; clipboard-write; encrypted-media; gyroscope; picture-in-picture; web-share\" referrerpolicy=\"strict-origin-when-cross-origin\" allowfullscreen allowfullscreen mozallowfullscreen webkitallowfullscreen sandbox=\"allow-scripts allow-same-origin allow-presentation\"><\/iframe>\t<\/div>\n<\/div><\/div><\/div><\/div><\/div>","protected":false},"excerpt":{"rendered":"<p>Ballet en 1 acte d&#8217;apr\u00e8s Shakespeare Premi\u00e8re : le 16 juin 1942 \u00e0 la Salle Pleyel Musique : Piotr Ilitch Tcha\u00efkovski Principaux interpr\u00e8tes : Serge Lifar (Rom\u00e9o), Ludmilla Tch\u00e9rina (Juliette) Ce ballet marqua les d\u00e9buts de Ludmilla Tch\u00e9rina. * * * * * * * * Cr\u00e9ation Palais Garnier, 27 f\u00e9vrier 1945. D\u00e9cors Maurice Moul\u00e8ne. <\/p>\n","protected":false},"author":2,"featured_media":0,"parent":7158,"menu_order":0,"comment_status":"closed","ping_status":"closed","template":"template-sousmenu.php","meta":{"_acf_changed":false,"ngg_post_thumbnail":0,"footnotes":""},"class_list":["post-6702","page","type-page","status-publish","hentry"],"acf":[],"yoast_head":"<!-- This site is optimized with the Yoast SEO plugin v27.3 - https:\/\/yoast.com\/product\/yoast-seo-wordpress\/ -->\n<title>Rom\u00e9o et Juliette - Serge Lifar<\/title>\n<meta name=\"robots\" content=\"index, follow, max-snippet:-1, max-image-preview:large, max-video-preview:-1\" \/>\n<link rel=\"canonical\" href=\"https:\/\/www.sergelifar.org\/en\/choregraphies\/autres-ballets\/romeo-et-juliette\/\" \/>\n<meta property=\"og:locale\" content=\"en_US\" \/>\n<meta property=\"og:type\" content=\"article\" \/>\n<meta property=\"og:title\" content=\"Rom\u00e9o et Juliette - Serge Lifar\" \/>\n<meta property=\"og:description\" content=\"Ballet en 1 acte d&#039;apr\u00e8s Shakespeare Premi\u00e8re : le 16 juin 1942 \u00e0 la Salle Pleyel Musique : Piotr Ilitch Tcha\u00efkovski Principaux interpr\u00e8tes : Serge Lifar (Rom\u00e9o), Ludmilla Tch\u00e9rina (Juliette) Ce ballet marqua les d\u00e9buts de Ludmilla Tch\u00e9rina. * * * * * * * * Cr\u00e9ation Palais Garnier, 27 f\u00e9vrier 1945. D\u00e9cors Maurice Moul\u00e8ne.\" \/>\n<meta property=\"og:url\" content=\"https:\/\/www.sergelifar.org\/en\/choregraphies\/autres-ballets\/romeo-et-juliette\/\" \/>\n<meta property=\"og:site_name\" content=\"Serge Lifar\" \/>\n<meta property=\"article:modified_time\" content=\"2024-06-12T09:26:15+00:00\" \/>\n<meta name=\"twitter:card\" content=\"summary_large_image\" \/>\n<meta name=\"twitter:label1\" content=\"Est. reading time\" \/>\n\t<meta name=\"twitter:data1\" content=\"5 minutes\" \/>\n<script type=\"application\/ld+json\" class=\"yoast-schema-graph\">{\"@context\":\"https:\\\/\\\/schema.org\",\"@graph\":[{\"@type\":\"WebPage\",\"@id\":\"https:\\\/\\\/www.sergelifar.org\\\/en\\\/choregraphies\\\/autres-ballets\\\/romeo-et-juliette\\\/\",\"url\":\"https:\\\/\\\/www.sergelifar.org\\\/en\\\/choregraphies\\\/autres-ballets\\\/romeo-et-juliette\\\/\",\"name\":\"Rom\u00e9o et Juliette - Serge Lifar\",\"isPartOf\":{\"@id\":\"https:\\\/\\\/dev2023.sergelifar.org\\\/en\\\/#website\"},\"datePublished\":\"2023-02-12T14:47:50+00:00\",\"dateModified\":\"2024-06-12T09:26:15+00:00\",\"breadcrumb\":{\"@id\":\"https:\\\/\\\/www.sergelifar.org\\\/en\\\/choregraphies\\\/autres-ballets\\\/romeo-et-juliette\\\/#breadcrumb\"},\"inLanguage\":\"en-US\",\"potentialAction\":[{\"@type\":\"ReadAction\",\"target\":[\"https:\\\/\\\/www.sergelifar.org\\\/en\\\/choregraphies\\\/autres-ballets\\\/romeo-et-juliette\\\/\"]}]},{\"@type\":\"BreadcrumbList\",\"@id\":\"https:\\\/\\\/www.sergelifar.org\\\/en\\\/choregraphies\\\/autres-ballets\\\/romeo-et-juliette\\\/#breadcrumb\",\"itemListElement\":[{\"@type\":\"ListItem\",\"position\":1,\"name\":\"Accueil\",\"item\":\"https:\\\/\\\/dev2023.sergelifar.org\\\/en\\\/\"},{\"@type\":\"ListItem\",\"position\":2,\"name\":\"Choreographies\",\"item\":\"https:\\\/\\\/www.sergelifar.org\\\/en\\\/choregraphies\\\/\"},{\"@type\":\"ListItem\",\"position\":3,\"name\":\"Autres ballets\",\"item\":\"https:\\\/\\\/www.sergelifar.org\\\/en\\\/choregraphies\\\/autres-ballets\\\/\"},{\"@type\":\"ListItem\",\"position\":4,\"name\":\"Rom\u00e9o et Juliette\"}]},{\"@type\":\"WebSite\",\"@id\":\"https:\\\/\\\/dev2023.sergelifar.org\\\/en\\\/#website\",\"url\":\"https:\\\/\\\/dev2023.sergelifar.org\\\/en\\\/\",\"name\":\"Serge Lifar\",\"description\":\"Site officiel de la Fondation Serge Lifar\",\"potentialAction\":[{\"@type\":\"SearchAction\",\"target\":{\"@type\":\"EntryPoint\",\"urlTemplate\":\"https:\\\/\\\/dev2023.sergelifar.org\\\/en\\\/?s={search_term_string}\"},\"query-input\":{\"@type\":\"PropertyValueSpecification\",\"valueRequired\":true,\"valueName\":\"search_term_string\"}}],\"inLanguage\":\"en-US\"}]}<\/script>\n<!-- \/ Yoast SEO plugin. -->","yoast_head_json":{"title":"Rom\u00e9o et Juliette - Serge Lifar","robots":{"index":"index","follow":"follow","max-snippet":"max-snippet:-1","max-image-preview":"max-image-preview:large","max-video-preview":"max-video-preview:-1"},"canonical":"https:\/\/www.sergelifar.org\/en\/choregraphies\/autres-ballets\/romeo-et-juliette\/","og_locale":"en_US","og_type":"article","og_title":"Rom\u00e9o et Juliette - Serge Lifar","og_description":"Ballet en 1 acte d'apr\u00e8s Shakespeare Premi\u00e8re : le 16 juin 1942 \u00e0 la Salle Pleyel Musique : Piotr Ilitch Tcha\u00efkovski Principaux interpr\u00e8tes : Serge Lifar (Rom\u00e9o), Ludmilla Tch\u00e9rina (Juliette) Ce ballet marqua les d\u00e9buts de Ludmilla Tch\u00e9rina. * * * * * * * * Cr\u00e9ation Palais Garnier, 27 f\u00e9vrier 1945. D\u00e9cors Maurice Moul\u00e8ne.","og_url":"https:\/\/www.sergelifar.org\/en\/choregraphies\/autres-ballets\/romeo-et-juliette\/","og_site_name":"Serge Lifar","article_modified_time":"2024-06-12T09:26:15+00:00","twitter_card":"summary_large_image","twitter_misc":{"Est. reading time":"5 minutes"},"schema":{"@context":"https:\/\/schema.org","@graph":[{"@type":"WebPage","@id":"https:\/\/www.sergelifar.org\/en\/choregraphies\/autres-ballets\/romeo-et-juliette\/","url":"https:\/\/www.sergelifar.org\/en\/choregraphies\/autres-ballets\/romeo-et-juliette\/","name":"Rom\u00e9o et Juliette - Serge Lifar","isPartOf":{"@id":"https:\/\/dev2023.sergelifar.org\/en\/#website"},"datePublished":"2023-02-12T14:47:50+00:00","dateModified":"2024-06-12T09:26:15+00:00","breadcrumb":{"@id":"https:\/\/www.sergelifar.org\/en\/choregraphies\/autres-ballets\/romeo-et-juliette\/#breadcrumb"},"inLanguage":"en-US","potentialAction":[{"@type":"ReadAction","target":["https:\/\/www.sergelifar.org\/en\/choregraphies\/autres-ballets\/romeo-et-juliette\/"]}]},{"@type":"BreadcrumbList","@id":"https:\/\/www.sergelifar.org\/en\/choregraphies\/autres-ballets\/romeo-et-juliette\/#breadcrumb","itemListElement":[{"@type":"ListItem","position":1,"name":"Accueil","item":"https:\/\/dev2023.sergelifar.org\/en\/"},{"@type":"ListItem","position":2,"name":"Choreographies","item":"https:\/\/www.sergelifar.org\/en\/choregraphies\/"},{"@type":"ListItem","position":3,"name":"Autres ballets","item":"https:\/\/www.sergelifar.org\/en\/choregraphies\/autres-ballets\/"},{"@type":"ListItem","position":4,"name":"Rom\u00e9o et Juliette"}]},{"@type":"WebSite","@id":"https:\/\/dev2023.sergelifar.org\/en\/#website","url":"https:\/\/dev2023.sergelifar.org\/en\/","name":"Serge Lifar","description":"Site officiel de la Fondation Serge Lifar","potentialAction":[{"@type":"SearchAction","target":{"@type":"EntryPoint","urlTemplate":"https:\/\/dev2023.sergelifar.org\/en\/?s={search_term_string}"},"query-input":{"@type":"PropertyValueSpecification","valueRequired":true,"valueName":"search_term_string"}}],"inLanguage":"en-US"}]}},"_links":{"self":[{"href":"https:\/\/www.sergelifar.org\/en\/wp-json\/wp\/v2\/pages\/6702","targetHints":{"allow":["GET"]}}],"collection":[{"href":"https:\/\/www.sergelifar.org\/en\/wp-json\/wp\/v2\/pages"}],"about":[{"href":"https:\/\/www.sergelifar.org\/en\/wp-json\/wp\/v2\/types\/page"}],"author":[{"embeddable":true,"href":"https:\/\/www.sergelifar.org\/en\/wp-json\/wp\/v2\/users\/2"}],"replies":[{"embeddable":true,"href":"https:\/\/www.sergelifar.org\/en\/wp-json\/wp\/v2\/comments?post=6702"}],"version-history":[{"count":5,"href":"https:\/\/www.sergelifar.org\/en\/wp-json\/wp\/v2\/pages\/6702\/revisions"}],"predecessor-version":[{"id":7410,"href":"https:\/\/www.sergelifar.org\/en\/wp-json\/wp\/v2\/pages\/6702\/revisions\/7410"}],"up":[{"embeddable":true,"href":"https:\/\/www.sergelifar.org\/en\/wp-json\/wp\/v2\/pages\/7158"}],"wp:attachment":[{"href":"https:\/\/www.sergelifar.org\/en\/wp-json\/wp\/v2\/media?parent=6702"}],"curies":[{"name":"wp","href":"https:\/\/api.w.org\/{rel}","templated":true}]}}