{"id":6690,"date":"2023-02-12T15:20:20","date_gmt":"2023-02-12T15:20:20","guid":{"rendered":"https:\/\/dev2023.sergelifar.org\/choregraphies\/defile-du-ballet\/"},"modified":"2024-03-11T11:52:01","modified_gmt":"2024-03-11T10:52:01","slug":"defile-du-ballet","status":"publish","type":"page","link":"https:\/\/www.sergelifar.org\/en\/choregraphies\/autres-ballets\/defile-du-ballet\/","title":{"rendered":"D\u00e9fil\u00e9 du Corps de Ballet"},"content":{"rendered":"<div id=\"pl-6690\"  class=\"panel-layout\" ><div id=\"pg-6690-0\"  class=\"panel-grid panel-no-style\" ><div id=\"pgc-6690-0-0\"  class=\"panel-grid-cell\" ><div id=\"panel-6690-0-0-0\" class=\"so-panel widget widget_sow-editor panel-first-child panel-last-child\" data-index=\"0\" ><div\n\t\t\t\n\t\t\tclass=\"so-widget-sow-editor so-widget-sow-editor-base\"\n\t\t\t\n\t\t>\n<div class=\"siteorigin-widget-tinymce textwidget\">\n\t<p>Ballet en un acte<\/p>\n<p>Premi\u00e8re : le 18 d\u00e9cembre 1945 \u00e0 l\u2019Op\u00e9ra de Paris<\/p>\n<p>Musique&nbsp;: Hector Berlioz (la Marche des Troyens)<\/p>\n<p style=\"text-align: center;\">* * * * * * * *<\/p>\n<p>\u00ab Ce <em>D\u00e9fil\u00e9<\/em>, qui maintenant se fait plusieurs fois par an, et repr\u00e9sente une des plus gracieuses d\u00e9monstrations des \u00ab&nbsp;beaut\u00e9s de l\u2019Op\u00e9ra&nbsp;\u00bb, fut d\u00e9cid\u00e9 sous l\u2019administration de Maurice Lehmann, assist\u00e9 d\u2019Albert Aveline, en l\u2019honneur des Am\u00e9ricains entr\u00e9s \u00e0 Paris lors de la Lib\u00e9ration.<\/p>\n<p>[\u2026] Le <em>D\u00e9fil\u00e9<\/em> eut un grand succ\u00e8s et entra dans la tradition de l\u2019Op\u00e9ra.<\/p>\n<p>[\u2026] Ceux qui ont eu la chance d\u2019assister \u00e0 cette nouvelle rencontre de Serge Lifar avec le public parisien de l\u2019Op\u00e9ra n\u2019oublieront pas l\u2019ovation d\u00e9lirante qui l\u2019accueillit.<\/p>\n<p>Le <em>D\u00e9fil\u00e9<\/em> se d\u00e9roula comme d\u2019habitude devant la salle \u00e9lectris\u00e9e par l\u2019attente. Les petits rats de l\u2019Op\u00e9ration apparurent les premiers au fond du plateau reli\u00e9 au Foyer de la Danse somptueusement illumin\u00e9. Ils avanc\u00e8rent vers la rampe, salu\u00e8rent, se s\u00e9par\u00e8rent en deux, et s\u2019en furent dans les coulisses, chaque file de son c\u00f4t\u00e9. Puis, ce fut au tour des deuxi\u00e8mes quadrilles refaisant le m\u00eame itin\u00e9raire, des premiers quadrilles, des coryph\u00e9es, des petits sujets, entre chaque ligne, les grands sujets, enfin les solistes et les \u00e9toiles avanc\u00e8rent seules, salu\u00e8rent et re\u00e7urent leur tribut d\u2019applaudissements. La salle \u00e9tait tendue. On attendait l\u2019\u00e9v\u00e9nement.<\/p>\n<p>Les gar\u00e7ons apparaissaient maintenant dans leur costume de danseurs romantiques, maillot noir, blouse blanche. Ils avan\u00e7aient dans le m\u00eame ordre, les petits, les deuxi\u00e8mes quadrilles, les premiers quadrilles, les coryph\u00e9es, les petits sujets, les grands sujets, les premiers danseurs, les \u00e9toiles. Enfin, tout au fond, sur le seuil du Foyer de la Danse, dans la lumi\u00e8re des lustres, la silhouette solitaire se dessinait, et la salle tout enti\u00e8re hurlait, l\u2019appelait par son nom. Et l\u2019artiste \u00e9mu courait d\u2019un bond vers la rampe, ouvrant largement les bras comme s\u2019il voulait embrasser d\u2019un geste ce public qui \u00e9tait l\u2019ar\u00e8ne de sa vie. Les ovations ne cessaient pas, les artistes sur la sc\u00e8ne alliaient leurs applaudissements \u00e0 ceux de la salle. Serge Lifar venait de rentrer au bercail comme le fils prodigue, aux titres de Ma\u00eetre de Ballet, Chor\u00e9auteur, Chor\u00e9graphe, Professeur et Premier Danseur \u00c9toile. Ainsi, il reprit sa place dans sa famille, dans sa Maison. \u00bb<\/p>\n<p><em>Serge Lifar r\u00e9novateur du ballet fran\u00e7ais<\/em> par Jean Laurent et Julie Sazonova, Buchet\/Chastel Corr\u00eaa, Paris, 1960 (pp. 167-168)<\/p>\nngg_shortcode_0_placeholder\n<\/div>\n<\/div><\/div><\/div><\/div><\/div>","protected":false},"excerpt":{"rendered":"<p>Ballet en un acte Premi\u00e8re : le 18 d\u00e9cembre 1945 \u00e0 l\u2019Op\u00e9ra de Paris Musique&nbsp;: Hector Berlioz (la Marche des Troyens) * * * * * * * * \u00ab Ce D\u00e9fil\u00e9, qui maintenant se fait plusieurs fois par an, et repr\u00e9sente une des plus gracieuses d\u00e9monstrations des \u00ab&nbsp;beaut\u00e9s de l\u2019Op\u00e9ra&nbsp;\u00bb, fut d\u00e9cid\u00e9 sous l\u2019administration <\/p>\n","protected":false},"author":2,"featured_media":0,"parent":7158,"menu_order":0,"comment_status":"closed","ping_status":"closed","template":"template-sousmenu.php","meta":{"_acf_changed":false,"ngg_post_thumbnail":0,"footnotes":""},"class_list":["post-6690","page","type-page","status-publish","hentry"],"acf":[],"yoast_head":"<!-- This site is optimized with the Yoast SEO plugin v27.3 - https:\/\/yoast.com\/product\/yoast-seo-wordpress\/ -->\n<title>D\u00e9fil\u00e9 du Corps de Ballet - Serge Lifar<\/title>\n<meta name=\"robots\" content=\"index, follow, max-snippet:-1, max-image-preview:large, max-video-preview:-1\" \/>\n<link rel=\"canonical\" href=\"https:\/\/www.sergelifar.org\/choregraphies\/autres-ballets\/defile-du-ballet\/\" \/>\n<meta property=\"og:locale\" content=\"en_US\" \/>\n<meta property=\"og:type\" content=\"article\" \/>\n<meta property=\"og:title\" content=\"D\u00e9fil\u00e9 du Corps de Ballet - Serge Lifar\" \/>\n<meta property=\"og:description\" content=\"Ballet en un acte Premi\u00e8re : le 18 d\u00e9cembre 1945 \u00e0 l\u2019Op\u00e9ra de Paris Musique&nbsp;: Hector Berlioz (la Marche des Troyens) * * * * * * * * \u00ab Ce D\u00e9fil\u00e9, qui maintenant se fait plusieurs fois par an, et repr\u00e9sente une des plus gracieuses d\u00e9monstrations des \u00ab&nbsp;beaut\u00e9s de l\u2019Op\u00e9ra&nbsp;\u00bb, fut d\u00e9cid\u00e9 sous l\u2019administration\" \/>\n<meta property=\"og:url\" content=\"https:\/\/www.sergelifar.org\/choregraphies\/autres-ballets\/defile-du-ballet\/\" \/>\n<meta property=\"og:site_name\" content=\"Serge Lifar\" \/>\n<meta property=\"article:modified_time\" content=\"2024-03-11T10:52:01+00:00\" \/>\n<meta name=\"twitter:card\" content=\"summary_large_image\" \/>\n<meta name=\"twitter:label1\" content=\"Est. reading time\" \/>\n\t<meta name=\"twitter:data1\" content=\"2 minutes\" \/>\n<script type=\"application\/ld+json\" class=\"yoast-schema-graph\">{\"@context\":\"https:\\\/\\\/schema.org\",\"@graph\":[{\"@type\":\"WebPage\",\"@id\":\"https:\\\/\\\/www.sergelifar.org\\\/choregraphies\\\/autres-ballets\\\/defile-du-ballet\\\/\",\"url\":\"https:\\\/\\\/www.sergelifar.org\\\/choregraphies\\\/autres-ballets\\\/defile-du-ballet\\\/\",\"name\":\"D\u00e9fil\u00e9 du Corps de Ballet - Serge Lifar\",\"isPartOf\":{\"@id\":\"https:\\\/\\\/dev2023.sergelifar.org\\\/en\\\/#website\"},\"datePublished\":\"2023-02-12T15:20:20+00:00\",\"dateModified\":\"2024-03-11T10:52:01+00:00\",\"breadcrumb\":{\"@id\":\"https:\\\/\\\/www.sergelifar.org\\\/choregraphies\\\/autres-ballets\\\/defile-du-ballet\\\/#breadcrumb\"},\"inLanguage\":\"en-US\",\"potentialAction\":[{\"@type\":\"ReadAction\",\"target\":[\"https:\\\/\\\/www.sergelifar.org\\\/choregraphies\\\/autres-ballets\\\/defile-du-ballet\\\/\"]}]},{\"@type\":\"BreadcrumbList\",\"@id\":\"https:\\\/\\\/www.sergelifar.org\\\/choregraphies\\\/autres-ballets\\\/defile-du-ballet\\\/#breadcrumb\",\"itemListElement\":[{\"@type\":\"ListItem\",\"position\":1,\"name\":\"Accueil\",\"item\":\"https:\\\/\\\/dev2023.sergelifar.org\\\/en\\\/\"},{\"@type\":\"ListItem\",\"position\":2,\"name\":\"Choreographies\",\"item\":\"https:\\\/\\\/www.sergelifar.org\\\/en\\\/choregraphies\\\/\"},{\"@type\":\"ListItem\",\"position\":3,\"name\":\"Autres ballets\",\"item\":\"https:\\\/\\\/www.sergelifar.org\\\/en\\\/choregraphies\\\/autres-ballets\\\/\"},{\"@type\":\"ListItem\",\"position\":4,\"name\":\"D\u00e9fil\u00e9 du Corps de Ballet\"}]},{\"@type\":\"WebSite\",\"@id\":\"https:\\\/\\\/dev2023.sergelifar.org\\\/en\\\/#website\",\"url\":\"https:\\\/\\\/dev2023.sergelifar.org\\\/en\\\/\",\"name\":\"Serge Lifar\",\"description\":\"Site officiel de la Fondation Serge Lifar\",\"potentialAction\":[{\"@type\":\"SearchAction\",\"target\":{\"@type\":\"EntryPoint\",\"urlTemplate\":\"https:\\\/\\\/dev2023.sergelifar.org\\\/en\\\/?s={search_term_string}\"},\"query-input\":{\"@type\":\"PropertyValueSpecification\",\"valueRequired\":true,\"valueName\":\"search_term_string\"}}],\"inLanguage\":\"en-US\"}]}<\/script>\n<!-- \/ Yoast SEO plugin. -->","yoast_head_json":{"title":"D\u00e9fil\u00e9 du Corps de Ballet - Serge Lifar","robots":{"index":"index","follow":"follow","max-snippet":"max-snippet:-1","max-image-preview":"max-image-preview:large","max-video-preview":"max-video-preview:-1"},"canonical":"https:\/\/www.sergelifar.org\/choregraphies\/autres-ballets\/defile-du-ballet\/","og_locale":"en_US","og_type":"article","og_title":"D\u00e9fil\u00e9 du Corps de Ballet - Serge Lifar","og_description":"Ballet en un acte Premi\u00e8re : le 18 d\u00e9cembre 1945 \u00e0 l\u2019Op\u00e9ra de Paris Musique&nbsp;: Hector Berlioz (la Marche des Troyens) * * * * * * * * \u00ab Ce D\u00e9fil\u00e9, qui maintenant se fait plusieurs fois par an, et repr\u00e9sente une des plus gracieuses d\u00e9monstrations des \u00ab&nbsp;beaut\u00e9s de l\u2019Op\u00e9ra&nbsp;\u00bb, fut d\u00e9cid\u00e9 sous l\u2019administration","og_url":"https:\/\/www.sergelifar.org\/choregraphies\/autres-ballets\/defile-du-ballet\/","og_site_name":"Serge Lifar","article_modified_time":"2024-03-11T10:52:01+00:00","twitter_card":"summary_large_image","twitter_misc":{"Est. reading time":"2 minutes"},"schema":{"@context":"https:\/\/schema.org","@graph":[{"@type":"WebPage","@id":"https:\/\/www.sergelifar.org\/choregraphies\/autres-ballets\/defile-du-ballet\/","url":"https:\/\/www.sergelifar.org\/choregraphies\/autres-ballets\/defile-du-ballet\/","name":"D\u00e9fil\u00e9 du Corps de Ballet - Serge Lifar","isPartOf":{"@id":"https:\/\/dev2023.sergelifar.org\/en\/#website"},"datePublished":"2023-02-12T15:20:20+00:00","dateModified":"2024-03-11T10:52:01+00:00","breadcrumb":{"@id":"https:\/\/www.sergelifar.org\/choregraphies\/autres-ballets\/defile-du-ballet\/#breadcrumb"},"inLanguage":"en-US","potentialAction":[{"@type":"ReadAction","target":["https:\/\/www.sergelifar.org\/choregraphies\/autres-ballets\/defile-du-ballet\/"]}]},{"@type":"BreadcrumbList","@id":"https:\/\/www.sergelifar.org\/choregraphies\/autres-ballets\/defile-du-ballet\/#breadcrumb","itemListElement":[{"@type":"ListItem","position":1,"name":"Accueil","item":"https:\/\/dev2023.sergelifar.org\/en\/"},{"@type":"ListItem","position":2,"name":"Choreographies","item":"https:\/\/www.sergelifar.org\/en\/choregraphies\/"},{"@type":"ListItem","position":3,"name":"Autres ballets","item":"https:\/\/www.sergelifar.org\/en\/choregraphies\/autres-ballets\/"},{"@type":"ListItem","position":4,"name":"D\u00e9fil\u00e9 du Corps de Ballet"}]},{"@type":"WebSite","@id":"https:\/\/dev2023.sergelifar.org\/en\/#website","url":"https:\/\/dev2023.sergelifar.org\/en\/","name":"Serge Lifar","description":"Site officiel de la Fondation Serge Lifar","potentialAction":[{"@type":"SearchAction","target":{"@type":"EntryPoint","urlTemplate":"https:\/\/dev2023.sergelifar.org\/en\/?s={search_term_string}"},"query-input":{"@type":"PropertyValueSpecification","valueRequired":true,"valueName":"search_term_string"}}],"inLanguage":"en-US"}]}},"_links":{"self":[{"href":"https:\/\/www.sergelifar.org\/en\/wp-json\/wp\/v2\/pages\/6690","targetHints":{"allow":["GET"]}}],"collection":[{"href":"https:\/\/www.sergelifar.org\/en\/wp-json\/wp\/v2\/pages"}],"about":[{"href":"https:\/\/www.sergelifar.org\/en\/wp-json\/wp\/v2\/types\/page"}],"author":[{"embeddable":true,"href":"https:\/\/www.sergelifar.org\/en\/wp-json\/wp\/v2\/users\/2"}],"replies":[{"embeddable":true,"href":"https:\/\/www.sergelifar.org\/en\/wp-json\/wp\/v2\/comments?post=6690"}],"version-history":[{"count":3,"href":"https:\/\/www.sergelifar.org\/en\/wp-json\/wp\/v2\/pages\/6690\/revisions"}],"predecessor-version":[{"id":7104,"href":"https:\/\/www.sergelifar.org\/en\/wp-json\/wp\/v2\/pages\/6690\/revisions\/7104"}],"up":[{"embeddable":true,"href":"https:\/\/www.sergelifar.org\/en\/wp-json\/wp\/v2\/pages\/7158"}],"wp:attachment":[{"href":"https:\/\/www.sergelifar.org\/en\/wp-json\/wp\/v2\/media?parent=6690"}],"curies":[{"name":"wp","href":"https:\/\/api.w.org\/{rel}","templated":true}]}}