{"id":6684,"date":"2023-02-12T15:28:19","date_gmt":"2023-02-12T15:28:19","guid":{"rendered":"https:\/\/dev2023.sergelifar.org\/choregraphies\/la-pierre-enchantee\/"},"modified":"2024-03-11T11:51:58","modified_gmt":"2024-03-11T10:51:58","slug":"la-pierre-enchantee","status":"publish","type":"page","link":"https:\/\/www.sergelifar.org\/en\/choregraphies\/autres-ballets\/la-pierre-enchantee\/","title":{"rendered":"La Pierre enchant\u00e9e"},"content":{"rendered":"<div id=\"pl-6684\"  class=\"panel-layout\" ><div id=\"pg-6684-0\"  class=\"panel-grid panel-no-style\" ><div id=\"pgc-6684-0-0\"  class=\"panel-grid-cell\" ><div id=\"panel-6684-0-0-0\" class=\"so-panel widget widget_sow-editor panel-first-child panel-last-child\" data-index=\"0\" ><div\n\t\t\t\n\t\t\tclass=\"so-widget-sow-editor so-widget-sow-editor-base\"\n\t\t\t\n\t\t>\n<div class=\"siteorigin-widget-tinymce textwidget\">\n\t<p>Premi\u00e8re : le 23 juin 1950 au Palais de Chaillot<\/p>\n<p>Musique&nbsp;: Georges Auric<\/p>\n<p>Costumes&nbsp;: Dimitri Bouch\u00e8ne<\/p>\n<p>Principaux interpr\u00e8tes&nbsp;: Nicole Amigues, Serge Lifar, Tamara Toumanova<\/p>\n<p style=\"text-align: center;\">* * * * * * * *&nbsp;<\/p>\n<p>Ce ballet, compos\u00e9 sp\u00e9cialement pour une soir\u00e9e de Gala en faveur de l\u2019Association du vieux V\u00e9zelay, n\u2019aura fait l\u2019objet que d\u2019une seule et unique repr\u00e9sentation en pr\u00e9sence de Vincent Auriol, Pr\u00e9sident de la R\u00e9publique.<\/p>\nngg_shortcode_0_placeholder\n<\/div>\n<\/div><\/div><\/div><\/div><\/div>","protected":false},"excerpt":{"rendered":"<p>Premi\u00e8re : le 23 juin 1950 au Palais de Chaillot Musique&nbsp;: Georges Auric Costumes&nbsp;: Dimitri Bouch\u00e8ne Principaux interpr\u00e8tes&nbsp;: Nicole Amigues, Serge Lifar, Tamara Toumanova * * * * * * * *&nbsp; Ce ballet, compos\u00e9 sp\u00e9cialement pour une soir\u00e9e de Gala en faveur de l\u2019Association du vieux V\u00e9zelay, n\u2019aura fait l\u2019objet que d\u2019une seule et <\/p>\n","protected":false},"author":2,"featured_media":0,"parent":7158,"menu_order":0,"comment_status":"closed","ping_status":"closed","template":"template-sousmenu.php","meta":{"_acf_changed":false,"ngg_post_thumbnail":0,"footnotes":""},"class_list":["post-6684","page","type-page","status-publish","hentry"],"acf":[],"yoast_head":"<!-- This site is optimized with the Yoast SEO plugin v27.3 - https:\/\/yoast.com\/product\/yoast-seo-wordpress\/ -->\n<title>La Pierre enchant\u00e9e - Serge Lifar<\/title>\n<meta name=\"robots\" content=\"index, follow, max-snippet:-1, max-image-preview:large, max-video-preview:-1\" \/>\n<link rel=\"canonical\" href=\"https:\/\/www.sergelifar.org\/en\/choregraphies\/autres-ballets\/la-pierre-enchantee\/\" \/>\n<meta property=\"og:locale\" content=\"en_US\" \/>\n<meta property=\"og:type\" content=\"article\" \/>\n<meta property=\"og:title\" content=\"La Pierre enchant\u00e9e - Serge Lifar\" \/>\n<meta property=\"og:description\" content=\"Premi\u00e8re : le 23 juin 1950 au Palais de Chaillot Musique&nbsp;: Georges Auric Costumes&nbsp;: Dimitri Bouch\u00e8ne Principaux interpr\u00e8tes&nbsp;: Nicole Amigues, Serge Lifar, Tamara Toumanova * * * * * * * *&nbsp; Ce ballet, compos\u00e9 sp\u00e9cialement pour une soir\u00e9e de Gala en faveur de l\u2019Association du vieux V\u00e9zelay, n\u2019aura fait l\u2019objet que d\u2019une seule et\" \/>\n<meta property=\"og:url\" content=\"https:\/\/www.sergelifar.org\/en\/choregraphies\/autres-ballets\/la-pierre-enchantee\/\" \/>\n<meta property=\"og:site_name\" content=\"Serge Lifar\" \/>\n<meta property=\"article:modified_time\" content=\"2024-03-11T10:51:58+00:00\" \/>\n<meta name=\"twitter:card\" content=\"summary_large_image\" \/>\n<script type=\"application\/ld+json\" class=\"yoast-schema-graph\">{\"@context\":\"https:\\\/\\\/schema.org\",\"@graph\":[{\"@type\":\"WebPage\",\"@id\":\"https:\\\/\\\/www.sergelifar.org\\\/en\\\/choregraphies\\\/autres-ballets\\\/la-pierre-enchantee\\\/\",\"url\":\"https:\\\/\\\/www.sergelifar.org\\\/en\\\/choregraphies\\\/autres-ballets\\\/la-pierre-enchantee\\\/\",\"name\":\"La Pierre enchant\u00e9e - Serge Lifar\",\"isPartOf\":{\"@id\":\"https:\\\/\\\/dev2023.sergelifar.org\\\/en\\\/#website\"},\"datePublished\":\"2023-02-12T15:28:19+00:00\",\"dateModified\":\"2024-03-11T10:51:58+00:00\",\"breadcrumb\":{\"@id\":\"https:\\\/\\\/www.sergelifar.org\\\/en\\\/choregraphies\\\/autres-ballets\\\/la-pierre-enchantee\\\/#breadcrumb\"},\"inLanguage\":\"en-US\",\"potentialAction\":[{\"@type\":\"ReadAction\",\"target\":[\"https:\\\/\\\/www.sergelifar.org\\\/en\\\/choregraphies\\\/autres-ballets\\\/la-pierre-enchantee\\\/\"]}]},{\"@type\":\"BreadcrumbList\",\"@id\":\"https:\\\/\\\/www.sergelifar.org\\\/en\\\/choregraphies\\\/autres-ballets\\\/la-pierre-enchantee\\\/#breadcrumb\",\"itemListElement\":[{\"@type\":\"ListItem\",\"position\":1,\"name\":\"Accueil\",\"item\":\"https:\\\/\\\/dev2023.sergelifar.org\\\/en\\\/\"},{\"@type\":\"ListItem\",\"position\":2,\"name\":\"Choreographies\",\"item\":\"https:\\\/\\\/www.sergelifar.org\\\/en\\\/choregraphies\\\/\"},{\"@type\":\"ListItem\",\"position\":3,\"name\":\"Autres ballets\",\"item\":\"https:\\\/\\\/www.sergelifar.org\\\/en\\\/choregraphies\\\/autres-ballets\\\/\"},{\"@type\":\"ListItem\",\"position\":4,\"name\":\"La Pierre enchant\u00e9e\"}]},{\"@type\":\"WebSite\",\"@id\":\"https:\\\/\\\/dev2023.sergelifar.org\\\/en\\\/#website\",\"url\":\"https:\\\/\\\/dev2023.sergelifar.org\\\/en\\\/\",\"name\":\"Serge Lifar\",\"description\":\"Site officiel de la Fondation Serge Lifar\",\"potentialAction\":[{\"@type\":\"SearchAction\",\"target\":{\"@type\":\"EntryPoint\",\"urlTemplate\":\"https:\\\/\\\/dev2023.sergelifar.org\\\/en\\\/?s={search_term_string}\"},\"query-input\":{\"@type\":\"PropertyValueSpecification\",\"valueRequired\":true,\"valueName\":\"search_term_string\"}}],\"inLanguage\":\"en-US\"}]}<\/script>\n<!-- \/ Yoast SEO plugin. -->","yoast_head_json":{"title":"La Pierre enchant\u00e9e - Serge Lifar","robots":{"index":"index","follow":"follow","max-snippet":"max-snippet:-1","max-image-preview":"max-image-preview:large","max-video-preview":"max-video-preview:-1"},"canonical":"https:\/\/www.sergelifar.org\/en\/choregraphies\/autres-ballets\/la-pierre-enchantee\/","og_locale":"en_US","og_type":"article","og_title":"La Pierre enchant\u00e9e - Serge Lifar","og_description":"Premi\u00e8re : le 23 juin 1950 au Palais de Chaillot Musique&nbsp;: Georges Auric Costumes&nbsp;: Dimitri Bouch\u00e8ne Principaux interpr\u00e8tes&nbsp;: Nicole Amigues, Serge Lifar, Tamara Toumanova * * * * * * * *&nbsp; Ce ballet, compos\u00e9 sp\u00e9cialement pour une soir\u00e9e de Gala en faveur de l\u2019Association du vieux V\u00e9zelay, n\u2019aura fait l\u2019objet que d\u2019une seule et","og_url":"https:\/\/www.sergelifar.org\/en\/choregraphies\/autres-ballets\/la-pierre-enchantee\/","og_site_name":"Serge Lifar","article_modified_time":"2024-03-11T10:51:58+00:00","twitter_card":"summary_large_image","schema":{"@context":"https:\/\/schema.org","@graph":[{"@type":"WebPage","@id":"https:\/\/www.sergelifar.org\/en\/choregraphies\/autres-ballets\/la-pierre-enchantee\/","url":"https:\/\/www.sergelifar.org\/en\/choregraphies\/autres-ballets\/la-pierre-enchantee\/","name":"La Pierre enchant\u00e9e - Serge Lifar","isPartOf":{"@id":"https:\/\/dev2023.sergelifar.org\/en\/#website"},"datePublished":"2023-02-12T15:28:19+00:00","dateModified":"2024-03-11T10:51:58+00:00","breadcrumb":{"@id":"https:\/\/www.sergelifar.org\/en\/choregraphies\/autres-ballets\/la-pierre-enchantee\/#breadcrumb"},"inLanguage":"en-US","potentialAction":[{"@type":"ReadAction","target":["https:\/\/www.sergelifar.org\/en\/choregraphies\/autres-ballets\/la-pierre-enchantee\/"]}]},{"@type":"BreadcrumbList","@id":"https:\/\/www.sergelifar.org\/en\/choregraphies\/autres-ballets\/la-pierre-enchantee\/#breadcrumb","itemListElement":[{"@type":"ListItem","position":1,"name":"Accueil","item":"https:\/\/dev2023.sergelifar.org\/en\/"},{"@type":"ListItem","position":2,"name":"Choreographies","item":"https:\/\/www.sergelifar.org\/en\/choregraphies\/"},{"@type":"ListItem","position":3,"name":"Autres ballets","item":"https:\/\/www.sergelifar.org\/en\/choregraphies\/autres-ballets\/"},{"@type":"ListItem","position":4,"name":"La Pierre enchant\u00e9e"}]},{"@type":"WebSite","@id":"https:\/\/dev2023.sergelifar.org\/en\/#website","url":"https:\/\/dev2023.sergelifar.org\/en\/","name":"Serge Lifar","description":"Site officiel de la Fondation Serge Lifar","potentialAction":[{"@type":"SearchAction","target":{"@type":"EntryPoint","urlTemplate":"https:\/\/dev2023.sergelifar.org\/en\/?s={search_term_string}"},"query-input":{"@type":"PropertyValueSpecification","valueRequired":true,"valueName":"search_term_string"}}],"inLanguage":"en-US"}]}},"_links":{"self":[{"href":"https:\/\/www.sergelifar.org\/en\/wp-json\/wp\/v2\/pages\/6684","targetHints":{"allow":["GET"]}}],"collection":[{"href":"https:\/\/www.sergelifar.org\/en\/wp-json\/wp\/v2\/pages"}],"about":[{"href":"https:\/\/www.sergelifar.org\/en\/wp-json\/wp\/v2\/types\/page"}],"author":[{"embeddable":true,"href":"https:\/\/www.sergelifar.org\/en\/wp-json\/wp\/v2\/users\/2"}],"replies":[{"embeddable":true,"href":"https:\/\/www.sergelifar.org\/en\/wp-json\/wp\/v2\/comments?post=6684"}],"version-history":[{"count":3,"href":"https:\/\/www.sergelifar.org\/en\/wp-json\/wp\/v2\/pages\/6684\/revisions"}],"predecessor-version":[{"id":7098,"href":"https:\/\/www.sergelifar.org\/en\/wp-json\/wp\/v2\/pages\/6684\/revisions\/7098"}],"up":[{"embeddable":true,"href":"https:\/\/www.sergelifar.org\/en\/wp-json\/wp\/v2\/pages\/7158"}],"wp:attachment":[{"href":"https:\/\/www.sergelifar.org\/en\/wp-json\/wp\/v2\/media?parent=6684"}],"curies":[{"name":"wp","href":"https:\/\/api.w.org\/{rel}","templated":true}]}}