{"id":6674,"date":"2023-02-12T15:55:28","date_gmt":"2023-02-12T15:55:28","guid":{"rendered":"https:\/\/dev2023.sergelifar.org\/choregraphies\/les-noces-fantastiques\/"},"modified":"2024-03-11T11:51:52","modified_gmt":"2024-03-11T10:51:52","slug":"les-noces-fantastiques","status":"publish","type":"page","link":"https:\/\/www.sergelifar.org\/en\/choregraphies\/autres-ballets\/les-noces-fantastiques\/","title":{"rendered":"Les Noces fantastiques"},"content":{"rendered":"<div id=\"pl-6674\"  class=\"panel-layout\" ><div id=\"pg-6674-0\"  class=\"panel-grid panel-no-style\" ><div id=\"pgc-6674-0-0\"  class=\"panel-grid-cell\" ><div id=\"panel-6674-0-0-0\" class=\"so-panel widget widget_sow-editor panel-first-child panel-last-child\" data-index=\"0\" ><div\n\t\t\t\n\t\t\tclass=\"so-widget-sow-editor so-widget-sow-editor-base\"\n\t\t\t\n\t\t>\n<div class=\"siteorigin-widget-tinymce textwidget\">\n\t<p>Ballet en 2 actes et 4 tableaux<\/p>\n<p>Premi\u00e8re : le 9 f\u00e9vrier 1955 \u00e0 l\u2019Op\u00e9ra de Paris<\/p>\n<p>Musique&nbsp;: Marcel Delannoy<\/p>\n<p>Argument&nbsp;(ou livret) : Serge Lifar<\/p>\n<p>D\u00e9cors&nbsp;: Roger Chastel<\/p>\n<p>Costumes&nbsp;: Andr\u00e9 Levasseur<\/p>\n<p>Direction musicale&nbsp;: Robert Blot<\/p>\n<p>Principaux interpr\u00e8tes&nbsp;: Josette Amiel, Colette Even, Jacqueline Rayet (les Boh\u00e9miennes), Claude Bessy (l\u2019Oc\u00e9anide), Peter Van Dijk (le Capitaine), Nina Vyroubova (la Fianc\u00e9e)<\/p>\n<p style=\"text-align: center;\">* * * * * * * *<\/p>\n<p>\u00ab <em>Les Noces Fantastiques<\/em> de Serge Lifar, sur une partition de Marcel Delannoy, dont la premi\u00e8re eut lieu \u00e0 l\u2019Op\u00e9ra le 9 f\u00e9vrier 1955, se pr\u00e9sentent comme une \u0153uvre dramatique, d\u2019un genre nouveau. Chaque fois qu\u2019on revoit ce ballet, on y d\u00e9couvre des traits inaper\u00e7us. Ainsi en est-il d\u2019un tableau de ma\u00eetre qu\u2019on regarde toujours comme si on le voyait pour la premi\u00e8re fois. Les ann\u00e9es terribles ont d\u00fb marquer profond\u00e9ment l\u2019art de Lifar. Ce ballet \u00e9tait d\u00e9j\u00e0 pr\u00eat en 1943 gr\u00e2ce \u00e0 la collaboration \u00e9troite de Serge Lifar et de Marcel Delannoy.<\/p>\n<p>Le th\u00e8me s\u2019apparente \u00e0 celui de <em>Naut\u00e9os<\/em> par certains \u00e9l\u00e9ments : naufrage, rencontre avec la souveraine des eaux, retour au village, amour et union avec la jeune fille. Mais ce qui est lumineux, et respire la joie de vivre dans <em>Naut\u00e9os<\/em>, tourne au drame dans <em>Les Noces Fantastiques<\/em>. La N\u00e9r\u00e9ide, conciliante de <em>Naut\u00e9os<\/em>, est mena\u00e7ante dans <em>Les Noces<\/em>. Elle aussi rend sa proie, mais c\u2019est un mort qu\u2019elle renvoie \u00e0 la surface, et c\u2019est un revenant d\u00e9chiquet\u00e9 par les vagues qui vient danser dans son village natal, faisant trembler les paysans \u00e9pouvant\u00e9s. La fid\u00e9lit\u00e9 de l\u2019amour s\u2019affirme non dans une vie pleine d\u2019espoir, mais dans la mort, la danse nuptiale \u00e9tant ex\u00e9cut\u00e9e non sur la prairie verdoyante de Naut\u00e9os, mais au fond de la mer, devant une \u00e9pave, par des marins noy\u00e9s. Le chant joyeux se mue en une plainte angoiss\u00e9e, et le ballet se termine non par une danse g\u00e9n\u00e9rale, mais dans la solitude d\u2019une c\u00f4te d\u00e9serte o\u00f9 un mort parle \u00e0 Dieu.<\/p>\n<p>La chor\u00e9graphie des Noces Fantastiques t\u00e9moigne une fois de plus des in\u00e9puisables dons d\u2019invention de Serge Lifar&nbsp;: dans le cadre des cinq positions fondamentales et des deux suppl\u00e9mentaires, les mouvements de l\u2019<em>adagio<\/em> sont constamment \u00e9largis, assouplis par le recours \u00e0 de nouvelles formes classiques. Toujours expressives, elles incarnent les sentiments les plus complexes, les plus raffin\u00e9s. L\u2019\u00e9motion qui \u00e9mane de ce drame ne peut manquer de bouleverser le spectateur.<\/p>\n<p>Aussi, le rideau tomb\u00e9, apr\u00e8s un moment de silence \u00e9clatait chaque fois une temp\u00eate d\u2019applaudissements t\u00e9moignant de l\u2019\u00e9motion profonde des spectateurs.<\/p>\n<p>Avec la collaboration des peintres Andr\u00e9 Levasseur pour les costumes, Roger Chastel pour les d\u00e9cors, Lifar r\u00e9ussit \u00e0 cr\u00e9er un monde myst\u00e9rieux, silencieux et mena\u00e7ant. On ne saurait oublier ces chevaux marins aux longs museaux inclin\u00e9s, aux petits pas sautillants, qui se tenaient immobiles au fond et, dociles au moindre geste de l\u2019Oc\u00e9anide, trottaient en avant avec des hochements de t\u00eate, pour se placer des deux c\u00f4t\u00e9s du prisonnier. Ils paraissaient sortir d\u2019un r\u00eave inqui\u00e9tant. Les deux requins g\u00e9ants, aux yeux brillants dans la p\u00e9nombre, semblaient attendre le moment de saisir leur proie. Les poissons aux jupes imitant des \u00e9cailles, faisaient la ronde et se d\u00e9pla\u00e7aient en pas glissants, avec un petit mouvement du haut du corps. Toute scintillante dans son maillot bleu brod\u00e9, Claude Bessy, Oc\u00e9anide superbe, aux bras souples, au corps onduleux, flottant comme un poisson, apparaissait port\u00e9e par ses sujets.<\/p>\n<p>Ce ballet est une des plus belles \u0153uvres du nouveau classicisme. Second\u00e9 par la virtuosit\u00e9 et l\u2019ardeur du trio Vyroubova-Bessy-Van Dijk, par la fantaisie heureuse des peintres, et soutenu par la musique de Marcel Delannoy, qui r\u00e9pond admirablement aux mouvements des danseurs, le g\u00e9nie cr\u00e9ateur de Serge Lifar r\u00e9alisa l\u2019id\u00e9al m\u00eame de la danse : interpr\u00e9tation des passions et des id\u00e9es dans les pures formes chor\u00e9graphiques. \u00bb<\/p>\n<p><em>Serge Lifar r\u00e9novateur du ballet fran\u00e7ais<\/em> par Jean Laurent et Julie Sazonova, Buchet\/Chastel Corr\u00eaa, Paris, 1960 (pp. 189-191, 195)<\/p>\nngg_shortcode_0_placeholder\n<p>&nbsp;<\/p>\n<\/div>\n<\/div><\/div><\/div><\/div><\/div>","protected":false},"excerpt":{"rendered":"<p>Ballet en 2 actes et 4 tableaux Premi\u00e8re : le 9 f\u00e9vrier 1955 \u00e0 l\u2019Op\u00e9ra de Paris Musique&nbsp;: Marcel Delannoy Argument&nbsp;(ou livret) : Serge Lifar D\u00e9cors&nbsp;: Roger Chastel Costumes&nbsp;: Andr\u00e9 Levasseur Direction musicale&nbsp;: Robert Blot Principaux interpr\u00e8tes&nbsp;: Josette Amiel, Colette Even, Jacqueline Rayet (les Boh\u00e9miennes), Claude Bessy (l\u2019Oc\u00e9anide), Peter Van Dijk (le Capitaine), Nina Vyroubova <\/p>\n","protected":false},"author":2,"featured_media":0,"parent":7158,"menu_order":0,"comment_status":"closed","ping_status":"closed","template":"template-sousmenu.php","meta":{"_acf_changed":false,"ngg_post_thumbnail":0,"footnotes":""},"class_list":["post-6674","page","type-page","status-publish","hentry"],"acf":[],"yoast_head":"<!-- This site is optimized with the Yoast SEO plugin v27.3 - https:\/\/yoast.com\/product\/yoast-seo-wordpress\/ -->\n<title>Les Noces fantastiques - Serge Lifar<\/title>\n<meta name=\"robots\" content=\"index, follow, max-snippet:-1, max-image-preview:large, max-video-preview:-1\" \/>\n<link rel=\"canonical\" href=\"https:\/\/www.sergelifar.org\/en\/choregraphies\/autres-ballets\/les-noces-fantastiques\/\" \/>\n<meta property=\"og:locale\" content=\"en_US\" \/>\n<meta property=\"og:type\" content=\"article\" \/>\n<meta property=\"og:title\" content=\"Les Noces fantastiques - Serge Lifar\" \/>\n<meta property=\"og:description\" content=\"Ballet en 2 actes et 4 tableaux Premi\u00e8re : le 9 f\u00e9vrier 1955 \u00e0 l\u2019Op\u00e9ra de Paris Musique&nbsp;: Marcel Delannoy Argument&nbsp;(ou livret) : Serge Lifar D\u00e9cors&nbsp;: Roger Chastel Costumes&nbsp;: Andr\u00e9 Levasseur Direction musicale&nbsp;: Robert Blot Principaux interpr\u00e8tes&nbsp;: Josette Amiel, Colette Even, Jacqueline Rayet (les Boh\u00e9miennes), Claude Bessy (l\u2019Oc\u00e9anide), Peter Van Dijk (le Capitaine), Nina Vyroubova\" \/>\n<meta property=\"og:url\" content=\"https:\/\/www.sergelifar.org\/en\/choregraphies\/autres-ballets\/les-noces-fantastiques\/\" \/>\n<meta property=\"og:site_name\" content=\"Serge Lifar\" \/>\n<meta property=\"article:modified_time\" content=\"2024-03-11T10:51:52+00:00\" \/>\n<meta name=\"twitter:card\" content=\"summary_large_image\" \/>\n<meta name=\"twitter:label1\" content=\"Est. reading time\" \/>\n\t<meta name=\"twitter:data1\" content=\"4 minutes\" \/>\n<script type=\"application\/ld+json\" class=\"yoast-schema-graph\">{\"@context\":\"https:\\\/\\\/schema.org\",\"@graph\":[{\"@type\":\"WebPage\",\"@id\":\"https:\\\/\\\/www.sergelifar.org\\\/en\\\/choregraphies\\\/autres-ballets\\\/les-noces-fantastiques\\\/\",\"url\":\"https:\\\/\\\/www.sergelifar.org\\\/en\\\/choregraphies\\\/autres-ballets\\\/les-noces-fantastiques\\\/\",\"name\":\"Les Noces fantastiques - Serge Lifar\",\"isPartOf\":{\"@id\":\"https:\\\/\\\/dev2023.sergelifar.org\\\/en\\\/#website\"},\"datePublished\":\"2023-02-12T15:55:28+00:00\",\"dateModified\":\"2024-03-11T10:51:52+00:00\",\"breadcrumb\":{\"@id\":\"https:\\\/\\\/www.sergelifar.org\\\/en\\\/choregraphies\\\/autres-ballets\\\/les-noces-fantastiques\\\/#breadcrumb\"},\"inLanguage\":\"en-US\",\"potentialAction\":[{\"@type\":\"ReadAction\",\"target\":[\"https:\\\/\\\/www.sergelifar.org\\\/en\\\/choregraphies\\\/autres-ballets\\\/les-noces-fantastiques\\\/\"]}]},{\"@type\":\"BreadcrumbList\",\"@id\":\"https:\\\/\\\/www.sergelifar.org\\\/en\\\/choregraphies\\\/autres-ballets\\\/les-noces-fantastiques\\\/#breadcrumb\",\"itemListElement\":[{\"@type\":\"ListItem\",\"position\":1,\"name\":\"Accueil\",\"item\":\"https:\\\/\\\/dev2023.sergelifar.org\\\/en\\\/\"},{\"@type\":\"ListItem\",\"position\":2,\"name\":\"Choreographies\",\"item\":\"https:\\\/\\\/www.sergelifar.org\\\/en\\\/choregraphies\\\/\"},{\"@type\":\"ListItem\",\"position\":3,\"name\":\"Autres ballets\",\"item\":\"https:\\\/\\\/www.sergelifar.org\\\/en\\\/choregraphies\\\/autres-ballets\\\/\"},{\"@type\":\"ListItem\",\"position\":4,\"name\":\"Les Noces fantastiques\"}]},{\"@type\":\"WebSite\",\"@id\":\"https:\\\/\\\/dev2023.sergelifar.org\\\/en\\\/#website\",\"url\":\"https:\\\/\\\/dev2023.sergelifar.org\\\/en\\\/\",\"name\":\"Serge Lifar\",\"description\":\"Site officiel de la Fondation Serge Lifar\",\"potentialAction\":[{\"@type\":\"SearchAction\",\"target\":{\"@type\":\"EntryPoint\",\"urlTemplate\":\"https:\\\/\\\/dev2023.sergelifar.org\\\/en\\\/?s={search_term_string}\"},\"query-input\":{\"@type\":\"PropertyValueSpecification\",\"valueRequired\":true,\"valueName\":\"search_term_string\"}}],\"inLanguage\":\"en-US\"}]}<\/script>\n<!-- \/ Yoast SEO plugin. -->","yoast_head_json":{"title":"Les Noces fantastiques - Serge Lifar","robots":{"index":"index","follow":"follow","max-snippet":"max-snippet:-1","max-image-preview":"max-image-preview:large","max-video-preview":"max-video-preview:-1"},"canonical":"https:\/\/www.sergelifar.org\/en\/choregraphies\/autres-ballets\/les-noces-fantastiques\/","og_locale":"en_US","og_type":"article","og_title":"Les Noces fantastiques - Serge Lifar","og_description":"Ballet en 2 actes et 4 tableaux Premi\u00e8re : le 9 f\u00e9vrier 1955 \u00e0 l\u2019Op\u00e9ra de Paris Musique&nbsp;: Marcel Delannoy Argument&nbsp;(ou livret) : Serge Lifar D\u00e9cors&nbsp;: Roger Chastel Costumes&nbsp;: Andr\u00e9 Levasseur Direction musicale&nbsp;: Robert Blot Principaux interpr\u00e8tes&nbsp;: Josette Amiel, Colette Even, Jacqueline Rayet (les Boh\u00e9miennes), Claude Bessy (l\u2019Oc\u00e9anide), Peter Van Dijk (le Capitaine), Nina Vyroubova","og_url":"https:\/\/www.sergelifar.org\/en\/choregraphies\/autres-ballets\/les-noces-fantastiques\/","og_site_name":"Serge Lifar","article_modified_time":"2024-03-11T10:51:52+00:00","twitter_card":"summary_large_image","twitter_misc":{"Est. reading time":"4 minutes"},"schema":{"@context":"https:\/\/schema.org","@graph":[{"@type":"WebPage","@id":"https:\/\/www.sergelifar.org\/en\/choregraphies\/autres-ballets\/les-noces-fantastiques\/","url":"https:\/\/www.sergelifar.org\/en\/choregraphies\/autres-ballets\/les-noces-fantastiques\/","name":"Les Noces fantastiques - Serge Lifar","isPartOf":{"@id":"https:\/\/dev2023.sergelifar.org\/en\/#website"},"datePublished":"2023-02-12T15:55:28+00:00","dateModified":"2024-03-11T10:51:52+00:00","breadcrumb":{"@id":"https:\/\/www.sergelifar.org\/en\/choregraphies\/autres-ballets\/les-noces-fantastiques\/#breadcrumb"},"inLanguage":"en-US","potentialAction":[{"@type":"ReadAction","target":["https:\/\/www.sergelifar.org\/en\/choregraphies\/autres-ballets\/les-noces-fantastiques\/"]}]},{"@type":"BreadcrumbList","@id":"https:\/\/www.sergelifar.org\/en\/choregraphies\/autres-ballets\/les-noces-fantastiques\/#breadcrumb","itemListElement":[{"@type":"ListItem","position":1,"name":"Accueil","item":"https:\/\/dev2023.sergelifar.org\/en\/"},{"@type":"ListItem","position":2,"name":"Choreographies","item":"https:\/\/www.sergelifar.org\/en\/choregraphies\/"},{"@type":"ListItem","position":3,"name":"Autres ballets","item":"https:\/\/www.sergelifar.org\/en\/choregraphies\/autres-ballets\/"},{"@type":"ListItem","position":4,"name":"Les Noces fantastiques"}]},{"@type":"WebSite","@id":"https:\/\/dev2023.sergelifar.org\/en\/#website","url":"https:\/\/dev2023.sergelifar.org\/en\/","name":"Serge Lifar","description":"Site officiel de la Fondation Serge Lifar","potentialAction":[{"@type":"SearchAction","target":{"@type":"EntryPoint","urlTemplate":"https:\/\/dev2023.sergelifar.org\/en\/?s={search_term_string}"},"query-input":{"@type":"PropertyValueSpecification","valueRequired":true,"valueName":"search_term_string"}}],"inLanguage":"en-US"}]}},"_links":{"self":[{"href":"https:\/\/www.sergelifar.org\/en\/wp-json\/wp\/v2\/pages\/6674","targetHints":{"allow":["GET"]}}],"collection":[{"href":"https:\/\/www.sergelifar.org\/en\/wp-json\/wp\/v2\/pages"}],"about":[{"href":"https:\/\/www.sergelifar.org\/en\/wp-json\/wp\/v2\/types\/page"}],"author":[{"embeddable":true,"href":"https:\/\/www.sergelifar.org\/en\/wp-json\/wp\/v2\/users\/2"}],"replies":[{"embeddable":true,"href":"https:\/\/www.sergelifar.org\/en\/wp-json\/wp\/v2\/comments?post=6674"}],"version-history":[{"count":3,"href":"https:\/\/www.sergelifar.org\/en\/wp-json\/wp\/v2\/pages\/6674\/revisions"}],"predecessor-version":[{"id":7088,"href":"https:\/\/www.sergelifar.org\/en\/wp-json\/wp\/v2\/pages\/6674\/revisions\/7088"}],"up":[{"embeddable":true,"href":"https:\/\/www.sergelifar.org\/en\/wp-json\/wp\/v2\/pages\/7158"}],"wp:attachment":[{"href":"https:\/\/www.sergelifar.org\/en\/wp-json\/wp\/v2\/media?parent=6674"}],"curies":[{"name":"wp","href":"https:\/\/api.w.org\/{rel}","templated":true}]}}