{"id":6666,"date":"2023-02-12T16:04:16","date_gmt":"2023-02-12T16:04:16","guid":{"rendered":"https:\/\/dev2023.sergelifar.org\/choregraphies\/francesca-da-rimini\/"},"modified":"2024-06-12T10:41:24","modified_gmt":"2024-06-12T08:41:24","slug":"francesca-da-rimini","status":"publish","type":"page","link":"https:\/\/www.sergelifar.org\/en\/choregraphies\/autres-ballets\/francesca-da-rimini\/","title":{"rendered":"Francesca da Rimini"},"content":{"rendered":"<div id=\"pl-6666\"  class=\"panel-layout\" ><div id=\"pg-6666-0\"  class=\"panel-grid panel-no-style\" ><div id=\"pgc-6666-0-0\"  class=\"panel-grid-cell\" ><div id=\"panel-6666-0-0-0\" class=\"so-panel widget widget_sow-editor panel-first-child panel-last-child\" data-index=\"0\" ><div\n\t\t\t\n\t\t\tclass=\"so-widget-sow-editor so-widget-sow-editor-base\"\n\t\t\t\n\t\t>\n<div class=\"siteorigin-widget-tinymce textwidget\">\n\t<p>Ballet en 2 \u00e9pisodes avec prologue et \u00e9pilogue<\/p>\n<p>Premi\u00e8re : le 3 octobre 1958 au Th\u00e9\u00e2tre des Champs-Elys\u00e9es<\/p>\n<p>Musique : Piotr Ilitch Tcha\u00efkovski<\/p>\n<p>Argument&nbsp;(ou livret) : Serge Lifar d\u2019apr\u00e8s Dante Alighieri<\/p>\n<p>D\u00e9cors&nbsp;et costumes&nbsp;: F\u00e9lix Labisse<\/p>\n<p>Principaux interpr\u00e8tes&nbsp;: Juan Giuliano (Paul), L\u00e9on de Pian (le Duc), H\u00e9l\u00e8ne Tra\u00efline (Francesca)<\/p>\n<p style=\"text-align: center;\">* * * * * * * *<\/p>\n<p>\u00ab En dehors de l\u2019Op\u00e9ra, Serge Lifar a r\u00e9gl\u00e9 au Th\u00e9\u00e2tre des Champs-Elys\u00e9es pour le <em>Ballet de France<\/em> de Janine Charrat&nbsp;: <em>Francesca da Rimini<\/em>, ballet en deux \u00e9pisodes d\u2019apr\u00e8s Dante. Musique de Tcha\u00efkovski. D\u00e9cors et costume de F\u00e9lix Labisse.<\/p>\n<p>L\u2019argument est de Serge Lifar, chor\u00e9auteur. Dante guid\u00e9 par Virgile entre aux enfers, o\u00f9 ils voient le spectacle douloureux et tragique&nbsp;: deux \u00eatres expient leurs fautes terrestres, la faute du c\u0153ur. Francesca, \u00e0 la demande de Dante, lui raconte le drame. Une f\u00eate dans un ch\u00e2teau du Nord de l\u2019Italie&nbsp;; le duc de Rimini, sa femme Francesca et le fr\u00e8re du duc, Paul, participent joyeusement \u00e0 la festivit\u00e9. Francesca est belle, le duc est laid, Paul est beau\u2026 Solitude de la duchesse, qui est prise par la lecture\u2026 Entre Paul\u2026 C\u2019est ainsi la lecture partag\u00e9e. Dans un m\u00eame \u00e9lan, deux \u00eatres se rapprochent, ils luttent pour s\u2019\u00e9loigner l\u2019un de l\u2019autre, mais, de nouveau, plus violemment, ils ont \u00e9t\u00e9 domin\u00e9s par l\u2019extase de l\u2019\u00e2me et du corps \u2026 et ce sont les premiers baisers\u2026 c\u2019est la faute&nbsp;! Le duc les surprend et les tue d\u2019un seul coup tous les deux. Au cours de l\u2019\u00e9pilogue, les \u00e2mes unies pour toujours des deux amants souffrent devant Dante prostern\u00e9 de douleur.<\/p>\n<p>Francesca, l\u2019\u00e9pouse du duc de Rimini, \u00e9tait incarn\u00e9e par H\u00e9l\u00e8ne Tra\u00efline, Paul, le fr\u00e8re du duc, par Juan Giuliano, excellent danseur classique d\u2019origine espagnole. Le r\u00f4le le plus ingrat du duc de Rimini \u00e9tait interpr\u00e9t\u00e9 par L\u00e9on de Pian. \u00bb<\/p>\n<p><em>Serge Lifar r\u00e9novateur du ballet fran\u00e7ais<\/em> par Jean Laurent et Julie Sazonova, Buchet\/Chastel Corr\u00eaa, Paris, 1960 (p. 228)<\/p>\n<p>&nbsp;<\/p>\n<\/div>\n<\/div><\/div><\/div><\/div><\/div>","protected":false},"excerpt":{"rendered":"<p>Ballet en 2 \u00e9pisodes avec prologue et \u00e9pilogue Premi\u00e8re : le 3 octobre 1958 au Th\u00e9\u00e2tre des Champs-Elys\u00e9es Musique : Piotr Ilitch Tcha\u00efkovski Argument&nbsp;(ou livret) : Serge Lifar d\u2019apr\u00e8s Dante Alighieri D\u00e9cors&nbsp;et costumes&nbsp;: F\u00e9lix Labisse Principaux interpr\u00e8tes&nbsp;: Juan Giuliano (Paul), L\u00e9on de Pian (le Duc), H\u00e9l\u00e8ne Tra\u00efline (Francesca) * * * * * * * <\/p>\n","protected":false},"author":2,"featured_media":0,"parent":7158,"menu_order":0,"comment_status":"closed","ping_status":"closed","template":"template-sousmenu.php","meta":{"_acf_changed":false,"ngg_post_thumbnail":0,"footnotes":""},"class_list":["post-6666","page","type-page","status-publish","hentry"],"acf":[],"yoast_head":"<!-- This site is optimized with the Yoast SEO plugin v27.3 - https:\/\/yoast.com\/product\/yoast-seo-wordpress\/ -->\n<title>Francesca da Rimini - Serge Lifar<\/title>\n<meta name=\"robots\" content=\"index, follow, max-snippet:-1, max-image-preview:large, max-video-preview:-1\" \/>\n<link rel=\"canonical\" href=\"https:\/\/www.sergelifar.org\/en\/choregraphies\/autres-ballets\/francesca-da-rimini\/\" \/>\n<meta property=\"og:locale\" content=\"en_US\" \/>\n<meta property=\"og:type\" content=\"article\" \/>\n<meta property=\"og:title\" content=\"Francesca da Rimini - Serge Lifar\" \/>\n<meta property=\"og:description\" content=\"Ballet en 2 \u00e9pisodes avec prologue et \u00e9pilogue Premi\u00e8re : le 3 octobre 1958 au Th\u00e9\u00e2tre des Champs-Elys\u00e9es Musique : Piotr Ilitch Tcha\u00efkovski Argument&nbsp;(ou livret) : Serge Lifar d\u2019apr\u00e8s Dante Alighieri D\u00e9cors&nbsp;et costumes&nbsp;: F\u00e9lix Labisse Principaux interpr\u00e8tes&nbsp;: Juan Giuliano (Paul), L\u00e9on de Pian (le Duc), H\u00e9l\u00e8ne Tra\u00efline (Francesca) * * * * * * *\" \/>\n<meta property=\"og:url\" content=\"https:\/\/www.sergelifar.org\/en\/choregraphies\/autres-ballets\/francesca-da-rimini\/\" \/>\n<meta property=\"og:site_name\" content=\"Serge Lifar\" \/>\n<meta property=\"article:modified_time\" content=\"2024-06-12T08:41:24+00:00\" \/>\n<meta name=\"twitter:card\" content=\"summary_large_image\" \/>\n<meta name=\"twitter:label1\" content=\"Est. reading time\" \/>\n\t<meta name=\"twitter:data1\" content=\"2 minutes\" \/>\n<script type=\"application\/ld+json\" class=\"yoast-schema-graph\">{\"@context\":\"https:\\\/\\\/schema.org\",\"@graph\":[{\"@type\":\"WebPage\",\"@id\":\"https:\\\/\\\/www.sergelifar.org\\\/en\\\/choregraphies\\\/autres-ballets\\\/francesca-da-rimini\\\/\",\"url\":\"https:\\\/\\\/www.sergelifar.org\\\/en\\\/choregraphies\\\/autres-ballets\\\/francesca-da-rimini\\\/\",\"name\":\"Francesca da Rimini - Serge Lifar\",\"isPartOf\":{\"@id\":\"https:\\\/\\\/dev2023.sergelifar.org\\\/en\\\/#website\"},\"datePublished\":\"2023-02-12T16:04:16+00:00\",\"dateModified\":\"2024-06-12T08:41:24+00:00\",\"breadcrumb\":{\"@id\":\"https:\\\/\\\/www.sergelifar.org\\\/en\\\/choregraphies\\\/autres-ballets\\\/francesca-da-rimini\\\/#breadcrumb\"},\"inLanguage\":\"en-US\",\"potentialAction\":[{\"@type\":\"ReadAction\",\"target\":[\"https:\\\/\\\/www.sergelifar.org\\\/en\\\/choregraphies\\\/autres-ballets\\\/francesca-da-rimini\\\/\"]}]},{\"@type\":\"BreadcrumbList\",\"@id\":\"https:\\\/\\\/www.sergelifar.org\\\/en\\\/choregraphies\\\/autres-ballets\\\/francesca-da-rimini\\\/#breadcrumb\",\"itemListElement\":[{\"@type\":\"ListItem\",\"position\":1,\"name\":\"Accueil\",\"item\":\"https:\\\/\\\/dev2023.sergelifar.org\\\/en\\\/\"},{\"@type\":\"ListItem\",\"position\":2,\"name\":\"Choreographies\",\"item\":\"https:\\\/\\\/www.sergelifar.org\\\/en\\\/choregraphies\\\/\"},{\"@type\":\"ListItem\",\"position\":3,\"name\":\"Autres ballets\",\"item\":\"https:\\\/\\\/www.sergelifar.org\\\/en\\\/choregraphies\\\/autres-ballets\\\/\"},{\"@type\":\"ListItem\",\"position\":4,\"name\":\"Francesca da Rimini\"}]},{\"@type\":\"WebSite\",\"@id\":\"https:\\\/\\\/dev2023.sergelifar.org\\\/en\\\/#website\",\"url\":\"https:\\\/\\\/dev2023.sergelifar.org\\\/en\\\/\",\"name\":\"Serge Lifar\",\"description\":\"Site officiel de la Fondation Serge Lifar\",\"potentialAction\":[{\"@type\":\"SearchAction\",\"target\":{\"@type\":\"EntryPoint\",\"urlTemplate\":\"https:\\\/\\\/dev2023.sergelifar.org\\\/en\\\/?s={search_term_string}\"},\"query-input\":{\"@type\":\"PropertyValueSpecification\",\"valueRequired\":true,\"valueName\":\"search_term_string\"}}],\"inLanguage\":\"en-US\"}]}<\/script>\n<!-- \/ Yoast SEO plugin. -->","yoast_head_json":{"title":"Francesca da Rimini - Serge Lifar","robots":{"index":"index","follow":"follow","max-snippet":"max-snippet:-1","max-image-preview":"max-image-preview:large","max-video-preview":"max-video-preview:-1"},"canonical":"https:\/\/www.sergelifar.org\/en\/choregraphies\/autres-ballets\/francesca-da-rimini\/","og_locale":"en_US","og_type":"article","og_title":"Francesca da Rimini - Serge Lifar","og_description":"Ballet en 2 \u00e9pisodes avec prologue et \u00e9pilogue Premi\u00e8re : le 3 octobre 1958 au Th\u00e9\u00e2tre des Champs-Elys\u00e9es Musique : Piotr Ilitch Tcha\u00efkovski Argument&nbsp;(ou livret) : Serge Lifar d\u2019apr\u00e8s Dante Alighieri D\u00e9cors&nbsp;et costumes&nbsp;: F\u00e9lix Labisse Principaux interpr\u00e8tes&nbsp;: Juan Giuliano (Paul), L\u00e9on de Pian (le Duc), H\u00e9l\u00e8ne Tra\u00efline (Francesca) * * * * * * *","og_url":"https:\/\/www.sergelifar.org\/en\/choregraphies\/autres-ballets\/francesca-da-rimini\/","og_site_name":"Serge Lifar","article_modified_time":"2024-06-12T08:41:24+00:00","twitter_card":"summary_large_image","twitter_misc":{"Est. reading time":"2 minutes"},"schema":{"@context":"https:\/\/schema.org","@graph":[{"@type":"WebPage","@id":"https:\/\/www.sergelifar.org\/en\/choregraphies\/autres-ballets\/francesca-da-rimini\/","url":"https:\/\/www.sergelifar.org\/en\/choregraphies\/autres-ballets\/francesca-da-rimini\/","name":"Francesca da Rimini - Serge Lifar","isPartOf":{"@id":"https:\/\/dev2023.sergelifar.org\/en\/#website"},"datePublished":"2023-02-12T16:04:16+00:00","dateModified":"2024-06-12T08:41:24+00:00","breadcrumb":{"@id":"https:\/\/www.sergelifar.org\/en\/choregraphies\/autres-ballets\/francesca-da-rimini\/#breadcrumb"},"inLanguage":"en-US","potentialAction":[{"@type":"ReadAction","target":["https:\/\/www.sergelifar.org\/en\/choregraphies\/autres-ballets\/francesca-da-rimini\/"]}]},{"@type":"BreadcrumbList","@id":"https:\/\/www.sergelifar.org\/en\/choregraphies\/autres-ballets\/francesca-da-rimini\/#breadcrumb","itemListElement":[{"@type":"ListItem","position":1,"name":"Accueil","item":"https:\/\/dev2023.sergelifar.org\/en\/"},{"@type":"ListItem","position":2,"name":"Choreographies","item":"https:\/\/www.sergelifar.org\/en\/choregraphies\/"},{"@type":"ListItem","position":3,"name":"Autres ballets","item":"https:\/\/www.sergelifar.org\/en\/choregraphies\/autres-ballets\/"},{"@type":"ListItem","position":4,"name":"Francesca da Rimini"}]},{"@type":"WebSite","@id":"https:\/\/dev2023.sergelifar.org\/en\/#website","url":"https:\/\/dev2023.sergelifar.org\/en\/","name":"Serge Lifar","description":"Site officiel de la Fondation Serge Lifar","potentialAction":[{"@type":"SearchAction","target":{"@type":"EntryPoint","urlTemplate":"https:\/\/dev2023.sergelifar.org\/en\/?s={search_term_string}"},"query-input":{"@type":"PropertyValueSpecification","valueRequired":true,"valueName":"search_term_string"}}],"inLanguage":"en-US"}]}},"_links":{"self":[{"href":"https:\/\/www.sergelifar.org\/en\/wp-json\/wp\/v2\/pages\/6666","targetHints":{"allow":["GET"]}}],"collection":[{"href":"https:\/\/www.sergelifar.org\/en\/wp-json\/wp\/v2\/pages"}],"about":[{"href":"https:\/\/www.sergelifar.org\/en\/wp-json\/wp\/v2\/types\/page"}],"author":[{"embeddable":true,"href":"https:\/\/www.sergelifar.org\/en\/wp-json\/wp\/v2\/users\/2"}],"replies":[{"embeddable":true,"href":"https:\/\/www.sergelifar.org\/en\/wp-json\/wp\/v2\/comments?post=6666"}],"version-history":[{"count":5,"href":"https:\/\/www.sergelifar.org\/en\/wp-json\/wp\/v2\/pages\/6666\/revisions"}],"predecessor-version":[{"id":7400,"href":"https:\/\/www.sergelifar.org\/en\/wp-json\/wp\/v2\/pages\/6666\/revisions\/7400"}],"up":[{"embeddable":true,"href":"https:\/\/www.sergelifar.org\/en\/wp-json\/wp\/v2\/pages\/7158"}],"wp:attachment":[{"href":"https:\/\/www.sergelifar.org\/en\/wp-json\/wp\/v2\/media?parent=6666"}],"curies":[{"name":"wp","href":"https:\/\/api.w.org\/{rel}","templated":true}]}}