{"id":6638,"date":"2024-01-17T11:40:30","date_gmt":"2024-01-17T10:40:30","guid":{"rendered":"https:\/\/dev2023.sergelifar.org\/choregraphies\/le-chevalier-errant\/"},"modified":"2025-03-19T10:35:17","modified_gmt":"2025-03-19T09:35:17","slug":"le-chevalier-errant","status":"publish","type":"page","link":"https:\/\/www.sergelifar.org\/en\/choregraphies\/autres-ballets\/le-chevalier-errant\/","title":{"rendered":"Le Chevalier errant"},"content":{"rendered":"<div id=\"pl-6638\"  class=\"panel-layout\" ><div id=\"pg-6638-0\"  class=\"panel-grid panel-no-style\" ><div id=\"pgc-6638-0-0\"  class=\"panel-grid-cell\" ><div id=\"panel-6638-0-0-0\" class=\"so-panel widget widget_sow-editor panel-first-child panel-last-child\" data-index=\"0\" ><div\n\t\t\t\n\t\t\tclass=\"so-widget-sow-editor so-widget-sow-editor-base\"\n\t\t\t\n\t\t>\n<div class=\"siteorigin-widget-tinymce textwidget\">\n\t<p>Chor\u00e9odrame en 2 actes et 1 tableau avec ch\u0153urs<\/p>\n<p>Premi\u00e8re : le 26 avril 1950<\/p>\n<p>Musique&nbsp;: Jacques Ibert<\/p>\n<p>Argument&nbsp;(ou livret) : Elisabeth de Gramont (Po\u00e8mes d\u2019Alexandre Arnoux)<\/p>\n<p>D\u00e9cors&nbsp;et costumes&nbsp;: Pedro Flores<\/p>\n<p>Direction musicale&nbsp;: Louis Fourestier<\/p>\n<p>Principaux interpr\u00e8tes : Jean-Paul Andr\u00e9ani, Pierre Duprez, Nicolas Efimoff, Lucien Legrand (les Chevaliers), Micheline Bardin, Espanita Cortez, Lycette Darsonval, Christiane Vaussard (les Dulcin\u00e9es), Serge Lifar (le Chevalier errant)<\/p>\n<p style=\"text-align: center;\">* * * * * * * *&nbsp;<\/p>\n<p>&nbsp;\u00ab&nbsp;A la cr\u00e9ation du <em>Chevalier errant<\/em>, l\u2019oratorio de Jacques Ibert, Lifar avait dans\u00e9 le r\u00f4le de Don Quichotte. A la reprise, en 1955, il le laissa \u00e0 Peter Van Dijk.<\/p>\n<p>[\u2026] La variation du Chevalier sur son cheval imaginaire \u00e9voquait une r\u00eaverie triste et solitaire, d\u2019o\u00f9 il \u00e9tait tir\u00e9 par Dulcin\u00e9e qui le replongeait dans l\u2019exaltation de l\u2019espoir. La lutte avec le moulin qui sous nos yeux prenait l\u2019aspect d\u2019un monstre crachant du feu, et la mort glorieuse du h\u00e9ros, offraient une nouvelle version sc\u00e9nique de Don Quichotte, qui se rapprochait du r\u00f4le du Chevalier dans les autres \u0153uvres de Lifar, tels que <em>Oriane et le Prince d\u2019Amour<\/em>, <em>Le Chevalier et la Damoiselle<\/em>.<\/p>\n<p>Serge Lifar incarna <em>Le Chevalier Errant<\/em> avec une noblesse, une \u00e9l\u00e9gance, une virtuosit\u00e9 calme et un sens parfait du style. Les Dulcin\u00e9es, en se succ\u00e9dant, apportaient la gaiet\u00e9 et la joie de vivre \u00e0 l\u2019homme plong\u00e9 dans ses tourments.<\/p>\n<p>La mort apparaissait sous les traits d\u2019un personnage \u00e9trange qui dansait autour de Don Quichotte. Apr\u00e8s l\u2019enl\u00e8vement du corps, Don Quichotte ressuscitait en haut de la tour&nbsp;: ayant quitt\u00e9 sa d\u00e9pouille mortelle, il redevenait celui qu\u2019il \u00e9tait dans ses r\u00eaves. Et l\u2019\u00e9pop\u00e9e du Chevalier s\u2019achevait non sur son humiliation, mais sur l\u2019exaltation du h\u00e9ros promis \u00e0 l\u2019immortalit\u00e9.<\/p>\n<p>[\u2026] Ce \u00ab&nbsp;chor\u00e9odrame&nbsp;\u00bb qui s\u2019apparente \u00e0 la fois \u00e0 la danse, \u00e0 la com\u00e9die dramatique et au mimodrame, ne manque pas de grandeur&nbsp;: la chor\u00e9graphie de Serge Lifar \u00e9tait un m\u00e9lange de lyrisme, de drame et de po\u00e9sie.<\/p>\n<p>La pr\u00e9sence sc\u00e9nique que r\u00e9clame le h\u00e9ros de Cervant\u00e8s \u2013 ici v\u00e9ritable r\u00e9dempteur, un peu fou, un peu sage, mais seule \u00e2me dans le monde \u00e9prise de g\u00e9n\u00e9rosit\u00e9, de sacrifice et d\u2019id\u00e9al \u2013 exige de l\u2019interpr\u00e8te du <em>Chevalier Errant<\/em> des qualit\u00e9s si diverses qu\u2019il para\u00eet presque impossible de les r\u00e9unir en un seul \u00eatre.<\/p>\n<p>[\u2026] La partition de Jacques Ibert est d\u2019une vari\u00e9t\u00e9 \u00e9tonnante. Elle fut tr\u00e8s justement acclam\u00e9e, comme les d\u00e9cors de Flores. \u00bb<\/p>\n<p><em>Serge Lifar r\u00e9novateur du ballet fran\u00e7ais<\/em> par Jean Laurent et Julie Sazonova, Buchet\/Chastel Corr\u00eaa, Paris, 1960 (pp. 173-174)<\/p>\n<p>&nbsp;<\/p>\n<\/div>\n<\/div><\/div><\/div><\/div><\/div>","protected":false},"excerpt":{"rendered":"<p>Chor\u00e9odrame en 2 actes et 1 tableau avec ch\u0153urs Premi\u00e8re : le 26 avril 1950 Musique&nbsp;: Jacques Ibert Argument&nbsp;(ou livret) : Elisabeth de Gramont (Po\u00e8mes d\u2019Alexandre Arnoux) D\u00e9cors&nbsp;et costumes&nbsp;: Pedro Flores Direction musicale&nbsp;: Louis Fourestier Principaux interpr\u00e8tes : Jean-Paul Andr\u00e9ani, Pierre Duprez, Nicolas Efimoff, Lucien Legrand (les Chevaliers), Micheline Bardin, Espanita Cortez, Lycette Darsonval, Christiane <\/p>\n","protected":false},"author":2,"featured_media":0,"parent":7158,"menu_order":0,"comment_status":"closed","ping_status":"closed","template":"template-sousmenu.php","meta":{"_acf_changed":false,"ngg_post_thumbnail":0,"footnotes":""},"class_list":["post-6638","page","type-page","status-publish","hentry"],"acf":[],"yoast_head":"<!-- This site is optimized with the Yoast SEO plugin v27.3 - https:\/\/yoast.com\/product\/yoast-seo-wordpress\/ -->\n<title>Le Chevalier errant - Serge Lifar<\/title>\n<meta name=\"robots\" content=\"index, follow, max-snippet:-1, max-image-preview:large, max-video-preview:-1\" \/>\n<link rel=\"canonical\" href=\"https:\/\/www.sergelifar.org\/en\/choregraphies\/autres-ballets\/le-chevalier-errant\/\" \/>\n<meta property=\"og:locale\" content=\"en_US\" \/>\n<meta property=\"og:type\" content=\"article\" \/>\n<meta property=\"og:title\" content=\"Le Chevalier errant - Serge Lifar\" \/>\n<meta property=\"og:description\" content=\"Chor\u00e9odrame en 2 actes et 1 tableau avec ch\u0153urs Premi\u00e8re : le 26 avril 1950 Musique&nbsp;: Jacques Ibert Argument&nbsp;(ou livret) : Elisabeth de Gramont (Po\u00e8mes d\u2019Alexandre Arnoux) D\u00e9cors&nbsp;et costumes&nbsp;: Pedro Flores Direction musicale&nbsp;: Louis Fourestier Principaux interpr\u00e8tes : Jean-Paul Andr\u00e9ani, Pierre Duprez, Nicolas Efimoff, Lucien Legrand (les Chevaliers), Micheline Bardin, Espanita Cortez, Lycette Darsonval, Christiane\" \/>\n<meta property=\"og:url\" content=\"https:\/\/www.sergelifar.org\/en\/choregraphies\/autres-ballets\/le-chevalier-errant\/\" \/>\n<meta property=\"og:site_name\" content=\"Serge Lifar\" \/>\n<meta property=\"article:modified_time\" content=\"2025-03-19T09:35:17+00:00\" \/>\n<meta name=\"twitter:card\" content=\"summary_large_image\" \/>\n<meta name=\"twitter:label1\" content=\"Est. reading time\" \/>\n\t<meta name=\"twitter:data1\" content=\"3 minutes\" \/>\n<script type=\"application\/ld+json\" class=\"yoast-schema-graph\">{\"@context\":\"https:\\\/\\\/schema.org\",\"@graph\":[{\"@type\":\"WebPage\",\"@id\":\"https:\\\/\\\/www.sergelifar.org\\\/en\\\/choregraphies\\\/autres-ballets\\\/le-chevalier-errant\\\/\",\"url\":\"https:\\\/\\\/www.sergelifar.org\\\/en\\\/choregraphies\\\/autres-ballets\\\/le-chevalier-errant\\\/\",\"name\":\"Le Chevalier errant - Serge Lifar\",\"isPartOf\":{\"@id\":\"https:\\\/\\\/dev2023.sergelifar.org\\\/en\\\/#website\"},\"datePublished\":\"2024-01-17T10:40:30+00:00\",\"dateModified\":\"2025-03-19T09:35:17+00:00\",\"breadcrumb\":{\"@id\":\"https:\\\/\\\/www.sergelifar.org\\\/en\\\/choregraphies\\\/autres-ballets\\\/le-chevalier-errant\\\/#breadcrumb\"},\"inLanguage\":\"en-US\",\"potentialAction\":[{\"@type\":\"ReadAction\",\"target\":[\"https:\\\/\\\/www.sergelifar.org\\\/en\\\/choregraphies\\\/autres-ballets\\\/le-chevalier-errant\\\/\"]}]},{\"@type\":\"BreadcrumbList\",\"@id\":\"https:\\\/\\\/www.sergelifar.org\\\/en\\\/choregraphies\\\/autres-ballets\\\/le-chevalier-errant\\\/#breadcrumb\",\"itemListElement\":[{\"@type\":\"ListItem\",\"position\":1,\"name\":\"Accueil\",\"item\":\"https:\\\/\\\/dev2023.sergelifar.org\\\/en\\\/\"},{\"@type\":\"ListItem\",\"position\":2,\"name\":\"Choreographies\",\"item\":\"https:\\\/\\\/www.sergelifar.org\\\/en\\\/choregraphies\\\/\"},{\"@type\":\"ListItem\",\"position\":3,\"name\":\"Autres ballets\",\"item\":\"https:\\\/\\\/www.sergelifar.org\\\/en\\\/choregraphies\\\/autres-ballets\\\/\"},{\"@type\":\"ListItem\",\"position\":4,\"name\":\"Le Chevalier errant\"}]},{\"@type\":\"WebSite\",\"@id\":\"https:\\\/\\\/dev2023.sergelifar.org\\\/en\\\/#website\",\"url\":\"https:\\\/\\\/dev2023.sergelifar.org\\\/en\\\/\",\"name\":\"Serge Lifar\",\"description\":\"Site officiel de la Fondation Serge Lifar\",\"potentialAction\":[{\"@type\":\"SearchAction\",\"target\":{\"@type\":\"EntryPoint\",\"urlTemplate\":\"https:\\\/\\\/dev2023.sergelifar.org\\\/en\\\/?s={search_term_string}\"},\"query-input\":{\"@type\":\"PropertyValueSpecification\",\"valueRequired\":true,\"valueName\":\"search_term_string\"}}],\"inLanguage\":\"en-US\"}]}<\/script>\n<!-- \/ Yoast SEO plugin. -->","yoast_head_json":{"title":"Le Chevalier errant - Serge Lifar","robots":{"index":"index","follow":"follow","max-snippet":"max-snippet:-1","max-image-preview":"max-image-preview:large","max-video-preview":"max-video-preview:-1"},"canonical":"https:\/\/www.sergelifar.org\/en\/choregraphies\/autres-ballets\/le-chevalier-errant\/","og_locale":"en_US","og_type":"article","og_title":"Le Chevalier errant - Serge Lifar","og_description":"Chor\u00e9odrame en 2 actes et 1 tableau avec ch\u0153urs Premi\u00e8re : le 26 avril 1950 Musique&nbsp;: Jacques Ibert Argument&nbsp;(ou livret) : Elisabeth de Gramont (Po\u00e8mes d\u2019Alexandre Arnoux) D\u00e9cors&nbsp;et costumes&nbsp;: Pedro Flores Direction musicale&nbsp;: Louis Fourestier Principaux interpr\u00e8tes : Jean-Paul Andr\u00e9ani, Pierre Duprez, Nicolas Efimoff, Lucien Legrand (les Chevaliers), Micheline Bardin, Espanita Cortez, Lycette Darsonval, Christiane","og_url":"https:\/\/www.sergelifar.org\/en\/choregraphies\/autres-ballets\/le-chevalier-errant\/","og_site_name":"Serge Lifar","article_modified_time":"2025-03-19T09:35:17+00:00","twitter_card":"summary_large_image","twitter_misc":{"Est. reading time":"3 minutes"},"schema":{"@context":"https:\/\/schema.org","@graph":[{"@type":"WebPage","@id":"https:\/\/www.sergelifar.org\/en\/choregraphies\/autres-ballets\/le-chevalier-errant\/","url":"https:\/\/www.sergelifar.org\/en\/choregraphies\/autres-ballets\/le-chevalier-errant\/","name":"Le Chevalier errant - Serge Lifar","isPartOf":{"@id":"https:\/\/dev2023.sergelifar.org\/en\/#website"},"datePublished":"2024-01-17T10:40:30+00:00","dateModified":"2025-03-19T09:35:17+00:00","breadcrumb":{"@id":"https:\/\/www.sergelifar.org\/en\/choregraphies\/autres-ballets\/le-chevalier-errant\/#breadcrumb"},"inLanguage":"en-US","potentialAction":[{"@type":"ReadAction","target":["https:\/\/www.sergelifar.org\/en\/choregraphies\/autres-ballets\/le-chevalier-errant\/"]}]},{"@type":"BreadcrumbList","@id":"https:\/\/www.sergelifar.org\/en\/choregraphies\/autres-ballets\/le-chevalier-errant\/#breadcrumb","itemListElement":[{"@type":"ListItem","position":1,"name":"Accueil","item":"https:\/\/dev2023.sergelifar.org\/en\/"},{"@type":"ListItem","position":2,"name":"Choreographies","item":"https:\/\/www.sergelifar.org\/en\/choregraphies\/"},{"@type":"ListItem","position":3,"name":"Autres ballets","item":"https:\/\/www.sergelifar.org\/en\/choregraphies\/autres-ballets\/"},{"@type":"ListItem","position":4,"name":"Le Chevalier errant"}]},{"@type":"WebSite","@id":"https:\/\/dev2023.sergelifar.org\/en\/#website","url":"https:\/\/dev2023.sergelifar.org\/en\/","name":"Serge Lifar","description":"Site officiel de la Fondation Serge Lifar","potentialAction":[{"@type":"SearchAction","target":{"@type":"EntryPoint","urlTemplate":"https:\/\/dev2023.sergelifar.org\/en\/?s={search_term_string}"},"query-input":{"@type":"PropertyValueSpecification","valueRequired":true,"valueName":"search_term_string"}}],"inLanguage":"en-US"}]}},"_links":{"self":[{"href":"https:\/\/www.sergelifar.org\/en\/wp-json\/wp\/v2\/pages\/6638","targetHints":{"allow":["GET"]}}],"collection":[{"href":"https:\/\/www.sergelifar.org\/en\/wp-json\/wp\/v2\/pages"}],"about":[{"href":"https:\/\/www.sergelifar.org\/en\/wp-json\/wp\/v2\/types\/page"}],"author":[{"embeddable":true,"href":"https:\/\/www.sergelifar.org\/en\/wp-json\/wp\/v2\/users\/2"}],"replies":[{"embeddable":true,"href":"https:\/\/www.sergelifar.org\/en\/wp-json\/wp\/v2\/comments?post=6638"}],"version-history":[{"count":6,"href":"https:\/\/www.sergelifar.org\/en\/wp-json\/wp\/v2\/pages\/6638\/revisions"}],"predecessor-version":[{"id":8039,"href":"https:\/\/www.sergelifar.org\/en\/wp-json\/wp\/v2\/pages\/6638\/revisions\/8039"}],"up":[{"embeddable":true,"href":"https:\/\/www.sergelifar.org\/en\/wp-json\/wp\/v2\/pages\/7158"}],"wp:attachment":[{"href":"https:\/\/www.sergelifar.org\/en\/wp-json\/wp\/v2\/media?parent=6638"}],"curies":[{"name":"wp","href":"https:\/\/api.w.org\/{rel}","templated":true}]}}