{"id":6439,"date":"2024-01-17T11:52:44","date_gmt":"2024-01-17T10:52:44","guid":{"rendered":"https:\/\/dev2023.sergelifar.org\/choregraphies\/lucifer\/"},"modified":"2025-07-29T15:10:44","modified_gmt":"2025-07-29T13:10:44","slug":"lucifer","status":"publish","type":"page","link":"https:\/\/www.sergelifar.org\/en\/choregraphies\/autres-ballets\/lucifer\/","title":{"rendered":"Lucifer"},"content":{"rendered":"<div id=\"pl-6439\"  class=\"panel-layout\" ><div id=\"pg-6439-0\"  class=\"panel-grid panel-no-style\" ><div id=\"pgc-6439-0-0\"  class=\"panel-grid-cell\" ><div id=\"panel-6439-0-0-0\" class=\"so-panel widget widget_sow-editor panel-first-child panel-last-child\" data-index=\"0\" ><div\n\t\t\t\n\t\t\tclass=\"so-widget-sow-editor so-widget-sow-editor-base\"\n\t\t\t\n\t\t>\n<div class=\"siteorigin-widget-tinymce textwidget\">\n\t<p>Premi\u00e8re : le 15 d\u00e9cembre 1948 \u00e0 l\u2019Op\u00e9ra de Paris<\/p>\n<p>Musique&nbsp;: Claude Delvincourt<\/p>\n<p>Argument&nbsp;(ou livret) : Ren\u00e9 Dumesnil<\/p>\n<p>D\u00e9cors&nbsp;et costumes&nbsp;: Yves Brayer<\/p>\n<p>Direction musicale&nbsp;: Louis Fourestier<\/p>\n<p>Principaux interpr\u00e8tes : Denise Bourgeois (Zillah), Max Bozzoni (Abel), Lycette Darsonval (La Princesse infernale), Paulette Dynalix (Adah), Nicolas Efimoff (Ca\u00efn), Jeannette Gerodez, Madeleine Lafon (Eve), Lucien Legrand (Adam), Jacqueline Moreau (l\u2019Ange d\u00e9chu), Michel Renault (l\u2019Archange), Georgette Rigel, Roger Ritz (Lucifer), Odette Sianina, Rita Thalia<\/p>\n<p style=\"text-align: center;\">* * * * * * * *<\/p>\n<p><em>\u00ab&nbsp;Lucifer<\/em> [\u2026] est moins un ballet qu\u2019un \u00ab&nbsp;mimodrame&nbsp;\u00bb, un \u00ab&nbsp;drame plastique&nbsp;\u00bb. L\u2019argument de Ren\u00e9 Dumesnil y est expos\u00e9 au moyen d\u2019une v\u00e9ritable <em>pantomime corporelle<\/em> qui, tant qu\u2019il s\u2019agit d\u2019Adam et d\u2019Eve, de Ca\u00efn et d\u2019Abel, rel\u00e8ve du \u00ab&nbsp;terre \u00e0 terre&nbsp;\u00bb dont toute virtuosit\u00e9 est bannie et qui est dans\u00e9e sur le th\u00e8me gr\u00e9gorien chant\u00e9 par les solistes et les ch\u0153urs. Au contraire, dans l\u2019\u00e9pisode de l\u2019enfer, la danse reprend tous ses droits, c\u2019est un ballet macabre illustr\u00e9 par des masques, \u00e0 la mani\u00e8re de Breughel et de Bosch. Les rythmes sont fr\u00e9n\u00e9tiques, d\u00e9cha\u00een\u00e9s et la chor\u00e9graphie y trouve la mati\u00e8re propre \u00e0 assurer le plein relief de son expression dynamique. Le myst\u00e8re se termine sur une vision d\u2019apaisement, o\u00f9 la belle partition de Claude Delvincourt assure, \u00e0 travers une obsession rythmique pleine de grandeur, la possibilit\u00e9 d\u2019exprimer par la danse, et seulement par la danse, la fin des \u00ab&nbsp;tourments terrestres&nbsp;\u00bb.<\/p>\n<p><em>Lucifer<\/em>, un peu trop complexe et dramatique peut-\u00eatre, un peu trop sombre aussi, a marqu\u00e9 la fin d\u2019une p\u00e9riode \u00ab mystique \u00bb et, par l\u2019obligation o\u00f9 il me mettait de comprimer parfois la danse au profit d\u2019une grandiose et hi\u00e9ratique mise en sc\u00e8ne, m\u2019a inspir\u00e9 le d\u00e9sir de retrouver le visage plus all\u00e8gre de la \u00ab danse qui danse \u00bb. A quoi depuis, je me suis attach\u00e9. \u00bb<\/p>\n<p>Serge Lifar, <em>Le livre de la danse<\/em>, Les Editions du Journal Musical Fran\u00e7ais, Paris, 1954 (pp. 198-199)<\/p>\nngg_shortcode_0_placeholder\n<\/div>\n<\/div><\/div><\/div><\/div><\/div>","protected":false},"excerpt":{"rendered":"<p>Premi\u00e8re : le 15 d\u00e9cembre 1948 \u00e0 l\u2019Op\u00e9ra de Paris Musique&nbsp;: Claude Delvincourt Argument&nbsp;(ou livret) : Ren\u00e9 Dumesnil D\u00e9cors&nbsp;et costumes&nbsp;: Yves Brayer Direction musicale&nbsp;: Louis Fourestier Principaux interpr\u00e8tes : Denise Bourgeois (Zillah), Max Bozzoni (Abel), Lycette Darsonval (La Princesse infernale), Paulette Dynalix (Adah), Nicolas Efimoff (Ca\u00efn), Jeannette Gerodez, Madeleine Lafon (Eve), Lucien Legrand (Adam), Jacqueline <\/p>\n","protected":false},"author":2,"featured_media":0,"parent":7158,"menu_order":0,"comment_status":"closed","ping_status":"closed","template":"template-sousmenu.php","meta":{"_acf_changed":false,"ngg_post_thumbnail":0,"footnotes":""},"class_list":["post-6439","page","type-page","status-publish","hentry"],"acf":[],"yoast_head":"<!-- This site is optimized with the Yoast SEO plugin v27.3 - https:\/\/yoast.com\/product\/yoast-seo-wordpress\/ -->\n<title>Lucifer - Serge Lifar<\/title>\n<meta name=\"robots\" content=\"index, follow, max-snippet:-1, max-image-preview:large, max-video-preview:-1\" \/>\n<link rel=\"canonical\" href=\"https:\/\/www.sergelifar.org\/en\/choregraphies\/autres-ballets\/lucifer\/\" \/>\n<meta property=\"og:locale\" content=\"en_US\" \/>\n<meta property=\"og:type\" content=\"article\" \/>\n<meta property=\"og:title\" content=\"Lucifer - Serge Lifar\" \/>\n<meta property=\"og:description\" content=\"Premi\u00e8re : le 15 d\u00e9cembre 1948 \u00e0 l\u2019Op\u00e9ra de Paris Musique&nbsp;: Claude Delvincourt Argument&nbsp;(ou livret) : Ren\u00e9 Dumesnil D\u00e9cors&nbsp;et costumes&nbsp;: Yves Brayer Direction musicale&nbsp;: Louis Fourestier Principaux interpr\u00e8tes : Denise Bourgeois (Zillah), Max Bozzoni (Abel), Lycette Darsonval (La Princesse infernale), Paulette Dynalix (Adah), Nicolas Efimoff (Ca\u00efn), Jeannette Gerodez, Madeleine Lafon (Eve), Lucien Legrand (Adam), Jacqueline\" \/>\n<meta property=\"og:url\" content=\"https:\/\/www.sergelifar.org\/en\/choregraphies\/autres-ballets\/lucifer\/\" \/>\n<meta property=\"og:site_name\" content=\"Serge Lifar\" \/>\n<meta property=\"article:modified_time\" content=\"2025-07-29T13:10:44+00:00\" \/>\n<meta name=\"twitter:card\" content=\"summary_large_image\" \/>\n<script type=\"application\/ld+json\" class=\"yoast-schema-graph\">{\"@context\":\"https:\\\/\\\/schema.org\",\"@graph\":[{\"@type\":\"WebPage\",\"@id\":\"https:\\\/\\\/www.sergelifar.org\\\/en\\\/choregraphies\\\/autres-ballets\\\/lucifer\\\/\",\"url\":\"https:\\\/\\\/www.sergelifar.org\\\/en\\\/choregraphies\\\/autres-ballets\\\/lucifer\\\/\",\"name\":\"Lucifer - Serge Lifar\",\"isPartOf\":{\"@id\":\"https:\\\/\\\/dev2023.sergelifar.org\\\/en\\\/#website\"},\"datePublished\":\"2024-01-17T10:52:44+00:00\",\"dateModified\":\"2025-07-29T13:10:44+00:00\",\"breadcrumb\":{\"@id\":\"https:\\\/\\\/www.sergelifar.org\\\/en\\\/choregraphies\\\/autres-ballets\\\/lucifer\\\/#breadcrumb\"},\"inLanguage\":\"en-US\",\"potentialAction\":[{\"@type\":\"ReadAction\",\"target\":[\"https:\\\/\\\/www.sergelifar.org\\\/en\\\/choregraphies\\\/autres-ballets\\\/lucifer\\\/\"]}]},{\"@type\":\"BreadcrumbList\",\"@id\":\"https:\\\/\\\/www.sergelifar.org\\\/en\\\/choregraphies\\\/autres-ballets\\\/lucifer\\\/#breadcrumb\",\"itemListElement\":[{\"@type\":\"ListItem\",\"position\":1,\"name\":\"Accueil\",\"item\":\"https:\\\/\\\/dev2023.sergelifar.org\\\/en\\\/\"},{\"@type\":\"ListItem\",\"position\":2,\"name\":\"Choreographies\",\"item\":\"https:\\\/\\\/www.sergelifar.org\\\/en\\\/choregraphies\\\/\"},{\"@type\":\"ListItem\",\"position\":3,\"name\":\"Autres ballets\",\"item\":\"https:\\\/\\\/www.sergelifar.org\\\/en\\\/choregraphies\\\/autres-ballets\\\/\"},{\"@type\":\"ListItem\",\"position\":4,\"name\":\"Lucifer\"}]},{\"@type\":\"WebSite\",\"@id\":\"https:\\\/\\\/dev2023.sergelifar.org\\\/en\\\/#website\",\"url\":\"https:\\\/\\\/dev2023.sergelifar.org\\\/en\\\/\",\"name\":\"Serge Lifar\",\"description\":\"Site officiel de la Fondation Serge Lifar\",\"potentialAction\":[{\"@type\":\"SearchAction\",\"target\":{\"@type\":\"EntryPoint\",\"urlTemplate\":\"https:\\\/\\\/dev2023.sergelifar.org\\\/en\\\/?s={search_term_string}\"},\"query-input\":{\"@type\":\"PropertyValueSpecification\",\"valueRequired\":true,\"valueName\":\"search_term_string\"}}],\"inLanguage\":\"en-US\"}]}<\/script>\n<!-- \/ Yoast SEO plugin. -->","yoast_head_json":{"title":"Lucifer - Serge Lifar","robots":{"index":"index","follow":"follow","max-snippet":"max-snippet:-1","max-image-preview":"max-image-preview:large","max-video-preview":"max-video-preview:-1"},"canonical":"https:\/\/www.sergelifar.org\/en\/choregraphies\/autres-ballets\/lucifer\/","og_locale":"en_US","og_type":"article","og_title":"Lucifer - Serge Lifar","og_description":"Premi\u00e8re : le 15 d\u00e9cembre 1948 \u00e0 l\u2019Op\u00e9ra de Paris Musique&nbsp;: Claude Delvincourt Argument&nbsp;(ou livret) : Ren\u00e9 Dumesnil D\u00e9cors&nbsp;et costumes&nbsp;: Yves Brayer Direction musicale&nbsp;: Louis Fourestier Principaux interpr\u00e8tes : Denise Bourgeois (Zillah), Max Bozzoni (Abel), Lycette Darsonval (La Princesse infernale), Paulette Dynalix (Adah), Nicolas Efimoff (Ca\u00efn), Jeannette Gerodez, Madeleine Lafon (Eve), Lucien Legrand (Adam), Jacqueline","og_url":"https:\/\/www.sergelifar.org\/en\/choregraphies\/autres-ballets\/lucifer\/","og_site_name":"Serge Lifar","article_modified_time":"2025-07-29T13:10:44+00:00","twitter_card":"summary_large_image","schema":{"@context":"https:\/\/schema.org","@graph":[{"@type":"WebPage","@id":"https:\/\/www.sergelifar.org\/en\/choregraphies\/autres-ballets\/lucifer\/","url":"https:\/\/www.sergelifar.org\/en\/choregraphies\/autres-ballets\/lucifer\/","name":"Lucifer - Serge Lifar","isPartOf":{"@id":"https:\/\/dev2023.sergelifar.org\/en\/#website"},"datePublished":"2024-01-17T10:52:44+00:00","dateModified":"2025-07-29T13:10:44+00:00","breadcrumb":{"@id":"https:\/\/www.sergelifar.org\/en\/choregraphies\/autres-ballets\/lucifer\/#breadcrumb"},"inLanguage":"en-US","potentialAction":[{"@type":"ReadAction","target":["https:\/\/www.sergelifar.org\/en\/choregraphies\/autres-ballets\/lucifer\/"]}]},{"@type":"BreadcrumbList","@id":"https:\/\/www.sergelifar.org\/en\/choregraphies\/autres-ballets\/lucifer\/#breadcrumb","itemListElement":[{"@type":"ListItem","position":1,"name":"Accueil","item":"https:\/\/dev2023.sergelifar.org\/en\/"},{"@type":"ListItem","position":2,"name":"Choreographies","item":"https:\/\/www.sergelifar.org\/en\/choregraphies\/"},{"@type":"ListItem","position":3,"name":"Autres ballets","item":"https:\/\/www.sergelifar.org\/en\/choregraphies\/autres-ballets\/"},{"@type":"ListItem","position":4,"name":"Lucifer"}]},{"@type":"WebSite","@id":"https:\/\/dev2023.sergelifar.org\/en\/#website","url":"https:\/\/dev2023.sergelifar.org\/en\/","name":"Serge Lifar","description":"Site officiel de la Fondation Serge Lifar","potentialAction":[{"@type":"SearchAction","target":{"@type":"EntryPoint","urlTemplate":"https:\/\/dev2023.sergelifar.org\/en\/?s={search_term_string}"},"query-input":{"@type":"PropertyValueSpecification","valueRequired":true,"valueName":"search_term_string"}}],"inLanguage":"en-US"}]}},"_links":{"self":[{"href":"https:\/\/www.sergelifar.org\/en\/wp-json\/wp\/v2\/pages\/6439","targetHints":{"allow":["GET"]}}],"collection":[{"href":"https:\/\/www.sergelifar.org\/en\/wp-json\/wp\/v2\/pages"}],"about":[{"href":"https:\/\/www.sergelifar.org\/en\/wp-json\/wp\/v2\/types\/page"}],"author":[{"embeddable":true,"href":"https:\/\/www.sergelifar.org\/en\/wp-json\/wp\/v2\/users\/2"}],"replies":[{"embeddable":true,"href":"https:\/\/www.sergelifar.org\/en\/wp-json\/wp\/v2\/comments?post=6439"}],"version-history":[{"count":10,"href":"https:\/\/www.sergelifar.org\/en\/wp-json\/wp\/v2\/pages\/6439\/revisions"}],"predecessor-version":[{"id":8265,"href":"https:\/\/www.sergelifar.org\/en\/wp-json\/wp\/v2\/pages\/6439\/revisions\/8265"}],"up":[{"embeddable":true,"href":"https:\/\/www.sergelifar.org\/en\/wp-json\/wp\/v2\/pages\/7158"}],"wp:attachment":[{"href":"https:\/\/www.sergelifar.org\/en\/wp-json\/wp\/v2\/media?parent=6439"}],"curies":[{"name":"wp","href":"https:\/\/api.w.org\/{rel}","templated":true}]}}