{"id":6434,"date":"2024-01-17T11:51:02","date_gmt":"2024-01-17T10:51:02","guid":{"rendered":"https:\/\/dev2023.sergelifar.org\/choregraphies\/dramma-per-musica\/"},"modified":"2025-03-19T10:34:09","modified_gmt":"2025-03-19T09:34:09","slug":"dramma-per-musica","status":"publish","type":"page","link":"https:\/\/www.sergelifar.org\/en\/choregraphies\/autres-ballets\/dramma-per-musica\/","title":{"rendered":"Dramma per musica"},"content":{"rendered":"<div id=\"pl-6434\"  class=\"panel-layout\" ><div id=\"pg-6434-0\"  class=\"panel-grid panel-no-style\" ><div id=\"pgc-6434-0-0\"  class=\"panel-grid-cell\" ><div id=\"panel-6434-0-0-0\" class=\"so-panel widget widget_sow-editor panel-first-child panel-last-child\" data-index=\"0\" ><div\n\t\t\t\n\t\t\tclass=\"so-widget-sow-editor so-widget-sow-editor-base\"\n\t\t\t\n\t\t>\n<div class=\"siteorigin-widget-tinymce textwidget\">\n\t<p>Ballet en 1 acte avec ch\u0153urs &nbsp;<\/p>\n<p>Premi\u00e8re : le 2 mai 1946 \u00e0 Monte-Carlo par le Nouveau Ballet de Monte-Carlo<\/p>\n<p>Musique&nbsp;: Jean-S\u00e9bastien Bach<\/p>\n<p>Argument&nbsp;(ou livret) : Fran\u00e7ois Michel<\/p>\n<p>D\u00e9cors&nbsp;et costumes&nbsp;: Marolois et Cassandre<\/p>\n<p>Direction musicale&nbsp;: Grunberg<\/p>\n<p>Principaux interpr\u00e8tes&nbsp;: Edmond Audran (le Messager), Yvette Chauvir\u00e9 (la Dame), Alexandre Kalioujny, Boris Tra\u00efline<\/p>\n<p style=\"text-align: center;\">* * * * * * * *<\/p>\n<p>&nbsp;\u00ab&nbsp;Il s\u2019agit de la premi\u00e8re \u0153uvre importante r\u00e9alis\u00e9e par Serge Lifar en dehors de l\u2019Op\u00e9ra de Paris.&nbsp;\u00bb<\/p>\n<p><em>Dictionnaire du ballet moderne<\/em>, Fernand Hazan, Paris, 1957<\/p>\n<p style=\"text-align: center;\">* * * * * * * *<\/p>\n<p>\u00ab&nbsp;Au moment de composer cette \u0153uvre sur la plus sublime des musiques \u2013 une cantate profane de Bach, - j\u2019ai \u00e9prouv\u00e9 une \u00e9motion qui confinait au mysticisme. Aucun musicien n\u2019a pouss\u00e9 plus loin que lui la virtuosit\u00e9 architecturale qui rend son art tellement proche de la plus haute science chor\u00e9graphique. Pour moi, je ne con\u00e7ois point qu\u2019on puisse vivre sans Bach&nbsp;: j\u2019ai toujours trouv\u00e9 dans la pr\u00e9tendue abstraction de sa forme la plus grande richesse d\u2019\u00e9motion et de sentiment. Et j\u2019y ai toujours d\u00e9couvert une \u00e9troite parent\u00e9 avec la danse. En effet, dans tout ce qu\u2019il compose \u2013 dans toutes ses cath\u00e9drales gothiques que vainement on s\u2019escrime \u00e0 reconstruire \u2013 Bach se souvient des deux grandes sources de la musique&nbsp;: l\u2019Eglise et le peuple, c\u2019est-\u00e0-dire le chant grave de l\u2019orgue et de la danse. Organiste, sa pens\u00e9e est \u00e0 plusieurs claviers, \u00e0 plusieurs plans&nbsp;; comme un ballet.<\/p>\n<p>Une partition de Bach&nbsp;? Des notes qui dansent, non pas au hasard de la plume, mais selon une chor\u00e9graphie parfaitement, sciemment, rigoureusement organis\u00e9e. Des notes qui dansent entre les port\u00e9es et qui chantent \u00e0 l\u2019oreille, toujours avec le m\u00eame souci de rigoureuse exactitude g\u00e9om\u00e9trique. Il suffit donc de les entendre et de lire entre les port\u00e9es pour \u00e9prouver spontan\u00e9ment le besoin de traduire ce qu\u2019elles inscrivent, de plaquer dans l\u2019espace les accords qu\u2019elles d\u00e9coupent sur les claviers.<\/p>\n<p>Bach et la Danse : un retour aux sources ! \u00bb<\/p>\n<p>Serge Lifar, <em>Le livre de la danse<\/em>, Les Editions du Journal Musical Fran\u00e7ais, Paris, 1954, p. 206<\/p>\nngg_shortcode_0_placeholder\n<\/div>\n<\/div><\/div><\/div><\/div><\/div>","protected":false},"excerpt":{"rendered":"<p>Ballet en 1 acte avec ch\u0153urs &nbsp; Premi\u00e8re : le 2 mai 1946 \u00e0 Monte-Carlo par le Nouveau Ballet de Monte-Carlo Musique&nbsp;: Jean-S\u00e9bastien Bach Argument&nbsp;(ou livret) : Fran\u00e7ois Michel D\u00e9cors&nbsp;et costumes&nbsp;: Marolois et Cassandre Direction musicale&nbsp;: Grunberg Principaux interpr\u00e8tes&nbsp;: Edmond Audran (le Messager), Yvette Chauvir\u00e9 (la Dame), Alexandre Kalioujny, Boris Tra\u00efline * * * * <\/p>\n","protected":false},"author":2,"featured_media":0,"parent":7158,"menu_order":0,"comment_status":"closed","ping_status":"closed","template":"template-sousmenu.php","meta":{"_acf_changed":false,"ngg_post_thumbnail":0,"footnotes":""},"class_list":["post-6434","page","type-page","status-publish","hentry"],"acf":[],"yoast_head":"<!-- This site is optimized with the Yoast SEO plugin v27.3 - https:\/\/yoast.com\/product\/yoast-seo-wordpress\/ -->\n<title>Dramma per musica - Serge Lifar<\/title>\n<meta name=\"robots\" content=\"index, follow, max-snippet:-1, max-image-preview:large, max-video-preview:-1\" \/>\n<link rel=\"canonical\" href=\"https:\/\/www.sergelifar.org\/en\/choregraphies\/autres-ballets\/dramma-per-musica\/\" \/>\n<meta property=\"og:locale\" content=\"en_US\" \/>\n<meta property=\"og:type\" content=\"article\" \/>\n<meta property=\"og:title\" content=\"Dramma per musica - Serge Lifar\" \/>\n<meta property=\"og:description\" content=\"Ballet en 1 acte avec ch\u0153urs &nbsp; Premi\u00e8re : le 2 mai 1946 \u00e0 Monte-Carlo par le Nouveau Ballet de Monte-Carlo Musique&nbsp;: Jean-S\u00e9bastien Bach Argument&nbsp;(ou livret) : Fran\u00e7ois Michel D\u00e9cors&nbsp;et costumes&nbsp;: Marolois et Cassandre Direction musicale&nbsp;: Grunberg Principaux interpr\u00e8tes&nbsp;: Edmond Audran (le Messager), Yvette Chauvir\u00e9 (la Dame), Alexandre Kalioujny, Boris Tra\u00efline * * * *\" \/>\n<meta property=\"og:url\" content=\"https:\/\/www.sergelifar.org\/en\/choregraphies\/autres-ballets\/dramma-per-musica\/\" \/>\n<meta property=\"og:site_name\" content=\"Serge Lifar\" \/>\n<meta property=\"article:modified_time\" content=\"2025-03-19T09:34:09+00:00\" \/>\n<meta name=\"twitter:card\" content=\"summary_large_image\" \/>\n<script type=\"application\/ld+json\" class=\"yoast-schema-graph\">{\"@context\":\"https:\\\/\\\/schema.org\",\"@graph\":[{\"@type\":\"WebPage\",\"@id\":\"https:\\\/\\\/www.sergelifar.org\\\/en\\\/choregraphies\\\/autres-ballets\\\/dramma-per-musica\\\/\",\"url\":\"https:\\\/\\\/www.sergelifar.org\\\/en\\\/choregraphies\\\/autres-ballets\\\/dramma-per-musica\\\/\",\"name\":\"Dramma per musica - Serge Lifar\",\"isPartOf\":{\"@id\":\"https:\\\/\\\/dev2023.sergelifar.org\\\/en\\\/#website\"},\"datePublished\":\"2024-01-17T10:51:02+00:00\",\"dateModified\":\"2025-03-19T09:34:09+00:00\",\"breadcrumb\":{\"@id\":\"https:\\\/\\\/www.sergelifar.org\\\/en\\\/choregraphies\\\/autres-ballets\\\/dramma-per-musica\\\/#breadcrumb\"},\"inLanguage\":\"en-US\",\"potentialAction\":[{\"@type\":\"ReadAction\",\"target\":[\"https:\\\/\\\/www.sergelifar.org\\\/en\\\/choregraphies\\\/autres-ballets\\\/dramma-per-musica\\\/\"]}]},{\"@type\":\"BreadcrumbList\",\"@id\":\"https:\\\/\\\/www.sergelifar.org\\\/en\\\/choregraphies\\\/autres-ballets\\\/dramma-per-musica\\\/#breadcrumb\",\"itemListElement\":[{\"@type\":\"ListItem\",\"position\":1,\"name\":\"Accueil\",\"item\":\"https:\\\/\\\/dev2023.sergelifar.org\\\/en\\\/\"},{\"@type\":\"ListItem\",\"position\":2,\"name\":\"Choreographies\",\"item\":\"https:\\\/\\\/www.sergelifar.org\\\/en\\\/choregraphies\\\/\"},{\"@type\":\"ListItem\",\"position\":3,\"name\":\"Autres ballets\",\"item\":\"https:\\\/\\\/www.sergelifar.org\\\/en\\\/choregraphies\\\/autres-ballets\\\/\"},{\"@type\":\"ListItem\",\"position\":4,\"name\":\"Dramma per musica\"}]},{\"@type\":\"WebSite\",\"@id\":\"https:\\\/\\\/dev2023.sergelifar.org\\\/en\\\/#website\",\"url\":\"https:\\\/\\\/dev2023.sergelifar.org\\\/en\\\/\",\"name\":\"Serge Lifar\",\"description\":\"Site officiel de la Fondation Serge Lifar\",\"potentialAction\":[{\"@type\":\"SearchAction\",\"target\":{\"@type\":\"EntryPoint\",\"urlTemplate\":\"https:\\\/\\\/dev2023.sergelifar.org\\\/en\\\/?s={search_term_string}\"},\"query-input\":{\"@type\":\"PropertyValueSpecification\",\"valueRequired\":true,\"valueName\":\"search_term_string\"}}],\"inLanguage\":\"en-US\"}]}<\/script>\n<!-- \/ Yoast SEO plugin. -->","yoast_head_json":{"title":"Dramma per musica - Serge Lifar","robots":{"index":"index","follow":"follow","max-snippet":"max-snippet:-1","max-image-preview":"max-image-preview:large","max-video-preview":"max-video-preview:-1"},"canonical":"https:\/\/www.sergelifar.org\/en\/choregraphies\/autres-ballets\/dramma-per-musica\/","og_locale":"en_US","og_type":"article","og_title":"Dramma per musica - Serge Lifar","og_description":"Ballet en 1 acte avec ch\u0153urs &nbsp; Premi\u00e8re : le 2 mai 1946 \u00e0 Monte-Carlo par le Nouveau Ballet de Monte-Carlo Musique&nbsp;: Jean-S\u00e9bastien Bach Argument&nbsp;(ou livret) : Fran\u00e7ois Michel D\u00e9cors&nbsp;et costumes&nbsp;: Marolois et Cassandre Direction musicale&nbsp;: Grunberg Principaux interpr\u00e8tes&nbsp;: Edmond Audran (le Messager), Yvette Chauvir\u00e9 (la Dame), Alexandre Kalioujny, Boris Tra\u00efline * * * *","og_url":"https:\/\/www.sergelifar.org\/en\/choregraphies\/autres-ballets\/dramma-per-musica\/","og_site_name":"Serge Lifar","article_modified_time":"2025-03-19T09:34:09+00:00","twitter_card":"summary_large_image","schema":{"@context":"https:\/\/schema.org","@graph":[{"@type":"WebPage","@id":"https:\/\/www.sergelifar.org\/en\/choregraphies\/autres-ballets\/dramma-per-musica\/","url":"https:\/\/www.sergelifar.org\/en\/choregraphies\/autres-ballets\/dramma-per-musica\/","name":"Dramma per musica - Serge Lifar","isPartOf":{"@id":"https:\/\/dev2023.sergelifar.org\/en\/#website"},"datePublished":"2024-01-17T10:51:02+00:00","dateModified":"2025-03-19T09:34:09+00:00","breadcrumb":{"@id":"https:\/\/www.sergelifar.org\/en\/choregraphies\/autres-ballets\/dramma-per-musica\/#breadcrumb"},"inLanguage":"en-US","potentialAction":[{"@type":"ReadAction","target":["https:\/\/www.sergelifar.org\/en\/choregraphies\/autres-ballets\/dramma-per-musica\/"]}]},{"@type":"BreadcrumbList","@id":"https:\/\/www.sergelifar.org\/en\/choregraphies\/autres-ballets\/dramma-per-musica\/#breadcrumb","itemListElement":[{"@type":"ListItem","position":1,"name":"Accueil","item":"https:\/\/dev2023.sergelifar.org\/en\/"},{"@type":"ListItem","position":2,"name":"Choreographies","item":"https:\/\/www.sergelifar.org\/en\/choregraphies\/"},{"@type":"ListItem","position":3,"name":"Autres ballets","item":"https:\/\/www.sergelifar.org\/en\/choregraphies\/autres-ballets\/"},{"@type":"ListItem","position":4,"name":"Dramma per musica"}]},{"@type":"WebSite","@id":"https:\/\/dev2023.sergelifar.org\/en\/#website","url":"https:\/\/dev2023.sergelifar.org\/en\/","name":"Serge Lifar","description":"Site officiel de la Fondation Serge Lifar","potentialAction":[{"@type":"SearchAction","target":{"@type":"EntryPoint","urlTemplate":"https:\/\/dev2023.sergelifar.org\/en\/?s={search_term_string}"},"query-input":{"@type":"PropertyValueSpecification","valueRequired":true,"valueName":"search_term_string"}}],"inLanguage":"en-US"}]}},"_links":{"self":[{"href":"https:\/\/www.sergelifar.org\/en\/wp-json\/wp\/v2\/pages\/6434","targetHints":{"allow":["GET"]}}],"collection":[{"href":"https:\/\/www.sergelifar.org\/en\/wp-json\/wp\/v2\/pages"}],"about":[{"href":"https:\/\/www.sergelifar.org\/en\/wp-json\/wp\/v2\/types\/page"}],"author":[{"embeddable":true,"href":"https:\/\/www.sergelifar.org\/en\/wp-json\/wp\/v2\/users\/2"}],"replies":[{"embeddable":true,"href":"https:\/\/www.sergelifar.org\/en\/wp-json\/wp\/v2\/comments?post=6434"}],"version-history":[{"count":8,"href":"https:\/\/www.sergelifar.org\/en\/wp-json\/wp\/v2\/pages\/6434\/revisions"}],"predecessor-version":[{"id":8031,"href":"https:\/\/www.sergelifar.org\/en\/wp-json\/wp\/v2\/pages\/6434\/revisions\/8031"}],"up":[{"embeddable":true,"href":"https:\/\/www.sergelifar.org\/en\/wp-json\/wp\/v2\/pages\/7158"}],"wp:attachment":[{"href":"https:\/\/www.sergelifar.org\/en\/wp-json\/wp\/v2\/media?parent=6434"}],"curies":[{"name":"wp","href":"https:\/\/api.w.org\/{rel}","templated":true}]}}