{"id":64,"date":"2012-05-04T06:37:54","date_gmt":"2012-05-04T06:37:54","guid":{"rendered":"http:\/\/www.sergelifar.org\/?page_id=64"},"modified":"2023-08-28T17:14:46","modified_gmt":"2023-08-28T15:14:46","slug":"bibliography","status":"publish","type":"page","link":"https:\/\/www.sergelifar.org\/en\/biography\/bibliography\/","title":{"rendered":"Bibliography"},"content":{"rendered":"<div id=\"pl-64\"  class=\"panel-layout\" ><div id=\"pg-64-0\"  class=\"panel-grid panel-no-style\" ><div id=\"pgc-64-0-0\"  class=\"panel-grid-cell\" ><div id=\"panel-64-0-0-0\" class=\"so-panel widget widget_sow-image panel-first-child panel-last-child\" data-index=\"0\" ><div\n\t\t\t\n\t\t\tclass=\"so-widget-sow-image so-widget-sow-image-default-8b5b6f678277-64\"\n\t\t\t\n\t\t>\n<div class=\"sow-image-container\">\n\t\t<img \n\tsrc=\"https:\/\/www.sergelifar.org\/wp-content\/uploads\/2012\/05\/Capture.jpg\" width=\"250\" height=\"401\" srcset=\"https:\/\/www.sergelifar.org\/wp-content\/uploads\/2012\/05\/Capture.jpg 250w, https:\/\/www.sergelifar.org\/wp-content\/uploads\/2012\/05\/Capture-187x300.jpg 187w\" sizes=\"(max-width: 250px) 100vw, 250px\" title=\"capture\" alt=\"Serge Lifar\" \t\tclass=\"so-widget-image\"\/>\n\t<\/div>\n\n<\/div><\/div><\/div><div id=\"pgc-64-0-1\"  class=\"panel-grid-cell\" ><div id=\"panel-64-0-1-0\" class=\"so-panel widget widget_sow-editor panel-first-child panel-last-child\" data-index=\"1\" ><div\n\t\t\t\n\t\t\tclass=\"so-widget-sow-editor so-widget-sow-editor-base\"\n\t\t\t\n\t\t><h2 class=\"widget-title\">Books by Serge Lifar<\/h2>\n<div class=\"siteorigin-widget-tinymce textwidget\">\n\t<ul>\n<li style=\"text-align: left;\">Le manifeste du chor\u00e9graphe (Imprimerie Coop. Etoile) 1935<\/li>\n<li style=\"text-align: left;\">Du temps que j\u2019avais faim (Ed. Stock) 1935<\/li>\n<li style=\"text-align: left;\">La Danse. Les grands courants de la danse acad\u00e9mique (Ed. Deno\u00ebl) 1935<\/li>\n<li style=\"text-align: left;\">Carlotta Grisi (Ed. Michel Albin) 1941<\/li>\n<li style=\"text-align: left;\">Giselle : Apoth\u00e9ose du ballet romantique (Ed. Michel Albin) 1942<\/li>\n<li style=\"text-align: left;\">Terpsychore dans le cort\u00e8ge des muses (Ed. Pierre Lagrange) 1943<\/li>\n<li style=\"text-align: left;\">Pens\u00e9es sur la Danse Pr\u00e9face de Paul Val\u00e9ry, illustrations d\u2019Aristide Maillol (Ed. Bordas) 1946<\/li>\n<li style=\"text-align: left;\">\u00a0Trait\u00e9 de danse acad\u00e9mique (Ed. Bordas) 1949<\/li>\n<li style=\"text-align: left;\">A l\u2019aube de mon destin chez Diaghilev. Sept ans aux Ballets russes (Ed. Michel Albin) 1949<\/li>\n<li style=\"text-align: left;\">Auguste Vestris, \u201cle Dieu de la Danse\u201d (Ed. Nagel) 1950<\/li>\n<li style=\"text-align: left;\">\u00a0Histoire du Ballet russe, depuis les origines \u00e0 nos jours (Ed. Nagel) 1950<\/li>\n<li style=\"text-align: left;\">Trait\u00e9 de Chor\u00e9graphie (Ed. Bordas) 1952<\/li>\n<li style=\"text-align: left;\">Serge de Diaghilev, sa vie, son \u0153uvre, sa l\u00e9gende (Ed. Le Rocher) 1954<\/li>\n<li style=\"text-align: left;\">La musique par la danse, de Lully \u00e0 Prokofiev (Ed. Robert Laffont) 1955<\/li>\n<li style=\"text-align: left;\">Les Trois Gr\u00e2ces du XXe si\u00e8cle. L\u00e9gendes et v\u00e9rit\u00e9s (Ed. Corr\u00eaa) 1957<\/li>\n<li style=\"text-align: left;\">Ma Vie (Ed. Julliard) 1965<\/li>\n<li style=\"text-align: left;\">La Danse (La Danse acad\u00e9mique et l\u2019Art chor\u00e9graphique) (Ed. Gonthier) 1965<\/li>\n<li style=\"text-align: left;\">Les m\u00e9moires d\u2019Icare (Ed. Sauret) 1993<\/li>\n<\/ul>\n<\/div>\n<\/div><\/div><\/div><\/div><div id=\"pg-64-1\"  class=\"panel-grid panel-no-style\" ><div id=\"pgc-64-1-0\"  class=\"panel-grid-cell\" ><div id=\"panel-64-1-0-0\" class=\"so-panel widget widget_sow-image panel-first-child panel-last-child\" data-index=\"2\" ><div\n\t\t\t\n\t\t\tclass=\"so-widget-sow-image so-widget-sow-image-default-8b5b6f678277-64\"\n\t\t\t\n\t\t>\n<div class=\"sow-image-container\">\n\t\t<img \n\tsrc=\"https:\/\/www.sergelifar.org\/wp-content\/uploads\/2012\/05\/e4e2e9a983b050e0a5cce28b5832a7007b977f54.jpg\" width=\"212\" height=\"318\" srcset=\"https:\/\/www.sergelifar.org\/wp-content\/uploads\/2012\/05\/e4e2e9a983b050e0a5cce28b5832a7007b977f54.jpg 212w, https:\/\/www.sergelifar.org\/wp-content\/uploads\/2012\/05\/e4e2e9a983b050e0a5cce28b5832a7007b977f54-200x300.jpg 200w\" sizes=\"(max-width: 212px) 100vw, 212px\" alt=\"Serge Lifar\" \t\tclass=\"so-widget-image\"\/>\n\t<\/div>\n\n<\/div><\/div><\/div><div id=\"pgc-64-1-1\"  class=\"panel-grid-cell\" ><div id=\"panel-64-1-1-0\" class=\"so-panel widget widget_sow-editor panel-first-child panel-last-child\" data-index=\"3\" ><div\n\t\t\t\n\t\t\tclass=\"so-widget-sow-editor so-widget-sow-editor-base\"\n\t\t\t\n\t\t><h2 class=\"widget-title\">Books about Serge Lifar<\/h2>\n<div class=\"siteorigin-widget-tinymce textwidget\">\n\t<ul>\n<li>Andr\u00e9 Levinson, Serge Lifar: Destin d\u2019un danseur, (Ed Grasset) 1934<\/li>\n<li>Gropius et Servane, A la rencontre de Serge Lifar, (Ed. La Sixaine) 1947<\/li>\n<li>Rostislav Hofmann, Serge Lifar et son ballet, (Ed. Journal Musical Fran\u00e7ais) 1953<\/li>\n<li>Jean Laurent &amp; Julie Sazanova, Serge Lifar, r\u00e9novateur du ballet fran\u00e7ais, (Ed. Buchet-Chastel) 1960<\/li>\n<li>Alexander Schouvaloff, The Art of Ballets Russes: The Serge Lifar Collection of Theater Designs, Costumes, and Paintings at the Wadsworth Atheneum, (Ed. Yale University) 1998<\/li>\n<li>Marie-Fran\u00e7oise Christout et Brigitte Lef\u00e8vre, Serge Lifar \u00e0 l\u2019Op\u00e9ra, (Ed. de la Martini\u00e8re) 2006<\/li>\n<li>Florence Poudru, Serge Lifar : la danse pour patrie, (Ed. Hermann) 2007<\/li>\n<li>Jean-Pierre Pastori, Serge Lifar\u00a0: la beaut\u00e9 du diable (Ed. Favre) 2009<\/li>\n<\/ul>\n<\/div>\n<\/div><\/div><\/div><\/div><div id=\"pg-64-2\"  class=\"panel-grid panel-no-style\" ><div id=\"pgc-64-2-0\"  class=\"panel-grid-cell\" ><div id=\"panel-64-2-0-0\" class=\"so-panel widget widget_sow-image panel-first-child panel-last-child\" data-index=\"4\" ><div\n\t\t\t\n\t\t\tclass=\"so-widget-sow-image so-widget-sow-image-default-8b5b6f678277-64\"\n\t\t\t\n\t\t><\/div><\/div><\/div><div id=\"pgc-64-2-1\"  class=\"panel-grid-cell\" ><div id=\"panel-64-2-1-0\" class=\"so-panel widget widget_sow-editor panel-first-child panel-last-child\" data-index=\"5\" ><div\n\t\t\t\n\t\t\tclass=\"so-widget-sow-editor so-widget-sow-editor-base\"\n\t\t\t\n\t\t><h2 class=\"widget-title\">Catalogues et revues<\/h2>\n<div class=\"siteorigin-widget-tinymce textwidget\">\n\t<ul>\n<li>&nbsp;<\/li>\n<\/ul>\n<\/div>\n<\/div><\/div><\/div><\/div><\/div>","protected":false},"excerpt":{"rendered":"<p>Le manifeste du chor\u00e9graphe (Imprimerie Coop. Etoile) 1935Du temps que j\u2019avais faim (Ed. Stock) 1935La Danse. Les grands courants de la danse acad\u00e9mique (Ed. Deno\u00ebl) 1935Carlotta Grisi (Ed. Michel Albin) 1941Giselle : Apoth\u00e9ose du ballet romantique (Ed. Michel Albin) 1942Terpsychore dans le cort\u00e8ge des muses (Ed. Pierre Lagrange) 1943Pens\u00e9es sur la Danse Pr\u00e9face de Paul <\/p>\n","protected":false},"author":2,"featured_media":0,"parent":4,"menu_order":120,"comment_status":"closed","ping_status":"closed","template":"","meta":{"_acf_changed":false,"ngg_post_thumbnail":0,"footnotes":""},"class_list":["post-64","page","type-page","status-publish","hentry"],"acf":[],"yoast_head":"<!-- This site is optimized with the Yoast SEO plugin v27.4 - https:\/\/yoast.com\/product\/yoast-seo-wordpress\/ -->\n<title>Bibliography - Serge Lifar<\/title>\n<meta name=\"robots\" content=\"index, follow, max-snippet:-1, max-image-preview:large, max-video-preview:-1\" \/>\n<link rel=\"canonical\" href=\"https:\/\/www.sergelifar.org\/biographie\/bibliographie\/\" \/>\n<meta property=\"og:locale\" content=\"en_US\" \/>\n<meta property=\"og:type\" content=\"article\" \/>\n<meta property=\"og:title\" content=\"Bibliography - Serge Lifar\" \/>\n<meta property=\"og:description\" content=\"Le manifeste du chor\u00e9graphe (Imprimerie Coop. Etoile) 1935Du temps que j\u2019avais faim (Ed. Stock) 1935La Danse. Les grands courants de la danse acad\u00e9mique (Ed. Deno\u00ebl) 1935Carlotta Grisi (Ed. Michel Albin) 1941Giselle : Apoth\u00e9ose du ballet romantique (Ed. Michel Albin) 1942Terpsychore dans le cort\u00e8ge des muses (Ed. Pierre Lagrange) 1943Pens\u00e9es sur la Danse Pr\u00e9face de Paul\" \/>\n<meta property=\"og:url\" content=\"https:\/\/www.sergelifar.org\/biographie\/bibliographie\/\" \/>\n<meta property=\"og:site_name\" content=\"Serge Lifar\" \/>\n<meta property=\"article:modified_time\" content=\"2023-08-28T15:14:46+00:00\" \/>\n<meta name=\"twitter:card\" content=\"summary_large_image\" \/>\n<meta name=\"twitter:label1\" content=\"Est. reading time\" \/>\n\t<meta name=\"twitter:data1\" content=\"2 minutes\" \/>\n<script type=\"application\/ld+json\" class=\"yoast-schema-graph\">{\"@context\":\"https:\\\/\\\/schema.org\",\"@graph\":[{\"@type\":\"WebPage\",\"@id\":\"https:\\\/\\\/www.sergelifar.org\\\/biographie\\\/bibliographie\\\/\",\"url\":\"https:\\\/\\\/www.sergelifar.org\\\/biographie\\\/bibliographie\\\/\",\"name\":\"Bibliography - Serge Lifar\",\"isPartOf\":{\"@id\":\"https:\\\/\\\/dev2023.sergelifar.org\\\/en\\\/#website\"},\"datePublished\":\"2012-05-04T06:37:54+00:00\",\"dateModified\":\"2023-08-28T15:14:46+00:00\",\"breadcrumb\":{\"@id\":\"https:\\\/\\\/www.sergelifar.org\\\/biographie\\\/bibliographie\\\/#breadcrumb\"},\"inLanguage\":\"en-US\",\"potentialAction\":[{\"@type\":\"ReadAction\",\"target\":[\"https:\\\/\\\/www.sergelifar.org\\\/biographie\\\/bibliographie\\\/\"]}]},{\"@type\":\"BreadcrumbList\",\"@id\":\"https:\\\/\\\/www.sergelifar.org\\\/biographie\\\/bibliographie\\\/#breadcrumb\",\"itemListElement\":[{\"@type\":\"ListItem\",\"position\":1,\"name\":\"Accueil\",\"item\":\"https:\\\/\\\/dev2023.sergelifar.org\\\/en\\\/\"},{\"@type\":\"ListItem\",\"position\":2,\"name\":\"Biography\",\"item\":\"https:\\\/\\\/www.sergelifar.org\\\/en\\\/biography\\\/\"},{\"@type\":\"ListItem\",\"position\":3,\"name\":\"Bibliography\"}]},{\"@type\":\"WebSite\",\"@id\":\"https:\\\/\\\/dev2023.sergelifar.org\\\/en\\\/#website\",\"url\":\"https:\\\/\\\/dev2023.sergelifar.org\\\/en\\\/\",\"name\":\"Serge Lifar\",\"description\":\"Site officiel de la Fondation Serge Lifar\",\"potentialAction\":[{\"@type\":\"SearchAction\",\"target\":{\"@type\":\"EntryPoint\",\"urlTemplate\":\"https:\\\/\\\/dev2023.sergelifar.org\\\/en\\\/?s={search_term_string}\"},\"query-input\":{\"@type\":\"PropertyValueSpecification\",\"valueRequired\":true,\"valueName\":\"search_term_string\"}}],\"inLanguage\":\"en-US\"}]}<\/script>\n<!-- \/ Yoast SEO plugin. -->","yoast_head_json":{"title":"Bibliography - Serge Lifar","robots":{"index":"index","follow":"follow","max-snippet":"max-snippet:-1","max-image-preview":"max-image-preview:large","max-video-preview":"max-video-preview:-1"},"canonical":"https:\/\/www.sergelifar.org\/biographie\/bibliographie\/","og_locale":"en_US","og_type":"article","og_title":"Bibliography - Serge Lifar","og_description":"Le manifeste du chor\u00e9graphe (Imprimerie Coop. Etoile) 1935Du temps que j\u2019avais faim (Ed. Stock) 1935La Danse. Les grands courants de la danse acad\u00e9mique (Ed. Deno\u00ebl) 1935Carlotta Grisi (Ed. Michel Albin) 1941Giselle : Apoth\u00e9ose du ballet romantique (Ed. Michel Albin) 1942Terpsychore dans le cort\u00e8ge des muses (Ed. Pierre Lagrange) 1943Pens\u00e9es sur la Danse Pr\u00e9face de Paul","og_url":"https:\/\/www.sergelifar.org\/biographie\/bibliographie\/","og_site_name":"Serge Lifar","article_modified_time":"2023-08-28T15:14:46+00:00","twitter_card":"summary_large_image","twitter_misc":{"Est. reading time":"2 minutes"},"schema":{"@context":"https:\/\/schema.org","@graph":[{"@type":"WebPage","@id":"https:\/\/www.sergelifar.org\/biographie\/bibliographie\/","url":"https:\/\/www.sergelifar.org\/biographie\/bibliographie\/","name":"Bibliography - Serge Lifar","isPartOf":{"@id":"https:\/\/dev2023.sergelifar.org\/en\/#website"},"datePublished":"2012-05-04T06:37:54+00:00","dateModified":"2023-08-28T15:14:46+00:00","breadcrumb":{"@id":"https:\/\/www.sergelifar.org\/biographie\/bibliographie\/#breadcrumb"},"inLanguage":"en-US","potentialAction":[{"@type":"ReadAction","target":["https:\/\/www.sergelifar.org\/biographie\/bibliographie\/"]}]},{"@type":"BreadcrumbList","@id":"https:\/\/www.sergelifar.org\/biographie\/bibliographie\/#breadcrumb","itemListElement":[{"@type":"ListItem","position":1,"name":"Accueil","item":"https:\/\/dev2023.sergelifar.org\/en\/"},{"@type":"ListItem","position":2,"name":"Biography","item":"https:\/\/www.sergelifar.org\/en\/biography\/"},{"@type":"ListItem","position":3,"name":"Bibliography"}]},{"@type":"WebSite","@id":"https:\/\/dev2023.sergelifar.org\/en\/#website","url":"https:\/\/dev2023.sergelifar.org\/en\/","name":"Serge Lifar","description":"Site officiel de la Fondation Serge Lifar","potentialAction":[{"@type":"SearchAction","target":{"@type":"EntryPoint","urlTemplate":"https:\/\/dev2023.sergelifar.org\/en\/?s={search_term_string}"},"query-input":{"@type":"PropertyValueSpecification","valueRequired":true,"valueName":"search_term_string"}}],"inLanguage":"en-US"}]}},"_links":{"self":[{"href":"https:\/\/www.sergelifar.org\/en\/wp-json\/wp\/v2\/pages\/64","targetHints":{"allow":["GET"]}}],"collection":[{"href":"https:\/\/www.sergelifar.org\/en\/wp-json\/wp\/v2\/pages"}],"about":[{"href":"https:\/\/www.sergelifar.org\/en\/wp-json\/wp\/v2\/types\/page"}],"author":[{"embeddable":true,"href":"https:\/\/www.sergelifar.org\/en\/wp-json\/wp\/v2\/users\/2"}],"replies":[{"embeddable":true,"href":"https:\/\/www.sergelifar.org\/en\/wp-json\/wp\/v2\/comments?post=64"}],"version-history":[{"count":5,"href":"https:\/\/www.sergelifar.org\/en\/wp-json\/wp\/v2\/pages\/64\/revisions"}],"predecessor-version":[{"id":4924,"href":"https:\/\/www.sergelifar.org\/en\/wp-json\/wp\/v2\/pages\/64\/revisions\/4924"}],"up":[{"embeddable":true,"href":"https:\/\/www.sergelifar.org\/en\/wp-json\/wp\/v2\/pages\/4"}],"wp:attachment":[{"href":"https:\/\/www.sergelifar.org\/en\/wp-json\/wp\/v2\/media?parent=64"}],"curies":[{"name":"wp","href":"https:\/\/api.w.org\/{rel}","templated":true}]}}