{"id":62,"date":"2012-05-04T06:34:13","date_gmt":"2012-05-04T06:34:13","guid":{"rendered":"http:\/\/www.sergelifar.org\/?page_id=62"},"modified":"2012-10-01T12:44:18","modified_gmt":"2012-10-01T12:44:18","slug":"choregraphies","status":"publish","type":"page","link":"https:\/\/www.sergelifar.org\/en\/biography\/choregraphies\/","title":{"rendered":"His choreography"},"content":{"rendered":"<p><img loading=\"lazy\" decoding=\"async\" class=\"alignnone size-full wp-image-1085\" title=\"2_1_2_lifar-photo28\" src=\"http:\/\/www.sergelifar.org\/wp-content\/uploads\/2012\/06\/2_1_2_lifar-photo28.png\" alt=\"\" width=\"176\" height=\"300\" \/><\/p>\n<p>&nbsp;<\/p>\n<table style=\"font-size: 25px;\" width=\"830\" border=\"0\" cellspacing=\"0\" cellpadding=\"0\" align=\"left\">\n<tbody>\n<tr>\n<td colspan=\"3\"><\/td>\n<\/tr>\n<tr>\n<td width=\"156\">21.05.1929<\/td>\n<td width=\"664\"><span>Renard<\/span><\/td>\n<\/tr>\n<tr>\n<td><\/td>\n<td>Musique d\u2019Igor Stravinski<\/p>\n<p>D\u00e9cors et costumes de Michel Larionov.<\/p>\n<p>&nbsp;<\/td>\n<\/tr>\n<tr class=\"seshor\">\n<td>30.12.1929<\/td>\n<td><span>Les cr\u00e9atures de Prom\u00e9th\u00e9e<\/span><\/td>\n<\/tr>\n<tr>\n<td><\/td>\n<td>Musique de Ludwig van Beethoven.<\/p>\n<p>D\u00e9cors et costumes de Fran\u00e7ois Quelv\u00e9e.<\/p>\n<p>&nbsp;<\/td>\n<\/tr>\n<tr class=\"seshor\">\n<td>05.03.1930<\/td>\n<td><span>La nuit<\/span><\/td>\n<\/tr>\n<tr>\n<td><\/td>\n<td>Musique de Henri Sauguet.<\/p>\n<p>D\u00e9cors et costumes de Christian B\u00e9rard.<\/p>\n<p>&nbsp;<\/td>\n<\/tr>\n<tr>\n<td>16.02.1931<\/td>\n<td><span>L\u2019orchestre en libert\u00e9<\/span><\/td>\n<\/tr>\n<tr>\n<td><\/td>\n<td>Musique de Henri Sauveplane.<\/p>\n<p>D\u00e9cors et costumes de Paul Colin.<\/p>\n<p>&nbsp;<\/td>\n<\/tr>\n<tr>\n<td>16.02.1931<\/td>\n<td><span>Pr\u00e9lude dominical<\/span><\/td>\n<\/tr>\n<tr>\n<td><\/td>\n<td>Musique de Guy Ropartz.<\/p>\n<p>D\u00e9cors et costumes de Paul Colin.<\/p>\n<p>&nbsp;<\/td>\n<\/tr>\n<tr>\n<td>22.05.1931<\/td>\n<td><span>Bacchus et Ariane<\/span><\/td>\n<\/tr>\n<tr>\n<td><\/td>\n<td>Musique d\u2019Albert Roussel.<\/p>\n<p>D\u00e9cors et costumes de Giorgio de Chirico.<\/p>\n<p>&nbsp;<\/td>\n<\/tr>\n<tr>\n<td>16.12.1932<\/td>\n<td><span>Sur le Borysth\u00e8ne<\/span><\/td>\n<\/tr>\n<tr>\n<td><\/td>\n<td>Musique de Serge Prokofiev.<\/p>\n<p>D\u00e9cors de Michel Larionov.<\/p>\n<p>Costumes de Natalia Gontcharova.<\/p>\n<p>&nbsp;<\/td>\n<\/tr>\n<tr>\n<td>27.04.1933<\/td>\n<td><span>Jeunesse<\/span><\/td>\n<\/tr>\n<tr>\n<td><\/td>\n<td>Musique de Pierre Octave Ferroud.<\/p>\n<p>D\u00e9cors et costumes de Jean Godebsky.<\/p>\n<p>Sc\u00e9nario d\u2019Andr\u00e9 Coeuroy et Serge Lifar.<\/p>\n<p>&nbsp;<\/td>\n<\/tr>\n<tr>\n<td height=\"20\">22.06.1934<\/td>\n<td><span>La vie de Polichinelle<\/span><\/td>\n<td width=\"10\"><\/td>\n<\/tr>\n<tr>\n<td height=\"20\"><\/td>\n<td>Musique de Nicolas Nabokov.<\/p>\n<p>D\u00e9cors et costumes de Pedro Pruna.<\/p>\n<p>&nbsp;<\/td>\n<td><\/td>\n<\/tr>\n<tr>\n<td height=\"20\">09.07.1935<\/td>\n<td><span>Icare<\/span><\/td>\n<td><\/td>\n<\/tr>\n<tr>\n<td height=\"20\"><\/td>\n<td>Musique d\u2019Arthur Honegger, J. E. Szyfer.<\/p>\n<p>D\u00e9cors de Paul Larthe.<\/p>\n<p>Reprise de 1962, d\u00e9cors de Picasso.<\/p>\n<p>&nbsp;<\/td>\n<td><\/td>\n<\/tr>\n<tr>\n<td height=\"20\">27.04.1936<\/td>\n<td><span>Harnasie<\/span><\/td>\n<td><\/td>\n<\/tr>\n<tr>\n<td height=\"20\"><\/td>\n<td>Musique de Karol Szymanovski.<\/p>\n<p>D\u00e9cors et costumes d\u2019Ir\u00e8ne Lorentowicz.<\/p>\n<p>&nbsp;<\/td>\n<td><\/td>\n<\/tr>\n<tr>\n<td height=\"20\">15.06.1936<\/td>\n<td><span>Le Roi nu<\/span><\/td>\n<td><\/td>\n<\/tr>\n<tr>\n<td height=\"20\"><\/td>\n<td>Musique de Jean Fran\u00e7aix.<\/p>\n<p>D\u00e9cors de Pedro Pruna.<\/p>\n<p>&nbsp;<\/td>\n<td><\/td>\n<\/tr>\n<tr>\n<td height=\"20\">14.12.1936<\/td>\n<td><span>Promenade dans Rome<\/span><\/p>\n<p>&nbsp;<\/td>\n<td><\/td>\n<\/tr>\n<tr>\n<td height=\"20\"><\/td>\n<td>Musique de Marcel Samuel Rousseau.<\/p>\n<p>Costumes de J.P. Zambaux. D\u00e9cors d\u2019Albert Decaris.<\/p>\n<p>&nbsp;<\/td>\n<td><\/td>\n<\/tr>\n<tr>\n<td height=\"20\">15.12.1936<\/td>\n<td><span>David triomphant<\/span><\/td>\n<td><\/td>\n<\/tr>\n<tr>\n<td height=\"20\"><\/td>\n<td>Musique de Claude Debussy et Modeste Moussorgski.<\/p>\n<p>Rythmes de Serge Lifar orchestr\u00e9s par Vittorio Rieti.<\/p>\n<p>D\u00e9cors et costumes de Fernand L\u00e9ger.<\/p>\n<p>&nbsp;<\/td>\n<td><\/td>\n<\/tr>\n<tr>\n<td height=\"20\">15.04.1937<\/td>\n<td><span>Les Tziganes<\/span><\/td>\n<td><\/td>\n<\/tr>\n<tr>\n<td height=\"20\"><\/td>\n<td>Musique de Kovalov d\u2019apr\u00e8s le po\u00e8me de Pouchkine.<\/p>\n<p>&nbsp;<\/td>\n<td><\/td>\n<\/tr>\n<tr>\n<td height=\"20\">21.06.1937<\/td>\n<td><span>Alexandre le Grand<\/span><\/td>\n<td><\/td>\n<\/tr>\n<tr>\n<td height=\"20\"><\/td>\n<td>Musique de Philippe Gaubert.<\/p>\n<p>D\u00e9cors et costumes de Paul Larthe.<\/p>\n<p>&nbsp;<\/td>\n<td><\/td>\n<\/tr>\n<tr>\n<td height=\"20\">07.01.1938<\/td>\n<td><span>Oriane<\/span><\/p>\n<p>&nbsp;<\/td>\n<td><\/td>\n<\/tr>\n<tr>\n<td height=\"20\"><\/td>\n<td>Musique de Florent Schmitt.<\/p>\n<p>D\u00e9cors et costumes de Pedro Pruna.<\/p>\n<p>Premi\u00e8re affiche avec chor\u00e9auteur.<\/p>\n<p>&nbsp;<\/td>\n<td><\/td>\n<\/tr>\n<tr>\n<td height=\"20\">02.02.1938<\/td>\n<td><span>Le cantique des cantiques<\/span><\/td>\n<td><\/td>\n<\/tr>\n<tr>\n<td height=\"20\"><\/td>\n<td>Musique d\u2019Arthur Honegger.<\/p>\n<p>Argument po\u00e9tique de G. Boissy.<\/p>\n<p>D\u00e9cors et costumes de Paul Colin.<\/p>\n<p>&nbsp;<\/td>\n<td><\/td>\n<\/tr>\n<tr>\n<td height=\"20\">04.04.1938<\/td>\n<td><span>Aeneas<\/span><\/td>\n<td><\/td>\n<\/tr>\n<tr>\n<td height=\"20\"><\/td>\n<td>Musique d\u2019Albert Roussel.<\/p>\n<p>D\u00e9cors et costumes de Moulaert.<\/p>\n<p>&nbsp;<\/td>\n<td><\/td>\n<\/tr>\n<tr>\n<td height=\"20\">25.04.1940<\/td>\n<td><span>Entre deux rondes<\/span><\/td>\n<td><\/td>\n<\/tr>\n<tr>\n<td height=\"20\"><\/td>\n<td>Musique de Marcel Samuel Rousseau.<\/p>\n<p>D\u00e9cors et costumes de Nadine Landowski.<\/p>\n<p>&nbsp;<\/td>\n<td><\/td>\n<\/tr>\n<tr>\n<td height=\"20\">02.07.1941<\/td>\n<td><span>Le Chevalier et la Demoiselle<\/span><\/td>\n<td><\/td>\n<\/tr>\n<tr>\n<td height=\"20\"><\/td>\n<td>Musique de Philippe Gaubert.<\/p>\n<p>D\u00e9cors et costumes d\u2019Adolphe Mouron, dit Cassandre.<\/p>\n<p>&nbsp;<\/td>\n<td><\/td>\n<\/tr>\n<tr>\n<td height=\"20\">31.12.1941<\/td>\n<td><span>Istar<\/span><\/td>\n<td><\/td>\n<\/tr>\n<tr>\n<td height=\"20\"><\/td>\n<td>Musique de Vincent d\u2019Indy.<\/p>\n<p>D\u00e9cors et costumes de L\u00e9on Bakst.<\/p>\n<p>&nbsp;<\/td>\n<td><\/td>\n<\/tr>\n<tr>\n<td height=\"20\">31.12.1941<\/td>\n<td><span>Bol\u00e9ro<\/span><\/td>\n<td><\/td>\n<\/tr>\n<tr>\n<td height=\"20\"><\/td>\n<td>Musique de Maurice Ravel.<\/p>\n<p>D\u00e9cors et costumes de L\u00e9on Leyritz.<\/p>\n<p>&nbsp;<\/td>\n<td><\/td>\n<\/tr>\n<tr>\n<td height=\"20\">16.06.1942<\/td>\n<td><span>Rom\u00e9o et Juliette<\/span><\/td>\n<td><\/td>\n<\/tr>\n<tr>\n<td height=\"20\"><\/td>\n<td>Musique de Piotr Illitch Tcha\u00efkovski.<\/p>\n<p>&nbsp;<\/td>\n<td><\/td>\n<\/tr>\n<tr>\n<td height=\"20\">23.07.1943<\/td>\n<td><span>Suite en Blanc<\/span><\/td>\n<td><\/td>\n<\/tr>\n<tr>\n<td height=\"20\"><\/td>\n<td>Musique d\u2019Edouard Lalo (Namouna).<\/p>\n<p>Costumes de Maurice Moul\u00e8ne.<\/p>\n<p>&nbsp;<\/td>\n<td><\/td>\n<\/tr>\n<tr>\n<td height=\"20\">29.04.1944<\/td>\n<td><span>Guignol et Pandore<\/span><\/td>\n<td><\/td>\n<\/tr>\n<tr>\n<td height=\"20\"><\/td>\n<td>Musique d\u2019Andr\u00e9 Jolivet.<\/p>\n<p>D\u00e9cors et costumes d\u2019Andr\u00e9 Dignimont.<\/p>\n<p>&nbsp;<\/td>\n<td><\/td>\n<\/tr>\n<tr>\n<td height=\"20\">10.07.1944<\/td>\n<td><span>Les Mirages<\/span><\/td>\n<td><\/td>\n<\/tr>\n<tr>\n<td height=\"20\"><\/td>\n<td>Musique de Henri Sauguet.<\/p>\n<p>D\u00e9cors et costumes d\u2019Adolphe Mouron, dit Cassandre.<\/p>\n<p>&nbsp;<\/td>\n<td><\/td>\n<\/tr>\n<tr>\n<td height=\"20\">05.01.1946<\/td>\n<td><span>Aubade<\/span><\/td>\n<td><\/td>\n<\/tr>\n<tr>\n<td height=\"20\"><\/td>\n<td>Musique de Francis Poulenc.<\/p>\n<p>D\u00e9cors et costumes de Constantin Nepo.<\/p>\n<p>&nbsp;<\/td>\n<td><\/td>\n<\/tr>\n<tr>\n<td height=\"20\">05.05.1946<\/td>\n<td><span>Chota Roustavelli<\/span><\/td>\n<td><\/td>\n<\/tr>\n<tr>\n<td height=\"20\"><\/td>\n<td>Musique d\u2019Arthur Honegger (acte 1 et 4), Nikola\u00ef Tcherepnine (acte 2),<\/p>\n<p>Tibor Harsanyi (acte 3).<\/p>\n<p>D\u00e9cors et costumes de Constantin Nepo et du Prince Schervachidze.<\/p>\n<p>&nbsp;<\/td>\n<td><\/td>\n<\/tr>\n<tr>\n<td height=\"20\">08.11.1946<\/td>\n<td><span>D\u00e9fil\u00e9 du Ballet<\/span><\/td>\n<td><\/td>\n<\/tr>\n<tr>\n<td height=\"20\"><\/td>\n<td>Musique de Hector Berlioz.<\/p>\n<p>&nbsp;<\/td>\n<td><\/td>\n<\/tr>\n<tr>\n<td height=\"20\">09.07.1948<\/td>\n<td><span>Zadig<\/span><\/td>\n<td><\/td>\n<\/tr>\n<tr>\n<td height=\"20\"><\/td>\n<td>Musique de Pierre Petit.<\/p>\n<p>D\u00e9cors et costumes de F\u00e9lix Labisse.<\/p>\n<p>&nbsp;<\/td>\n<td><\/td>\n<\/tr>\n<tr>\n<td height=\"20\">28.07.1948<\/td>\n<td><span>Escales<\/span><\/td>\n<td><\/td>\n<\/tr>\n<tr>\n<td height=\"20\"><\/td>\n<td>Musique de Jacques Ibert.<\/p>\n<p>D\u00e9cors et costumes de Denyse de Bravura.<\/p>\n<p>&nbsp;<\/td>\n<td><\/td>\n<\/tr>\n<tr>\n<td height=\"20\">23.06.1950<\/td>\n<td><span>La pierre enchant\u00e9e<\/span><\/td>\n<td><\/td>\n<\/tr>\n<tr>\n<td height=\"20\"><\/td>\n<td>Musique de Georges Auric.<\/p>\n<p>&nbsp;<\/td>\n<td><\/td>\n<\/tr>\n<tr>\n<td height=\"20\">27.02.1952<\/td>\n<td><span>Fourberies<\/span><\/td>\n<td><\/td>\n<\/tr>\n<tr>\n<td height=\"20\"><\/td>\n<td>Musique de Gioacchino Rossini.<\/p>\n<p>D\u00e9cors et costumes de Roland Oudot.<\/p>\n<p>&nbsp;<\/td>\n<td><\/td>\n<\/tr>\n<tr>\n<td height=\"20\">11.03.1953<\/td>\n<td><span>Variations<\/span><\/td>\n<td><\/td>\n<\/tr>\n<tr>\n<td height=\"20\"><\/td>\n<td>Musique de Franz Schubert.<\/p>\n<p>&nbsp;<\/td>\n<td><\/td>\n<\/tr>\n<tr>\n<td height=\"20\">17.06.1953<\/td>\n<td><span>Grands pas<\/span><\/td>\n<td><\/td>\n<\/tr>\n<tr>\n<td height=\"20\"><\/td>\n<td>Musique de Johannes Brahms.<\/p>\n<p>&nbsp;<\/td>\n<td><\/td>\n<\/tr>\n<tr>\n<td height=\"20\">26.06.1954<\/td>\n<td><span>Suite en r\u00e9 majeur<\/span><\/td>\n<td><\/td>\n<\/tr>\n<tr>\n<td height=\"20\"><\/td>\n<td>Musique de Jean-S\u00e9bastien Bach.<\/p>\n<p>D\u00e9cors et costumes de Constantin Nepo.<\/p>\n<p>&nbsp;<\/td>\n<td><\/td>\n<\/tr>\n<tr>\n<td height=\"20\">09.02.1955<\/td>\n<td><span>Les noces fantastiques<\/span><\/td>\n<td><\/td>\n<\/tr>\n<tr>\n<td height=\"20\"><\/td>\n<td>Musique de Marcel Delannoy.<\/p>\n<p>D\u00e9cors de Roger Chastel. Costumes d\u2019Andr\u00e9 Levasseur.<\/p>\n<p>&nbsp;<\/td>\n<td><\/td>\n<\/tr>\n<tr>\n<td height=\"20\">28.12.1955<\/td>\n<td><span>Rom\u00e9o et Juliette <\/span>(version nouvelle)<\/td>\n<td><\/td>\n<\/tr>\n<tr>\n<td height=\"20\"><\/td>\n<td>Musique de Serge Prokofiev.<\/p>\n<p>D\u00e9cors et costumes de Georges Wakhevitch.<\/p>\n<p>&nbsp;<\/td>\n<td><\/td>\n<\/tr>\n<tr>\n<td height=\"20\">24.03.1957<\/td>\n<td><span>Nuages et f\u00eates<\/span><\/td>\n<td><\/td>\n<\/tr>\n<tr>\n<td height=\"20\"><\/td>\n<td>Musique de Claude Debussy.<\/p>\n<p>D\u00e9cors et costumes de Claire Motte et Jean-Bernard Lemoine.<\/p>\n<p>&nbsp;<\/td>\n<td><\/td>\n<\/tr>\n<tr>\n<td height=\"20\">08.07.1958<\/td>\n<td><span>Daphnis et Chlo\u00e9<\/span><\/td>\n<td><\/td>\n<\/tr>\n<tr>\n<td height=\"20\"><\/td>\n<td>Musique de Maurice Ravel.<\/p>\n<p>D\u00e9cors et costumes de Marc Chagall.<\/p>\n<p>&nbsp;<\/td>\n<td><\/td>\n<\/tr>\n<tr>\n<td height=\"20\">03.10.1958<\/td>\n<td><span>Francesca da Rimini<\/span><\/td>\n<td><\/td>\n<\/tr>\n<tr>\n<td height=\"20\"><\/td>\n<td>Musique de Piotr Illitch Tcha\u00efkovski d\u2019apr\u00e8s Dante Alighieri.<\/p>\n<p>D\u00e9cors et costumes de F\u00e9lix Labisse.<\/p>\n<p>&nbsp;<\/td>\n<td><\/td>\n<\/tr>\n<tr>\n<td height=\"20\">03.01.1960<\/td>\n<td><span>Le Maure de Venise<\/span><\/td>\n<td><\/td>\n<\/tr>\n<tr>\n<td height=\"20\"><\/td>\n<td>Musique de Maurice Thiriet.<\/p>\n<p>&nbsp;<\/td>\n<td><\/td>\n<\/tr>\n<tr>\n<td height=\"20\">22.01.1969<\/td>\n<td><span>Le Grand Cirque<\/span><\/td>\n<td><\/td>\n<\/tr>\n<tr>\n<td height=\"20\"><\/td>\n<td>Musique d\u2019Aram Illitch Khatchatourian.<\/td>\n<td><\/td>\n<\/tr>\n<tr>\n<td height=\"20\"><\/td>\n<td>D\u00e9cors et costumes de Bernard Buffet.<\/p>\n<p>&nbsp;<\/td>\n<td><\/td>\n<\/tr>\n<tr>\n<td height=\"20\"><\/td>\n<td><\/td>\n<td><\/td>\n<\/tr>\n<\/tbody>\n<\/table>\n","protected":false},"excerpt":{"rendered":"<p>&nbsp; 21.05.1929 Renard Musique d\u2019Igor Stravinski D\u00e9cors et costumes de Michel Larionov. &nbsp; 30.12.1929 Les cr\u00e9atures de Prom\u00e9th\u00e9e Musique de Ludwig van Beethoven. D\u00e9cors et costumes de Fran\u00e7ois Quelv\u00e9e. &nbsp; 05.03.1930 La nuit Musique de Henri Sauguet. D\u00e9cors et costumes de Christian B\u00e9rard. &nbsp; 16.02.1931 L\u2019orchestre en libert\u00e9 Musique de Henri Sauveplane. D\u00e9cors et costumes <\/p>\n","protected":false},"author":2,"featured_media":0,"parent":4,"menu_order":126,"comment_status":"closed","ping_status":"closed","template":"","meta":{"_acf_changed":false,"ngg_post_thumbnail":0,"footnotes":""},"class_list":["post-62","page","type-page","status-publish","hentry"],"acf":[],"yoast_head":"<!-- This site is optimized with the Yoast SEO plugin v27.5 - https:\/\/yoast.com\/product\/yoast-seo-wordpress\/ -->\n<title>His choreography - Serge Lifar<\/title>\n<meta name=\"robots\" content=\"index, follow, max-snippet:-1, max-image-preview:large, max-video-preview:-1\" \/>\n<link rel=\"canonical\" href=\"https:\/\/www.sergelifar.org\/biographie\/choregraphies\/\" \/>\n<meta property=\"og:locale\" content=\"en_US\" \/>\n<meta property=\"og:type\" content=\"article\" \/>\n<meta property=\"og:title\" content=\"His choreography - Serge Lifar\" \/>\n<meta property=\"og:description\" content=\"&nbsp; 21.05.1929 Renard Musique d\u2019Igor Stravinski D\u00e9cors et costumes de Michel Larionov. &nbsp; 30.12.1929 Les cr\u00e9atures de Prom\u00e9th\u00e9e Musique de Ludwig van Beethoven. D\u00e9cors et costumes de Fran\u00e7ois Quelv\u00e9e. &nbsp; 05.03.1930 La nuit Musique de Henri Sauguet. D\u00e9cors et costumes de Christian B\u00e9rard. &nbsp; 16.02.1931 L\u2019orchestre en libert\u00e9 Musique de Henri Sauveplane. D\u00e9cors et costumes\" \/>\n<meta property=\"og:url\" content=\"https:\/\/www.sergelifar.org\/biographie\/choregraphies\/\" \/>\n<meta property=\"og:site_name\" content=\"Serge Lifar\" \/>\n<meta property=\"article:modified_time\" content=\"2012-10-01T12:44:18+00:00\" \/>\n<meta property=\"og:image\" content=\"http:\/\/www.sergelifar.org\/wp-content\/uploads\/2012\/06\/2_1_2_lifar-photo28.png\" \/>\n<meta name=\"twitter:card\" content=\"summary_large_image\" \/>\n<meta name=\"twitter:label1\" content=\"Est. reading time\" \/>\n\t<meta name=\"twitter:data1\" content=\"3 minutes\" \/>\n<script type=\"application\/ld+json\" class=\"yoast-schema-graph\">{\"@context\":\"https:\\\/\\\/schema.org\",\"@graph\":[{\"@type\":\"WebPage\",\"@id\":\"https:\\\/\\\/www.sergelifar.org\\\/biographie\\\/choregraphies\\\/\",\"url\":\"https:\\\/\\\/www.sergelifar.org\\\/biographie\\\/choregraphies\\\/\",\"name\":\"His choreography - Serge Lifar\",\"isPartOf\":{\"@id\":\"https:\\\/\\\/dev2023.sergelifar.org\\\/en\\\/#website\"},\"primaryImageOfPage\":{\"@id\":\"https:\\\/\\\/www.sergelifar.org\\\/biographie\\\/choregraphies\\\/#primaryimage\"},\"image\":{\"@id\":\"https:\\\/\\\/www.sergelifar.org\\\/biographie\\\/choregraphies\\\/#primaryimage\"},\"thumbnailUrl\":\"http:\\\/\\\/www.sergelifar.org\\\/wp-content\\\/uploads\\\/2012\\\/06\\\/2_1_2_lifar-photo28.png\",\"datePublished\":\"2012-05-04T06:34:13+00:00\",\"dateModified\":\"2012-10-01T12:44:18+00:00\",\"breadcrumb\":{\"@id\":\"https:\\\/\\\/www.sergelifar.org\\\/biographie\\\/choregraphies\\\/#breadcrumb\"},\"inLanguage\":\"en-US\",\"potentialAction\":[{\"@type\":\"ReadAction\",\"target\":[\"https:\\\/\\\/www.sergelifar.org\\\/biographie\\\/choregraphies\\\/\"]}]},{\"@type\":\"ImageObject\",\"inLanguage\":\"en-US\",\"@id\":\"https:\\\/\\\/www.sergelifar.org\\\/biographie\\\/choregraphies\\\/#primaryimage\",\"url\":\"http:\\\/\\\/www.sergelifar.org\\\/wp-content\\\/uploads\\\/2012\\\/06\\\/2_1_2_lifar-photo28.png\",\"contentUrl\":\"http:\\\/\\\/www.sergelifar.org\\\/wp-content\\\/uploads\\\/2012\\\/06\\\/2_1_2_lifar-photo28.png\"},{\"@type\":\"BreadcrumbList\",\"@id\":\"https:\\\/\\\/www.sergelifar.org\\\/biographie\\\/choregraphies\\\/#breadcrumb\",\"itemListElement\":[{\"@type\":\"ListItem\",\"position\":1,\"name\":\"Accueil\",\"item\":\"https:\\\/\\\/dev2023.sergelifar.org\\\/en\\\/\"},{\"@type\":\"ListItem\",\"position\":2,\"name\":\"Biography\",\"item\":\"https:\\\/\\\/www.sergelifar.org\\\/en\\\/biography\\\/\"},{\"@type\":\"ListItem\",\"position\":3,\"name\":\"His choreography\"}]},{\"@type\":\"WebSite\",\"@id\":\"https:\\\/\\\/dev2023.sergelifar.org\\\/en\\\/#website\",\"url\":\"https:\\\/\\\/dev2023.sergelifar.org\\\/en\\\/\",\"name\":\"Serge Lifar\",\"description\":\"Site officiel de la Fondation Serge Lifar\",\"potentialAction\":[{\"@type\":\"SearchAction\",\"target\":{\"@type\":\"EntryPoint\",\"urlTemplate\":\"https:\\\/\\\/dev2023.sergelifar.org\\\/en\\\/?s={search_term_string}\"},\"query-input\":{\"@type\":\"PropertyValueSpecification\",\"valueRequired\":true,\"valueName\":\"search_term_string\"}}],\"inLanguage\":\"en-US\"}]}<\/script>\n<!-- \/ Yoast SEO plugin. -->","yoast_head_json":{"title":"His choreography - Serge Lifar","robots":{"index":"index","follow":"follow","max-snippet":"max-snippet:-1","max-image-preview":"max-image-preview:large","max-video-preview":"max-video-preview:-1"},"canonical":"https:\/\/www.sergelifar.org\/biographie\/choregraphies\/","og_locale":"en_US","og_type":"article","og_title":"His choreography - Serge Lifar","og_description":"&nbsp; 21.05.1929 Renard Musique d\u2019Igor Stravinski D\u00e9cors et costumes de Michel Larionov. &nbsp; 30.12.1929 Les cr\u00e9atures de Prom\u00e9th\u00e9e Musique de Ludwig van Beethoven. D\u00e9cors et costumes de Fran\u00e7ois Quelv\u00e9e. &nbsp; 05.03.1930 La nuit Musique de Henri Sauguet. D\u00e9cors et costumes de Christian B\u00e9rard. &nbsp; 16.02.1931 L\u2019orchestre en libert\u00e9 Musique de Henri Sauveplane. D\u00e9cors et costumes","og_url":"https:\/\/www.sergelifar.org\/biographie\/choregraphies\/","og_site_name":"Serge Lifar","article_modified_time":"2012-10-01T12:44:18+00:00","og_image":[{"url":"http:\/\/www.sergelifar.org\/wp-content\/uploads\/2012\/06\/2_1_2_lifar-photo28.png","type":"","width":"","height":""}],"twitter_card":"summary_large_image","twitter_misc":{"Est. reading time":"3 minutes"},"schema":{"@context":"https:\/\/schema.org","@graph":[{"@type":"WebPage","@id":"https:\/\/www.sergelifar.org\/biographie\/choregraphies\/","url":"https:\/\/www.sergelifar.org\/biographie\/choregraphies\/","name":"His choreography - Serge Lifar","isPartOf":{"@id":"https:\/\/dev2023.sergelifar.org\/en\/#website"},"primaryImageOfPage":{"@id":"https:\/\/www.sergelifar.org\/biographie\/choregraphies\/#primaryimage"},"image":{"@id":"https:\/\/www.sergelifar.org\/biographie\/choregraphies\/#primaryimage"},"thumbnailUrl":"http:\/\/www.sergelifar.org\/wp-content\/uploads\/2012\/06\/2_1_2_lifar-photo28.png","datePublished":"2012-05-04T06:34:13+00:00","dateModified":"2012-10-01T12:44:18+00:00","breadcrumb":{"@id":"https:\/\/www.sergelifar.org\/biographie\/choregraphies\/#breadcrumb"},"inLanguage":"en-US","potentialAction":[{"@type":"ReadAction","target":["https:\/\/www.sergelifar.org\/biographie\/choregraphies\/"]}]},{"@type":"ImageObject","inLanguage":"en-US","@id":"https:\/\/www.sergelifar.org\/biographie\/choregraphies\/#primaryimage","url":"http:\/\/www.sergelifar.org\/wp-content\/uploads\/2012\/06\/2_1_2_lifar-photo28.png","contentUrl":"http:\/\/www.sergelifar.org\/wp-content\/uploads\/2012\/06\/2_1_2_lifar-photo28.png"},{"@type":"BreadcrumbList","@id":"https:\/\/www.sergelifar.org\/biographie\/choregraphies\/#breadcrumb","itemListElement":[{"@type":"ListItem","position":1,"name":"Accueil","item":"https:\/\/dev2023.sergelifar.org\/en\/"},{"@type":"ListItem","position":2,"name":"Biography","item":"https:\/\/www.sergelifar.org\/en\/biography\/"},{"@type":"ListItem","position":3,"name":"His choreography"}]},{"@type":"WebSite","@id":"https:\/\/dev2023.sergelifar.org\/en\/#website","url":"https:\/\/dev2023.sergelifar.org\/en\/","name":"Serge Lifar","description":"Site officiel de la Fondation Serge Lifar","potentialAction":[{"@type":"SearchAction","target":{"@type":"EntryPoint","urlTemplate":"https:\/\/dev2023.sergelifar.org\/en\/?s={search_term_string}"},"query-input":{"@type":"PropertyValueSpecification","valueRequired":true,"valueName":"search_term_string"}}],"inLanguage":"en-US"}]}},"_links":{"self":[{"href":"https:\/\/www.sergelifar.org\/en\/wp-json\/wp\/v2\/pages\/62","targetHints":{"allow":["GET"]}}],"collection":[{"href":"https:\/\/www.sergelifar.org\/en\/wp-json\/wp\/v2\/pages"}],"about":[{"href":"https:\/\/www.sergelifar.org\/en\/wp-json\/wp\/v2\/types\/page"}],"author":[{"embeddable":true,"href":"https:\/\/www.sergelifar.org\/en\/wp-json\/wp\/v2\/users\/2"}],"replies":[{"embeddable":true,"href":"https:\/\/www.sergelifar.org\/en\/wp-json\/wp\/v2\/comments?post=62"}],"version-history":[{"count":3,"href":"https:\/\/www.sergelifar.org\/en\/wp-json\/wp\/v2\/pages\/62\/revisions"}],"predecessor-version":[{"id":1229,"href":"https:\/\/www.sergelifar.org\/en\/wp-json\/wp\/v2\/pages\/62\/revisions\/1229"}],"up":[{"embeddable":true,"href":"https:\/\/www.sergelifar.org\/en\/wp-json\/wp\/v2\/pages\/4"}],"wp:attachment":[{"href":"https:\/\/www.sergelifar.org\/en\/wp-json\/wp\/v2\/media?parent=62"}],"curies":[{"name":"wp","href":"https:\/\/api.w.org\/{rel}","templated":true}]}}