{"id":61,"date":"2012-05-04T06:32:39","date_gmt":"2012-05-04T06:32:39","guid":{"rendered":"http:\/\/www.sergelifar.org\/?page_id=61"},"modified":"2023-04-06T09:10:39","modified_gmt":"2023-04-06T09:10:39","slug":"the-ukranian-period","status":"publish","type":"page","link":"https:\/\/www.sergelifar.org\/en\/biography\/the-ukranian-period\/","title":{"rendered":"The Ukranian Period (1905-1923)"},"content":{"rendered":"<div id=\"pl-61\"  class=\"panel-layout\" ><div id=\"pg-61-0\"  class=\"panel-grid panel-no-style\" ><div id=\"pgc-61-0-0\"  class=\"panel-grid-cell\" ><div id=\"panel-61-0-0-0\" class=\"so-panel widget widget_nav_menu panel-first-child panel-last-child\" data-index=\"0\" ><div class=\"menu-bio panel-widget-style panel-widget-style-for-61-0-0-0\" ><div class=\"menu-menu-biographie-anglais-container\"><ul id=\"menu-menu-biographie-anglais\" class=\"menu\"><li id=\"menu-item-2268\" class=\"menu-item menu-item-type-post_type menu-item-object-page menu-item-2268\"><a href=\"https:\/\/www.sergelifar.org\/en\/biography\/the-ukranian-period\/\">The Ukranian Period (1905-1923)<\/a><\/li>\n<li id=\"menu-item-1854\" class=\"menu-item menu-item-type-post_type menu-item-object-page menu-item-1854\"><a href=\"https:\/\/www.sergelifar.org\/en\/biography\/the-french-period\/\">The French Period<\/a><\/li>\n<li id=\"menu-item-1855\" class=\"menu-item menu-item-type-post_type menu-item-object-page menu-item-1855\"><a href=\"https:\/\/www.sergelifar.org\/en\/biography\/the-swiss-period\/\">The Swiss Period<\/a><\/li>\n<\/ul><\/div><\/div><\/div><\/div><\/div><div id=\"pg-61-1\"  class=\"panel-grid panel-no-style\" ><div id=\"pgc-61-1-0\"  class=\"panel-grid-cell\" ><div id=\"panel-61-1-0-0\" class=\"so-panel widget widget_sow-image panel-first-child panel-last-child\" data-index=\"1\" ><div\n\t\t\t\n\t\t\tclass=\"so-widget-sow-image so-widget-sow-image-default-c67d20f9f743-61\"\n\t\t\t\n\t\t>\n<div class=\"sow-image-container\">\n\t\t<img \n\tsrc=\"https:\/\/www.sergelifar.org\/wp-content\/uploads\/2012\/05\/famille-lifar.jpg\" width=\"400\" height=\"185\" srcset=\"https:\/\/www.sergelifar.org\/wp-content\/uploads\/2012\/05\/famille-lifar.jpg 400w, https:\/\/www.sergelifar.org\/wp-content\/uploads\/2012\/05\/famille-lifar-300x139.jpg 300w\" sizes=\"(max-width: 400px) 100vw, 400px\" title=\"Serge, Evguenia, Vassili, Leonid\" alt=\"Serge Lifar\" \t\tclass=\"so-widget-image\"\/>\n\t<\/div>\n\n<h2 class=\"widget-title\">Serge, Evguenia, Vassili, Leonid<\/h2><\/div><\/div><\/div><div id=\"pgc-61-1-1\"  class=\"panel-grid-cell\" ><div id=\"panel-61-1-1-0\" class=\"so-panel widget widget_sow-editor panel-first-child panel-last-child\" data-index=\"2\" ><div\n\t\t\t\n\t\t\tclass=\"so-widget-sow-editor so-widget-sow-editor-base\"\n\t\t\t\n\t\t><h2 class=\"widget-title\">His childhood<\/h2>\n<div class=\"siteorigin-widget-tinymce textwidget\">\n\t<p>He had dreamed of becoming a soldier and marching in step, but he became a dancer with aerial instead of martial steps. Serge Lifar says as much in his autobiography.1 It was in August 1913, he was eight years old, as he clearly remembered: \u201cI put on a little uniform and wore a cap with the insignia of the Imperial College of Alexander in Kiev. But my dream uniform was a completely different one. It had red epaulettes, bore the initials I.K. and a gold-trimmed collar: the uniform of the First Corps of Cadets. I dreamt of being a soldier, especially in the cavalry: tall, thin and handsome, riding on a horse as white as snow, I galloped bravely at the head of a squadron that I was leading into battle\u201d.<\/p>\n<\/div>\n<\/div><\/div><\/div><\/div><div id=\"pg-61-2\"  class=\"panel-grid panel-no-style\" ><div id=\"pgc-61-2-0\"  class=\"panel-grid-cell\" ><div id=\"panel-61-2-0-0\" class=\"so-panel widget widget_sow-image panel-first-child panel-last-child\" data-index=\"3\" ><div class=\"img_in_content panel-widget-style panel-widget-style-for-61-2-0-0\" ><div\n\t\t\t\n\t\t\tclass=\"so-widget-sow-image so-widget-sow-image-default-c67d20f9f743-61\"\n\t\t\t\n\t\t>\n<div class=\"sow-image-container\">\n\t\t<img \n\tsrc=\"https:\/\/www.sergelifar.org\/wp-content\/uploads\/2013\/05\/SaVie02.jpg\" width=\"159\" height=\"203\" sizes=\"(max-width: 159px) 100vw, 159px\" title=\"His father\" alt=\"Son p\u00e8re\" \t\tclass=\"so-widget-image\"\/>\n\t<\/div>\n\n<h2 class=\"widget-title\">His father<\/h2><\/div><\/div><\/div><\/div><div id=\"pgc-61-2-1\"  class=\"panel-grid-cell\" ><div id=\"panel-61-2-1-0\" class=\"so-panel widget widget_sow-editor panel-first-child panel-last-child\" data-index=\"4\" ><div\n\t\t\t\n\t\t\tclass=\"so-widget-sow-editor so-widget-sow-editor-base\"\n\t\t\t\n\t\t>\n<div class=\"siteorigin-widget-tinymce textwidget\">\n\t<p>Born on 2 April 1905, in Kiev, the Ukrainian capital on the Dnieper, Serge Lifar spent a happy childhood, spoiled by his bourgeois family. His grandfather on his mother\u2019s side had been a cattle breeder, a descendant of the great landowners who extracted salt from the Caspian Sea. As we know, salt preserves\u2014indeed, he lived to be over a hundred. A large garden full of flowers, kittens purring, such was the setting of his childhood: \u201cWhen I misbehaved, the hardest punishment that my parents could inflict on me was to shut the little cat in the kitchen for the evening\u201d.<\/p>\n<p>His father, Michael Lifar, was a functionary. His older brother by one year, Vassili (Basil in English), was to become a painter and his younger brother by one year, Leonid, a fighter pilot. This trio was completed by an older sister, Eugenia. She was also to establish herself in Paris and make a career in gastronomy. Serge Lifar kept a loving image of his father: \u201cHe was gentle and kind. Elegance and order were the things he liked the most. He surrounded himself with nice furniture and precious bibelots. He needed a harmonious atmosphere. He never raised his voice, but spoke to us like to one of his friends. He knew how to respect childhood. I was his favourite\u201d.<\/p>\n<\/div>\n<\/div><\/div><\/div><\/div><div id=\"pg-61-3\"  class=\"panel-grid panel-no-style\" ><div id=\"pgc-61-3-0\"  class=\"panel-grid-cell\" ><div id=\"panel-61-3-0-0\" class=\"so-panel widget widget_sow-image panel-first-child panel-last-child\" data-index=\"5\" ><div class=\"img_in_content panel-widget-style panel-widget-style-for-61-3-0-0\" ><div\n\t\t\t\n\t\t\tclass=\"so-widget-sow-image so-widget-sow-image-default-c67d20f9f743-61\"\n\t\t\t\n\t\t>\n<div class=\"sow-image-container\">\n\t\t<img \n\tsrc=\"https:\/\/www.sergelifar.org\/wp-content\/uploads\/2013\/05\/SaVie01.jpg\" width=\"150\" height=\"202\" sizes=\"(max-width: 150px) 100vw, 150px\" title=\"His mother\" alt=\"\" \t\tclass=\"so-widget-image\"\/>\n\t<\/div>\n\n<h2 class=\"widget-title\">His mother<\/h2><\/div><\/div><\/div><\/div><div id=\"pgc-61-3-1\"  class=\"panel-grid-cell\" ><div id=\"panel-61-3-1-0\" class=\"so-panel widget widget_sow-editor panel-first-child\" data-index=\"6\" ><div\n\t\t\t\n\t\t\tclass=\"so-widget-sow-editor so-widget-sow-editor-base\"\n\t\t\t\n\t\t>\n<div class=\"siteorigin-widget-tinymce textwidget\">\n\t<p>For his mother, Sophie Lifar, he had a boundless affection: \u201cI had a veritable adoration for her that manifested itself in outbursts of enthusiasm and deep despair. I remember when she went for a month and a half in Crimea with the entire household, leaving me behind in Kiev with a nanny for some reason. I must have been about four. That the others left did not matter much, but I could not believe that my mother would abandon me and I wept bitter tears, something that rarely happened. This trip to Crimea cast a dark shadow on my past\u201d.<\/p>\n<\/div>\n<\/div><\/div><div id=\"panel-61-3-1-1\" class=\"so-panel widget widget_sow-editor panel-last-child\" data-index=\"7\" ><div\n\t\t\t\n\t\t\tclass=\"so-widget-sow-editor so-widget-sow-editor-base\"\n\t\t\t\n\t\t>\n<div class=\"siteorigin-widget-tinymce textwidget\">\n\t<h4>Radio Lausanne, Glion, 13.08.1983 : Son enfance a-t-elle \u00e9t\u00e9 plut\u00f4t riche ou plut\u00f4t pauvre ?<\/h4>\n<audio class=\"wp-audio-shortcode\" id=\"audio-61-1\" preload=\"none\" style=\"width: 100%;\" controls=\"controls\"><source type=\"audio\/mpeg\" src=\"https:\/\/www.sergelifar.org\/wp-content\/uploads\/2023\/02\/Cassette-audio-1983-08-13-Radio-Lausanne-Glion-078-1_Extrait.mp3?_=1\" \/><a href=\"https:\/\/www.sergelifar.org\/wp-content\/uploads\/2023\/02\/Cassette-audio-1983-08-13-Radio-Lausanne-Glion-078-1_Extrait.mp3\">https:\/\/www.sergelifar.org\/wp-content\/uploads\/2023\/02\/Cassette-audio-1983-08-13-Radio-Lausanne-Glion-078-1_Extrait.mp3<\/a><\/audio>\n<\/div>\n<\/div><\/div><\/div><\/div><div id=\"pg-61-4\"  class=\"panel-grid panel-no-style\" ><div id=\"pgc-61-4-0\"  class=\"panel-grid-cell\" ><div id=\"panel-61-4-0-0\" class=\"so-panel widget widget_sow-editor panel-first-child panel-last-child\" data-index=\"8\" ><div\n\t\t\t\n\t\t\tclass=\"so-widget-sow-editor so-widget-sow-editor-base\"\n\t\t\t\n\t\t><h2 class=\"widget-title\">The Great War<\/h2>\n<div class=\"siteorigin-widget-tinymce textwidget\">\n\t<p>When war broke out in 1914, Serge Lifar thought that he would enlist in the Russian army, in which twelve of his uncles were already serving! Kiev became the converging point for countless armies: \u201cI spent my time dreaming about the war and forging plans of escape to go to the mysterious and so very appealing front\u201d.<br \/>The young Serge was a good student and sang in the choir of the Cathedral of St. Sophia in Kiev: \u201cI sang at every Mass. My parents were proud of my musical success, but they would not let me go to the theatre. In their eyes, it was the symbol of disorder and the temptations that could lead a precocious spectator to perdition\u201d.<\/p>\n<p>With the October Revolution of 1917, Lenin enjoined the soldiers to abandon the front and incited the people to rebel: \u201cSteal what has been stolen!\u201d The result was panic and anarchy. Soldiers deserted, killing their officers. A merciless class struggle began with the aim of eliminating the bourgeois. The Bolsheviks took Kiev, which was subsequently captured by the Germans, who gave the land back to the peasants under the threat of their bayonettes. But life eventually went on as usual. There came a period of Ukrainisation: \u201cOfficial documents had to be written in an artificial language that people did not understand\u201d. The young Lifar was shocked by the horrors of war: \u201cThe Germans set up machine guns in front of the rebellious villages and killed everything that\u00a0<\/p>\n<p>moved. The people were locked up in their houses and they were set afire. The few Communists left in the countryside took advantage of this to incite the mujiks to revolt, and they avenged the burnt houses by capturing German soldiers and boiling them in huge cauldrons\u201d.<\/p>\n<p>After having served in the White Army, Serge Lifar was recruited in the Red Army. At the age of sixteen, he became an officer and was given a new uniform, a large revolver and the command of a few dozen \u201cyoung rowdies\u201d. The Soviets made it a point to take the still malleable adolescents away from their bourgeois or peasant parents in order to turn them into \u201cgood\u201d Communists. They abolished private property and all the houses were declared State property, administrated by a committee of tenants. Businesses were closed and the government distributed rations. As he relates in Ma Vie, published in Paris in 1965, Lifar estimated that, of his 200 young comrades, only three survived: himself, his brother Basil, and Cerna, who went on to create a dance shoe business under his own name in Paris.<\/p>\n<p>\u00a0<\/p>\n<\/div>\n<\/div><\/div><\/div><\/div><div id=\"pg-61-5\"  class=\"panel-grid panel-no-style\" ><div id=\"pgc-61-5-0\"  class=\"panel-grid-cell\" ><div id=\"panel-61-5-0-0\" class=\"so-panel widget widget_sow-image panel-first-child panel-last-child\" data-index=\"9\" ><div class=\"img_in_content panel-widget-style panel-widget-style-for-61-5-0-0\" ><div\n\t\t\t\n\t\t\tclass=\"so-widget-sow-image so-widget-sow-image-default-c67d20f9f743-61\"\n\t\t\t\n\t\t>\n<div class=\"sow-image-container\">\n\t\t<img \n\tsrc=\"https:\/\/www.sergelifar.org\/wp-content\/uploads\/2013\/05\/SaVie03.jpg\" width=\"230\" height=\"295\" sizes=\"(max-width: 230px) 100vw, 230px\" title=\"Bronislava Nijinska in \u201cPetrouchka\u201d 1911\" alt=\"\" \t\tclass=\"so-widget-image\"\/>\n\t<\/div>\n\n<h2 class=\"widget-title\">Bronislava Nijinska in \u201cPetrouchka\u201d 1911<\/h2><\/div><\/div><\/div><\/div><div id=\"pgc-61-5-1\"  class=\"panel-grid-cell\" ><div id=\"panel-61-5-1-0\" class=\"so-panel widget widget_sow-editor panel-first-child panel-last-child\" data-index=\"10\" ><div\n\t\t\t\n\t\t\tclass=\"so-widget-sow-editor so-widget-sow-editor-base\"\n\t\t\t\n\t\t><h2 class=\"widget-title\">Initiation to the ballet<\/h2>\n<div class=\"siteorigin-widget-tinymce textwidget\">\n\t<p>In 1920, through a schoolmate, Serge Lifar discovered the ballet of Bronislava Nijinska, the sister of the famous Russian dancer and choreographer Vaslav Nijinsky. It was a revelation: \u201cI withdrew to a corner of the room, my heart beating wildly. I experienced an enthusiasm that I had never felt before. Madame Nijinska\u2019s pupils were dancing to Chopin and Schumann; I discovered a marvellous harmony between the music and their bodies made divine by the rhythm. The music inspired the dance and took it to its apotheosis. The love for dance had conquered me for life\u201d.<\/p>\n<p>The next day, he decided to return to the studio with dance shoes of his own, but Madame Nijinska categorically refused to take him on as a pupil. This dry refusal might have been motivated by the sight of his uniform. He overrode it and had himself registered as a pupil: \u201cI worked with supreme attentiveness, but she did not seem to notice. This training lasted several months. It gave me infinite pleasure and the new joy of learning this technique, without which it is impossible for anyone to express himself\u201d. He did this without thinking about the theatre or going on stage: \u201cI began to discover certain notions, such as the impulses of the soul, the breath, and the physical movement of the body, which present three clearly distinct rhythms\u201d.<\/p>\n<\/div>\n<\/div><\/div><\/div><\/div><div id=\"pg-61-6\"  class=\"panel-grid panel-no-style\" ><div id=\"pgc-61-6-0\"  class=\"panel-grid-cell\" ><div id=\"panel-61-6-0-0\" class=\"so-panel widget widget_sow-image panel-first-child panel-last-child\" data-index=\"11\" ><div class=\"img_in_content panel-widget-style panel-widget-style-for-61-6-0-0\" ><div\n\t\t\t\n\t\t\tclass=\"so-widget-sow-image so-widget-sow-image-default-c67d20f9f743-61\"\n\t\t\t\n\t\t>\n<div class=\"sow-image-container\">\n\t\t<img \n\tsrc=\"https:\/\/www.sergelifar.org\/wp-content\/uploads\/2013\/05\/SaVie04.png\" width=\"212\" height=\"315\" srcset=\"https:\/\/www.sergelifar.org\/wp-content\/uploads\/2013\/05\/SaVie04.png 212w, https:\/\/www.sergelifar.org\/wp-content\/uploads\/2013\/05\/SaVie04-201x300.png 201w\" sizes=\"(max-width: 212px) 100vw, 212px\" title=\"Serge Lifar when he was 16 years old\" alt=\"Serge Lifar\" \t\tclass=\"so-widget-image\"\/>\n\t<\/div>\n\n<h2 class=\"widget-title\">Serge Lifar when he was 16 years old<\/h2><\/div><\/div><\/div><\/div><div id=\"pgc-61-6-1\"  class=\"panel-grid-cell\" ><div id=\"panel-61-6-1-0\" class=\"so-panel widget widget_sow-editor panel-first-child panel-last-child\" data-index=\"12\" ><div\n\t\t\t\n\t\t\tclass=\"so-widget-sow-editor so-widget-sow-editor-base\"\n\t\t\t\n\t\t>\n<div class=\"siteorigin-widget-tinymce textwidget\">\n\t<p>When the great ballerina set out to flee Soviet Russia for Paris, he decided to continue studying dance alone. Hermit-like, he embarked on a fifteen-month training period, spending five to six hours every day in the studio and experiencing \u201cthe joys and torments of creation, the joys and torments of work, from the loftiest ecstasy to the basest temptations\u201d. It was during this period that he acquired his tastes in music, understanding that \u201crhythm is the soul of music\u201d. He loved Mozart and Chopin more than the Russian composers, who left him cold. However, the discovery of the great poet Pushkin and the \u201cmusic of his verse\u201d came as a revelation. He devoted a cult to him throughout his life.<\/p>\n<\/div>\n<\/div><\/div><\/div><\/div><div id=\"pg-61-7\"  class=\"panel-grid panel-no-style\" ><div id=\"pgc-61-7-0\"  class=\"panel-grid-cell\" ><div id=\"panel-61-7-0-0\" class=\"so-panel widget widget_sow-editor panel-first-child panel-last-child\" data-index=\"13\" ><div\n\t\t\t\n\t\t\tclass=\"so-widget-sow-editor so-widget-sow-editor-base\"\n\t\t\t\n\t\t><h2 class=\"widget-title\">An adventurous escape<\/h2>\n<div class=\"siteorigin-widget-tinymce textwidget\">\n\t<p>The temptation of expatriation began with a simple telegram sent from Paris to the Nijinska studio: \u201cTo complete his troupe, S. P. Diaghilev needs Madame\u00a0Nijinska\u2019s five best pupils\u201d. Serge Lifar volunteered although he did not officially belong to the ballerina\u2019s private school. His parents managed to gather enough foreign currency and cash to pay his trip as far as Warsaw. He called on the services of a smuggler to cross the border out of Soviet Russia: \u201cDress in such a way that you can be taken for a Red soldier. Get yourself a rifle at whatever cost\u201d. But his flight failed miserably. Serge was thrown into prison, but managed to escape and board a freight train\u201d.<\/p>\n<p>His second attempt was successful. He bought a 3rd-class ticket in a border town for the impressive sum of 50 million roubles\u2014runaway inflation and the printing press had done their work. He crossed the border into Poland one dark night on a sled through fields and woods, but not before having taken leave of his mother, whom he was seeing for the last time: \u201cWhen it came time to say farewell, she blessed me, and I saw such fear in her eyes that I was constantly haunted by it \u201c.<\/p>\n<p>After wandering around Warsaw for weeks with two travelling companions, he finally received the money sent by Diaghilev to finance his trip to Paris: \u201cWe rushed to the stores, moved to the Bristol and were finally able to eat. In just a few hours, we looked like well-to-do provincials in their Sunday best!\u201d The French adventure was beginning.<\/p>\n<p>\u00a0<\/p>\n<\/div>\n<\/div><\/div><\/div><\/div><div id=\"pg-61-8\"  class=\"panel-grid panel-no-style\" ><div id=\"pgc-61-8-0\"  class=\"panel-grid-cell panel-grid-cell-empty\" ><\/div><div id=\"pgc-61-8-1\"  class=\"panel-grid-cell panel-grid-cell-empty panel-grid-cell-mobile-last\" ><\/div><div id=\"pgc-61-8-2\"  class=\"panel-grid-cell panel-grid-cell-empty\" ><\/div><\/div><\/div>","protected":false},"excerpt":{"rendered":"<p>He had dreamed of becoming a soldier and marching in step, but he became a dancer with aerial instead of martial steps. Serge Lifar says as much in his autobiography.1 It was in August 1913, he was eight years old, as he clearly remembered: \u201cI put on a little uniform and wore a cap with <\/p>\n","protected":false},"author":2,"featured_media":0,"parent":4,"menu_order":129,"comment_status":"closed","ping_status":"closed","template":"","meta":{"_acf_changed":false,"ngg_post_thumbnail":0,"footnotes":""},"class_list":["post-61","page","type-page","status-publish","hentry"],"acf":[],"yoast_head":"<!-- This site is optimized with the Yoast SEO plugin v27.3 - https:\/\/yoast.com\/product\/yoast-seo-wordpress\/ -->\n<title>The Ukranian Period (1905-1923) - Serge Lifar<\/title>\n<meta name=\"robots\" content=\"index, follow, max-snippet:-1, max-image-preview:large, max-video-preview:-1\" \/>\n<link rel=\"canonical\" href=\"https:\/\/www.sergelifar.org\/biographie\/la-periode-ukrainienne\/\" \/>\n<meta property=\"og:locale\" content=\"en_US\" \/>\n<meta property=\"og:type\" content=\"article\" \/>\n<meta property=\"og:title\" content=\"The Ukranian Period (1905-1923) - Serge Lifar\" \/>\n<meta property=\"og:description\" content=\"He had dreamed of becoming a soldier and marching in step, but he became a dancer with aerial instead of martial steps. Serge Lifar says as much in his autobiography.1 It was in August 1913, he was eight years old, as he clearly remembered: \u201cI put on a little uniform and wore a cap with\" \/>\n<meta property=\"og:url\" content=\"https:\/\/www.sergelifar.org\/biographie\/la-periode-ukrainienne\/\" \/>\n<meta property=\"og:site_name\" content=\"Serge Lifar\" \/>\n<meta property=\"article:modified_time\" content=\"2023-04-06T09:10:39+00:00\" \/>\n<meta name=\"twitter:card\" content=\"summary_large_image\" \/>\n<meta name=\"twitter:label1\" content=\"Est. reading time\" \/>\n\t<meta name=\"twitter:data1\" content=\"8 minutes\" \/>\n<script type=\"application\/ld+json\" class=\"yoast-schema-graph\">{\"@context\":\"https:\\\/\\\/schema.org\",\"@graph\":[{\"@type\":\"WebPage\",\"@id\":\"https:\\\/\\\/www.sergelifar.org\\\/biographie\\\/la-periode-ukrainienne\\\/\",\"url\":\"https:\\\/\\\/www.sergelifar.org\\\/biographie\\\/la-periode-ukrainienne\\\/\",\"name\":\"The Ukranian Period (1905-1923) - Serge Lifar\",\"isPartOf\":{\"@id\":\"https:\\\/\\\/dev2023.sergelifar.org\\\/en\\\/#website\"},\"datePublished\":\"2012-05-04T06:32:39+00:00\",\"dateModified\":\"2023-04-06T09:10:39+00:00\",\"breadcrumb\":{\"@id\":\"https:\\\/\\\/www.sergelifar.org\\\/biographie\\\/la-periode-ukrainienne\\\/#breadcrumb\"},\"inLanguage\":\"en-US\",\"potentialAction\":[{\"@type\":\"ReadAction\",\"target\":[\"https:\\\/\\\/www.sergelifar.org\\\/biographie\\\/la-periode-ukrainienne\\\/\"]}]},{\"@type\":\"BreadcrumbList\",\"@id\":\"https:\\\/\\\/www.sergelifar.org\\\/biographie\\\/la-periode-ukrainienne\\\/#breadcrumb\",\"itemListElement\":[{\"@type\":\"ListItem\",\"position\":1,\"name\":\"Accueil\",\"item\":\"https:\\\/\\\/dev2023.sergelifar.org\\\/en\\\/\"},{\"@type\":\"ListItem\",\"position\":2,\"name\":\"Biography\",\"item\":\"https:\\\/\\\/www.sergelifar.org\\\/en\\\/biography\\\/\"},{\"@type\":\"ListItem\",\"position\":3,\"name\":\"The Ukranian Period (1905-1923)\"}]},{\"@type\":\"WebSite\",\"@id\":\"https:\\\/\\\/dev2023.sergelifar.org\\\/en\\\/#website\",\"url\":\"https:\\\/\\\/dev2023.sergelifar.org\\\/en\\\/\",\"name\":\"Serge Lifar\",\"description\":\"Site officiel de la Fondation Serge Lifar\",\"potentialAction\":[{\"@type\":\"SearchAction\",\"target\":{\"@type\":\"EntryPoint\",\"urlTemplate\":\"https:\\\/\\\/dev2023.sergelifar.org\\\/en\\\/?s={search_term_string}\"},\"query-input\":{\"@type\":\"PropertyValueSpecification\",\"valueRequired\":true,\"valueName\":\"search_term_string\"}}],\"inLanguage\":\"en-US\"}]}<\/script>\n<!-- \/ Yoast SEO plugin. -->","yoast_head_json":{"title":"The Ukranian Period (1905-1923) - Serge Lifar","robots":{"index":"index","follow":"follow","max-snippet":"max-snippet:-1","max-image-preview":"max-image-preview:large","max-video-preview":"max-video-preview:-1"},"canonical":"https:\/\/www.sergelifar.org\/biographie\/la-periode-ukrainienne\/","og_locale":"en_US","og_type":"article","og_title":"The Ukranian Period (1905-1923) - Serge Lifar","og_description":"He had dreamed of becoming a soldier and marching in step, but he became a dancer with aerial instead of martial steps. Serge Lifar says as much in his autobiography.1 It was in August 1913, he was eight years old, as he clearly remembered: \u201cI put on a little uniform and wore a cap with","og_url":"https:\/\/www.sergelifar.org\/biographie\/la-periode-ukrainienne\/","og_site_name":"Serge Lifar","article_modified_time":"2023-04-06T09:10:39+00:00","twitter_card":"summary_large_image","twitter_misc":{"Est. reading time":"8 minutes"},"schema":{"@context":"https:\/\/schema.org","@graph":[{"@type":"WebPage","@id":"https:\/\/www.sergelifar.org\/biographie\/la-periode-ukrainienne\/","url":"https:\/\/www.sergelifar.org\/biographie\/la-periode-ukrainienne\/","name":"The Ukranian Period (1905-1923) - Serge Lifar","isPartOf":{"@id":"https:\/\/dev2023.sergelifar.org\/en\/#website"},"datePublished":"2012-05-04T06:32:39+00:00","dateModified":"2023-04-06T09:10:39+00:00","breadcrumb":{"@id":"https:\/\/www.sergelifar.org\/biographie\/la-periode-ukrainienne\/#breadcrumb"},"inLanguage":"en-US","potentialAction":[{"@type":"ReadAction","target":["https:\/\/www.sergelifar.org\/biographie\/la-periode-ukrainienne\/"]}]},{"@type":"BreadcrumbList","@id":"https:\/\/www.sergelifar.org\/biographie\/la-periode-ukrainienne\/#breadcrumb","itemListElement":[{"@type":"ListItem","position":1,"name":"Accueil","item":"https:\/\/dev2023.sergelifar.org\/en\/"},{"@type":"ListItem","position":2,"name":"Biography","item":"https:\/\/www.sergelifar.org\/en\/biography\/"},{"@type":"ListItem","position":3,"name":"The Ukranian Period (1905-1923)"}]},{"@type":"WebSite","@id":"https:\/\/dev2023.sergelifar.org\/en\/#website","url":"https:\/\/dev2023.sergelifar.org\/en\/","name":"Serge Lifar","description":"Site officiel de la Fondation Serge Lifar","potentialAction":[{"@type":"SearchAction","target":{"@type":"EntryPoint","urlTemplate":"https:\/\/dev2023.sergelifar.org\/en\/?s={search_term_string}"},"query-input":{"@type":"PropertyValueSpecification","valueRequired":true,"valueName":"search_term_string"}}],"inLanguage":"en-US"}]}},"_links":{"self":[{"href":"https:\/\/www.sergelifar.org\/en\/wp-json\/wp\/v2\/pages\/61","targetHints":{"allow":["GET"]}}],"collection":[{"href":"https:\/\/www.sergelifar.org\/en\/wp-json\/wp\/v2\/pages"}],"about":[{"href":"https:\/\/www.sergelifar.org\/en\/wp-json\/wp\/v2\/types\/page"}],"author":[{"embeddable":true,"href":"https:\/\/www.sergelifar.org\/en\/wp-json\/wp\/v2\/users\/2"}],"replies":[{"embeddable":true,"href":"https:\/\/www.sergelifar.org\/en\/wp-json\/wp\/v2\/comments?post=61"}],"version-history":[{"count":5,"href":"https:\/\/www.sergelifar.org\/en\/wp-json\/wp\/v2\/pages\/61\/revisions"}],"predecessor-version":[{"id":4587,"href":"https:\/\/www.sergelifar.org\/en\/wp-json\/wp\/v2\/pages\/61\/revisions\/4587"}],"up":[{"embeddable":true,"href":"https:\/\/www.sergelifar.org\/en\/wp-json\/wp\/v2\/pages\/4"}],"wp:attachment":[{"href":"https:\/\/www.sergelifar.org\/en\/wp-json\/wp\/v2\/media?parent=61"}],"curies":[{"name":"wp","href":"https:\/\/api.w.org\/{rel}","templated":true}]}}