{"id":4097,"date":"2023-02-07T08:06:32","date_gmt":"2023-02-07T08:06:32","guid":{"rendered":"https:\/\/dev2023.sergelifar.org\/hommage-a-attilio-labis\/"},"modified":"2023-02-07T15:55:56","modified_gmt":"2023-02-07T15:55:56","slug":"hommage-a-attilio-labis","status":"publish","type":"page","link":"https:\/\/www.sergelifar.org\/en\/hommage-a-attilio-labis\/","title":{"rendered":"Hommage \u00e0 Attilio Labis"},"content":{"rendered":"<div id=\"pl-4097\"  class=\"panel-layout\" ><div id=\"pg-4097-0\"  class=\"panel-grid panel-no-style\" ><div id=\"pgc-4097-0-0\"  class=\"panel-grid-cell\" ><div id=\"panel-4097-0-0-0\" class=\"so-panel widget widget_sow-editor panel-first-child\" data-index=\"0\" ><div\n\t\t\t\n\t\t\tclass=\"so-widget-sow-editor so-widget-sow-editor-base\"\n\t\t\t\n\t\t><h2 class=\"widget-title\">Hommage \u00e0 Attilio Labis<\/h2>\n<div class=\"siteorigin-widget-tinymce textwidget\">\n\t<p>Attilio Labis (5 septembre 1936 - 26 janvier 2023) \u00e9tait un danseur et professeur de ballet fran\u00e7ais. Il commence sa formation \u00e0 l'Op\u00e9ra de Paris \u00e0 l'\u00e2ge de neuf ans et gravit les \u00e9chelons de l'\u00e9cole. En 1952, il est accept\u00e9 dans le corps de ballet du Ballet de l'Op\u00e9ra de Paris, mais en 1958, il doit s'engager dans l'arm\u00e9e au moment de la guerre d'Alg\u00e9rie. \u00c0 la fin de son service militaire, il revient et auditionne avec succ\u00e8s pour un poste de Premier Danseur apr\u00e8s seulement une semaine de formation. Il est nomm\u00e9 Danseur \u00c9toile environ un an plus tard, sur recommandation d'Andr\u00e9 Malraux apr\u00e8s la repr\u00e9sentation de&nbsp; \"Pas de Dieux\", une chor\u00e9graphie de Gene Kelly, o\u00f9 il danse avec Claude Bessy. Il se produit en tant que Danseur \u00c9toile au Ballet de l'Op\u00e9ra de Paris de 1960 \u00e0 1972, puis devient professeur du corps de ballet de l'Op\u00e9ra de Paris. Invit\u00e9 sur les sc\u00e8nes du monde entier il danse avec les plus c\u00e9l\u00e8bres interpr\u00e8tes comme No\u00eblla Pontois, Claire motte, Christiane Vlassi son \u00e9pouse, Claude Bessy....&nbsp; Pour l'Op\u00e9ra de Paris il chor\u00e9graphia le ballet Arcades sur un musique de Berlioz en 1964.<\/p>\n<p>Attilio Labis dansa une quinzaine d'ann\u00e9es sous la direction de Serge Lifar \u00e0 l'Op\u00e9ra de Paris.<br \/>\nEn 1962 il interpr\u00e8te le r\u00f4le d'Icare dans la chor\u00e9graphie de Serge Lifar dans les d\u00e9cors de Picasso.<\/p>\n<p>Attilio Labis fut l'ambassadeur de l'Ecole Fran\u00e7aise et participa activement \u00e0 travers la Fondation Serge Lifar au travail de m\u00e9moire de l'oeuvre du chor\u00e9graphe ukrainien. Il fut d\u00e9cor\u00e9 de l'ordre des Chevaliers des Arts et des Lettres et chevalier de la L\u00e9gion d'Honneur. Il re\u00e7u \u00e9galement le prix Vaslav Nijinsky.<\/p>\n<p>&nbsp;<\/p>\n<p>&nbsp;<\/p>\n<\/div>\n<\/div><\/div><div id=\"panel-4097-0-0-1\" class=\"so-panel widget widget_sow-editor panel-last-child\" data-index=\"1\" ><div\n\t\t\t\n\t\t\tclass=\"so-widget-sow-editor so-widget-sow-editor-base\"\n\t\t\t\n\t\t>\n<div class=\"siteorigin-widget-tinymce textwidget\">\n\t\n\t\t<style type=\"text\/css\">\n\t\t\t#gallery-1 {\n\t\t\t\tmargin: auto;\n\t\t\t}\n\t\t\t#gallery-1 .gallery-item {\n\t\t\t\tfloat: left;\n\t\t\t\tmargin-top: 10px;\n\t\t\t\ttext-align: center;\n\t\t\t\twidth: 50%;\n\t\t\t}\n\t\t\t#gallery-1 img {\n\t\t\t\tborder: 2px solid #cfcfcf;\n\t\t\t}\n\t\t\t#gallery-1 .gallery-caption {\n\t\t\t\tmargin-left: 0;\n\t\t\t}\n\t\t\t\/* see gallery_shortcode() in wp-includes\/media.php *\/\n\t\t<\/style>\n\t\t<div id='gallery-1' class='gallery galleryid-4097 gallery-columns-2 gallery-size-full'><dl class='gallery-item'>\n\t\t\t<dt class='gallery-icon portrait'>\n\t\t\t\t<a href='https:\/\/www.sergelifar.org\/en\/hommage-a-attilio-labis\/icare-1-2\/'><img loading=\"lazy\" decoding=\"async\" width=\"485\" height=\"587\" src=\"https:\/\/www.sergelifar.org\/wp-content\/uploads\/2023\/02\/icare-1.jpg\" class=\"attachment-full size-full\" alt=\"\" srcset=\"https:\/\/www.sergelifar.org\/wp-content\/uploads\/2023\/02\/icare-1.jpg 485w, https:\/\/www.sergelifar.org\/wp-content\/uploads\/2023\/02\/icare-1-248x300.jpg 248w\" sizes=\"auto, (max-width: 485px) 100vw, 485px\" \/><\/a>\n\t\t\t<\/dt><\/dl><dl class='gallery-item'>\n\t\t\t<dt class='gallery-icon portrait'>\n\t\t\t\t<a href='https:\/\/www.sergelifar.org\/en\/hommage-a-attilio-labis\/labis-2\/'><img loading=\"lazy\" decoding=\"async\" width=\"512\" height=\"640\" src=\"https:\/\/www.sergelifar.org\/wp-content\/uploads\/2023\/02\/LABIS.jpg\" class=\"attachment-full size-full\" alt=\"\" srcset=\"https:\/\/www.sergelifar.org\/wp-content\/uploads\/2023\/02\/LABIS.jpg 512w, https:\/\/www.sergelifar.org\/wp-content\/uploads\/2023\/02\/LABIS-240x300.jpg 240w\" sizes=\"auto, (max-width: 512px) 100vw, 512px\" \/><\/a>\n\t\t\t<\/dt><\/dl><br style=\"clear: both\" \/>\n\t\t<\/div>\n\n<p>&nbsp;<\/p>\n<p><img loading=\"lazy\" decoding=\"async\" class=\"alignnone size-full wp-image-4106\" src=\"https:\/\/www.sergelifar.org\/wp-content\/uploads\/2023\/02\/ATTILIOLABIS3.jpg\" alt=\"\" width=\"1024\" height=\"662\" srcset=\"https:\/\/www.sergelifar.org\/wp-content\/uploads\/2023\/02\/ATTILIOLABIS3.jpg 1024w, https:\/\/www.sergelifar.org\/wp-content\/uploads\/2023\/02\/ATTILIOLABIS3-300x194.jpg 300w, https:\/\/www.sergelifar.org\/wp-content\/uploads\/2023\/02\/ATTILIOLABIS3-768x497.jpg 768w\" sizes=\"auto, (max-width: 1024px) 100vw, 1024px\" \/><\/p>\n<\/div>\n<\/div><\/div><\/div><\/div><\/div>","protected":false},"excerpt":{"rendered":"<p>Attilio Labis (5 septembre 1936 &#8211; 26 janvier 2023) \u00e9tait un danseur et professeur de ballet fran\u00e7ais. Il commence sa formation \u00e0 l&#8217;Op\u00e9ra de Paris \u00e0 l&#8217;\u00e2ge de neuf ans et gravit les \u00e9chelons de l&#8217;\u00e9cole. En 1952, il est accept\u00e9 dans le corps de ballet du Ballet de l&#8217;Op\u00e9ra de Paris, mais en 1958, <\/p>\n","protected":false},"author":2,"featured_media":0,"parent":0,"menu_order":1,"comment_status":"closed","ping_status":"closed","template":"","meta":{"_acf_changed":false,"ngg_post_thumbnail":0,"footnotes":""},"class_list":["post-4097","page","type-page","status-publish","hentry"],"acf":[],"yoast_head":"<!-- This site is optimized with the Yoast SEO plugin v27.3 - https:\/\/yoast.com\/product\/yoast-seo-wordpress\/ -->\n<title>Hommage \u00e0 Attilio Labis - Serge Lifar<\/title>\n<meta name=\"robots\" content=\"index, follow, max-snippet:-1, max-image-preview:large, max-video-preview:-1\" \/>\n<link rel=\"canonical\" href=\"https:\/\/www.sergelifar.org\/en\/hommage-a-attilio-labis\/\" \/>\n<meta property=\"og:locale\" content=\"en_US\" \/>\n<meta property=\"og:type\" content=\"article\" \/>\n<meta property=\"og:title\" content=\"Hommage \u00e0 Attilio Labis - Serge Lifar\" \/>\n<meta property=\"og:description\" content=\"Attilio Labis (5 septembre 1936 - 26 janvier 2023) \u00e9tait un danseur et professeur de ballet fran\u00e7ais. Il commence sa formation \u00e0 l&#039;Op\u00e9ra de Paris \u00e0 l&#039;\u00e2ge de neuf ans et gravit les \u00e9chelons de l&#039;\u00e9cole. En 1952, il est accept\u00e9 dans le corps de ballet du Ballet de l&#039;Op\u00e9ra de Paris, mais en 1958,\" \/>\n<meta property=\"og:url\" content=\"https:\/\/www.sergelifar.org\/en\/hommage-a-attilio-labis\/\" \/>\n<meta property=\"og:site_name\" content=\"Serge Lifar\" \/>\n<meta property=\"article:modified_time\" content=\"2023-02-07T15:55:56+00:00\" \/>\n<meta property=\"og:image\" content=\"https:\/\/www.sergelifar.org\/wp-content\/uploads\/2023\/02\/icare-1.jpg\" \/>\n<meta name=\"twitter:card\" content=\"summary_large_image\" \/>\n<meta name=\"twitter:label1\" content=\"Est. reading time\" \/>\n\t<meta name=\"twitter:data1\" content=\"3 minutes\" \/>\n<script type=\"application\/ld+json\" class=\"yoast-schema-graph\">{\"@context\":\"https:\\\/\\\/schema.org\",\"@graph\":[{\"@type\":\"WebPage\",\"@id\":\"https:\\\/\\\/www.sergelifar.org\\\/en\\\/hommage-a-attilio-labis\\\/\",\"url\":\"https:\\\/\\\/www.sergelifar.org\\\/en\\\/hommage-a-attilio-labis\\\/\",\"name\":\"Hommage \u00e0 Attilio Labis - Serge Lifar\",\"isPartOf\":{\"@id\":\"https:\\\/\\\/dev2023.sergelifar.org\\\/en\\\/#website\"},\"primaryImageOfPage\":{\"@id\":\"https:\\\/\\\/www.sergelifar.org\\\/en\\\/hommage-a-attilio-labis\\\/#primaryimage\"},\"image\":{\"@id\":\"https:\\\/\\\/www.sergelifar.org\\\/en\\\/hommage-a-attilio-labis\\\/#primaryimage\"},\"thumbnailUrl\":\"https:\\\/\\\/www.sergelifar.org\\\/wp-content\\\/uploads\\\/2023\\\/02\\\/ATTILIOLABIS3.jpg\",\"datePublished\":\"2023-02-07T08:06:32+00:00\",\"dateModified\":\"2023-02-07T15:55:56+00:00\",\"breadcrumb\":{\"@id\":\"https:\\\/\\\/www.sergelifar.org\\\/en\\\/hommage-a-attilio-labis\\\/#breadcrumb\"},\"inLanguage\":\"en-US\",\"potentialAction\":[{\"@type\":\"ReadAction\",\"target\":[\"https:\\\/\\\/www.sergelifar.org\\\/en\\\/hommage-a-attilio-labis\\\/\"]}]},{\"@type\":\"ImageObject\",\"inLanguage\":\"en-US\",\"@id\":\"https:\\\/\\\/www.sergelifar.org\\\/en\\\/hommage-a-attilio-labis\\\/#primaryimage\",\"url\":\"https:\\\/\\\/www.sergelifar.org\\\/wp-content\\\/uploads\\\/2023\\\/02\\\/ATTILIOLABIS3.jpg\",\"contentUrl\":\"https:\\\/\\\/www.sergelifar.org\\\/wp-content\\\/uploads\\\/2023\\\/02\\\/ATTILIOLABIS3.jpg\"},{\"@type\":\"BreadcrumbList\",\"@id\":\"https:\\\/\\\/www.sergelifar.org\\\/en\\\/hommage-a-attilio-labis\\\/#breadcrumb\",\"itemListElement\":[{\"@type\":\"ListItem\",\"position\":1,\"name\":\"Accueil\",\"item\":\"https:\\\/\\\/dev2023.sergelifar.org\\\/en\\\/\"},{\"@type\":\"ListItem\",\"position\":2,\"name\":\"Hommage \u00e0 Attilio Labis\"}]},{\"@type\":\"WebSite\",\"@id\":\"https:\\\/\\\/dev2023.sergelifar.org\\\/en\\\/#website\",\"url\":\"https:\\\/\\\/dev2023.sergelifar.org\\\/en\\\/\",\"name\":\"Serge Lifar\",\"description\":\"Site officiel de la Fondation Serge Lifar\",\"potentialAction\":[{\"@type\":\"SearchAction\",\"target\":{\"@type\":\"EntryPoint\",\"urlTemplate\":\"https:\\\/\\\/dev2023.sergelifar.org\\\/en\\\/?s={search_term_string}\"},\"query-input\":{\"@type\":\"PropertyValueSpecification\",\"valueRequired\":true,\"valueName\":\"search_term_string\"}}],\"inLanguage\":\"en-US\"}]}<\/script>\n<!-- \/ Yoast SEO plugin. -->","yoast_head_json":{"title":"Hommage \u00e0 Attilio Labis - Serge Lifar","robots":{"index":"index","follow":"follow","max-snippet":"max-snippet:-1","max-image-preview":"max-image-preview:large","max-video-preview":"max-video-preview:-1"},"canonical":"https:\/\/www.sergelifar.org\/en\/hommage-a-attilio-labis\/","og_locale":"en_US","og_type":"article","og_title":"Hommage \u00e0 Attilio Labis - Serge Lifar","og_description":"Attilio Labis (5 septembre 1936 - 26 janvier 2023) \u00e9tait un danseur et professeur de ballet fran\u00e7ais. Il commence sa formation \u00e0 l'Op\u00e9ra de Paris \u00e0 l'\u00e2ge de neuf ans et gravit les \u00e9chelons de l'\u00e9cole. En 1952, il est accept\u00e9 dans le corps de ballet du Ballet de l'Op\u00e9ra de Paris, mais en 1958,","og_url":"https:\/\/www.sergelifar.org\/en\/hommage-a-attilio-labis\/","og_site_name":"Serge Lifar","article_modified_time":"2023-02-07T15:55:56+00:00","og_image":[{"url":"https:\/\/www.sergelifar.org\/wp-content\/uploads\/2023\/02\/icare-1.jpg","type":"","width":"","height":""}],"twitter_card":"summary_large_image","twitter_misc":{"Est. reading time":"3 minutes"},"schema":{"@context":"https:\/\/schema.org","@graph":[{"@type":"WebPage","@id":"https:\/\/www.sergelifar.org\/en\/hommage-a-attilio-labis\/","url":"https:\/\/www.sergelifar.org\/en\/hommage-a-attilio-labis\/","name":"Hommage \u00e0 Attilio Labis - Serge Lifar","isPartOf":{"@id":"https:\/\/dev2023.sergelifar.org\/en\/#website"},"primaryImageOfPage":{"@id":"https:\/\/www.sergelifar.org\/en\/hommage-a-attilio-labis\/#primaryimage"},"image":{"@id":"https:\/\/www.sergelifar.org\/en\/hommage-a-attilio-labis\/#primaryimage"},"thumbnailUrl":"https:\/\/www.sergelifar.org\/wp-content\/uploads\/2023\/02\/ATTILIOLABIS3.jpg","datePublished":"2023-02-07T08:06:32+00:00","dateModified":"2023-02-07T15:55:56+00:00","breadcrumb":{"@id":"https:\/\/www.sergelifar.org\/en\/hommage-a-attilio-labis\/#breadcrumb"},"inLanguage":"en-US","potentialAction":[{"@type":"ReadAction","target":["https:\/\/www.sergelifar.org\/en\/hommage-a-attilio-labis\/"]}]},{"@type":"ImageObject","inLanguage":"en-US","@id":"https:\/\/www.sergelifar.org\/en\/hommage-a-attilio-labis\/#primaryimage","url":"https:\/\/www.sergelifar.org\/wp-content\/uploads\/2023\/02\/ATTILIOLABIS3.jpg","contentUrl":"https:\/\/www.sergelifar.org\/wp-content\/uploads\/2023\/02\/ATTILIOLABIS3.jpg"},{"@type":"BreadcrumbList","@id":"https:\/\/www.sergelifar.org\/en\/hommage-a-attilio-labis\/#breadcrumb","itemListElement":[{"@type":"ListItem","position":1,"name":"Accueil","item":"https:\/\/dev2023.sergelifar.org\/en\/"},{"@type":"ListItem","position":2,"name":"Hommage \u00e0 Attilio Labis"}]},{"@type":"WebSite","@id":"https:\/\/dev2023.sergelifar.org\/en\/#website","url":"https:\/\/dev2023.sergelifar.org\/en\/","name":"Serge Lifar","description":"Site officiel de la Fondation Serge Lifar","potentialAction":[{"@type":"SearchAction","target":{"@type":"EntryPoint","urlTemplate":"https:\/\/dev2023.sergelifar.org\/en\/?s={search_term_string}"},"query-input":{"@type":"PropertyValueSpecification","valueRequired":true,"valueName":"search_term_string"}}],"inLanguage":"en-US"}]}},"_links":{"self":[{"href":"https:\/\/www.sergelifar.org\/en\/wp-json\/wp\/v2\/pages\/4097","targetHints":{"allow":["GET"]}}],"collection":[{"href":"https:\/\/www.sergelifar.org\/en\/wp-json\/wp\/v2\/pages"}],"about":[{"href":"https:\/\/www.sergelifar.org\/en\/wp-json\/wp\/v2\/types\/page"}],"author":[{"embeddable":true,"href":"https:\/\/www.sergelifar.org\/en\/wp-json\/wp\/v2\/users\/2"}],"replies":[{"embeddable":true,"href":"https:\/\/www.sergelifar.org\/en\/wp-json\/wp\/v2\/comments?post=4097"}],"version-history":[{"count":2,"href":"https:\/\/www.sergelifar.org\/en\/wp-json\/wp\/v2\/pages\/4097\/revisions"}],"predecessor-version":[{"id":4117,"href":"https:\/\/www.sergelifar.org\/en\/wp-json\/wp\/v2\/pages\/4097\/revisions\/4117"}],"wp:attachment":[{"href":"https:\/\/www.sergelifar.org\/en\/wp-json\/wp\/v2\/media?parent=4097"}],"curies":[{"name":"wp","href":"https:\/\/api.w.org\/{rel}","templated":true}]}}