{"id":3730,"date":"2020-09-18T08:08:44","date_gmt":"2020-09-18T08:08:44","guid":{"rendered":"https:\/\/www.sergelifar.org\/?page_id=3730"},"modified":"2026-01-30T14:28:07","modified_gmt":"2026-01-30T13:28:07","slug":"stage-sets-and-costumes","status":"publish","type":"page","link":"https:\/\/www.sergelifar.org\/en\/serge-lifars-collaborations-with-other-artists\/serge-lifar-and-yves-brayer\/stage-sets-and-costumes\/","title":{"rendered":"Stage sets and costumes"},"content":{"rendered":"<div id=\"pl-3730\"  class=\"panel-layout\" ><div id=\"pg-3730-0\"  class=\"panel-grid panel-no-style\" ><div id=\"pgc-3730-0-0\"  class=\"panel-grid-cell\" ><div id=\"panel-3730-0-0-0\" class=\"so-panel widget widget_sow-editor panel-first-child panel-last-child\" data-index=\"0\" ><div\n\t\t\t\n\t\t\tclass=\"so-widget-sow-editor so-widget-sow-editor-base\"\n\t\t\t\n\t\t>\n<div class=\"siteorigin-widget-tinymce textwidget\">\n\t<p>The images below show some of Yves Brayer\u2019s curtain, stage set and costume designs for the ballets he worked on with Serge Lifar: <em>Joan von Zarissa<\/em>, <em>El Amor Brujo<\/em>, <em>Salom\u00e9<\/em>, <em>Lucifer<\/em> and <em>Naut\u00e9os<\/em>.<\/p>\n<\/div>\n<\/div><\/div><\/div><\/div><div id=\"pg-3730-1\"  class=\"panel-grid panel-no-style\" ><div id=\"pgc-3730-1-0\"  class=\"panel-grid-cell\" ><div id=\"panel-3730-1-0-0\" class=\"so-panel widget widget_sow-editor panel-first-child\" data-index=\"1\" ><div\n\t\t\t\n\t\t\tclass=\"so-widget-sow-editor so-widget-sow-editor-base\"\n\t\t\t\n\t\t><h2 class=\"widget-title\">JOAN VON ZARISSA<\/h2>\n<div class=\"siteorigin-widget-tinymce textwidget\">\n\t<div class=\"siteorigin-widget-tinymce textwidget\">\n<p>Libretto and music by Werner Egk, choreography by Serge Lifar, Op\u00e9ra de Paris, 1942<\/p>\n<p>Cast:<\/p>\n<p>Lycette Darsonval (Isabeau), Marianne Ivanoff (Perette), Micheline Bardin and Paulette Dynalix (Servants), Solange Schwarz (the Most Beautiful of the Captured Moorish Women), Yvette Chauvir\u00e9 (Florence)<\/p>\n<p>Serge Lifar (Joan), Serge Peretti (a Young Knight), Roger Ritz (the Gigantic Knight), Guylaine (Lefou), Duprez (the Iron Duke), Nivolas Efimoff (the Monster), Sauvageot and Milliand (Captured Kings)<\/p>\n<p>Click on the images below to enlarge<\/p>\nngg_shortcode_0_placeholder<\/div>\n<\/div>\n<\/div><\/div><div id=\"panel-3730-1-0-1\" class=\"so-panel widget widget_sow-editor\" data-index=\"2\" ><div\n\t\t\t\n\t\t\tclass=\"so-widget-sow-editor so-widget-sow-editor-base\"\n\t\t\t\n\t\t><h2 class=\"widget-title\">EL AMOR BRUJO<\/h2>\n<div class=\"siteorigin-widget-tinymce textwidget\">\n\t<div class=\"siteorigin-widget-tinymce textwidget\">\n<p>Music by Manuel de Falla, libretto by G. Martinez Sierra, choreography by Serge Lifar, Op\u00e9ra de Paris, 1943<\/p>\n<p>Cast:<\/p>\n<p>Teresina (Candelas), Lycette Darsonval (Lucia)<\/p>\n<p>Roland Petit (Carmelo), Serge Lifar (the Revenant)<\/p>\n<p>and the Op\u00e9ra-Comique of 1947 (reprised 19 June 1947), choreography by Mariemma, based on the work of Antonia Merc\u00e9 (commonly known as \u2018La Argentina\u2019)<\/p>\nngg_shortcode_1_placeholder\n<\/div>\n<\/div>\n<\/div><\/div><div id=\"panel-3730-1-0-2\" class=\"so-panel widget widget_sow-editor\" data-index=\"3\" ><div\n\t\t\t\n\t\t\tclass=\"so-widget-sow-editor so-widget-sow-editor-base\"\n\t\t\t\n\t\t><h2 class=\"widget-title\">SALOME<\/h2>\n<div class=\"siteorigin-widget-tinymce textwidget\">\n\t<div class=\"siteorigin-widget-tinymce textwidget\">\n<p>Music by Richard Strauss, poem by Oscar Wilde, choreography by Serge Lifar, Les Ballets de Monte Carlo, 1946<\/p>\n<p>Cast:<\/p>\n<p>Olga Adabache (Salom\u00e9)<\/p>\n<p>Serge Lifar<\/p>\nngg_shortcode_2_placeholder\n<\/div>\n<\/div>\n<\/div><\/div><div id=\"panel-3730-1-0-3\" class=\"so-panel widget widget_sow-editor\" data-index=\"4\" ><div\n\t\t\t\n\t\t\tclass=\"so-widget-sow-editor so-widget-sow-editor-base\"\n\t\t\t\n\t\t><h2 class=\"widget-title\">LUCIFER<\/h2>\n<div class=\"siteorigin-widget-tinymce textwidget\">\n\t<div class=\"siteorigin-widget-tinymce textwidget\">\n<p>Music by Claude Delvincourt, libretto by Ren\u00e9 Dumesnil, choreography and staging by Serge Lifar, Op\u00e9ra de Paris, 1948<\/p>\n<p>Cast:<\/p>\n<p>Lycette Darsonval (the Princess of Hell), Madeleine Lafon (Eve), Jacqueline Moreau (the Fallen Angel), Bourgeois (Zillah), Paulette Dynalix (Adah), Gerodez, Sianina, Rigel, Thalia<\/p>\n<p>Roger Ritz (Lucifer), Michel Renault (the Archangel), Max Bozzoni (Abel), Lucien Legrand (Adam), Nicolas Efimoff (Cain)<\/p>\nngg_shortcode_3_placeholder\n<\/div>\n<\/div>\n<\/div><\/div><div id=\"panel-3730-1-0-4\" class=\"so-panel widget widget_sow-editor panel-last-child\" data-index=\"5\" ><div\n\t\t\t\n\t\t\tclass=\"so-widget-sow-editor so-widget-sow-editor-base\"\n\t\t\t\n\t\t><h2 class=\"widget-title\">NAUTEOS<\/h2>\n<div class=\"siteorigin-widget-tinymce textwidget\">\n\t<div class=\"siteorigin-widget-tinymce textwidget\">\n<p>Music by Jeanne Leleu, text by Ren\u00e9 Dumesnil, choreography and staging by Serge Lifar, Op\u00e9ra de Paris, 1954<\/p>\n<p>Cast:<\/p>\n<p>Yvette Chauvir\u00e9 (Leucothea), Madeleine Lafon (Eurystea)<\/p>\n<p>Michel Renault (Nauteos), Max Bozzoni (Pisander), Bari and Franchetti (Tritons), Jodel (Shepherd)<\/p>\nngg_shortcode_4_placeholder\n<\/div>\n<\/div>\n<\/div><\/div><\/div><\/div><\/div>","protected":false},"excerpt":{"rendered":"<p>The images below show some of Yves Brayer\u2019s curtain, stage set and costume designs for the ballets he worked on with Serge Lifar: Joan von Zarissa, El Amor Brujo, Salom\u00e9, Lucifer and Naut\u00e9os. Libretto and music by Werner Egk, choreography by Serge Lifar, Op\u00e9ra de Paris, 1942 Cast: Lycette Darsonval (Isabeau), Marianne Ivanoff (Perette), Micheline <\/p>\n","protected":false},"author":2,"featured_media":0,"parent":3714,"menu_order":27,"comment_status":"closed","ping_status":"closed","template":"page-brayer.php","meta":{"_acf_changed":false,"ngg_post_thumbnail":0,"footnotes":""},"class_list":["post-3730","page","type-page","status-publish","hentry"],"acf":[],"yoast_head":"<!-- This site is optimized with the Yoast SEO plugin v27.4 - https:\/\/yoast.com\/product\/yoast-seo-wordpress\/ -->\n<title>Stage sets and costumes - Serge Lifar<\/title>\n<meta name=\"robots\" content=\"index, follow, max-snippet:-1, max-image-preview:large, max-video-preview:-1\" \/>\n<link rel=\"canonical\" href=\"https:\/\/www.sergelifar.org\/en\/serge-lifars-collaborations-with-other-artists\/serge-lifar-and-yves-brayer\/stage-sets-and-costumes\/\" \/>\n<meta property=\"og:locale\" content=\"en_US\" \/>\n<meta property=\"og:type\" content=\"article\" \/>\n<meta property=\"og:title\" content=\"Stage sets and costumes - Serge Lifar\" \/>\n<meta property=\"og:description\" content=\"The images below show some of Yves Brayer\u2019s curtain, stage set and costume designs for the ballets he worked on with Serge Lifar: Joan von Zarissa, El Amor Brujo, Salom\u00e9, Lucifer and Naut\u00e9os. Libretto and music by Werner Egk, choreography by Serge Lifar, Op\u00e9ra de Paris, 1942 Cast: Lycette Darsonval (Isabeau), Marianne Ivanoff (Perette), Micheline\" \/>\n<meta property=\"og:url\" content=\"https:\/\/www.sergelifar.org\/en\/serge-lifars-collaborations-with-other-artists\/serge-lifar-and-yves-brayer\/stage-sets-and-costumes\/\" \/>\n<meta property=\"og:site_name\" content=\"Serge Lifar\" \/>\n<meta property=\"article:modified_time\" content=\"2026-01-30T13:28:07+00:00\" \/>\n<meta property=\"og:image\" content=\"https:\/\/www.sergelifar.org\/joan-de-zarissa\/cache\/Web_D126-M-6-1-57-Joan-de-Zarissa-Opera-de-Paris-1942-maquette-de-costume-01-49x28.5cm-Joan.JPG-nggid041121-ngg0dyn-325x0x100-00f0w010c010r110f110r010t010.JPG\" \/>\n<meta name=\"twitter:card\" content=\"summary_large_image\" \/>\n<meta name=\"twitter:label1\" content=\"Est. reading time\" \/>\n\t<meta name=\"twitter:data1\" content=\"21 minutes\" \/>\n<script type=\"application\/ld+json\" class=\"yoast-schema-graph\">{\"@context\":\"https:\\\/\\\/schema.org\",\"@graph\":[{\"@type\":\"WebPage\",\"@id\":\"https:\\\/\\\/www.sergelifar.org\\\/en\\\/serge-lifars-collaborations-with-other-artists\\\/serge-lifar-and-yves-brayer\\\/stage-sets-and-costumes\\\/\",\"url\":\"https:\\\/\\\/www.sergelifar.org\\\/en\\\/serge-lifars-collaborations-with-other-artists\\\/serge-lifar-and-yves-brayer\\\/stage-sets-and-costumes\\\/\",\"name\":\"Stage sets and costumes - Serge Lifar\",\"isPartOf\":{\"@id\":\"https:\\\/\\\/dev2023.sergelifar.org\\\/en\\\/#website\"},\"primaryImageOfPage\":{\"@id\":\"https:\\\/\\\/www.sergelifar.org\\\/en\\\/serge-lifars-collaborations-with-other-artists\\\/serge-lifar-and-yves-brayer\\\/stage-sets-and-costumes\\\/#primaryimage\"},\"image\":{\"@id\":\"https:\\\/\\\/www.sergelifar.org\\\/en\\\/serge-lifars-collaborations-with-other-artists\\\/serge-lifar-and-yves-brayer\\\/stage-sets-and-costumes\\\/#primaryimage\"},\"thumbnailUrl\":\"https:\\\/\\\/www.sergelifar.org\\\/joan-de-zarissa\\\/cache\\\/Web_D126-M-6-1-57-Joan-de-Zarissa-Opera-de-Paris-1942-maquette-de-costume-01-49x28.5cm-Joan.JPG-nggid041121-ngg0dyn-325x0x100-00f0w010c010r110f110r010t010.JPG\",\"datePublished\":\"2020-09-18T08:08:44+00:00\",\"dateModified\":\"2026-01-30T13:28:07+00:00\",\"breadcrumb\":{\"@id\":\"https:\\\/\\\/www.sergelifar.org\\\/en\\\/serge-lifars-collaborations-with-other-artists\\\/serge-lifar-and-yves-brayer\\\/stage-sets-and-costumes\\\/#breadcrumb\"},\"inLanguage\":\"en-US\",\"potentialAction\":[{\"@type\":\"ReadAction\",\"target\":[\"https:\\\/\\\/www.sergelifar.org\\\/en\\\/serge-lifars-collaborations-with-other-artists\\\/serge-lifar-and-yves-brayer\\\/stage-sets-and-costumes\\\/\"]}]},{\"@type\":\"ImageObject\",\"inLanguage\":\"en-US\",\"@id\":\"https:\\\/\\\/www.sergelifar.org\\\/en\\\/serge-lifars-collaborations-with-other-artists\\\/serge-lifar-and-yves-brayer\\\/stage-sets-and-costumes\\\/#primaryimage\",\"url\":\"https:\\\/\\\/www.sergelifar.org\\\/joan-de-zarissa\\\/cache\\\/Web_D126-M-6-1-57-Joan-de-Zarissa-Opera-de-Paris-1942-maquette-de-costume-01-49x28.5cm-Joan.JPG-nggid041121-ngg0dyn-325x0x100-00f0w010c010r110f110r010t010.JPG\",\"contentUrl\":\"https:\\\/\\\/www.sergelifar.org\\\/joan-de-zarissa\\\/cache\\\/Web_D126-M-6-1-57-Joan-de-Zarissa-Opera-de-Paris-1942-maquette-de-costume-01-49x28.5cm-Joan.JPG-nggid041121-ngg0dyn-325x0x100-00f0w010c010r110f110r010t010.JPG\"},{\"@type\":\"BreadcrumbList\",\"@id\":\"https:\\\/\\\/www.sergelifar.org\\\/en\\\/serge-lifars-collaborations-with-other-artists\\\/serge-lifar-and-yves-brayer\\\/stage-sets-and-costumes\\\/#breadcrumb\",\"itemListElement\":[{\"@type\":\"ListItem\",\"position\":1,\"name\":\"Accueil\",\"item\":\"https:\\\/\\\/dev2023.sergelifar.org\\\/en\\\/\"},{\"@type\":\"ListItem\",\"position\":2,\"name\":\"Serge Lifar&rsquo;s collaborations with other artists\",\"item\":\"https:\\\/\\\/www.sergelifar.org\\\/en\\\/serge-lifars-collaborations-with-other-artists\\\/\"},{\"@type\":\"ListItem\",\"position\":3,\"name\":\"Introduction\",\"item\":\"https:\\\/\\\/www.sergelifar.org\\\/en\\\/serge-lifars-collaborations-with-other-artists\\\/serge-lifar-and-yves-brayer\\\/\"},{\"@type\":\"ListItem\",\"position\":4,\"name\":\"Stage sets and costumes\"}]},{\"@type\":\"WebSite\",\"@id\":\"https:\\\/\\\/dev2023.sergelifar.org\\\/en\\\/#website\",\"url\":\"https:\\\/\\\/dev2023.sergelifar.org\\\/en\\\/\",\"name\":\"Serge Lifar\",\"description\":\"Site officiel de la Fondation Serge Lifar\",\"potentialAction\":[{\"@type\":\"SearchAction\",\"target\":{\"@type\":\"EntryPoint\",\"urlTemplate\":\"https:\\\/\\\/dev2023.sergelifar.org\\\/en\\\/?s={search_term_string}\"},\"query-input\":{\"@type\":\"PropertyValueSpecification\",\"valueRequired\":true,\"valueName\":\"search_term_string\"}}],\"inLanguage\":\"en-US\"}]}<\/script>\n<!-- \/ Yoast SEO plugin. -->","yoast_head_json":{"title":"Stage sets and costumes - Serge Lifar","robots":{"index":"index","follow":"follow","max-snippet":"max-snippet:-1","max-image-preview":"max-image-preview:large","max-video-preview":"max-video-preview:-1"},"canonical":"https:\/\/www.sergelifar.org\/en\/serge-lifars-collaborations-with-other-artists\/serge-lifar-and-yves-brayer\/stage-sets-and-costumes\/","og_locale":"en_US","og_type":"article","og_title":"Stage sets and costumes - Serge Lifar","og_description":"The images below show some of Yves Brayer\u2019s curtain, stage set and costume designs for the ballets he worked on with Serge Lifar: Joan von Zarissa, El Amor Brujo, Salom\u00e9, Lucifer and Naut\u00e9os. Libretto and music by Werner Egk, choreography by Serge Lifar, Op\u00e9ra de Paris, 1942 Cast: Lycette Darsonval (Isabeau), Marianne Ivanoff (Perette), Micheline","og_url":"https:\/\/www.sergelifar.org\/en\/serge-lifars-collaborations-with-other-artists\/serge-lifar-and-yves-brayer\/stage-sets-and-costumes\/","og_site_name":"Serge Lifar","article_modified_time":"2026-01-30T13:28:07+00:00","og_image":[{"url":"https:\/\/www.sergelifar.org\/joan-de-zarissa\/cache\/Web_D126-M-6-1-57-Joan-de-Zarissa-Opera-de-Paris-1942-maquette-de-costume-01-49x28.5cm-Joan.JPG-nggid041121-ngg0dyn-325x0x100-00f0w010c010r110f110r010t010.JPG","type":"","width":"","height":""}],"twitter_card":"summary_large_image","twitter_misc":{"Est. reading time":"21 minutes"},"schema":{"@context":"https:\/\/schema.org","@graph":[{"@type":"WebPage","@id":"https:\/\/www.sergelifar.org\/en\/serge-lifars-collaborations-with-other-artists\/serge-lifar-and-yves-brayer\/stage-sets-and-costumes\/","url":"https:\/\/www.sergelifar.org\/en\/serge-lifars-collaborations-with-other-artists\/serge-lifar-and-yves-brayer\/stage-sets-and-costumes\/","name":"Stage sets and costumes - Serge Lifar","isPartOf":{"@id":"https:\/\/dev2023.sergelifar.org\/en\/#website"},"primaryImageOfPage":{"@id":"https:\/\/www.sergelifar.org\/en\/serge-lifars-collaborations-with-other-artists\/serge-lifar-and-yves-brayer\/stage-sets-and-costumes\/#primaryimage"},"image":{"@id":"https:\/\/www.sergelifar.org\/en\/serge-lifars-collaborations-with-other-artists\/serge-lifar-and-yves-brayer\/stage-sets-and-costumes\/#primaryimage"},"thumbnailUrl":"https:\/\/www.sergelifar.org\/joan-de-zarissa\/cache\/Web_D126-M-6-1-57-Joan-de-Zarissa-Opera-de-Paris-1942-maquette-de-costume-01-49x28.5cm-Joan.JPG-nggid041121-ngg0dyn-325x0x100-00f0w010c010r110f110r010t010.JPG","datePublished":"2020-09-18T08:08:44+00:00","dateModified":"2026-01-30T13:28:07+00:00","breadcrumb":{"@id":"https:\/\/www.sergelifar.org\/en\/serge-lifars-collaborations-with-other-artists\/serge-lifar-and-yves-brayer\/stage-sets-and-costumes\/#breadcrumb"},"inLanguage":"en-US","potentialAction":[{"@type":"ReadAction","target":["https:\/\/www.sergelifar.org\/en\/serge-lifars-collaborations-with-other-artists\/serge-lifar-and-yves-brayer\/stage-sets-and-costumes\/"]}]},{"@type":"ImageObject","inLanguage":"en-US","@id":"https:\/\/www.sergelifar.org\/en\/serge-lifars-collaborations-with-other-artists\/serge-lifar-and-yves-brayer\/stage-sets-and-costumes\/#primaryimage","url":"https:\/\/www.sergelifar.org\/joan-de-zarissa\/cache\/Web_D126-M-6-1-57-Joan-de-Zarissa-Opera-de-Paris-1942-maquette-de-costume-01-49x28.5cm-Joan.JPG-nggid041121-ngg0dyn-325x0x100-00f0w010c010r110f110r010t010.JPG","contentUrl":"https:\/\/www.sergelifar.org\/joan-de-zarissa\/cache\/Web_D126-M-6-1-57-Joan-de-Zarissa-Opera-de-Paris-1942-maquette-de-costume-01-49x28.5cm-Joan.JPG-nggid041121-ngg0dyn-325x0x100-00f0w010c010r110f110r010t010.JPG"},{"@type":"BreadcrumbList","@id":"https:\/\/www.sergelifar.org\/en\/serge-lifars-collaborations-with-other-artists\/serge-lifar-and-yves-brayer\/stage-sets-and-costumes\/#breadcrumb","itemListElement":[{"@type":"ListItem","position":1,"name":"Accueil","item":"https:\/\/dev2023.sergelifar.org\/en\/"},{"@type":"ListItem","position":2,"name":"Serge Lifar&rsquo;s collaborations with other artists","item":"https:\/\/www.sergelifar.org\/en\/serge-lifars-collaborations-with-other-artists\/"},{"@type":"ListItem","position":3,"name":"Introduction","item":"https:\/\/www.sergelifar.org\/en\/serge-lifars-collaborations-with-other-artists\/serge-lifar-and-yves-brayer\/"},{"@type":"ListItem","position":4,"name":"Stage sets and costumes"}]},{"@type":"WebSite","@id":"https:\/\/dev2023.sergelifar.org\/en\/#website","url":"https:\/\/dev2023.sergelifar.org\/en\/","name":"Serge Lifar","description":"Site officiel de la Fondation Serge Lifar","potentialAction":[{"@type":"SearchAction","target":{"@type":"EntryPoint","urlTemplate":"https:\/\/dev2023.sergelifar.org\/en\/?s={search_term_string}"},"query-input":{"@type":"PropertyValueSpecification","valueRequired":true,"valueName":"search_term_string"}}],"inLanguage":"en-US"}]}},"_links":{"self":[{"href":"https:\/\/www.sergelifar.org\/en\/wp-json\/wp\/v2\/pages\/3730","targetHints":{"allow":["GET"]}}],"collection":[{"href":"https:\/\/www.sergelifar.org\/en\/wp-json\/wp\/v2\/pages"}],"about":[{"href":"https:\/\/www.sergelifar.org\/en\/wp-json\/wp\/v2\/types\/page"}],"author":[{"embeddable":true,"href":"https:\/\/www.sergelifar.org\/en\/wp-json\/wp\/v2\/users\/2"}],"replies":[{"embeddable":true,"href":"https:\/\/www.sergelifar.org\/en\/wp-json\/wp\/v2\/comments?post=3730"}],"version-history":[{"count":4,"href":"https:\/\/www.sergelifar.org\/en\/wp-json\/wp\/v2\/pages\/3730\/revisions"}],"predecessor-version":[{"id":8456,"href":"https:\/\/www.sergelifar.org\/en\/wp-json\/wp\/v2\/pages\/3730\/revisions\/8456"}],"up":[{"embeddable":true,"href":"https:\/\/www.sergelifar.org\/en\/wp-json\/wp\/v2\/pages\/3714"}],"wp:attachment":[{"href":"https:\/\/www.sergelifar.org\/en\/wp-json\/wp\/v2\/media?parent=3730"}],"curies":[{"name":"wp","href":"https:\/\/api.w.org\/{rel}","templated":true}]}}