{"id":3724,"date":"2020-09-18T07:57:15","date_gmt":"2020-09-18T07:57:15","guid":{"rendered":"https:\/\/www.sergelifar.org\/?page_id=3724"},"modified":"2020-09-18T07:57:15","modified_gmt":"2020-09-18T07:57:15","slug":"serge-lifar-on-working-with-yves-brayer","status":"publish","type":"page","link":"https:\/\/www.sergelifar.org\/en\/serge-lifars-collaborations-with-other-artists\/serge-lifar-and-yves-brayer\/serge-lifar-on-working-with-yves-brayer\/","title":{"rendered":"Serge Lifar on working with Yves Brayer"},"content":{"rendered":"<div id=\"pl-3724\"  class=\"panel-layout\" ><div id=\"pg-3724-0\"  class=\"panel-grid panel-no-style\" ><div id=\"pgc-3724-0-0\"  class=\"panel-grid-cell\" ><div id=\"panel-3724-0-0-0\" class=\"so-panel widget widget_sow-editor panel-first-child panel-last-child\" data-index=\"0\" ><div\n\t\t\t\n\t\t\tclass=\"so-widget-sow-editor so-widget-sow-editor-base\"\n\t\t\t\n\t\t>\n<div class=\"siteorigin-widget-tinymce textwidget\">\n\t<p>\u00ab <em>Joan de Zarissa<\/em>&nbsp;fut pour moi l'occasion d'une premi\u00e8re rencontre avec Yves Brayer que Jacques Rouch\u00e9 venait d'appeler pour faire des d\u00e9cors \u00e0 l'Op\u00e9ra. Je me souviens encore de ma visite \u00e0 son exposition, afin de \u00abprendre contact\u00bb avec lui. Tr\u00e8s vite, je m'\u00e9tais rendu compte jusqu'\u00e0 quel point il poss\u00e9dait un sens aigu du th\u00e9\u00e2tre et du ballet.<\/p>\n<p>Yves Brayer, d'instinct, saisissait l'harmonie des couleurs n\u00e9cessaires \u00e0 la danse, tenait compte de toutes les particularit\u00e9s du danseur et du plateau chor\u00e9graphique, calculait les perspectives, notait le mouvement et enfin les arr\u00eats qui sont pour nous aussi importants que le mouvement. <em>Joan de Zarissa<\/em>&nbsp;fut un triomphe. Brayer fit mon portrait dans ma loge, portant le pourpoint noir de Joan et ce fut la naissance de notre amiti\u00e9.<\/p>\n<p>Notre seconde rencontre eut lieu \u00e0 propos de <em>L'Amour Sorcier<\/em>&nbsp;que je dansais avec Teresina. Le d\u00e9cor con\u00e7u par Yves Brayer, une \u00abcueva\u00bb immense et pleine de myst\u00e8re, pr\u00e9figurait ses paysages du Val d'Enfer aux Baux-de-Provence.<\/p>\n<p>Claude Delvincourt, alors directeur du Conservatoire National de Musique, et le critique musical Ren\u00e9 Dumesnil m'avaient invit\u00e9 \u00e0 entendre leur \u0153uvre commune, un oratorio, <em>Le Myst\u00e8re de Ca\u00efn<\/em>, \u00e0 qui les auteurs avaient donn\u00e9 le titre de <em>Lucife<\/em>r.<\/p>\n<p>\u00c0 l'issue de l'audition, j'acceptai avec enthousiasme de cr\u00e9er le ballet. Et pourtant, la t\u00e2che du chor\u00e9auteur, en raison des difficult\u00e9s musicales, \u00e9tait difficile et je ne me le cachais point.<\/p>\n<p>J'\u00e9tais s\u00fbr de mon corps de ballet: je me mis au travail et fis mes premi\u00e8res \u00e9bauches. Mais la r\u00e9alisation de <em>Lucifer<\/em>&nbsp;fut soumise \u00e0 bien des arr\u00eats, des remises en question, en raison de l'importance de l'\u0153uvre.<\/p>\n<p>Entre temps, Yves Brayer avait \u00e9t\u00e9 charg\u00e9 de lui donner un cadre et de l'habiller. Des formes naissaient et des couleurs; le mouvement jaillissait et prenait possession de l'espace; les groupes qui s'\u00e9taient disjoints se renouaient; des \u00e2mes priaient et souffraient.<\/p>\n<p>Yves Brayer se souvient encore, je pense, de notre collaboration, de notre enthousiasme, de nos disputes, de nos r\u00e9conciliations, dans les temples Garnier, \u00e0 l'Op\u00e9ra de Monte-Carlo o\u00f9 nous avons mont\u00e9 <em>Salom\u00e9<\/em> de Richard Strauss, puis de nouveau \u00e0 l'Op\u00e9ra de Paris pour la cr\u00e9ation de <em>Naut\u00e9os<\/em>&nbsp;avec la merveilleuse Yvette Chauvir\u00e9.<\/p>\n<p>L'espace, pour nous, constitue le contrepoint du mouvement. De l\u00e0, des discussions interminables: \u00abTrop pr\u00e8s ... trop loin ... L'escalier ici, et non pas ailleurs ... Ah ! ces masques ... Le mien ne me va pas, il est trop petit ... Ma\u00eetre, laissez-moi me maquiller tout simplement: ces fards sont impossibles ... \u00bb<\/p>\n<p>Lifar ci. Lifar l\u00e0 ... Brayer l\u00e0. Brayer ci...<\/p>\n<p>Entre deux essayages de costumes, entre la venue du perruquier ou une visite \u00e0 l'accessoiriste, en attendant de voir ses d\u00e9cors plant\u00e9s sur la sc\u00e8ne, Yves Brayer venait s'asseoir par terre dans la salle de r\u00e9p\u00e9tition et il dessinait. Tout en haut de l'Op\u00e9ra, sous les toits, la Rotonde avec ses fen\u00eatres rondes en forme d'\u0153il de b\u0153uf, lui plaisait tout particuli\u00e8rement en raison de sa belle lumi\u00e8re. L\u00e0, les uns travaillaient sous ma direction, d'autres attendaient leur tour en faisant quelques exercices \u00e0 la barre, d'autres se reposaient.<\/p>\n<p>Je savais qu'il \u00e9tait toujours dans la maison lorsqu'un nouveau probl\u00e8me se posait. Et il y en avait. Ainsi en ma qualit\u00e9 de metteur en sc\u00e8ne, je devais placer les ch\u0153urs. Je r\u00e9clamais quatre premi\u00e8res loges dont celle du Pr\u00e9sident de la R\u00e9publique. Gros \u00e9moi. Mais Georges Hirsch qui \u00e9tait un homme de th\u00e9\u00e2tre, comprenait les n\u00e9cessit\u00e9s du spectacle. Sans h\u00e9siter, il me donna satisfaction: pour une fois, le Pr\u00e9sident de la R\u00e9publique dut voir le ballet du fond de la salle.<\/p>\n<p>Le soir de la premi\u00e8re <em>Lucifer<\/em>&nbsp;\u00e9tait n\u00e9. Il allait vivre d\u00e9sormais sa propre vie de vitrail de cath\u00e9drale, d'enfer peupl\u00e9 de monstres, de nature aux espaces infinis. Car c'\u00e9tait tout cela qu'\u00e9voquait le cadre d'Yves Brayer qui, de m\u00eame que la danse, de m\u00eame que la musique, avait ordonn\u00e9 \u00abl'ordre dans les ordres\u00bb, la pause dans le mouvement.<\/p>\n<p>Et lorsque se fut tu le dernier applaudissement, quand pour la derni\u00e8re fois le rideau eut \u00e9t\u00e9 baiss\u00e9 et que les machinistes eurent enlev\u00e9 les portants, d\u00e9couvrant le PLATEAU dans son aust\u00e8re et cruelle nudit\u00e9, nous comprenions plus vivement que jamais que ce plateau-l\u00e0 est un monde, notre monde. D'ailleurs ne se dressait-il pas pour nous, tellement plus haut que les cimes de l'Himalaya ? \u00bb<\/p>\n<p>\u00a9 Archives Yves Brayer<\/p>\n<\/div>\n<\/div><\/div><\/div><\/div><\/div>","protected":false},"excerpt":{"rendered":"<p>\u00ab Joan de Zarissa&nbsp;fut pour moi l&#8217;occasion d&#8217;une premi\u00e8re rencontre avec Yves Brayer que Jacques Rouch\u00e9 venait d&#8217;appeler pour faire des d\u00e9cors \u00e0 l&#8217;Op\u00e9ra. Je me souviens encore de ma visite \u00e0 son exposition, afin de \u00abprendre contact\u00bb avec lui. Tr\u00e8s vite, je m&#8217;\u00e9tais rendu compte jusqu&#8217;\u00e0 quel point il poss\u00e9dait un sens aigu du <\/p>\n","protected":false},"author":2,"featured_media":0,"parent":3714,"menu_order":28,"comment_status":"closed","ping_status":"closed","template":"page-brayer.php","meta":{"_acf_changed":false,"ngg_post_thumbnail":0,"footnotes":""},"class_list":["post-3724","page","type-page","status-publish","hentry"],"acf":[],"yoast_head":"<!-- This site is optimized with the Yoast SEO plugin v27.5 - https:\/\/yoast.com\/product\/yoast-seo-wordpress\/ -->\n<title>Serge Lifar on working with Yves Brayer - Serge Lifar<\/title>\n<meta name=\"description\" content=\"Serge Lifar on working with Yves Brayer\" \/>\n<meta name=\"robots\" content=\"index, follow, max-snippet:-1, max-image-preview:large, max-video-preview:-1\" \/>\n<link rel=\"canonical\" href=\"https:\/\/www.sergelifar.org\/en\/serge-lifars-collaborations-with-other-artists\/serge-lifar-and-yves-brayer\/serge-lifar-on-working-with-yves-brayer\/\" \/>\n<meta property=\"og:locale\" content=\"en_US\" \/>\n<meta property=\"og:type\" content=\"article\" \/>\n<meta property=\"og:title\" content=\"Serge Lifar on working with Yves Brayer - Serge Lifar\" \/>\n<meta property=\"og:description\" content=\"Serge Lifar on working with Yves Brayer\" \/>\n<meta property=\"og:url\" content=\"https:\/\/www.sergelifar.org\/en\/serge-lifars-collaborations-with-other-artists\/serge-lifar-and-yves-brayer\/serge-lifar-on-working-with-yves-brayer\/\" \/>\n<meta property=\"og:site_name\" content=\"Serge Lifar\" \/>\n<meta name=\"twitter:card\" content=\"summary_large_image\" \/>\n<meta name=\"twitter:label1\" content=\"Est. reading time\" \/>\n\t<meta name=\"twitter:data1\" content=\"4 minutes\" \/>\n<script type=\"application\/ld+json\" class=\"yoast-schema-graph\">{\"@context\":\"https:\\\/\\\/schema.org\",\"@graph\":[{\"@type\":\"WebPage\",\"@id\":\"https:\\\/\\\/www.sergelifar.org\\\/en\\\/serge-lifars-collaborations-with-other-artists\\\/serge-lifar-and-yves-brayer\\\/serge-lifar-on-working-with-yves-brayer\\\/\",\"url\":\"https:\\\/\\\/www.sergelifar.org\\\/en\\\/serge-lifars-collaborations-with-other-artists\\\/serge-lifar-and-yves-brayer\\\/serge-lifar-on-working-with-yves-brayer\\\/\",\"name\":\"Serge Lifar on working with Yves Brayer - Serge Lifar\",\"isPartOf\":{\"@id\":\"https:\\\/\\\/dev2023.sergelifar.org\\\/en\\\/#website\"},\"datePublished\":\"2020-09-18T07:57:15+00:00\",\"description\":\"Serge Lifar on working with Yves Brayer\",\"breadcrumb\":{\"@id\":\"https:\\\/\\\/www.sergelifar.org\\\/en\\\/serge-lifars-collaborations-with-other-artists\\\/serge-lifar-and-yves-brayer\\\/serge-lifar-on-working-with-yves-brayer\\\/#breadcrumb\"},\"inLanguage\":\"en-US\",\"potentialAction\":[{\"@type\":\"ReadAction\",\"target\":[\"https:\\\/\\\/www.sergelifar.org\\\/en\\\/serge-lifars-collaborations-with-other-artists\\\/serge-lifar-and-yves-brayer\\\/serge-lifar-on-working-with-yves-brayer\\\/\"]}]},{\"@type\":\"BreadcrumbList\",\"@id\":\"https:\\\/\\\/www.sergelifar.org\\\/en\\\/serge-lifars-collaborations-with-other-artists\\\/serge-lifar-and-yves-brayer\\\/serge-lifar-on-working-with-yves-brayer\\\/#breadcrumb\",\"itemListElement\":[{\"@type\":\"ListItem\",\"position\":1,\"name\":\"Accueil\",\"item\":\"https:\\\/\\\/dev2023.sergelifar.org\\\/en\\\/\"},{\"@type\":\"ListItem\",\"position\":2,\"name\":\"Serge Lifar&rsquo;s collaborations with other artists\",\"item\":\"https:\\\/\\\/www.sergelifar.org\\\/en\\\/serge-lifars-collaborations-with-other-artists\\\/\"},{\"@type\":\"ListItem\",\"position\":3,\"name\":\"Introduction\",\"item\":\"https:\\\/\\\/www.sergelifar.org\\\/en\\\/serge-lifars-collaborations-with-other-artists\\\/serge-lifar-and-yves-brayer\\\/\"},{\"@type\":\"ListItem\",\"position\":4,\"name\":\"Serge Lifar on working with Yves Brayer\"}]},{\"@type\":\"WebSite\",\"@id\":\"https:\\\/\\\/dev2023.sergelifar.org\\\/en\\\/#website\",\"url\":\"https:\\\/\\\/dev2023.sergelifar.org\\\/en\\\/\",\"name\":\"Serge Lifar\",\"description\":\"Site officiel de la Fondation Serge Lifar\",\"potentialAction\":[{\"@type\":\"SearchAction\",\"target\":{\"@type\":\"EntryPoint\",\"urlTemplate\":\"https:\\\/\\\/dev2023.sergelifar.org\\\/en\\\/?s={search_term_string}\"},\"query-input\":{\"@type\":\"PropertyValueSpecification\",\"valueRequired\":true,\"valueName\":\"search_term_string\"}}],\"inLanguage\":\"en-US\"}]}<\/script>\n<!-- \/ Yoast SEO plugin. -->","yoast_head_json":{"title":"Serge Lifar on working with Yves Brayer - Serge Lifar","description":"Serge Lifar on working with Yves Brayer","robots":{"index":"index","follow":"follow","max-snippet":"max-snippet:-1","max-image-preview":"max-image-preview:large","max-video-preview":"max-video-preview:-1"},"canonical":"https:\/\/www.sergelifar.org\/en\/serge-lifars-collaborations-with-other-artists\/serge-lifar-and-yves-brayer\/serge-lifar-on-working-with-yves-brayer\/","og_locale":"en_US","og_type":"article","og_title":"Serge Lifar on working with Yves Brayer - Serge Lifar","og_description":"Serge Lifar on working with Yves Brayer","og_url":"https:\/\/www.sergelifar.org\/en\/serge-lifars-collaborations-with-other-artists\/serge-lifar-and-yves-brayer\/serge-lifar-on-working-with-yves-brayer\/","og_site_name":"Serge Lifar","twitter_card":"summary_large_image","twitter_misc":{"Est. reading time":"4 minutes"},"schema":{"@context":"https:\/\/schema.org","@graph":[{"@type":"WebPage","@id":"https:\/\/www.sergelifar.org\/en\/serge-lifars-collaborations-with-other-artists\/serge-lifar-and-yves-brayer\/serge-lifar-on-working-with-yves-brayer\/","url":"https:\/\/www.sergelifar.org\/en\/serge-lifars-collaborations-with-other-artists\/serge-lifar-and-yves-brayer\/serge-lifar-on-working-with-yves-brayer\/","name":"Serge Lifar on working with Yves Brayer - Serge Lifar","isPartOf":{"@id":"https:\/\/dev2023.sergelifar.org\/en\/#website"},"datePublished":"2020-09-18T07:57:15+00:00","description":"Serge Lifar on working with Yves Brayer","breadcrumb":{"@id":"https:\/\/www.sergelifar.org\/en\/serge-lifars-collaborations-with-other-artists\/serge-lifar-and-yves-brayer\/serge-lifar-on-working-with-yves-brayer\/#breadcrumb"},"inLanguage":"en-US","potentialAction":[{"@type":"ReadAction","target":["https:\/\/www.sergelifar.org\/en\/serge-lifars-collaborations-with-other-artists\/serge-lifar-and-yves-brayer\/serge-lifar-on-working-with-yves-brayer\/"]}]},{"@type":"BreadcrumbList","@id":"https:\/\/www.sergelifar.org\/en\/serge-lifars-collaborations-with-other-artists\/serge-lifar-and-yves-brayer\/serge-lifar-on-working-with-yves-brayer\/#breadcrumb","itemListElement":[{"@type":"ListItem","position":1,"name":"Accueil","item":"https:\/\/dev2023.sergelifar.org\/en\/"},{"@type":"ListItem","position":2,"name":"Serge Lifar&rsquo;s collaborations with other artists","item":"https:\/\/www.sergelifar.org\/en\/serge-lifars-collaborations-with-other-artists\/"},{"@type":"ListItem","position":3,"name":"Introduction","item":"https:\/\/www.sergelifar.org\/en\/serge-lifars-collaborations-with-other-artists\/serge-lifar-and-yves-brayer\/"},{"@type":"ListItem","position":4,"name":"Serge Lifar on working with Yves Brayer"}]},{"@type":"WebSite","@id":"https:\/\/dev2023.sergelifar.org\/en\/#website","url":"https:\/\/dev2023.sergelifar.org\/en\/","name":"Serge Lifar","description":"Site officiel de la Fondation Serge Lifar","potentialAction":[{"@type":"SearchAction","target":{"@type":"EntryPoint","urlTemplate":"https:\/\/dev2023.sergelifar.org\/en\/?s={search_term_string}"},"query-input":{"@type":"PropertyValueSpecification","valueRequired":true,"valueName":"search_term_string"}}],"inLanguage":"en-US"}]}},"_links":{"self":[{"href":"https:\/\/www.sergelifar.org\/en\/wp-json\/wp\/v2\/pages\/3724","targetHints":{"allow":["GET"]}}],"collection":[{"href":"https:\/\/www.sergelifar.org\/en\/wp-json\/wp\/v2\/pages"}],"about":[{"href":"https:\/\/www.sergelifar.org\/en\/wp-json\/wp\/v2\/types\/page"}],"author":[{"embeddable":true,"href":"https:\/\/www.sergelifar.org\/en\/wp-json\/wp\/v2\/users\/2"}],"replies":[{"embeddable":true,"href":"https:\/\/www.sergelifar.org\/en\/wp-json\/wp\/v2\/comments?post=3724"}],"version-history":[{"count":3,"href":"https:\/\/www.sergelifar.org\/en\/wp-json\/wp\/v2\/pages\/3724\/revisions"}],"predecessor-version":[{"id":3727,"href":"https:\/\/www.sergelifar.org\/en\/wp-json\/wp\/v2\/pages\/3724\/revisions\/3727"}],"up":[{"embeddable":true,"href":"https:\/\/www.sergelifar.org\/en\/wp-json\/wp\/v2\/pages\/3714"}],"wp:attachment":[{"href":"https:\/\/www.sergelifar.org\/en\/wp-json\/wp\/v2\/media?parent=3724"}],"curies":[{"name":"wp","href":"https:\/\/api.w.org\/{rel}","templated":true}]}}