{"id":2295,"date":"2016-11-10T17:50:25","date_gmt":"2016-11-10T17:50:25","guid":{"rendered":"http:\/\/www.sergelifar.org\/en\/?page_id=2295"},"modified":"2023-04-06T09:20:57","modified_gmt":"2023-04-06T09:20:57","slug":"the-great-encounters","status":"publish","type":"page","link":"https:\/\/www.sergelifar.org\/en\/biography\/the-great-encounters\/","title":{"rendered":"The Great encounters"},"content":{"rendered":"<div id=\"pl-2295\"  class=\"panel-layout\" ><div id=\"pg-2295-0\"  class=\"panel-grid panel-no-style\" ><div id=\"pgc-2295-0-0\"  class=\"panel-grid-cell\" ><div id=\"panel-2295-0-0-0\" class=\"so-panel widget widget_sow-image panel-first-child panel-last-child\" data-index=\"0\" ><div\n\t\t\t\n\t\t\tclass=\"so-widget-sow-image so-widget-sow-image-default-a258e6bfa2d8-2295\"\n\t\t\t\n\t\t>\n<div class=\"sow-image-container\">\n\t\t<img \n\tsrc=\"https:\/\/www.sergelifar.org\/wp-content\/uploads\/2016\/10\/G_Balanchine.jpg\" width=\"800\" height=\"1229\" srcset=\"https:\/\/www.sergelifar.org\/wp-content\/uploads\/2016\/10\/G_Balanchine.jpg 800w, https:\/\/www.sergelifar.org\/wp-content\/uploads\/2016\/10\/G_Balanchine-195x300.jpg 195w, https:\/\/www.sergelifar.org\/wp-content\/uploads\/2016\/10\/G_Balanchine-768x1180.jpg 768w, https:\/\/www.sergelifar.org\/wp-content\/uploads\/2016\/10\/G_Balanchine-667x1024.jpg 667w\" sizes=\"(max-width: 800px) 100vw, 800px\" title=\"Georges Balanchine\" alt=\"\" \t\tclass=\"so-widget-image\"\/>\n\t<\/div>\n\n<\/div><\/div><\/div><div id=\"pgc-2295-0-1\"  class=\"panel-grid-cell\" ><div id=\"panel-2295-0-1-0\" class=\"so-panel widget widget_sow-editor panel-first-child panel-last-child\" data-index=\"1\" ><div\n\t\t\t\n\t\t\tclass=\"so-widget-sow-editor so-widget-sow-editor-base\"\n\t\t\t\n\t\t><h2 class=\"widget-title\">Georges Balanchine<\/h2>\n<div class=\"siteorigin-widget-tinymce textwidget\">\n\t<p>\u201cIn his choreography, <strong>George Balanchine<\/strong> avoided academic positions, which was a departure from the classical canon, probably because of the acrobatic tendencies of his teacher Goleizowsky that had influenced him in his youth in Leningrad. Balanchine\u2019s contribution to contemporary American ballet is unquestionable. His fertile creative imagination was inexhaustible and precious, but only for woman dancers\u2026\u201d<br \/> <em>Les M\u00e9moires d\u2019Icare<\/em><\/p>\n<\/div>\n<\/div><\/div><\/div><\/div><div id=\"pg-2295-1\"  class=\"panel-grid panel-no-style\" ><div id=\"pgc-2295-1-0\"  class=\"panel-grid-cell\" ><div id=\"panel-2295-1-0-0\" class=\"so-panel widget widget_sow-image panel-first-child panel-last-child\" data-index=\"2\" ><div\n\t\t\t\n\t\t\tclass=\"so-widget-sow-image so-widget-sow-image-default-13f2a8b12fcc-2295\"\n\t\t\t\n\t\t>\n<div class=\"sow-image-container\">\n\t\t<img \n\tsrc=\"https:\/\/www.sergelifar.org\/wp-content\/uploads\/2013\/05\/san-michele-diaghilev-300x300.jpg\" width=\"300\" height=\"300\" srcset=\"https:\/\/www.sergelifar.org\/wp-content\/uploads\/2013\/05\/san-michele-diaghilev-300x300.jpg 300w, https:\/\/www.sergelifar.org\/wp-content\/uploads\/2013\/05\/san-michele-diaghilev-150x150.jpg 150w, https:\/\/www.sergelifar.org\/wp-content\/uploads\/2013\/05\/san-michele-diaghilev-60x60.jpg 60w, https:\/\/www.sergelifar.org\/wp-content\/uploads\/2013\/05\/san-michele-diaghilev.jpg 355w\" sizes=\"(max-width: 300px) 100vw, 300px\" alt=\"\" \t\tclass=\"so-widget-image\"\/>\n\t<\/div>\n\n<\/div><\/div><\/div><div id=\"pgc-2295-1-1\"  class=\"panel-grid-cell\" ><div id=\"panel-2295-1-1-0\" class=\"so-panel widget widget_sow-editor panel-first-child panel-last-child\" data-index=\"3\" ><div\n\t\t\t\n\t\t\tclass=\"so-widget-sow-editor so-widget-sow-editor-base\"\n\t\t\t\n\t\t><h2 class=\"widget-title\">Serge Diaghilev<\/h2>\n<div class=\"siteorigin-widget-tinymce textwidget\">\n\t<p>\u201c<strong>Serge Diaghilev<\/strong> was art itself, he had the ability to change life, transmute reality. He was an inventor and the one we dreamed of having as a teacher. We did not know him, we lived from his legend which had spread throughout the world. And now he was there, near us. Diaghilev sat, and when he had spoken for a few seconds, the emotion that I felt and that kept me from understanding anything that he had said dissipated in the light of his strangely clear and youthful eyes. Now he made us talk. He asked for our impressions of a land that we had just left and already seemed for us to be on the other side of the world. While we talked to him of a Motherland that had become inaccessible to him, he remained motionless, his face dark, his gaze lost in the distance, beyond the barbed wire of the Soviet border\u2026\u201d<br \/> <em>Ma vie<\/em><\/p>\n<\/div>\n<\/div><\/div><\/div><\/div><div id=\"pg-2295-2\"  class=\"panel-grid panel-no-style\" ><div id=\"pgc-2295-2-0\"  class=\"panel-grid-cell\" ><div id=\"panel-2295-2-0-0\" class=\"so-panel widget widget_sow-image panel-first-child panel-last-child\" data-index=\"4\" ><div\n\t\t\t\n\t\t\tclass=\"so-widget-sow-image so-widget-sow-image-default-13f2a8b12fcc-2295\"\n\t\t\t\n\t\t>\n<div class=\"sow-image-container\">\n\t\t<img \n\tsrc=\"https:\/\/www.sergelifar.org\/wp-content\/uploads\/2016\/10\/Jean_Cocteau_b_Meurisse_1923-215x300.jpg\" width=\"215\" height=\"300\" srcset=\"https:\/\/www.sergelifar.org\/wp-content\/uploads\/2016\/10\/Jean_Cocteau_b_Meurisse_1923-215x300.jpg 215w, https:\/\/www.sergelifar.org\/wp-content\/uploads\/2016\/10\/Jean_Cocteau_b_Meurisse_1923.jpg 220w\" sizes=\"(max-width: 215px) 100vw, 215px\" title=\"jean_cocteau_b_meurisse_1923\" alt=\"\" \t\tclass=\"so-widget-image\"\/>\n\t<\/div>\n\n<\/div><\/div><\/div><div id=\"pgc-2295-2-1\"  class=\"panel-grid-cell\" ><div id=\"panel-2295-2-1-0\" class=\"so-panel widget widget_sow-editor panel-first-child panel-last-child\" data-index=\"5\" ><div\n\t\t\t\n\t\t\tclass=\"so-widget-sow-editor so-widget-sow-editor-base\"\n\t\t\t\n\t\t><h2 class=\"widget-title\">Jean Cocteau<\/h2>\n<div class=\"siteorigin-widget-tinymce textwidget\">\n\t<p>\u201cI often met <strong>Cocteau<\/strong> at the Ritz, where, before the war, he spent months as Coco Chanel\u2019s guest, and also at La Pausa, at Chanel\u2019s estate near Menton, on the Mediterranean coast, where he lived in the fog of opium\u2026\u201d<br \/> <em>Les M\u00e9moires d\u2019Icare<\/em><\/p>\n<\/div>\n<\/div><\/div><\/div><\/div><div id=\"pg-2295-3\"  class=\"panel-grid panel-no-style\" ><div id=\"pgc-2295-3-0\"  class=\"panel-grid-cell\" ><div id=\"panel-2295-3-0-0\" class=\"so-panel widget widget_sow-image panel-first-child panel-last-child\" data-index=\"6\" ><div\n\t\t\t\n\t\t\tclass=\"so-widget-sow-image so-widget-sow-image-default-13f2a8b12fcc-2295\"\n\t\t\t\n\t\t>\n<div class=\"sow-image-container\">\n\t\t<img \n\tsrc=\"https:\/\/www.sergelifar.org\/wp-content\/uploads\/2016\/10\/CocoChanel-300x300.jpg\" width=\"300\" height=\"300\" srcset=\"https:\/\/www.sergelifar.org\/wp-content\/uploads\/2016\/10\/CocoChanel-300x300.jpg 300w, https:\/\/www.sergelifar.org\/wp-content\/uploads\/2016\/10\/CocoChanel-150x150.jpg 150w, https:\/\/www.sergelifar.org\/wp-content\/uploads\/2016\/10\/CocoChanel-768x768.jpg 768w, https:\/\/www.sergelifar.org\/wp-content\/uploads\/2016\/10\/CocoChanel-1024x1024.jpg 1024w, https:\/\/www.sergelifar.org\/wp-content\/uploads\/2016\/10\/CocoChanel-60x60.jpg 60w, https:\/\/www.sergelifar.org\/wp-content\/uploads\/2016\/10\/CocoChanel.jpg 1200w\" sizes=\"(max-width: 300px) 100vw, 300px\" title=\"cocochanel\" alt=\"\" \t\tclass=\"so-widget-image\"\/>\n\t<\/div>\n\n<\/div><\/div><\/div><div id=\"pgc-2295-3-1\"  class=\"panel-grid-cell\" ><div id=\"panel-2295-3-1-0\" class=\"so-panel widget widget_sow-editor panel-first-child panel-last-child\" data-index=\"7\" ><div\n\t\t\t\n\t\t\tclass=\"so-widget-sow-editor so-widget-sow-editor-base\"\n\t\t\t\n\t\t><h2 class=\"widget-title\">Coco Chanel<\/h2>\n<div class=\"siteorigin-widget-tinymce textwidget\">\n\t<p>\u201cI had nothing to fear at <strong>Coco Chanel\u2019s<\/strong>, where I was fed and lodged, in the only house in Paris that greeted me and perhaps saved me, because I was undesirable everywhere else, a sort of living dead.\u201d<br \/> <em>Ma vie<\/em><\/p>\n<\/div>\n<\/div><\/div><\/div><\/div><div id=\"pg-2295-4\"  class=\"panel-grid panel-no-style\" ><div id=\"pgc-2295-4-0\"  class=\"panel-grid-cell\" ><div id=\"panel-2295-4-0-0\" class=\"so-panel widget widget_sow-image panel-first-child panel-last-child\" data-index=\"8\" ><div\n\t\t\t\n\t\t\tclass=\"so-widget-sow-image so-widget-sow-image-default-13f2a8b12fcc-2295\"\n\t\t\t\n\t\t>\n<div class=\"sow-image-container\">\n\t\t<img \n\tsrc=\"https:\/\/www.sergelifar.org\/wp-content\/uploads\/2016\/10\/RH_Louise_Garbo2-248x300.jpg\" width=\"248\" height=\"300\" srcset=\"https:\/\/www.sergelifar.org\/wp-content\/uploads\/2016\/10\/RH_Louise_Garbo2-248x300.jpg 248w, https:\/\/www.sergelifar.org\/wp-content\/uploads\/2016\/10\/RH_Louise_Garbo2-768x927.jpg 768w, https:\/\/www.sergelifar.org\/wp-content\/uploads\/2016\/10\/RH_Louise_Garbo2.jpg 800w\" sizes=\"(max-width: 248px) 100vw, 248px\" title=\"rh_louise_garbo2\" alt=\"\" \t\tclass=\"so-widget-image\"\/>\n\t<\/div>\n\n<\/div><\/div><\/div><div id=\"pgc-2295-4-1\"  class=\"panel-grid-cell\" ><div id=\"panel-2295-4-1-0\" class=\"so-panel widget widget_sow-editor panel-first-child panel-last-child\" data-index=\"9\" ><div\n\t\t\t\n\t\t\tclass=\"so-widget-sow-editor so-widget-sow-editor-base\"\n\t\t\t\n\t\t><h2 class=\"widget-title\">Greta Garbo<\/h2>\n<div class=\"siteorigin-widget-tinymce textwidget\">\n\t<p>\u201cI knew <strong>Greta Garbo<\/strong> well and admired her like mad\u2026 Fate had me meet her again in 1949, while she was passing through Paris. She was invited to my loge at the Opera and her enthusiasm for dance warmed my heart\u2026\u201d<br \/> <em>Les M\u00e9moires d\u2019Icare<\/em><\/p>\n<\/div>\n<\/div><\/div><\/div><\/div><div id=\"pg-2295-5\"  class=\"panel-grid panel-no-style\" ><div id=\"pgc-2295-5-0\"  class=\"panel-grid-cell\" ><div id=\"panel-2295-5-0-0\" class=\"so-panel widget widget_sow-image panel-first-child panel-last-child\" data-index=\"10\" ><div\n\t\t\t\n\t\t\tclass=\"so-widget-sow-image so-widget-sow-image-default-13f2a8b12fcc-2295\"\n\t\t\t\n\t\t>\n<div class=\"sow-image-container\">\n\t\t<img \n\tsrc=\"https:\/\/www.sergelifar.org\/wp-content\/uploads\/2016\/10\/Pablo_picasso_1.jpg\" width=\"200\" height=\"247\" sizes=\"(max-width: 200px) 100vw, 200px\" title=\"picasso\" alt=\"\" \t\tclass=\"so-widget-image\"\/>\n\t<\/div>\n\n<\/div><\/div><\/div><div id=\"pgc-2295-5-1\"  class=\"panel-grid-cell\" ><div id=\"panel-2295-5-1-0\" class=\"so-panel widget widget_sow-editor panel-first-child panel-last-child\" data-index=\"11\" ><div\n\t\t\t\n\t\t\tclass=\"so-widget-sow-editor so-widget-sow-editor-base\"\n\t\t\t\n\t\t><h2 class=\"widget-title\">Picasso<\/h2>\n<div class=\"siteorigin-widget-tinymce textwidget\">\n\t<p>\u201cIt was in Paris, in 1923, that I saw <strong>Picasso <\/strong>for the first time. There were many people around Diaghilev on the stage of the Th\u00e9\u00e2tre de la Gaiet\u00e9 Lyrique. The following year, Picasso was again amid the Olympian coterie of the Ballets Russes. Diaghilev, Picasso, Stravinsky, Prokofiev, Juan Gris, Poulenc, Cocteau, Marie Laurencin were all together on the stage of the Mogador theatre\u2026 By showing his sketch for the curtains of Darius Milhaud\u2019s Train Bleu, Picasso dazzled the audience, then, staring at me with plum-coloured eyes, like burning coals, Picasso \u2018the Sorcerer\u2019 whispered to Diaghilev: \u201cLook at that dancer, he has classic forms\u2026 he will be your dancer\u201d. My heart was pounding, I blushed for my timidity, and so Picasso became my \u201cgodfather\u201d. I stepped into the arena of life and, from that moment on, all along my whole life, I had the privilege of being accepted by the artist and being his friend.\u201d<br \/> <em>Mon hommage \u00e0 Pablo Picasso, ce sorcier divin<\/em><\/p>\n<p>\u201cFrom then on, I was accepted into <strong>Picasso<\/strong>\u2018s family and I often went with Diaghilev to his apartment-studio in the Rue de la Bo\u00e9tie, where Picasso liked to show us his unfinished compositions, with the paint still fresh. He had an insatiable curiosity and always wanted to be informed about everything that was happening in the company. Olga, the painter\u2019s wife, had practiced dancing and been part of Diaghilev\u2019s troupe, which is where she met Picasso. He had gone to Rome at Diaghilev\u2019s invitation to make the sets for Cocteau and Satie\u2019s ballet Parade\u2026\u00bb<br \/> <em>Les M\u00e9moires d\u2019Icare<\/em><\/p>\n<p>\u201cAs for <strong>Picasso<\/strong>s creative genius, it was the very essence of life. He had this instinctive power of perpetual movement that sprang from his heart of hearts and that manifested itself in forms and colours, in which all logic is overturned by the negation of the laws of normality and in which a new world takes shape and is born in its artistic truth. Picasso transforms and transfigures the present and reality\u2026 Whenever I visited his studios, in the Rue de La Bo\u00e9tie or the Quai des Grands-Augustins, La Californie, or Notre-Dame-de-la Vie, I always found the atmosphere of a monastery or cathedral, in which the magic of this new Faust dazzled me constantly\u2026 Always slender, athletic, merry, mocking and timid, extraordinarily young, Picasso was a genial peasant who lived very naturally in folklore, without any scientific or theoretical ambitions\u2026\u201d<br \/> <em>Ma vie<\/em><\/p>\n<\/div>\n<\/div><\/div><\/div><\/div><div id=\"pg-2295-6\"  class=\"panel-grid panel-no-style\" ><div id=\"pgc-2295-6-0\"  class=\"panel-grid-cell\" ><div id=\"panel-2295-6-0-0\" class=\"so-panel widget widget_sow-image panel-first-child panel-last-child\" data-index=\"12\" ><div\n\t\t\t\n\t\t\tclass=\"so-widget-sow-image so-widget-sow-image-default-a258e6bfa2d8-2295\"\n\t\t\t\n\t\t>\n<div class=\"sow-image-container\">\n\t\t<img \n\tsrc=\"https:\/\/www.sergelifar.org\/wp-content\/uploads\/2016\/10\/Igor_Stravinsky_Essays-202x300.jpg\" width=\"202\" height=\"300\" srcset=\"https:\/\/www.sergelifar.org\/wp-content\/uploads\/2016\/10\/Igor_Stravinsky_Essays-202x300.jpg 202w, https:\/\/www.sergelifar.org\/wp-content\/uploads\/2016\/10\/Igor_Stravinsky_Essays.jpg 220w\" sizes=\"(max-width: 202px) 100vw, 202px\" title=\"igor_stravinsky\" alt=\"\" \t\tclass=\"so-widget-image\"\/>\n\t<\/div>\n\n<\/div><\/div><\/div><div id=\"pgc-2295-6-1\"  class=\"panel-grid-cell\" ><div id=\"panel-2295-6-1-0\" class=\"so-panel widget widget_sow-editor panel-first-child panel-last-child\" data-index=\"13\" ><div\n\t\t\t\n\t\t\tclass=\"so-widget-sow-editor so-widget-sow-editor-base\"\n\t\t\t\n\t\t><h2 class=\"widget-title\">Igor Stravinsky<\/h2>\n<div class=\"siteorigin-widget-tinymce textwidget\">\n\t<p>\u201cThe first time that I met <strong>Igor Stravinsky<\/strong> in the low, dark and humid rehearsal room of the Ballets Russes, I was surprised by his thin and hunched appearance, his balding head, his wide intelligent forehead, his heavy horn glasses, and especially his large \u2018musician\u2019s paws\u2019. Who was this monkey? I thought. For he moved with great agitation, hammered on the piano, huffed, replaced the missing chords by kicking the pedal, or hitting the keyboard with his elbow to keep the tempo. It was fascinating. At times, he would suddenly stop, and then would take up the storm of sounds even more loudly. It was miraculous, diabolical, and also very Russian\u2026 Subsequently I often visited Stravinsky, either in Nice, or in Paris, Rue Saint-Honor\u00e9, or in London, Albemarle Street. The most striking thing about him was his bourgeois, mystical, almost monarchic side\u2014and hanging on the walls, icons and the portraits of Czar Nicholas II and his august offspring\u2026\u201d<br \/>\n<em>Ma vie<\/em><\/p>\n<p>\u201cThe rehearsals for Les Noces were conducted under the control and even direction of the composer, <strong>Igor Stravinsky<\/strong>. At the beginning, he would merely give a few general indications, and then, gradually, he would get into the swing of things, take off his jacket, sit at the piano and play at breakneck speed. All the while he played, he would sing in a cracked voice, as unpleasant as they get. But there was nothing comical about this\u2014his passion sprang over to us and so we began to really dance instead of going through the motions of a rehearsal\u201d.<br \/>\nSerge Lifar, <em>A l\u2019aube de mon destin chez Diaghilew<\/em>, 1949<\/p>\n<\/div>\n<\/div><\/div><\/div><\/div><div id=\"pg-2295-7\"  class=\"panel-grid panel-no-style\" ><div id=\"pgc-2295-7-0\"  class=\"panel-grid-cell\" ><div id=\"panel-2295-7-0-0\" class=\"so-panel widget widget_sow-image panel-first-child panel-last-child\" data-index=\"14\" ><div\n\t\t\t\n\t\t\tclass=\"so-widget-sow-image so-widget-sow-image-default-13f2a8b12fcc-2295\"\n\t\t\t\n\t\t>\n<div class=\"sow-image-container\">\n\t\t<img \n\tsrc=\"https:\/\/www.sergelifar.org\/wp-content\/uploads\/2016\/10\/Honegger-Arthur-09-242x300.jpg\" width=\"242\" height=\"300\" srcset=\"https:\/\/www.sergelifar.org\/wp-content\/uploads\/2016\/10\/Honegger-Arthur-09-242x300.jpg 242w, https:\/\/www.sergelifar.org\/wp-content\/uploads\/2016\/10\/Honegger-Arthur-09.jpg 612w\" sizes=\"(max-width: 242px) 100vw, 242px\" title=\"honegger-arthur\" alt=\"\" \t\tclass=\"so-widget-image\"\/>\n\t<\/div>\n\n<\/div><\/div><\/div><div id=\"pgc-2295-7-1\"  class=\"panel-grid-cell\" ><div id=\"panel-2295-7-1-0\" class=\"so-panel widget widget_sow-editor panel-first-child panel-last-child\" data-index=\"15\" ><div\n\t\t\t\n\t\t\tclass=\"so-widget-sow-editor so-widget-sow-editor-base\"\n\t\t\t\n\t\t><h2 class=\"widget-title\">Arthur Honegger<\/h2>\n<div class=\"siteorigin-widget-tinymce textwidget\">\n\t<p>\u201c[In Giselle] <strong>Arthur Honegger<\/strong> proved to be not only the most diligent of friends but also the most understanding, the most enlightened, the most disinterested artist, the one most determined to push on for the sake of art. On this occasion, concrete music was born. We worked in very close communion then, like merry accomplices\u2026\u201d<br \/> <em>Ma vie<\/em><\/p>\n<\/div>\n<\/div><\/div><\/div><\/div><div id=\"pg-2295-8\"  class=\"panel-grid panel-no-style\" ><div id=\"pgc-2295-8-0\"  class=\"panel-grid-cell\" ><div id=\"panel-2295-8-0-0\" class=\"so-panel widget widget_sow-image panel-first-child panel-last-child\" data-index=\"16\" ><div\n\t\t\t\n\t\t\tclass=\"so-widget-sow-image so-widget-sow-image-default-a258e6bfa2d8-2295\"\n\t\t\t\n\t\t>\n<div class=\"sow-image-container\">\n\t\t<img \n\tsrc=\"https:\/\/www.sergelifar.org\/wp-content\/uploads\/2016\/10\/lillan-2003-6-2-1_large.jpg\" width=\"250\" height=\"277\" sizes=\"(max-width: 250px) 100vw, 250px\" title=\"lillian\" alt=\"\" \t\tclass=\"so-widget-image\"\/>\n\t<\/div>\n\n<\/div><\/div><\/div><div id=\"pgc-2295-8-1\"  class=\"panel-grid-cell\" ><div id=\"panel-2295-8-1-0\" class=\"so-panel widget widget_sow-editor panel-first-child panel-last-child\" data-index=\"17\" ><div\n\t\t\t\n\t\t\tclass=\"so-widget-sow-editor so-widget-sow-editor-base\"\n\t\t\t\n\t\t><h2 class=\"widget-title\">Lillan Ahlefeld-Laurvig<\/h2>\n<div class=\"siteorigin-widget-tinymce textwidget\">\n\t<p>\u201c<strong>Lillan Ahlefeld-Laurvig<\/strong>, the countess with a heart of gold and pure soul, my spiritual muse and faithful friend under all circumstances\u2026\u201d<br \/> <em>Les M\u00e9moires d\u2019Icare<\/em><\/p>\n<\/div>\n<\/div><\/div><\/div><\/div><\/div>","protected":false},"excerpt":{"rendered":"<p>\u201cIn his choreography, George Balanchine avoided academic positions, which was a departure from the classical canon, probably because of the acrobatic tendencies of his teacher Goleizowsky that had influenced him in his youth in Leningrad. Balanchine\u2019s contribution to contemporary American ballet is unquestionable. His fertile creative imagination was inexhaustible and precious, but only for woman <\/p>\n","protected":false},"author":2,"featured_media":0,"parent":4,"menu_order":66,"comment_status":"closed","ping_status":"closed","template":"page-fullwidth.php","meta":{"_acf_changed":false,"ngg_post_thumbnail":0,"footnotes":""},"class_list":["post-2295","page","type-page","status-publish","hentry"],"acf":[],"yoast_head":"<!-- This site is optimized with the Yoast SEO plugin v27.4 - https:\/\/yoast.com\/product\/yoast-seo-wordpress\/ -->\n<title>The Great encounters - Serge Lifar<\/title>\n<meta name=\"robots\" content=\"index, follow, max-snippet:-1, max-image-preview:large, max-video-preview:-1\" \/>\n<link rel=\"canonical\" href=\"https:\/\/www.sergelifar.org\/biographie\/les-grandes-rencontres\/\" \/>\n<meta property=\"og:locale\" content=\"en_US\" \/>\n<meta property=\"og:type\" content=\"article\" \/>\n<meta property=\"og:title\" content=\"The Great encounters - Serge Lifar\" \/>\n<meta property=\"og:description\" content=\"\u201cIn his choreography, George Balanchine avoided academic positions, which was a departure from the classical canon, probably because of the acrobatic tendencies of his teacher Goleizowsky that had influenced him in his youth in Leningrad. Balanchine\u2019s contribution to contemporary American ballet is unquestionable. His fertile creative imagination was inexhaustible and precious, but only for woman\" \/>\n<meta property=\"og:url\" content=\"https:\/\/www.sergelifar.org\/biographie\/les-grandes-rencontres\/\" \/>\n<meta property=\"og:site_name\" content=\"Serge Lifar\" \/>\n<meta property=\"article:modified_time\" content=\"2023-04-06T09:20:57+00:00\" \/>\n<meta name=\"twitter:card\" content=\"summary_large_image\" \/>\n<meta name=\"twitter:label1\" content=\"Est. reading time\" \/>\n\t<meta name=\"twitter:data1\" content=\"8 minutes\" \/>\n<script type=\"application\/ld+json\" class=\"yoast-schema-graph\">{\"@context\":\"https:\\\/\\\/schema.org\",\"@graph\":[{\"@type\":\"WebPage\",\"@id\":\"https:\\\/\\\/www.sergelifar.org\\\/biographie\\\/les-grandes-rencontres\\\/\",\"url\":\"https:\\\/\\\/www.sergelifar.org\\\/biographie\\\/les-grandes-rencontres\\\/\",\"name\":\"The Great encounters - Serge Lifar\",\"isPartOf\":{\"@id\":\"https:\\\/\\\/dev2023.sergelifar.org\\\/en\\\/#website\"},\"datePublished\":\"2016-11-10T17:50:25+00:00\",\"dateModified\":\"2023-04-06T09:20:57+00:00\",\"breadcrumb\":{\"@id\":\"https:\\\/\\\/www.sergelifar.org\\\/biographie\\\/les-grandes-rencontres\\\/#breadcrumb\"},\"inLanguage\":\"en-US\",\"potentialAction\":[{\"@type\":\"ReadAction\",\"target\":[\"https:\\\/\\\/www.sergelifar.org\\\/biographie\\\/les-grandes-rencontres\\\/\"]}]},{\"@type\":\"BreadcrumbList\",\"@id\":\"https:\\\/\\\/www.sergelifar.org\\\/biographie\\\/les-grandes-rencontres\\\/#breadcrumb\",\"itemListElement\":[{\"@type\":\"ListItem\",\"position\":1,\"name\":\"Accueil\",\"item\":\"https:\\\/\\\/dev2023.sergelifar.org\\\/en\\\/\"},{\"@type\":\"ListItem\",\"position\":2,\"name\":\"Biography\",\"item\":\"https:\\\/\\\/www.sergelifar.org\\\/en\\\/biography\\\/\"},{\"@type\":\"ListItem\",\"position\":3,\"name\":\"The Great encounters\"}]},{\"@type\":\"WebSite\",\"@id\":\"https:\\\/\\\/dev2023.sergelifar.org\\\/en\\\/#website\",\"url\":\"https:\\\/\\\/dev2023.sergelifar.org\\\/en\\\/\",\"name\":\"Serge Lifar\",\"description\":\"Site officiel de la Fondation Serge Lifar\",\"potentialAction\":[{\"@type\":\"SearchAction\",\"target\":{\"@type\":\"EntryPoint\",\"urlTemplate\":\"https:\\\/\\\/dev2023.sergelifar.org\\\/en\\\/?s={search_term_string}\"},\"query-input\":{\"@type\":\"PropertyValueSpecification\",\"valueRequired\":true,\"valueName\":\"search_term_string\"}}],\"inLanguage\":\"en-US\"}]}<\/script>\n<!-- \/ Yoast SEO plugin. -->","yoast_head_json":{"title":"The Great encounters - Serge Lifar","robots":{"index":"index","follow":"follow","max-snippet":"max-snippet:-1","max-image-preview":"max-image-preview:large","max-video-preview":"max-video-preview:-1"},"canonical":"https:\/\/www.sergelifar.org\/biographie\/les-grandes-rencontres\/","og_locale":"en_US","og_type":"article","og_title":"The Great encounters - Serge Lifar","og_description":"\u201cIn his choreography, George Balanchine avoided academic positions, which was a departure from the classical canon, probably because of the acrobatic tendencies of his teacher Goleizowsky that had influenced him in his youth in Leningrad. Balanchine\u2019s contribution to contemporary American ballet is unquestionable. His fertile creative imagination was inexhaustible and precious, but only for woman","og_url":"https:\/\/www.sergelifar.org\/biographie\/les-grandes-rencontres\/","og_site_name":"Serge Lifar","article_modified_time":"2023-04-06T09:20:57+00:00","twitter_card":"summary_large_image","twitter_misc":{"Est. reading time":"8 minutes"},"schema":{"@context":"https:\/\/schema.org","@graph":[{"@type":"WebPage","@id":"https:\/\/www.sergelifar.org\/biographie\/les-grandes-rencontres\/","url":"https:\/\/www.sergelifar.org\/biographie\/les-grandes-rencontres\/","name":"The Great encounters - Serge Lifar","isPartOf":{"@id":"https:\/\/dev2023.sergelifar.org\/en\/#website"},"datePublished":"2016-11-10T17:50:25+00:00","dateModified":"2023-04-06T09:20:57+00:00","breadcrumb":{"@id":"https:\/\/www.sergelifar.org\/biographie\/les-grandes-rencontres\/#breadcrumb"},"inLanguage":"en-US","potentialAction":[{"@type":"ReadAction","target":["https:\/\/www.sergelifar.org\/biographie\/les-grandes-rencontres\/"]}]},{"@type":"BreadcrumbList","@id":"https:\/\/www.sergelifar.org\/biographie\/les-grandes-rencontres\/#breadcrumb","itemListElement":[{"@type":"ListItem","position":1,"name":"Accueil","item":"https:\/\/dev2023.sergelifar.org\/en\/"},{"@type":"ListItem","position":2,"name":"Biography","item":"https:\/\/www.sergelifar.org\/en\/biography\/"},{"@type":"ListItem","position":3,"name":"The Great encounters"}]},{"@type":"WebSite","@id":"https:\/\/dev2023.sergelifar.org\/en\/#website","url":"https:\/\/dev2023.sergelifar.org\/en\/","name":"Serge Lifar","description":"Site officiel de la Fondation Serge Lifar","potentialAction":[{"@type":"SearchAction","target":{"@type":"EntryPoint","urlTemplate":"https:\/\/dev2023.sergelifar.org\/en\/?s={search_term_string}"},"query-input":{"@type":"PropertyValueSpecification","valueRequired":true,"valueName":"search_term_string"}}],"inLanguage":"en-US"}]}},"_links":{"self":[{"href":"https:\/\/www.sergelifar.org\/en\/wp-json\/wp\/v2\/pages\/2295","targetHints":{"allow":["GET"]}}],"collection":[{"href":"https:\/\/www.sergelifar.org\/en\/wp-json\/wp\/v2\/pages"}],"about":[{"href":"https:\/\/www.sergelifar.org\/en\/wp-json\/wp\/v2\/types\/page"}],"author":[{"embeddable":true,"href":"https:\/\/www.sergelifar.org\/en\/wp-json\/wp\/v2\/users\/2"}],"replies":[{"embeddable":true,"href":"https:\/\/www.sergelifar.org\/en\/wp-json\/wp\/v2\/comments?post=2295"}],"version-history":[{"count":5,"href":"https:\/\/www.sergelifar.org\/en\/wp-json\/wp\/v2\/pages\/2295\/revisions"}],"predecessor-version":[{"id":4599,"href":"https:\/\/www.sergelifar.org\/en\/wp-json\/wp\/v2\/pages\/2295\/revisions\/4599"}],"up":[{"embeddable":true,"href":"https:\/\/www.sergelifar.org\/en\/wp-json\/wp\/v2\/pages\/4"}],"wp:attachment":[{"href":"https:\/\/www.sergelifar.org\/en\/wp-json\/wp\/v2\/media?parent=2295"}],"curies":[{"name":"wp","href":"https:\/\/api.w.org\/{rel}","templated":true}]}}