{"id":143,"date":"2012-05-04T06:50:16","date_gmt":"2012-05-04T06:50:16","guid":{"rendered":"http:\/\/www.sergelifar.org\/?page_id=143"},"modified":"2024-03-10T10:05:08","modified_gmt":"2024-03-10T09:05:08","slug":"reproduction-rights","status":"publish","type":"page","link":"https:\/\/www.sergelifar.org\/en\/contact\/reproduction-rights\/","title":{"rendered":"Choreographic rights"},"content":{"rendered":"<div id=\"pl-143\"  class=\"panel-layout\" ><div id=\"pg-143-0\"  class=\"panel-grid panel-no-style\" ><div id=\"pgc-143-0-0\"  class=\"panel-grid-cell\" ><div id=\"panel-143-0-0-0\" class=\"so-panel widget widget_sow-image panel-first-child panel-last-child\" data-index=\"0\" ><div\n\t\t\t\n\t\t\tclass=\"so-widget-sow-image so-widget-sow-image-default-c67d20f9f743-143\"\n\t\t\t\n\t\t>\n<div class=\"sow-image-container\">\n\t\t<img \n\tsrc=\"https:\/\/www.sergelifar.org\/wp-content\/uploads\/2012\/05\/bio-lifar2.jpg\" width=\"441\" height=\"441\" srcset=\"https:\/\/www.sergelifar.org\/wp-content\/uploads\/2012\/05\/bio-lifar2.jpg 441w, https:\/\/www.sergelifar.org\/wp-content\/uploads\/2012\/05\/bio-lifar2-150x150.jpg 150w, https:\/\/www.sergelifar.org\/wp-content\/uploads\/2012\/05\/bio-lifar2-300x300.jpg 300w, https:\/\/www.sergelifar.org\/wp-content\/uploads\/2012\/05\/bio-lifar2-60x60.jpg 60w\" sizes=\"(max-width: 441px) 100vw, 441px\" alt=\"Serge Lifar\" \t\tclass=\"so-widget-image\"\/>\n\t<\/div>\n\n<\/div><\/div><\/div><div id=\"pgc-143-0-1\"  class=\"panel-grid-cell\" ><div id=\"panel-143-0-1-0\" class=\"so-panel widget widget_sow-editor panel-first-child panel-last-child\" data-index=\"1\" ><div\n\t\t\t\n\t\t\tclass=\"so-widget-sow-editor so-widget-sow-editor-base\"\n\t\t\t\n\t\t>\n<div class=\"siteorigin-widget-tinymce textwidget\">\n\t<div class=\"pagetext\">\n<p>The ballets of Serge Lifar may be performed by professional dance companies with the express permission of the Foundation, to be obtained at:<\/p>\n<p><strong>Fluri &amp; Associ\u00e9s<\/strong><br \/>\nMa\u00eetre Nathalie Fluri<br \/>\n7, avenue du Th\u00e9\u00e2tre<br \/>\nCH-1005 Lausanne<\/p>\n<p><a href=\"mailto:fluri@flurilaw.ch\">fluri@flurilaw.ch<\/a><\/p>\n<p>and under the supervision of :<\/p>\n<p><strong>Charles Jude<\/strong><br \/>\nStar Dancer at the Paris Opera<br \/>\nDirector of Dance at the National Opera, Bordeaux<\/p>\n<p><strong>Claude Bessy<\/strong><br \/>\nStar Dancer at the Paris Opera<br \/>\nDirector of the Paris Opera Ballet<br \/>\nDirector of the Paris Opera Dance School<br \/>\nChoreographer<\/p>\n<p><strong>Christiane Vlassi<\/strong><br \/>\nStar Dancer at the Paris Opera<br \/>\nProfessor at the Paris Opera Dance School<\/p>\n<p><strong>Noella Pontois<\/strong><br \/>\nStar Dancer at the Paris Opera<br \/>\nD<span class=\"st\">irector of the Paris Opera Ballet School<\/span><\/p>\n<p><strong>Cyrille Atanassoff<\/strong><br \/>\nStar Dancer at the Paris Opera<br \/>\nProfessor at the Conservatoire national sup\u00e9rieur de musique et de danse, Paris,<br \/>\nand at the Paris Opera Corps de Ballet<\/p>\n<\/div>\n<\/div>\n<\/div><\/div><\/div><\/div><\/div>","protected":false},"excerpt":{"rendered":"<p>The ballets of Serge Lifar may be performed by professional dance companies with the express permission of the Foundation, to be obtained at: Fluri &amp; Associ\u00e9s Ma\u00eetre Nathalie Fluri 7, avenue du Th\u00e9\u00e2tre CH-1005 Lausanne fluri@flurilaw.ch and under the supervision of : Charles Jude Star Dancer at the Paris Opera Director of Dance at the <\/p>\n","protected":false},"author":2,"featured_media":0,"parent":7,"menu_order":102,"comment_status":"closed","ping_status":"closed","template":"","meta":{"_acf_changed":false,"ngg_post_thumbnail":0,"footnotes":""},"class_list":["post-143","page","type-page","status-publish","hentry"],"acf":[],"yoast_head":"<!-- This site is optimized with the Yoast SEO plugin v27.3 - https:\/\/yoast.com\/product\/yoast-seo-wordpress\/ -->\n<title>Choreographic rights - Serge Lifar<\/title>\n<meta name=\"robots\" content=\"index, follow, max-snippet:-1, max-image-preview:large, max-video-preview:-1\" \/>\n<link rel=\"canonical\" href=\"https:\/\/www.sergelifar.org\/contacter\/droits-choregraphiques\/\" \/>\n<meta property=\"og:locale\" content=\"en_US\" \/>\n<meta property=\"og:type\" content=\"article\" \/>\n<meta property=\"og:title\" content=\"Choreographic rights - Serge Lifar\" \/>\n<meta property=\"og:description\" content=\"The ballets of Serge Lifar may be performed by professional dance companies with the express permission of the Foundation, to be obtained at: Fluri &amp; Associ\u00e9s Ma\u00eetre Nathalie Fluri 7, avenue du Th\u00e9\u00e2tre CH-1005 Lausanne fluri@flurilaw.ch and under the supervision of : Charles Jude Star Dancer at the Paris Opera Director of Dance at the\" \/>\n<meta property=\"og:url\" content=\"https:\/\/www.sergelifar.org\/contacter\/droits-choregraphiques\/\" \/>\n<meta property=\"og:site_name\" content=\"Serge Lifar\" \/>\n<meta property=\"article:modified_time\" content=\"2024-03-10T09:05:08+00:00\" \/>\n<meta name=\"twitter:card\" content=\"summary_large_image\" \/>\n<meta name=\"twitter:label1\" content=\"Est. reading time\" \/>\n\t<meta name=\"twitter:data1\" content=\"1 minute\" \/>\n<script type=\"application\/ld+json\" class=\"yoast-schema-graph\">{\"@context\":\"https:\\\/\\\/schema.org\",\"@graph\":[{\"@type\":\"WebPage\",\"@id\":\"https:\\\/\\\/www.sergelifar.org\\\/contacter\\\/droits-choregraphiques\\\/\",\"url\":\"https:\\\/\\\/www.sergelifar.org\\\/contacter\\\/droits-choregraphiques\\\/\",\"name\":\"Choreographic rights - Serge Lifar\",\"isPartOf\":{\"@id\":\"https:\\\/\\\/dev2023.sergelifar.org\\\/en\\\/#website\"},\"datePublished\":\"2012-05-04T06:50:16+00:00\",\"dateModified\":\"2024-03-10T09:05:08+00:00\",\"breadcrumb\":{\"@id\":\"https:\\\/\\\/www.sergelifar.org\\\/contacter\\\/droits-choregraphiques\\\/#breadcrumb\"},\"inLanguage\":\"en-US\",\"potentialAction\":[{\"@type\":\"ReadAction\",\"target\":[\"https:\\\/\\\/www.sergelifar.org\\\/contacter\\\/droits-choregraphiques\\\/\"]}]},{\"@type\":\"BreadcrumbList\",\"@id\":\"https:\\\/\\\/www.sergelifar.org\\\/contacter\\\/droits-choregraphiques\\\/#breadcrumb\",\"itemListElement\":[{\"@type\":\"ListItem\",\"position\":1,\"name\":\"Accueil\",\"item\":\"https:\\\/\\\/dev2023.sergelifar.org\\\/en\\\/\"},{\"@type\":\"ListItem\",\"position\":2,\"name\":\"Contact\",\"item\":\"https:\\\/\\\/www.sergelifar.org\\\/en\\\/contact\\\/\"},{\"@type\":\"ListItem\",\"position\":3,\"name\":\"Choreographic rights\"}]},{\"@type\":\"WebSite\",\"@id\":\"https:\\\/\\\/dev2023.sergelifar.org\\\/en\\\/#website\",\"url\":\"https:\\\/\\\/dev2023.sergelifar.org\\\/en\\\/\",\"name\":\"Serge Lifar\",\"description\":\"Site officiel de la Fondation Serge Lifar\",\"potentialAction\":[{\"@type\":\"SearchAction\",\"target\":{\"@type\":\"EntryPoint\",\"urlTemplate\":\"https:\\\/\\\/dev2023.sergelifar.org\\\/en\\\/?s={search_term_string}\"},\"query-input\":{\"@type\":\"PropertyValueSpecification\",\"valueRequired\":true,\"valueName\":\"search_term_string\"}}],\"inLanguage\":\"en-US\"}]}<\/script>\n<!-- \/ Yoast SEO plugin. -->","yoast_head_json":{"title":"Choreographic rights - Serge Lifar","robots":{"index":"index","follow":"follow","max-snippet":"max-snippet:-1","max-image-preview":"max-image-preview:large","max-video-preview":"max-video-preview:-1"},"canonical":"https:\/\/www.sergelifar.org\/contacter\/droits-choregraphiques\/","og_locale":"en_US","og_type":"article","og_title":"Choreographic rights - Serge Lifar","og_description":"The ballets of Serge Lifar may be performed by professional dance companies with the express permission of the Foundation, to be obtained at: Fluri &amp; Associ\u00e9s Ma\u00eetre Nathalie Fluri 7, avenue du Th\u00e9\u00e2tre CH-1005 Lausanne fluri@flurilaw.ch and under the supervision of : Charles Jude Star Dancer at the Paris Opera Director of Dance at the","og_url":"https:\/\/www.sergelifar.org\/contacter\/droits-choregraphiques\/","og_site_name":"Serge Lifar","article_modified_time":"2024-03-10T09:05:08+00:00","twitter_card":"summary_large_image","twitter_misc":{"Est. reading time":"1 minute"},"schema":{"@context":"https:\/\/schema.org","@graph":[{"@type":"WebPage","@id":"https:\/\/www.sergelifar.org\/contacter\/droits-choregraphiques\/","url":"https:\/\/www.sergelifar.org\/contacter\/droits-choregraphiques\/","name":"Choreographic rights - Serge Lifar","isPartOf":{"@id":"https:\/\/dev2023.sergelifar.org\/en\/#website"},"datePublished":"2012-05-04T06:50:16+00:00","dateModified":"2024-03-10T09:05:08+00:00","breadcrumb":{"@id":"https:\/\/www.sergelifar.org\/contacter\/droits-choregraphiques\/#breadcrumb"},"inLanguage":"en-US","potentialAction":[{"@type":"ReadAction","target":["https:\/\/www.sergelifar.org\/contacter\/droits-choregraphiques\/"]}]},{"@type":"BreadcrumbList","@id":"https:\/\/www.sergelifar.org\/contacter\/droits-choregraphiques\/#breadcrumb","itemListElement":[{"@type":"ListItem","position":1,"name":"Accueil","item":"https:\/\/dev2023.sergelifar.org\/en\/"},{"@type":"ListItem","position":2,"name":"Contact","item":"https:\/\/www.sergelifar.org\/en\/contact\/"},{"@type":"ListItem","position":3,"name":"Choreographic rights"}]},{"@type":"WebSite","@id":"https:\/\/dev2023.sergelifar.org\/en\/#website","url":"https:\/\/dev2023.sergelifar.org\/en\/","name":"Serge Lifar","description":"Site officiel de la Fondation Serge Lifar","potentialAction":[{"@type":"SearchAction","target":{"@type":"EntryPoint","urlTemplate":"https:\/\/dev2023.sergelifar.org\/en\/?s={search_term_string}"},"query-input":{"@type":"PropertyValueSpecification","valueRequired":true,"valueName":"search_term_string"}}],"inLanguage":"en-US"}]}},"_links":{"self":[{"href":"https:\/\/www.sergelifar.org\/en\/wp-json\/wp\/v2\/pages\/143","targetHints":{"allow":["GET"]}}],"collection":[{"href":"https:\/\/www.sergelifar.org\/en\/wp-json\/wp\/v2\/pages"}],"about":[{"href":"https:\/\/www.sergelifar.org\/en\/wp-json\/wp\/v2\/types\/page"}],"author":[{"embeddable":true,"href":"https:\/\/www.sergelifar.org\/en\/wp-json\/wp\/v2\/users\/2"}],"replies":[{"embeddable":true,"href":"https:\/\/www.sergelifar.org\/en\/wp-json\/wp\/v2\/comments?post=143"}],"version-history":[{"count":5,"href":"https:\/\/www.sergelifar.org\/en\/wp-json\/wp\/v2\/pages\/143\/revisions"}],"predecessor-version":[{"id":7027,"href":"https:\/\/www.sergelifar.org\/en\/wp-json\/wp\/v2\/pages\/143\/revisions\/7027"}],"up":[{"embeddable":true,"href":"https:\/\/www.sergelifar.org\/en\/wp-json\/wp\/v2\/pages\/7"}],"wp:attachment":[{"href":"https:\/\/www.sergelifar.org\/en\/wp-json\/wp\/v2\/media?parent=143"}],"curies":[{"name":"wp","href":"https:\/\/api.w.org\/{rel}","templated":true}]}}